{"id":5397,"date":"2019-10-10T15:20:19","date_gmt":"2019-10-10T13:20:19","guid":{"rendered":"https:\/\/www.neva.eu\/conditions-applicables-aux-pieces-peintes-en-surface\/"},"modified":"2023-02-03T08:13:39","modified_gmt":"2023-02-03T07:13:39","slug":"conditions-applicables-aux-pieces-peintes-en-surface","status":"publish","type":"page","link":"https:\/\/www.neva.eu\/fr\/conditions-applicables-aux-pieces-peintes-en-surface\/","title":{"rendered":"Conditions applicables aux pi\u00e8ces  peintes en surface"},"content":{"rendered":"        <section id=\"component-e02f3d6fba030d4f09156f51e38a39c7\" class=\"component component-page-header page-header\">\n                    <section class=\"component component-breadcrumb\">\n              <div class=\"container-xl\">\n          <nav aria-label=\"breadcrumb\">\n    <ol class=\"breadcrumb\" itemscope itemtype=\"http:\/\/schema.org\/BreadcrumbList\">\n                      <li class=\"breadcrumb-item active\"itemprop=\"itemListElement\" itemscope itemtype=\"http:\/\/schema.org\/ListItem\" aria-current=\"page\">\n                      <span class=\"current\" itemscope itemtype=\"http:\/\/schema.org\/Thing\" itemprop=\"item\" id=\"breadcrumb-item-1\">\n              <span itemprop=\"name\">\n                Accueil\n              <\/span>\n            <\/span>\n            <meta itemprop=\"position\" content=\"1\" \/>\n                  <\/li>\n          <\/ol>\n  <\/nav>\n          <\/div>\n      <\/section>\n\n<div class=\"page-header__inner\">\n  <div class=\"container-xl\">\n          <h1 class=\"page-header__title\">Conditions applicables aux pi\u00e8ces  peintes en surface<\/h1>\n              <p class=\"page-header__subtitle \">\u017dALUZIE NEVA s.r.o.<\/p>\n          <\/div>\n<\/div>\n      <\/section>\n\n\n<div class=\"wp-bootstrap-blocks-container container mb-2\">\n\t\n\n<h2 class=\"wp-block-heading\">G\u00e9n\u00e9ralit\u00e9s :<\/h2>\n\n\n\n<p>Les pi\u00e8ces peintes en surface sont trait\u00e9es avec des peintures en poudre de polyester certifi\u00e9es destin\u00e9es \u00e0 \u00eatre utilis\u00e9es sur des pi\u00e8ces de construction en aluminium et en acier galvanis\u00e9. L\u2019\u00e9valuation qualitative des pi\u00e8ces peintes est faite selon la norme GSB standard ou Qualicoat Class 1. L\u2019\u00e9tendue standard des surfaces vernies sur les diff\u00e9rents composants est d\u00e9finie dans le manuel technique, o\u00f9 sont \u00e9galement d\u00e9finis les trous n\u00e9cessaires pour la suspension lors de la peinture.<\/p>\n\n\n\n<h2 class=\"wp-block-heading\">Caract\u00e9ristiques visuelles :<\/h2>\n\n\n\n<p>Respectez la distance d\u2019observation prescrite lors de l\u2019inspection visuelle des marchandises. Celle-ci est de 3 m pour les composants ext\u00e9rieurs et de 2 m pour les composants int\u00e9rieurs. Le contr\u00f4le de la qualit\u00e9 de la peinture est effectu\u00e9 \u00e0 l\u2019ext\u00e9rieur, \u00e0 la lumi\u00e8re du jour diffuse, et \u00e0 l\u2019int\u00e9rieur, dans des conditions d\u2019\u00e9clairage normal de la pi\u00e8ce (pas de stries de lumi\u00e8re ou d\u2019\u00e9clairage cibl\u00e9). L\u2019angle de vue est perpendiculaire \u00e0 la surface.<\/p>\n\n\n\n<h2 class=\"wp-block-heading\">\u00c9paisseur de la peinture :<\/h2>\n\n\n\n<p>L\u2019\u00e9paisseur standard du rev\u00eatement doit \u00eatre comprise entre 50 et 120 \u00b5m. Pour les articles expos\u00e9s aux effets directs du climat marin, il est recommand\u00e9 d\u2019appliquer deux couches de peinture pour obtenir une \u00e9paisseur de rev\u00eatement minimale de 80 \u00b5m sur les bords et les angles.<\/p>\n\n\n\n<h2 class=\"wp-block-heading\">Variations de couleurs :<\/h2>\n\n\n\n<p>Les peintures en poudre sont fabriqu\u00e9es et leurs formules sont con\u00e7ues conform\u00e9ment \u00e0 la norme de couleur RAL. Malgr\u00e9 un proc\u00e9d\u00e9 de fabrication tr\u00e8s minutieux, il est impossible d\u2019\u00e9viter compl\u00e8tement les variations de couleurs ou d\u2019effets dans diff\u00e9rents lots de production. Lors de la pulv\u00e9risation manuelle, il est n\u00e9cessaire, en raison de la couche de poudre appliqu\u00e9e de mani\u00e8re in\u00e9gale, de prendre en compte les variations de couleurs et d\u2019effets.<\/p>\n\n\n\n<h2 class=\"wp-block-heading\">Effets m\u00e9talliques :<\/h2>\n\n\n\n<p>Sur les commandes importantes qui sont trait\u00e9es dans plusieurs ateliers de peinture, des diff\u00e9rences de couleurs et d\u2019effets sont possibles avec le m\u00eame type de peinture et le m\u00eame lot en raison de param\u00e8tres de traitement et de types d\u2019\u00e9quipement diff\u00e9rents. Diff\u00e9rents types de pistolets et diff\u00e9rents param\u00e8tres d\u2019\u00e9quipement et d\u2019application sont souvent \u00e0 l\u2019origine de r\u00e9sultats diff\u00e9rents.<\/p>\n\n\n\n<h2 class=\"wp-block-heading\">Pliage et peinture suppl\u00e9mentaires :<\/h2>\n\n\n\n<p>Si un moulage suppl\u00e9mentaire de la pi\u00e8ce d\u00e9j\u00e0 peinte doit \u00eatre effectu\u00e9, cette proc\u00e9dure doit d\u2019abord \u00eatre test\u00e9e directement sur les pi\u00e8ces d\u2019origine, car des fissures microscopiques form\u00e9es dans la couche de rev\u00eatement en poudre pendant le moulage peuvent provoquer des dommages par corrosion.<\/p>\n\n\n\n<h2 class=\"wp-block-heading\">Adh\u00e9rence des mastics, colles et mousses :<\/h2>\n\n\n\n<p>Avant d\u2019appliquer des produits d\u2019\u00e9tanch\u00e9it\u00e9, des adh\u00e9sifs ou des mousses, la surface peinte doit \u00eatre nettoy\u00e9e de mani\u00e8re ad\u00e9quate, par exemple avec de l\u2019alcool isopropylique. Il est recommand\u00e9 d\u2019effectuer un test pr\u00e9liminaire ainsi que de suivre les recommandations des fournisseurs des appareils mentionn\u00e9s ci-dessus. L\u2019utilisation possible de solvants organiques, tels que les diluants nitr\u00e9s ou l\u2019ac\u00e9tone, ainsi que les agents nettoyants alcalins, abrasifs ou endommageant la peinture, m\u00eame si ce n\u2019est que pour une courte p\u00e9riode, entra\u00eene des dommages irr\u00e9versibles, invisibles \u00e0 l\u2019\u0153il nu, \u00e0 la couche de peinture.<\/p>\n\n\n\n<h2 class=\"wp-block-heading\">Emballage des pi\u00e8ces peintes :<\/h2>\n\n\n\n<p>Les mat\u00e9riaux d\u2019emballage ne doivent pas contenir de plastifiants. L\u2019effet de l\u2019humidit\u00e9 condens\u00e9e (par exemple sous une feuille d\u2019emballage) et de la chaleur dans des conditions de stockage inad\u00e9quates, en particulier \u00e0 l\u2019ext\u00e9rieur, peut provoquer des taches blanc laiteux.<\/p>\n\n\n\n<h2 class=\"wp-block-heading\">Stockage des pi\u00e8ces peintes :<\/h2>\n\n\n\n<p>Prot\u00e9gez l\u2019emballage des rayons du soleil, de l\u2019humidit\u00e9 et de la salet\u00e9. Assurez une ventilation ad\u00e9quate pour \u00e9viter la condensation. Ouvrez la feuille sur le devant pour permettre la ventilation des objets qu\u2019elle enveloppe. Prot\u00e9gez les articles plac\u00e9s dans des bo\u00eetes ouvertes pour \u00e9viter qu\u2019ils soient endommag\u00e9s par des temp\u00eates.<\/p>\n\n\n\n<h2 class=\"wp-block-heading\">Nettoyage \u2013 fa\u00e7ade :<\/h2>\n\n\n\n<p>Pour assurer le traitement optimal d\u2019une pi\u00e8ce peinte avec de la peinture en poudre, il convient de la nettoyer r\u00e9guli\u00e8rement \u00e0 intervalles successifs au moins une fois par an, voire plus souvent si la pi\u00e8ce est fortement sollicit\u00e9e (selon les directives de l\u2019Institut de nettoyage des fa\u00e7ades en m\u00e9tal GRM). Le nettoyage doit \u00eatre effectu\u00e9 par un membre du GRM Institute avec des agents de nettoyage et des agents auxiliaires approuv\u00e9s conform\u00e9ment \u00e0 la norme RAL-GZ 632-1996. Ne pas utiliser d\u2019agents agressifs ou corrosifs. Utilisez uniquement des chiffons doux non pelucheux pour le nettoyage. \u00c9vitez de frotter excessivement. Ne pas utiliser de nettoyeur \u00e0 vapeur. Laver les surfaces \u00e0 l\u2019eau froide propre imm\u00e9diatement apr\u00e8s le nettoyage. M\u00eame une br\u00e8ve exposition \u00e0 des solvants organiques tels que des diluants, l\u2019ac\u00e9tone, des alcalis ou des acides, des agents corrosifs ou autres agents nettoyants endommageant la peinture peut provoquer des dommages irr\u00e9versibles \u00e0 la surface de la peinture, invisibles \u00e0 l\u2019\u0153il nu.<\/p>\n\n<\/div>\n","protected":false},"excerpt":{"rendered":"","protected":false},"author":4,"featured_media":0,"parent":0,"menu_order":121,"comment_status":"closed","ping_status":"closed","template":"","meta":{"_acf_changed":false,"advgb_blocks_editor_width":"","advgb_blocks_columns_visual_guide":"","_daim_seo_power":"1000","_daim_enable_ail":"1","footnotes":""},"class_list":["post-5397","page","type-page","status-publish","hentry"],"acf":[],"aioseo_notices":[],"coauthors":[],"author_meta":{"author_link":"https:\/\/www.neva.eu\/fr\/author\/matousek\/","display_name":"Miloslav Matou\u0161ek"},"relative_dates":{"created":"Publi\u00e9 7 years il y a","modified":"Mis \u00e0 jour 3 years il y a"},"absolute_dates":{"created":"Publi\u00e9 le 10. 10. 2019","modified":"Mise \u00e0 jour le 3. 2. 2023"},"absolute_dates_time":{"created":"Publi\u00e9 le 10. 10. 2019 15:20","modified":"Mise \u00e0 jour le 3. 2. 2023 8:13"},"featured_img_caption":"","featured_img":false,"series_order":"","_links":{"self":[{"href":"https:\/\/www.neva.eu\/fr\/wp-json\/wp\/v2\/pages\/5397","targetHints":{"allow":["GET"]}}],"collection":[{"href":"https:\/\/www.neva.eu\/fr\/wp-json\/wp\/v2\/pages"}],"about":[{"href":"https:\/\/www.neva.eu\/fr\/wp-json\/wp\/v2\/types\/page"}],"author":[{"embeddable":true,"href":"https:\/\/www.neva.eu\/fr\/wp-json\/wp\/v2\/users\/4"}],"replies":[{"embeddable":true,"href":"https:\/\/www.neva.eu\/fr\/wp-json\/wp\/v2\/comments?post=5397"}],"version-history":[{"count":3,"href":"https:\/\/www.neva.eu\/fr\/wp-json\/wp\/v2\/pages\/5397\/revisions"}],"predecessor-version":[{"id":21087,"href":"https:\/\/www.neva.eu\/fr\/wp-json\/wp\/v2\/pages\/5397\/revisions\/21087"}],"wp:attachment":[{"href":"https:\/\/www.neva.eu\/fr\/wp-json\/wp\/v2\/media?parent=5397"}],"curies":[{"name":"wp","href":"https:\/\/api.w.org\/{rel}","templated":true}]}}