{"id":4726,"date":"2019-04-08T14:14:53","date_gmt":"2019-04-08T12:14:53","guid":{"rendered":"https:\/\/www.neva.eu\/smart-home\/"},"modified":"2026-02-23T10:35:59","modified_gmt":"2026-02-23T09:35:59","slug":"smart-home","status":"publish","type":"page","link":"https:\/\/www.neva.eu\/fr\/smart-home\/","title":{"rendered":"Smart Home"},"content":{"rendered":"        <section id=\"component-c8f7a4422e821aa7f093c983c40f705f\" class=\"component component-page-header page-header\">\n                    <section class=\"component component-breadcrumb\">\n              <div class=\"container-xl\">\n          <nav aria-label=\"breadcrumb\">\n    <ol class=\"breadcrumb\" itemscope itemtype=\"http:\/\/schema.org\/BreadcrumbList\">\n                      <li class=\"breadcrumb-item active\"itemprop=\"itemListElement\" itemscope itemtype=\"http:\/\/schema.org\/ListItem\" aria-current=\"page\">\n                      <span class=\"current\" itemscope itemtype=\"http:\/\/schema.org\/Thing\" itemprop=\"item\" id=\"breadcrumb-item-1\">\n              <span itemprop=\"name\">\n                Accueil\n              <\/span>\n            <\/span>\n            <meta itemprop=\"position\" content=\"1\" \/>\n                  <\/li>\n          <\/ol>\n  <\/nav>\n          <\/div>\n      <\/section>\n\n<div class=\"page-header__inner\">\n  <div class=\"container-xl\">\n          <h1 class=\"page-header__title\">Smart Home<\/h1>\n              <\/div>\n<\/div>\n      <\/section>\n\n\n        <section id=\"component-0958edd26fe2feb511fbd6de89f762cd\" class=\"component component-tiles-categories section tiles-wrapper\">\n                        <div class=\"container-xl\">\n          <div class=\"tiles\">\n          <div class=\"tile\">\n        <a class=\"tile__wrapper\" href=\"https:\/\/www.neva.eu\/fr\/smart-home\/produits\/somfy-tahoma\/\">\n          <div class=\"tile__img cover\">\n                    <picture class=\"d-inline-block w-100 h-100\">\n                      <source srcset=\"https:\/\/www.neva.eu\/wp-content\/cache\/image\/NEVA-somfy-tahoma-010.webp\" type=\"image\/webp\">\n                <img decoding=\"async\" src=\"https:\/\/www.neva.eu\/wp-content\/uploads\/NEVA-somfy-tahoma-010.jpg\" type=\"image\/jpeg\" width=\"600\" height=\"800\" alt=\"\" loading=\"lazy\" class=\"img-fluid\">\n        <\/picture>\n\n          <\/div>\n          <div class=\"tile__inner\">\n                          <h3 class=\"tile__title\"> Somfy TaHoma<\/h3>\n                                      <div class=\"tile__text\">\n                <p>Contr\u00f4lez toute votre maison dans une seule application.<\/p>\n\n              <\/div>\n                      <\/div>\n        <\/a>\n      <\/div>\n          <div class=\"tile\">\n        <a class=\"tile__wrapper\" href=\"https:\/\/www.neva.eu\/fr\/smart-home\/produits\/loxone-smart-home\/\">\n          <div class=\"tile__img cover\">\n                    <picture class=\"d-inline-block w-100 h-100\">\n                      <source srcset=\"https:\/\/www.neva.eu\/wp-content\/cache\/image\/neva-smart-home-loxone-smart-home-2.webp\" type=\"image\/webp\">\n                <img decoding=\"async\" src=\"https:\/\/www.neva.eu\/wp-content\/uploads\/neva-smart-home-loxone-smart-home-2.jpg\" type=\"image\/jpeg\" width=\"450\" height=\"683\" alt=\"\" loading=\"lazy\" class=\"img-fluid\">\n        <\/picture>\n\n          <\/div>\n          <div class=\"tile__inner\">\n                          <h3 class=\"tile__title\"> Loxone Smart&nbsp;Home<\/h3>\n                                      <div class=\"tile__text\">\n                <p>Moins d\u2019activit\u00e9s de routine = plus de temps pour&nbsp;vivre<\/p>\n\n              <\/div>\n                      <\/div>\n        <\/a>\n      <\/div>\n          <div class=\"tile\">\n        <a class=\"tile__wrapper\" href=\"https:\/\/www.neva.eu\/fr\/smart-home\/produits\/elero-centero-home\/\">\n          <div class=\"tile__img cover\">\n                    <picture class=\"d-inline-block w-100 h-100\">\n                      <source srcset=\"https:\/\/www.neva.eu\/wp-content\/cache\/image\/neva-smart-home-elero-centero-home.webp\" type=\"image\/webp\">\n                <img decoding=\"async\" src=\"https:\/\/www.neva.eu\/wp-content\/uploads\/neva-smart-home-elero-centero-home.jpg\" type=\"image\/jpeg\" width=\"1382\" height=\"1382\" alt=\"\" loading=\"lazy\" class=\"img-fluid\">\n        <\/picture>\n\n          <\/div>\n          <div class=\"tile__inner\">\n                          <h3 class=\"tile__title\"> Elero Centero Home<\/h3>\n                                      <div class=\"tile__text\">\n                <p>Une maison intelligente telle que vous la souhaitez<\/p>\n\n              <\/div>\n                      <\/div>\n        <\/a>\n      <\/div>\n          <div class=\"tile\">\n        <a class=\"tile__wrapper\" href=\"https:\/\/www.neva.eu\/fr\/smart-home\/produits\/systeme-electronique\/\">\n          <div class=\"tile__img cover\">\n                    <picture class=\"d-inline-block w-100 h-100\">\n                      <source srcset=\"https:\/\/www.neva.eu\/wp-content\/cache\/image\/neva-smart-home-motory-elektronika.webp\" type=\"image\/webp\">\n                <img decoding=\"async\" src=\"https:\/\/www.neva.eu\/wp-content\/uploads\/neva-smart-home-motory-elektronika.jpg\" type=\"image\/jpeg\" width=\"1333\" height=\"1333\" alt=\"\" loading=\"lazy\" class=\"img-fluid\">\n        <\/picture>\n\n          <\/div>\n          <div class=\"tile__inner\">\n                          <h3 class=\"tile__title\"> Moteurs et \u00e9lectronique<\/h3>\n                                      <div class=\"tile__text\">\n                <p>Moteurs et \u00e9lectronique<\/p>\n\n              <\/div>\n                      <\/div>\n        <\/a>\n      <\/div>\n      <\/div>\n          <\/div>\n      <\/section>\n\n\n        <section id=\"component-da290c337f9379ad61142417bb317a34\" class=\"component component-advantages section c-top has-border  icon-boxes-wrapper\">\n                  <section class=\"component component-section-header section-header\">\n              <div class=\"container-xl\">\n          <p class=\"section-header__subtitle\">Pourquoi Smart&nbsp;Home&nbsp;?<\/p>\n  <div class=\"row\">\n          <div class=\"col-12 col-lg-6\">\n                <h2 class=\"section-header__title\">D\u00e9couvrez la magie d\u2019une maison intelligente<\/h2>\n      <\/div>\n              <div class=\"col-12 col-md-6\">\n        <div class=\"section-header__perex\">\n          <p>Une fois que vous vous y&nbsp;serez habitu\u00e9, vous ne voudrez plus jamais d\u2019une maison \u00ab non intelligente&nbsp;\u00bb.<\/p>\n\n        <\/div>\n      <\/div>\n      <\/div>\n          <\/div>\n      <\/section>\n              <div class=\"container-xl\">\n          <div class=\"row icon-boxes \">\n          <div class=\"col-md-6 col-xl-4\">\n                <section class=\"component component-icon-box icon-box\">\n              <div class=\"icon-box__icon\">\n            <picture class=\"d-inline-block w-100 h-100\">\n                      <source srcset=\"https:\/\/www.neva.eu\/wp-content\/cache\/image\/icon-smarthome-automaticke-ovladani-100x100-c-center.webp\" type=\"image\/webp\" width=\"100\" height=\"100\">\n            <source srcset=\"https:\/\/www.neva.eu\/wp-content\/cache\/image\/icon-smarthome-automaticke-ovladani-100x100-c-center.png\" type=\"image\/png\" width=\"100\" height=\"100\">\n                <img decoding=\"async\" src=\"https:\/\/www.neva.eu\/wp-content\/uploads\/icon-smarthome-automaticke-ovladani.png\" type=\"image\/png\" width=\"96\" height=\"97\" alt=\"\" loading=\"lazy\" class=\"img-fluid\">\n        <\/picture>\n\n  <\/div>\n  <div class=\"icon-box__inner\">\n    <h3 class=\"icon-box__title\">\n      Commande automatique\n    <\/h3>\n    <div class=\"icon-box__text apply-formatting\">\n      <p>Vivez le sentiment que votre maison se g\u00e8re toute seule. Il suffit de proc\u00e9der \u00e0&nbsp;un seul r\u00e9glage, puis les stores se r\u00e9tractent automatiquement, les lumi\u00e8res sont tamis\u00e9es, les alarmes sont activ\u00e9es\u2026<\/p>\n\n    <\/div>\n      <\/div>\n      <\/section>\n      <\/div>\n          <div class=\"col-md-6 col-xl-4\">\n                <section class=\"component component-icon-box icon-box\">\n              <div class=\"icon-box__icon\">\n            <picture class=\"d-inline-block w-100 h-100\">\n                      <source srcset=\"https:\/\/www.neva.eu\/wp-content\/cache\/image\/icon-smarthome-uspora-energie-100x100-c-center.webp\" type=\"image\/webp\" width=\"100\" height=\"100\">\n            <source srcset=\"https:\/\/www.neva.eu\/wp-content\/cache\/image\/icon-smarthome-uspora-energie-100x100-c-center.png\" type=\"image\/png\" width=\"100\" height=\"100\">\n                <img decoding=\"async\" src=\"https:\/\/www.neva.eu\/wp-content\/uploads\/icon-smarthome-uspora-energie.png\" type=\"image\/png\" width=\"96\" height=\"97\" alt=\"\" loading=\"lazy\" class=\"img-fluid\">\n        <\/picture>\n\n  <\/div>\n  <div class=\"icon-box__inner\">\n    <h3 class=\"icon-box__title\">\n      \u00c9conomies d\u2019\u00e9nergie\n    <\/h3>\n    <div class=\"icon-box__text apply-formatting\">\n      <p>Pourquoi voudriez-vous chauffer des pi\u00e8ces vides ou laisser le soleil briller l\u00e0 o\u00f9 vous n\u2019en avez pas besoin ? Une maison intelligente r\u00e9gule la consommation en fonction de votre humeur et de vos besoins.<\/p>\n\n    <\/div>\n      <\/div>\n      <\/section>\n      <\/div>\n          <div class=\"col-md-6 col-xl-4\">\n                <section class=\"component component-icon-box icon-box\">\n              <div class=\"icon-box__icon\">\n            <picture class=\"d-inline-block w-100 h-100\">\n                      <source srcset=\"https:\/\/www.neva.eu\/wp-content\/cache\/image\/icon-smarthome-vetsi-bezpeci-100x100-c-center.webp\" type=\"image\/webp\" width=\"100\" height=\"100\">\n            <source srcset=\"https:\/\/www.neva.eu\/wp-content\/cache\/image\/icon-smarthome-vetsi-bezpeci-100x100-c-center.png\" type=\"image\/png\" width=\"100\" height=\"100\">\n                <img decoding=\"async\" src=\"https:\/\/www.neva.eu\/wp-content\/uploads\/icon-smarthome-vetsi-bezpeci.png\" type=\"image\/png\" width=\"96\" height=\"97\" alt=\"\" loading=\"lazy\" class=\"img-fluid\">\n        <\/picture>\n\n  <\/div>\n  <div class=\"icon-box__inner\">\n    <h3 class=\"icon-box__title\">\n      Plus de s\u00e9curit\u00e9\n    <\/h3>\n    <div class=\"icon-box__text apply-formatting\">\n      <p>Avec une maison intelligente, vous configurez les alarmes pour qu\u2019elles s\u2019allument lorsque le dernier membre de la maison quitte la maison. Ou pour qu\u2019elles ferment les stores quand la temp\u00eate commence. C\u2019est la perfection m\u00eame.<\/p>\n\n    <\/div>\n      <\/div>\n      <\/section>\n      <\/div>\n      <\/div>\n            <\/div>\n      <\/section>\n\n\n        <section id=\"component-6e48d60d52fdda6c77d774564e4d7498\" class=\"component component-store-locator section c-top store-locator-wrapper\">\n                  <section class=\"component component-section-header section-header\">\n              <div class=\"container-xl\">\n          <div class=\"row\">\n          <div class=\"col-12 col-lg-6\">\n                <h2 class=\"section-header__title mb-0\">Trouver le revendeur le plus proche<\/h2>\n      <\/div>\n          <\/div>\n          <\/div>\n      <\/section>\n              <div class=\"container-xl\">\n          <div class=\"store-locator\">\n    <form class=\"store-locator__inner\" action=\"https:\/\/www.neva.eu\/fr\/trouver-un-revendeur\/\">\n      <div class=\"store-locator__field\">\n        <label for=\"country\" class=\"store-locator__label\">Pays<\/label>\n        <div class=\"dropdown\">\n          <select id=\"country\" name=\"country\">\n                          <option value=\"DE\">Allemagne<\/option>\n                          <option value=\"AU\">Australie<\/option>\n                          <option value=\"AT\">Autriche<\/option>\n                          <option value=\"BE\">Belgique<\/option>\n                          <option value=\"BG\">Bulgarie<\/option>\n                          <option value=\"HR\">Croatie<\/option>\n                          <option value=\"DK\">Danemark<\/option>\n                          <option value=\"ES\">Espagne<\/option>\n                          <option value=\"FR\">France<\/option>\n                          <option value=\"GR\">Gr\u00e8ce<\/option>\n                          <option value=\"HU\">Hongrie<\/option>\n                          <option value=\"CY\">Chypre<\/option>\n                          <option value=\"IL\">Isra\u00ebl<\/option>\n                          <option value=\"IT\">Italie<\/option>\n                          <option value=\"JP\">Japon<\/option>\n                          <option value=\"LI\">Liechtenstein<\/option>\n                          <option value=\"LU\">Luxembourg<\/option>\n                          <option value=\"NO\">Norv\u00e8ge<\/option>\n                          <option value=\"NL\">Pays-Bas<\/option>\n                          <option value=\"PL\">Pologne<\/option>\n                          <option value=\"PT\">Portugal<\/option>\n                          <option value=\"CZ\">R\u00e9publique Tch\u00e8que<\/option>\n                          <option value=\"RO\">Roumanie<\/option>\n                          <option value=\"GB\">Royaume-Uni<\/option>\n                          <option value=\"SK\">Slovaquie<\/option>\n                          <option value=\"SI\">Slov\u00e9nie<\/option>\n                          <option value=\"SE\">Su\u00e8de<\/option>\n                          <option value=\"CH\">Suisse<\/option>\n                          <option value=\"VN\">Vietnam<\/option>\n                      <\/select>\n        <\/div>\n      <\/div>\n      <button class=\"button store-locator__button\">\n        Trouver un revendeur\n          <span class=\"svg-icon svg-icon--search\">\n    <svg><use xlink:href=\"https:\/\/www.neva.eu\/wp-content\/themes\/neva\/static\/images\/sprite.svg#search\"><\/use><\/svg>\n  <\/span>\n\n      <\/button>\n    <\/form>\n  <\/div>\n          <\/div>\n      <\/section>\n\n\n        <section class=\"component component-gutenberg-paragraph typography my-1\">\n              <div class=\"container-xl\">\n          \n<p><\/p>\n          <\/div>\n      <\/section>\n","protected":false},"excerpt":{"rendered":"","protected":false},"author":1,"featured_media":0,"parent":0,"menu_order":64,"comment_status":"closed","ping_status":"closed","template":"","meta":{"_acf_changed":false,"advgb_blocks_editor_width":"","advgb_blocks_columns_visual_guide":"","_daim_seo_power":"1000","_daim_enable_ail":"1","footnotes":""},"class_list":["post-4726","page","type-page","status-publish","hentry"],"acf":[],"aioseo_notices":[],"coauthors":[],"author_meta":{"author_link":"https:\/\/www.neva.eu\/fr\/author\/herman\/","display_name":"herman"},"relative_dates":{"created":"Publi\u00e9 7 years il y a","modified":"Mis \u00e0 jour 2 months il y a"},"absolute_dates":{"created":"Publi\u00e9 le 8. 4. 2019","modified":"Mise \u00e0 jour le 23. 2. 2026"},"absolute_dates_time":{"created":"Publi\u00e9 le 8. 4. 2019 14:14","modified":"Mise \u00e0 jour le 23. 2. 2026 10:35"},"featured_img_caption":"","featured_img":false,"series_order":"","_links":{"self":[{"href":"https:\/\/www.neva.eu\/fr\/wp-json\/wp\/v2\/pages\/4726","targetHints":{"allow":["GET"]}}],"collection":[{"href":"https:\/\/www.neva.eu\/fr\/wp-json\/wp\/v2\/pages"}],"about":[{"href":"https:\/\/www.neva.eu\/fr\/wp-json\/wp\/v2\/types\/page"}],"author":[{"embeddable":true,"href":"https:\/\/www.neva.eu\/fr\/wp-json\/wp\/v2\/users\/1"}],"replies":[{"embeddable":true,"href":"https:\/\/www.neva.eu\/fr\/wp-json\/wp\/v2\/comments?post=4726"}],"version-history":[{"count":5,"href":"https:\/\/www.neva.eu\/fr\/wp-json\/wp\/v2\/pages\/4726\/revisions"}],"predecessor-version":[{"id":31183,"href":"https:\/\/www.neva.eu\/fr\/wp-json\/wp\/v2\/pages\/4726\/revisions\/31183"}],"wp:attachment":[{"href":"https:\/\/www.neva.eu\/fr\/wp-json\/wp\/v2\/media?parent=4726"}],"curies":[{"name":"wp","href":"https:\/\/api.w.org\/{rel}","templated":true}]}}