{"id":4718,"date":"2019-03-08T12:44:44","date_gmt":"2019-03-08T11:44:44","guid":{"rendered":"https:\/\/www.neva.eu\/devenir-partenaire\/"},"modified":"2025-07-01T10:56:33","modified_gmt":"2025-07-01T08:56:33","slug":"devenir-partenaire","status":"publish","type":"page","link":"https:\/\/www.neva.eu\/fr\/devenir-partenaire\/","title":{"rendered":"Devenez notre partenaire"},"content":{"rendered":"        <section id=\"component-fe998c67a75e39fa4c1f740942c5837f\" class=\"component component-page-header page-header\">\n                    <section class=\"component component-breadcrumb\">\n              <div class=\"container-xl\">\n          <nav aria-label=\"breadcrumb\">\n    <ol class=\"breadcrumb\" itemscope itemtype=\"http:\/\/schema.org\/BreadcrumbList\">\n                      <li class=\"breadcrumb-item active\"itemprop=\"itemListElement\" itemscope itemtype=\"http:\/\/schema.org\/ListItem\" aria-current=\"page\">\n                      <span class=\"current\" itemscope itemtype=\"http:\/\/schema.org\/Thing\" itemprop=\"item\" id=\"breadcrumb-item-1\">\n              <span itemprop=\"name\">\n                Accueil\n              <\/span>\n            <\/span>\n            <meta itemprop=\"position\" content=\"1\" \/>\n                  <\/li>\n          <\/ol>\n  <\/nav>\n          <\/div>\n      <\/section>\n\n<div class=\"page-header__inner\">\n  <div class=\"container-xl\">\n          <h1 class=\"page-header__title text-tertiary\">Devenez notre partenaire<\/h1>\n                  <div class=\"page-header__perex\"><p>Vendez des stores ext\u00e9rieurs que les clients du monde entier demandent. Nous les fabriquons \u00e0&nbsp;partir de composants suisses de la plus haute qualit\u00e9, ajustons directement sur la ligne de production, vernissons leurs composantes et, de plus, nous vous offrons une garantie de 5&nbsp;ans.<\/p>\n<\/div>\n      <\/div>\n<\/div>\n      <\/section>\n\n\n        <section id=\"component-e5ccc4c307d380ba98102bbebdb5fe88\" class=\"component component-partners-category section category-wrapper\">\n                        <div class=\"container-xl\">\n          <div class=\"row small-gutters\">\n          <div class=\"col-12 col-sm-6\">\n        <a href=\"https:\/\/www.neva.eu\/fr\/devenir-partenaire\/je-gere-une-entreprise-de-pose\/\" class=\"category\">\n                  <picture class=\"d-inline-block w-100 h-100\">\n                      <source srcset=\"https:\/\/www.neva.eu\/wp-content\/cache\/image\/neva-banner-montazni-firma-1200x900-c-center.webp\" type=\"image\/webp\" width=\"1200\" height=\"900\">\n            <source srcset=\"https:\/\/www.neva.eu\/wp-content\/cache\/image\/neva-banner-montazni-firma-1200x900-c-center.jpg\" type=\"image\/jpeg\" width=\"1200\" height=\"900\">\n                <img decoding=\"async\" src=\"https:\/\/www.neva.eu\/wp-content\/uploads\/neva-banner-montazni-firma.jpg\" type=\"image\/jpeg\" width=\"1920\" height=\"960\" alt=\"\" loading=\"lazy\" class=\"img-fluid\">\n        <\/picture>\n\n                      <h3 class=\"category__title\">Je g\u00e8re une entreprise de&nbsp;pose<\/h3>\n                    <div class=\"category-content\">\n                          <div class=\"category__description\">\n                Entreprise de&nbsp;pose\n              <\/div>\n                        <div class=\"category__icon\">\n              <svg xmlns=\"http:\/\/www.w3.org\/2000\/svg\" viewBox=\"202.4 83.9 439.5 308.5\"><path stroke=\"#00ab8e\" fill=\"#00ab8e\" stroke-width=\"8.504\" stroke-miterlimit=\"10\" d=\"M635.2 240.5L458.4 89.8l-17.8 20.4 138.2 116.6H206.6v27.1h371.5l-137.4 112 17.6 20.5z\"\/><\/svg>\n            <\/div>\n          <\/div>\n        <\/a>\n      <\/div>\n          <div class=\"col-12 col-sm-6\">\n        <a href=\"https:\/\/www.neva.eu\/fr\/devenir-partenaire\/je-suis-architecte\/\" class=\"category\">\n                  <picture class=\"d-inline-block w-100 h-100\">\n                      <source srcset=\"https:\/\/www.neva.eu\/wp-content\/cache\/image\/neva-banner-architekt-1200x900-c-center.webp\" type=\"image\/webp\" width=\"1200\" height=\"900\">\n            <source srcset=\"https:\/\/www.neva.eu\/wp-content\/cache\/image\/neva-banner-architekt-1200x900-c-center.jpg\" type=\"image\/jpeg\" width=\"1200\" height=\"900\">\n                <img decoding=\"async\" src=\"https:\/\/www.neva.eu\/wp-content\/uploads\/neva-banner-architekt.jpg\" type=\"image\/jpeg\" width=\"1920\" height=\"1280\" alt=\"\" loading=\"lazy\" class=\"img-fluid\">\n        <\/picture>\n\n                      <h3 class=\"category__title\">Je suis architecte<\/h3>\n                    <div class=\"category-content\">\n                          <div class=\"category__description\">\n                Architecte\n              <\/div>\n                        <div class=\"category__icon\">\n              <svg xmlns=\"http:\/\/www.w3.org\/2000\/svg\" viewBox=\"202.4 83.9 439.5 308.5\"><path stroke=\"#00ab8e\" fill=\"#00ab8e\" stroke-width=\"8.504\" stroke-miterlimit=\"10\" d=\"M635.2 240.5L458.4 89.8l-17.8 20.4 138.2 116.6H206.6v27.1h371.5l-137.4 112 17.6 20.5z\"\/><\/svg>\n            <\/div>\n          <\/div>\n        <\/a>\n      <\/div>\n      <\/div>\n          <\/div>\n      <\/section>\n\n\n        <section id=\"component-c80d248dadee6ac4ce001983d7b563a0\" class=\"component component-advantages section c-top  c-gray icon-boxes-wrapper\">\n                  <section class=\"component component-section-header section-header tertiary\">\n              <div class=\"container-xl\">\n          <div class=\"row\">\n          <div class=\"col-12 col-lg-6\">\n                <h2 class=\"section-header__title text-tertiary mb-0\">Avantages de la coop\u00e9ration<\/h2>\n      <\/div>\n          <\/div>\n          <\/div>\n      <\/section>\n              <div class=\"container-xl\">\n          <div class=\"row icon-boxes icon-boxes--align-left\">\n          <div class=\"col-md-6 col-xl-4\">\n                <section class=\"component component-icon-box icon-box\">\n              <div class=\"icon-box__icon\">\n            <picture class=\"d-inline-block w-100 h-100\">\n                      <source srcset=\"https:\/\/www.neva.eu\/wp-content\/cache\/image\/icon-partner-specialista-na-zaluzie-1-100x100-c-center.webp\" type=\"image\/webp\" width=\"100\" height=\"100\">\n            <source srcset=\"https:\/\/www.neva.eu\/wp-content\/cache\/image\/icon-partner-specialista-na-zaluzie-1-100x100-c-center.png\" type=\"image\/png\" width=\"100\" height=\"100\">\n                <img decoding=\"async\" src=\"https:\/\/www.neva.eu\/wp-content\/uploads\/icon-partner-specialista-na-zaluzie-1.png\" type=\"image\/png\" width=\"96\" height=\"97\" alt=\"\" loading=\"lazy\" class=\"img-fluid\">\n        <\/picture>\n\n  <\/div>\n  <div class=\"icon-box__inner\">\n    <h3 class=\"icon-box__title\">\n      Sp\u00e9cialiste des stores\n    <\/h3>\n    <div class=\"icon-box__text apply-formatting\">\n      <p>Nous sommes l\u2019un des principaux fabricants tch\u00e8ques de stores depuis 30 ans&nbsp;d\u00e9j\u00e0.<\/p>\n\n    <\/div>\n      <\/div>\n      <\/section>\n      <\/div>\n          <div class=\"col-md-6 col-xl-4\">\n                <section class=\"component component-icon-box icon-box\">\n              <div class=\"icon-box__icon\">\n            <picture class=\"d-inline-block w-100 h-100\">\n                      <source srcset=\"https:\/\/www.neva.eu\/wp-content\/cache\/image\/icon-partner-prvotridni-vybaveni-1-100x100-c-center.webp\" type=\"image\/webp\" width=\"100\" height=\"100\">\n            <source srcset=\"https:\/\/www.neva.eu\/wp-content\/cache\/image\/icon-partner-prvotridni-vybaveni-1-100x100-c-center.png\" type=\"image\/png\" width=\"100\" height=\"100\">\n                <img decoding=\"async\" src=\"https:\/\/www.neva.eu\/wp-content\/uploads\/icon-partner-prvotridni-vybaveni-1.png\" type=\"image\/png\" width=\"96\" height=\"97\" alt=\"\" loading=\"lazy\" class=\"img-fluid\">\n        <\/picture>\n\n  <\/div>\n  <div class=\"icon-box__inner\">\n    <h3 class=\"icon-box__title\">\n      \u00c9quipement de pointe\n    <\/h3>\n    <div class=\"icon-box__text apply-formatting\">\n      <p>Nous produisons nos stores sur les machines les plus modernes.<\/p>\n\n    <\/div>\n      <\/div>\n      <\/section>\n      <\/div>\n          <div class=\"col-md-6 col-xl-4\">\n                <section class=\"component component-icon-box icon-box\">\n              <div class=\"icon-box__icon\">\n            <picture class=\"d-inline-block w-100 h-100\">\n                      <source srcset=\"https:\/\/www.neva.eu\/wp-content\/cache\/image\/icon-partner-mame-vlastni-lakovnu-1-100x100-c-center.webp\" type=\"image\/webp\" width=\"100\" height=\"100\">\n            <source srcset=\"https:\/\/www.neva.eu\/wp-content\/cache\/image\/icon-partner-mame-vlastni-lakovnu-1-100x100-c-center.png\" type=\"image\/png\" width=\"100\" height=\"100\">\n                <img decoding=\"async\" src=\"https:\/\/www.neva.eu\/wp-content\/uploads\/icon-partner-mame-vlastni-lakovnu-1.png\" type=\"image\/png\" width=\"96\" height=\"97\" alt=\"\" loading=\"lazy\" class=\"img-fluid\">\n        <\/picture>\n\n  <\/div>\n  <div class=\"icon-box__inner\">\n    <h3 class=\"icon-box__title\">\n      Atelier de peinture en interne\n    <\/h3>\n    <div class=\"icon-box__text apply-formatting\">\n      <p>Nous tenons tellement \u00e0&nbsp;la haute qualit\u00e9 de nos produits que nous avons construit notre propre atelier de peinture en poudre.<\/p>\n\n    <\/div>\n      <\/div>\n      <\/section>\n      <\/div>\n          <div class=\"col-md-6 col-xl-4\">\n                <section class=\"component component-icon-box icon-box\">\n              <div class=\"icon-box__icon\">\n            <picture class=\"d-inline-block w-100 h-100\">\n                      <source srcset=\"https:\/\/www.neva.eu\/wp-content\/cache\/image\/icon-partner-zaluzie-na-miru-1-100x100-c-center.webp\" type=\"image\/webp\" width=\"100\" height=\"100\">\n            <source srcset=\"https:\/\/www.neva.eu\/wp-content\/cache\/image\/icon-partner-zaluzie-na-miru-1-100x100-c-center.png\" type=\"image\/png\" width=\"100\" height=\"100\">\n                <img decoding=\"async\" src=\"https:\/\/www.neva.eu\/wp-content\/uploads\/icon-partner-zaluzie-na-miru-1.png\" type=\"image\/png\" width=\"96\" height=\"97\" alt=\"\" loading=\"lazy\" class=\"img-fluid\">\n        <\/picture>\n\n  <\/div>\n  <div class=\"icon-box__inner\">\n    <h3 class=\"icon-box__title\">\n      Stores sur mesure\n    <\/h3>\n    <div class=\"icon-box__text apply-formatting\">\n      <p>En plus des stores de notre offre, nous serons heureux de fabriquer des mod\u00e8les atypiques selon vos projets.&nbsp;<\/p>\n\n    <\/div>\n      <\/div>\n      <\/section>\n      <\/div>\n          <div class=\"col-md-6 col-xl-4\">\n                <section class=\"component component-icon-box icon-box\">\n              <div class=\"icon-box__icon\">\n            <picture class=\"d-inline-block w-100 h-100\">\n                      <source srcset=\"https:\/\/www.neva.eu\/wp-content\/cache\/image\/icon-partner-budou-u-vas-rychle-1-100x100-c-center.webp\" type=\"image\/webp\" width=\"100\" height=\"100\">\n            <source srcset=\"https:\/\/www.neva.eu\/wp-content\/cache\/image\/icon-partner-budou-u-vas-rychle-1-100x100-c-center.png\" type=\"image\/png\" width=\"100\" height=\"100\">\n                <img decoding=\"async\" src=\"https:\/\/www.neva.eu\/wp-content\/uploads\/icon-partner-budou-u-vas-rychle-1.png\" type=\"image\/png\" width=\"96\" height=\"97\" alt=\"\" loading=\"lazy\" class=\"img-fluid\">\n        <\/picture>\n\n  <\/div>\n  <div class=\"icon-box__inner\">\n    <h3 class=\"icon-box__title\">\n      Vous serez livr\u00e9s rapidement\n    <\/h3>\n    <div class=\"icon-box__text apply-formatting\">\n      <p>Tous les stores standard de notre offre peuvent \u00eatre fabriqu\u00e9s dans les 14&nbsp;jours.&nbsp;<\/p>\n\n    <\/div>\n      <\/div>\n      <\/section>\n      <\/div>\n      <\/div>\n            <\/div>\n      <\/section>\n\n\n        <section id=\"component-77978014ed1eef26de167cf7ac5b9436\" class=\"component component-store-locator section c-top store-locator-wrapper\">\n                  <section class=\"component component-section-header section-header tertiary\">\n              <div class=\"container-xl\">\n          <div class=\"row\">\n          <div class=\"col-12 col-lg-6\">\n                <h2 class=\"section-header__title text-tertiary mb-0\">Trouver le revendeur le plus proche<\/h2>\n      <\/div>\n          <\/div>\n          <\/div>\n      <\/section>\n              <div class=\"container-xl\">\n          <div class=\"store-locator\">\n    <form class=\"store-locator__inner\" action=\"https:\/\/www.neva.eu\/fr\/trouver-un-revendeur\/\">\n      <div class=\"store-locator__field\">\n        <label for=\"country\" class=\"store-locator__label\">Pays<\/label>\n        <div class=\"dropdown\">\n          <select id=\"country\" name=\"country\">\n                          <option value=\"DE\">Allemagne<\/option>\n                          <option value=\"AU\">Australie<\/option>\n                          <option value=\"AT\">Autriche<\/option>\n                          <option value=\"BE\">Belgique<\/option>\n                          <option value=\"BG\">Bulgarie<\/option>\n                          <option value=\"HR\">Croatie<\/option>\n                          <option value=\"DK\">Danemark<\/option>\n                          <option value=\"ES\">Espagne<\/option>\n                          <option value=\"FR\">France<\/option>\n                          <option value=\"GR\">Gr\u00e8ce<\/option>\n                          <option value=\"HU\">Hongrie<\/option>\n                          <option value=\"CY\">Chypre<\/option>\n                          <option value=\"IL\">Isra\u00ebl<\/option>\n                          <option value=\"IT\">Italie<\/option>\n                          <option value=\"JP\">Japon<\/option>\n                          <option value=\"LI\">Liechtenstein<\/option>\n                          <option value=\"LU\">Luxembourg<\/option>\n                          <option value=\"NO\">Norv\u00e8ge<\/option>\n                          <option value=\"NL\">Pays-Bas<\/option>\n                          <option value=\"PL\">Pologne<\/option>\n                          <option value=\"PT\">Portugal<\/option>\n                          <option value=\"CZ\">R\u00e9publique Tch\u00e8que<\/option>\n                          <option value=\"RO\">Roumanie<\/option>\n                          <option value=\"GB\">Royaume-Uni<\/option>\n                          <option value=\"SK\">Slovaquie<\/option>\n                          <option value=\"SI\">Slov\u00e9nie<\/option>\n                          <option value=\"SE\">Su\u00e8de<\/option>\n                          <option value=\"CH\">Suisse<\/option>\n                          <option value=\"VN\">Vietnam<\/option>\n                      <\/select>\n        <\/div>\n      <\/div>\n      <button class=\"button store-locator__button\">\n        Trouver un revendeur\n          <span class=\"svg-icon svg-icon--search\">\n    <svg><use xlink:href=\"https:\/\/www.neva.eu\/wp-content\/themes\/neva\/static\/images\/sprite.svg#search\"><\/use><\/svg>\n  <\/span>\n\n      <\/button>\n    <\/form>\n  <\/div>\n          <\/div>\n      <\/section>\n","protected":false},"excerpt":{"rendered":"","protected":false},"author":1,"featured_media":0,"parent":0,"menu_order":93,"comment_status":"closed","ping_status":"closed","template":"","meta":{"_acf_changed":false,"advgb_blocks_editor_width":"","advgb_blocks_columns_visual_guide":"","_daim_seo_power":"","_daim_enable_ail":"","footnotes":""},"class_list":["post-4718","page","type-page","status-publish","hentry"],"acf":[],"aioseo_notices":[],"coauthors":[],"author_meta":{"author_link":"https:\/\/www.neva.eu\/fr\/author\/herman\/","display_name":"herman"},"relative_dates":{"created":"Publi\u00e9 7 years il y a","modified":"Mis \u00e0 jour 10 months il y a"},"absolute_dates":{"created":"Publi\u00e9 le 8. 3. 2019","modified":"Mise \u00e0 jour le 1. 7. 2025"},"absolute_dates_time":{"created":"Publi\u00e9 le 8. 3. 2019 12:44","modified":"Mise \u00e0 jour le 1. 7. 2025 10:56"},"featured_img_caption":"","featured_img":false,"series_order":"","_links":{"self":[{"href":"https:\/\/www.neva.eu\/fr\/wp-json\/wp\/v2\/pages\/4718","targetHints":{"allow":["GET"]}}],"collection":[{"href":"https:\/\/www.neva.eu\/fr\/wp-json\/wp\/v2\/pages"}],"about":[{"href":"https:\/\/www.neva.eu\/fr\/wp-json\/wp\/v2\/types\/page"}],"author":[{"embeddable":true,"href":"https:\/\/www.neva.eu\/fr\/wp-json\/wp\/v2\/users\/1"}],"replies":[{"embeddable":true,"href":"https:\/\/www.neva.eu\/fr\/wp-json\/wp\/v2\/comments?post=4718"}],"version-history":[{"count":1,"href":"https:\/\/www.neva.eu\/fr\/wp-json\/wp\/v2\/pages\/4718\/revisions"}],"predecessor-version":[{"id":28942,"href":"https:\/\/www.neva.eu\/fr\/wp-json\/wp\/v2\/pages\/4718\/revisions\/28942"}],"wp:attachment":[{"href":"https:\/\/www.neva.eu\/fr\/wp-json\/wp\/v2\/media?parent=4718"}],"curies":[{"name":"wp","href":"https:\/\/api.w.org\/{rel}","templated":true}]}}