{"id":30430,"date":"2026-01-08T09:18:29","date_gmt":"2026-01-08T08:18:29","guid":{"rendered":"https:\/\/www.neva.eu\/stores-toiles\/screen-cable\/"},"modified":"2026-01-21T14:50:39","modified_gmt":"2026-01-21T13:50:39","slug":"screen-cable","status":"publish","type":"page","link":"https:\/\/www.neva.eu\/fr\/stores-toiles\/screen-cable\/","title":{"rendered":"Screen c\u00e2bl\u00e9"},"content":{"rendered":"        <section id=\"component-1d1bd6d6d6b1775b25521087dc0baece\" class=\"component component-page-header page-header\">\n                    <section class=\"component component-breadcrumb\">\n              <div class=\"container-xl\">\n          <nav aria-label=\"breadcrumb\">\n    <ol class=\"breadcrumb\" itemscope itemtype=\"http:\/\/schema.org\/BreadcrumbList\">\n                      <li class=\"breadcrumb-item\"itemprop=\"itemListElement\" itemscope itemtype=\"http:\/\/schema.org\/ListItem\">\n                      <a href=\"https:\/\/www.neva.eu\/fr\/\" class=\"breadcrumb-item-link\" itemscope itemtype=\"http:\/\/schema.org\/Thing\" itemprop=\"item\" id=\"breadcrumb-item-1\">\n              <span itemprop=\"name\">\n                Accueil\n              <\/span>\n            <\/a>\n            <meta itemprop=\"position\" content=\"1\" \/>\n                  <\/li>\n                      <li class=\"breadcrumb-item active\"itemprop=\"itemListElement\" itemscope itemtype=\"http:\/\/schema.org\/ListItem\" aria-current=\"page\">\n                      <span class=\"current\" itemscope itemtype=\"http:\/\/schema.org\/Thing\" itemprop=\"item\" id=\"breadcrumb-item-2\">\n              <span itemprop=\"name\">\n                Stores toiles\n              <\/span>\n            <\/span>\n            <meta itemprop=\"position\" content=\"2\" \/>\n                  <\/li>\n          <\/ol>\n  <\/nav>\n          <\/div>\n      <\/section>\n\n<div class=\"page-header__inner\">\n  <div class=\"container-xl\">\n          <h1 class=\"page-header__title\">Store toile avec guidage par&nbsp;c\u00e2ble<\/h1>\n              <p class=\"page-header__subtitle \">Protection solaire ext\u00e9rieure minimaliste<\/p>\n          <\/div>\n<\/div>\n      <\/section>\n\n\n<div class=\"wp-bootstrap-blocks-container container-xl mb-0\">\n\t\n<div class=\"wp-bootstrap-blocks-row row sm-gutters\">\n\t\n\n<div class=\"col-12 col-lg-6\">\n\t\t\t\t<\/div>\n\n\n\n<div class=\"col-12 col-lg-6\">\n\t\t\t\t<\/div>\n\n<\/div>\n\n\n<div class=\"wp-bootstrap-blocks-container container mb-2\">\n\t\n\n<div class=\"wp-block-columns is-layout-flex wp-container-core-columns-is-layout-9d6595d7 wp-block-columns-is-layout-flex\">\n<div class=\"wp-block-column is-layout-flow wp-block-column-is-layout-flow\">\n<p><strong>Le store toile avec guidage par c\u00e2ble<\/strong> constitue une solution moderne et \u00e9l\u00e9gante de protection solaire ext\u00e9rieure, mettant l\u2019accent sur la l\u00e9g\u00e8ret\u00e9 de la construction, la puret\u00e9 du design et la fonctionnalit\u00e9. La conception all\u00e9g\u00e9e, <strong>sans caisson<\/strong>, associ\u00e9e \u00e0 un <strong>guidage lat\u00e9ral discret par c\u00e2ble<\/strong>, cr\u00e9e une apparence subtile qui s\u2019int\u00e8gre naturellement \u00e0 l\u2019architecture contemporaine sans perturber l\u2019aspect global des fa\u00e7ades ni des ensembles de fen\u00eatres et de portes.<\/p>\n\n\n\n<p>Gr\u00e2ce \u00e0 la <strong>possibilit\u00e9 de montage mural ou au plafond<\/strong>, le store toile avec guidage par c\u00e2ble convient aussi bien aux constructions neuves qu\u2019aux b\u00e2timents existants, o\u00f9 une solution minimaliste sans coulisses robustes est privil\u00e9gi\u00e9e.<\/p>\n\n\n\n<p><span class=\"TextRun SCXW151506863 BCX8\" lang=\"CS-CZ\" xml:lang=\"CS-CZ\" data-contrast=\"auto\"><span class=\"NormalTextRun SpellingErrorV2Themed SCXW151506863 BCX8\">Le store toile offre une <\/span><\/span><strong><span class=\"NormalTextRun SpellingErrorV2Themed SCXW151506863 BCX8\"><span class=\"NormalTextRun SpellingErrorV2Themed SCXW151506863 BCX8\">protection efficace contre le soleil et limite la surchauffe de l\u2019int\u00e9rieur<\/span><\/span><\/strong><span class=\"TextRun SCXW151506863 BCX8\" lang=\"CS-CZ\" xml:lang=\"CS-CZ\" data-contrast=\"auto\"><span class=\"NormalTextRun SpellingErrorV2Themed SCXW151506863 BCX8\">, tout en pr\u00e9servant un niveau de lumi\u00e8re naturelle agr\u00e9able dans l\u2019espace. Un choix de <\/span><\/span><strong><span class=\"NormalTextRun SpellingErrorV2Themed SCXW151506863 BCX8\"><span class=\"NormalTextRun SpellingErrorV2Themed SCXW151506863 BCX8\">16 types de toiles <\/span><\/span><\/strong><span class=\"TextRun SCXW151506863 BCX8\" lang=\"CS-CZ\" xml:lang=\"CS-CZ\" data-contrast=\"auto\"><span class=\"NormalTextRun SpellingErrorV2Themed SCXW151506863 BCX8\">permet d\u2019adapter facilement\u00e0 la fois le niveau d\u2019ombrage et l\u2019aspect g\u00e9n\u00e9ral \u00e0 chaque projet.<\/span><\/span><\/p>\n<\/div>\n\n\n\n<div class=\"wp-block-column is-layout-flow wp-block-column-is-layout-flow\">        <section id=\"component-a20cadf03b86d173537d1e2acffe8631\" class=\"component component-article-banner post post-banner\">\n              <a href=\"https:\/\/www.neva.eu\/fr\/nouveautes\/stores-toiles-solaires-un-ombrage-intelligent-et-durable-pour-habitation-moderne\/\" class=\"d-block\">\n    <div class=\"post-banner__image\">\n              <picture class=\"d-inline-block w-100 h-100\">\n                      <source srcset=\"https:\/\/www.neva.eu\/wp-content\/cache\/image\/NEVA-Solar-system-2-700x350-c-center.webp\" type=\"image\/webp\" width=\"700\" height=\"350\">\n            <source srcset=\"https:\/\/www.neva.eu\/wp-content\/cache\/image\/NEVA-Solar-system-2-700x350-c-center.jpg\" type=\"image\/jpeg\" width=\"700\" height=\"350\">\n                <img decoding=\"async\" src=\"https:\/\/www.neva.eu\/wp-content\/uploads\/NEVA-Solar-system-2.jpg\" type=\"image\/jpeg\" width=\"1920\" height=\"1280\" alt=\"\" loading=\"lazy\" class=\"img-fluid\">\n        <\/picture>\n\n    <\/div>\n    <div class=\"px-2 px-md-3 py-2 d-flex flex-column justify-content-between text-left post-banner__text\">\n      <h2 class=\"text-white m-0\">\n        Stores toiles solaires : Un ombrage intelligent et durable pour habitation moderne\n      <\/h2>\n      <span class=\"button align-self-end\">\n        Lire l\u2019article\n      <\/span>\n    <\/div>\n  <\/a>\n      <\/section>\n<\/div>\n<\/div>\n\n<\/div>\n\n<\/div>\n\n\n        <section id=\"component-f4c90a52ccf1561754096788126a42ac\" class=\"component component-product-list section product-tiles-wrapper pt-0\">\n                        <div class=\"container-xl\">\n          <div class=\"row sm-gutters product-tiles\">\n          <div class=\"col-md-6\">\n                <section class=\"component component-product-teaser\">\n            <a href=\"https:\/\/www.neva.eu\/fr\/stores-toiles\/produits\/ws100\/\" class=\"d-block\">\n  <div class=\"product-tile product-tile--has-hover-img\">\n    <div class=\"product-tile__inner\">\n              <p class=\"product-tile__subtitle\">\n          Screen c\u00e2bl\u00e9\n        <\/p>\n                    <h3 class=\"product-tile__title\">\n          WS100\n        <\/h3>\n                    <div class=\"product-tile__text\">\n          <p>+ Version l\u00e9g\u00e8re sans caisson<br>\n+ Guidage discret par&nbsp;c\u00e2ble<br>\n+ Montage au plafond ou montage mural<br>\n+ Disponible en 16 types de tissus<\/p>\n\n        <\/div>\n            <div class=\"button product-tile__button\">\n        D\u00e9tail\n      <\/div>\n    <\/div>\n    <div class=\"product-tile__img\">\n                      <picture class=\"d-inline-block w-100 h-100\">\n                      <source srcset=\"https:\/\/www.neva.eu\/wp-content\/cache\/image\/NEVA-latkove-rolety-zipscreen-WS100-Int-Wall-330-330x350-c-center.webp\" type=\"image\/webp\" width=\"330\" height=\"350\">\n            <source srcset=\"https:\/\/www.neva.eu\/wp-content\/cache\/image\/NEVA-latkove-rolety-zipscreen-WS100-Int-Wall-330-330x350-c-center.jpg\" type=\"image\/jpeg\" width=\"330\" height=\"350\">\n                <img decoding=\"async\" src=\"https:\/\/www.neva.eu\/wp-content\/uploads\/NEVA-latkove-rolety-zipscreen-WS100-Int-Wall-330.jpg\" type=\"image\/jpeg\" width=\"330\" height=\"350\" alt=\"\" loading=\"lazy\" class=\"img-fluid img-default\">\n        <\/picture>\n\n                            <picture class=\"d-inline-block w-100 h-100\">\n                      <source srcset=\"https:\/\/www.neva.eu\/wp-content\/cache\/image\/NEVA-latkove-rolety-zipscreen-WS100-Int-Wall-330-330x350-c-center.webp\" type=\"image\/webp\" width=\"330\" height=\"350\">\n            <source srcset=\"https:\/\/www.neva.eu\/wp-content\/cache\/image\/NEVA-latkove-rolety-zipscreen-WS100-Int-Wall-330-330x350-c-center.jpg\" type=\"image\/jpeg\" width=\"330\" height=\"350\">\n                <img decoding=\"async\" src=\"https:\/\/www.neva.eu\/wp-content\/uploads\/NEVA-latkove-rolety-zipscreen-WS100-Int-Wall-330.jpg\" type=\"image\/jpeg\" width=\"330\" height=\"350\" alt=\"\" loading=\"lazy\" class=\"img-fluid img-hover\">\n        <\/picture>\n\n          <\/div>\n  <\/div>\n<\/a>\n      <\/section>\n\n      <\/div>\n      <\/div>\n          <\/div>\n      <\/section>\n\n\n        <section id=\"component-8916bdc0b879677f2d96d9a467b27c0f\" class=\"component component-hero\">\n              <div class=\"h-100 hero__image\">\n            <picture class=\"d-inline-block w-100 h-100\">\n                      <source srcset=\"https:\/\/www.neva.eu\/wp-content\/cache\/image\/neva-hero-smart-home-1920x680-c-center.webp\" type=\"image\/webp\" width=\"1920\" height=\"680\" media=\"(min-width: 1500px)\">\n            <source srcset=\"https:\/\/www.neva.eu\/wp-content\/cache\/image\/neva-hero-smart-home-1920x680-c-center.jpg\" type=\"image\/jpeg\" width=\"1920\" height=\"680\" media=\"(min-width: 1500px)\">\n            <source srcset=\"https:\/\/www.neva.eu\/wp-content\/cache\/image\/neva-hero-smart-home-1440x680-c-center.webp\" type=\"image\/webp\" width=\"1440\" height=\"680\" media=\"(min-width: 768px)\">\n            <source srcset=\"https:\/\/www.neva.eu\/wp-content\/cache\/image\/neva-hero-smart-home-1440x680-c-center.jpg\" type=\"image\/jpeg\" width=\"1440\" height=\"680\" media=\"(min-width: 768px)\">\n            <source srcset=\"https:\/\/www.neva.eu\/wp-content\/cache\/image\/neva-hero-smart-home-680x680-c-center.webp\" type=\"image\/webp\" width=\"680\" height=\"680\">\n            <source srcset=\"https:\/\/www.neva.eu\/wp-content\/cache\/image\/neva-hero-smart-home-680x680-c-center.jpg\" type=\"image\/jpeg\" width=\"680\" height=\"680\">\n                <img decoding=\"async\" src=\"https:\/\/www.neva.eu\/wp-content\/uploads\/neva-hero-smart-home.jpg\" type=\"image\/jpeg\" width=\"1920\" height=\"680\" alt=\"\" loading=\"lazy\" class=\"img-fluid\">\n        <\/picture>\n\n  <\/div>\n  <div class=\"d-flex align-items-end hero__inner\">\n    <div class=\"container-xl mb-4\">\n      <div class=\"caption-box has-link\">\n                  <p class=\"caption-box__subtitle\">\n            SMART HOME\n          <\/p>\n                          <h2 class=\"caption-box__title\">\n            <a href=\"https:\/\/www.neva.eu\/fr\/smart-home\/\" target=\"\">\n              D\u00e9couvrez la magie d\u2019une maison intelligente. Comment un syst\u00e8me de domotique peut r\u00e9pondre \u00e0&nbsp;vos besoins concrets&nbsp;?\n            <\/a>\n          <\/h2>\n                                  <a href=\"https:\/\/www.neva.eu\/fr\/smart-home\/\" target=\"\" class=\"button caption-box__button\">\n            PLUS DE TECHNOLOGIES\n          <\/a>\n              <\/div>\n    <\/div>\n  <\/div>\n      <\/section>\n","protected":false},"excerpt":{"rendered":"","protected":false},"author":26,"featured_media":0,"parent":11521,"menu_order":47,"comment_status":"closed","ping_status":"closed","template":"","meta":{"_acf_changed":false,"advgb_blocks_editor_width":"","advgb_blocks_columns_visual_guide":"","_daim_seo_power":"","_daim_enable_ail":"","footnotes":""},"class_list":["post-30430","page","type-page","status-publish","hentry"],"acf":[],"aioseo_notices":[],"coauthors":[],"author_meta":{"author_link":"https:\/\/www.neva.eu\/fr\/author\/zidlikova\/","display_name":"So\u0148a \u017didl\u00edkov\u00e1"},"relative_dates":{"created":"Publi\u00e9 4 months il y a","modified":"Mis \u00e0 jour 3 months il y a"},"absolute_dates":{"created":"Publi\u00e9 le 8. 1. 2026","modified":"Mise \u00e0 jour le 21. 1. 2026"},"absolute_dates_time":{"created":"Publi\u00e9 le 8. 1. 2026 9:18","modified":"Mise \u00e0 jour le 21. 1. 2026 14:50"},"featured_img_caption":"","featured_img":false,"series_order":"","_links":{"self":[{"href":"https:\/\/www.neva.eu\/fr\/wp-json\/wp\/v2\/pages\/30430","targetHints":{"allow":["GET"]}}],"collection":[{"href":"https:\/\/www.neva.eu\/fr\/wp-json\/wp\/v2\/pages"}],"about":[{"href":"https:\/\/www.neva.eu\/fr\/wp-json\/wp\/v2\/types\/page"}],"author":[{"embeddable":true,"href":"https:\/\/www.neva.eu\/fr\/wp-json\/wp\/v2\/users\/26"}],"replies":[{"embeddable":true,"href":"https:\/\/www.neva.eu\/fr\/wp-json\/wp\/v2\/comments?post=30430"}],"version-history":[{"count":3,"href":"https:\/\/www.neva.eu\/fr\/wp-json\/wp\/v2\/pages\/30430\/revisions"}],"predecessor-version":[{"id":30522,"href":"https:\/\/www.neva.eu\/fr\/wp-json\/wp\/v2\/pages\/30430\/revisions\/30522"}],"up":[{"embeddable":true,"href":"https:\/\/www.neva.eu\/fr\/wp-json\/wp\/v2\/pages\/11521"}],"wp:attachment":[{"href":"https:\/\/www.neva.eu\/fr\/wp-json\/wp\/v2\/media?parent=30430"}],"curies":[{"name":"wp","href":"https:\/\/api.w.org\/{rel}","templated":true}]}}