{"id":28379,"date":"2025-06-13T10:04:27","date_gmt":"2025-06-13T08:04:27","guid":{"rendered":"https:\/\/www.neva.eu\/?page_id=28379"},"modified":"2025-06-20T11:57:52","modified_gmt":"2025-06-20T09:57:52","slug":"ombrage-solaire","status":"publish","type":"page","link":"https:\/\/www.neva.eu\/fr\/stores-toiles\/zipscreen\/ombrage-solaire\/","title":{"rendered":"Ombrage solaire"},"content":{"rendered":"        <section id=\"component-d8da7c700b9e5765fe71113c9fa07933\" class=\"component component-page-header page-header\">\n                    <section class=\"component component-breadcrumb\">\n              <div class=\"container-xl\">\n          <nav aria-label=\"breadcrumb\">\n    <ol class=\"breadcrumb\" itemscope itemtype=\"http:\/\/schema.org\/BreadcrumbList\">\n                      <li class=\"breadcrumb-item\"itemprop=\"itemListElement\" itemscope itemtype=\"http:\/\/schema.org\/ListItem\">\n                      <a href=\"https:\/\/www.neva.eu\/fr\/\" class=\"breadcrumb-item-link\" itemscope itemtype=\"http:\/\/schema.org\/Thing\" itemprop=\"item\" id=\"breadcrumb-item-1\">\n              <span itemprop=\"name\">\n                Accueil\n              <\/span>\n            <\/a>\n            <meta itemprop=\"position\" content=\"1\" \/>\n                  <\/li>\n                      <li class=\"breadcrumb-item active\"itemprop=\"itemListElement\" itemscope itemtype=\"http:\/\/schema.org\/ListItem\" aria-current=\"page\">\n                      <span class=\"current\" itemscope itemtype=\"http:\/\/schema.org\/Thing\" itemprop=\"item\" id=\"breadcrumb-item-2\">\n              <span itemprop=\"name\">\n                Zipscreen\n              <\/span>\n            <\/span>\n            <meta itemprop=\"position\" content=\"2\" \/>\n                  <\/li>\n          <\/ol>\n  <\/nav>\n          <\/div>\n      <\/section>\n\n<div class=\"page-header__inner\">\n  <div class=\"container-xl\">\n          <h1 class=\"page-header__title\">Ombrage solaire<\/h1>\n              <p class=\"page-header__subtitle \">Confort. \u00c9cologie. Ind\u00e9pendance au r\u00e9seau \u00e9lectrique.<\/p>\n          <\/div>\n<\/div>\n      <\/section>\n\n\n        <section id=\"component-2869a4e971f04b77bd5f959265ec6e1a\" class=\"component component-tiles-masonry section tiles-wrapper\">\n                        <div class=\"container-xl\">\n        <div class=\"tiles tiles--alt-layout\">\n      <div class=\"tile\">\n      <a class=\"tile__wrapper\" href=\"https:\/\/www.neva.eu\/fr\/conseils-et-manuels\/stores-toiles-solaires-un-ombrage-intelligent-et-durable-pour-habitation-moderne\/\">\n        <div class=\"tile__img cover\">\n                  <picture class=\"d-inline-block w-100 h-100\">\n                      <source srcset=\"https:\/\/www.neva.eu\/wp-content\/cache\/image\/Solar-system-screen_02.webp\" type=\"image\/webp\">\n                <img decoding=\"async\" src=\"https:\/\/www.neva.eu\/wp-content\/uploads\/Solar-system-screen_02.jpg\" type=\"image\/jpeg\" width=\"1920\" height=\"1280\" alt=\"\" loading=\"lazy\" class=\"img-fluid\">\n        <\/picture>\n\n        <\/div>\n        <div class=\"tile__inner\">\n          <h3 class=\"tile__title\">\n            Ombrage solaire\n          <\/h3>\n          <p class=\"tile__text\">\n            \n          <\/p>\n        <\/div>\n      <\/a>\n    <\/div>\n  <\/div>\n          <\/div>\n      <\/section>\n\n\n        <section id=\"component-02cac5c5792fafef7a2f94c5a6feafb6\" class=\"component component-advantages section c-top has-border  icon-boxes-wrapper\">\n                  <section class=\"component component-section-header section-header\">\n              <div class=\"container-xl\">\n          <p class=\"section-header__subtitle\">Pourquoi choisir le moteur solaire&nbsp;?<\/p>\n  <div class=\"row\">\n          <div class=\"col-12 col-lg-6\">\n                <h2 class=\"section-header__title\">Avantages de la ombrage solaire<\/h2>\n      <\/div>\n              <div class=\"col-12 col-md-6\">\n        <div class=\"section-header__perex\">\n          <p>Vous pouvez actionner nos stores toiles (screens) ext\u00e9rieurs gr\u00e2ce \u00e0&nbsp;l\u2019\u00e9nergie solaire. Le panneau solaire situ\u00e9 sur le store charge une batterie qui alimente le moteur. Ce dernier monte et descend le store \u2013 m\u00eame la nuit ou en cas de panne de courant.<\/p>\n\n        <\/div>\n      <\/div>\n      <\/div>\n          <\/div>\n      <\/section>\n              <div class=\"container-xl\">\n          <div class=\"row icon-boxes \">\n          <div class=\"col-md-6 col-xl-4\">\n                <section class=\"component component-icon-box icon-box\">\n              <div class=\"icon-box__icon\">\n            <picture class=\"d-inline-block w-100 h-100\">\n                      <source srcset=\"https:\/\/www.neva.eu\/wp-content\/cache\/image\/icon-samonosne-systemy-snadna-montaz-100x100-c-center.webp\" type=\"image\/webp\" width=\"100\" height=\"100\">\n            <source srcset=\"https:\/\/www.neva.eu\/wp-content\/cache\/image\/icon-samonosne-systemy-snadna-montaz-100x100-c-center.png\" type=\"image\/png\" width=\"100\" height=\"100\">\n                <img decoding=\"async\" src=\"https:\/\/www.neva.eu\/wp-content\/uploads\/icon-samonosne-systemy-snadna-montaz.png\" type=\"image\/png\" width=\"97\" height=\"97\" alt=\"\" loading=\"lazy\" class=\"img-fluid\">\n        <\/picture>\n\n  <\/div>\n  <div class=\"icon-box__inner\">\n    <h3 class=\"icon-box__title\">\n      Pas de d\u00e9coupe murale\n    <\/h3>\n    <div class=\"icon-box__text apply-formatting\">\n      <p>Le moteur solaire fonctionne sans c\u00e2ble, \u00e9vitant ainsi toute d\u00e9coupe murale. Id\u00e9al pour les r\u00e9novations et les finitions int\u00e9rieures.<\/p>\n\n    <\/div>\n      <\/div>\n      <\/section>\n      <\/div>\n          <div class=\"col-md-6 col-xl-4\">\n                <section class=\"component component-icon-box icon-box\">\n              <div class=\"icon-box__icon\">\n            <picture class=\"d-inline-block w-100 h-100\">\n                      <source srcset=\"https:\/\/www.neva.eu\/wp-content\/cache\/image\/icon-zaluzie-mnozstvi-svetla-100x100-c-center.webp\" type=\"image\/webp\" width=\"100\" height=\"100\">\n            <source srcset=\"https:\/\/www.neva.eu\/wp-content\/cache\/image\/icon-zaluzie-mnozstvi-svetla-100x100-c-center.png\" type=\"image\/png\" width=\"100\" height=\"100\">\n                <img decoding=\"async\" src=\"https:\/\/www.neva.eu\/wp-content\/uploads\/icon-zaluzie-mnozstvi-svetla.png\" type=\"image\/png\" width=\"96\" height=\"96\" alt=\"\" loading=\"lazy\" class=\"img-fluid\">\n        <\/picture>\n\n  <\/div>\n  <div class=\"icon-box__inner\">\n    <h3 class=\"icon-box__title\">\n      Fiabilit\u00e9 par tous les&nbsp;temps\n    <\/h3>\n    <div class=\"icon-box__text apply-formatting\">\n      <p>La batterie se recharge \u00e0&nbsp;la lumi\u00e8re du jour et fonctionne m\u00eame sans soleil. Le store toile fonctionne de jour comme de nuit, m\u00eame en cas de panne de courant.<\/p>\n\n    <\/div>\n      <\/div>\n      <\/section>\n      <\/div>\n          <div class=\"col-md-6 col-xl-4\">\n                <section class=\"component component-icon-box icon-box\">\n              <div class=\"icon-box__icon\">\n            <picture class=\"d-inline-block w-100 h-100\">\n                      <source srcset=\"https:\/\/www.neva.eu\/wp-content\/cache\/image\/icon-smarthome-uspora-energie-100x100-c-center.webp\" type=\"image\/webp\" width=\"100\" height=\"100\">\n            <source srcset=\"https:\/\/www.neva.eu\/wp-content\/cache\/image\/icon-smarthome-uspora-energie-100x100-c-center.png\" type=\"image\/png\" width=\"100\" height=\"100\">\n                <img decoding=\"async\" src=\"https:\/\/www.neva.eu\/wp-content\/uploads\/icon-smarthome-uspora-energie.png\" type=\"image\/png\" width=\"96\" height=\"97\" alt=\"\" loading=\"lazy\" class=\"img-fluid\">\n        <\/picture>\n\n  <\/div>\n  <div class=\"icon-box__inner\">\n    <h3 class=\"icon-box__title\">\n      \u00c9conomies d\u2019\u00e9nergie et d\u2019argent\n    <\/h3>\n    <div class=\"icon-box__text apply-formatting\">\n      <p>Le store ne n\u00e9cessite pas de raccordement au r\u00e9seau, ce qui permet de r\u00e9aliser des \u00e9conomies d\u2019\u00e9lectricit\u00e9 et de montage. L\u2019autonomie de la batterie peut atteindre 45 jours en fonctionnement normal.<\/p>\n\n    <\/div>\n      <\/div>\n      <\/section>\n      <\/div>\n      <\/div>\n            <\/div>\n      <\/section>\n\n\n<div class=\"wp-bootstrap-blocks-container container mb-2\">\n\t\n        <section id=\"component-8703a21a99d959cf6c83888ac1347b79\" class=\"component component-gallery\">\n                        <div class=\"gallery-columns gallery-lightgallery-js pb-6 pb-md-8\">\n          <div class=\"gallery-item gallery-item-1\">\n                  <a href=\"https:\/\/www.neva.eu\/wp-content\/uploads\/NEVA-Zipcsreen-2.jpg\" class=\"gallery-item-img js-lightbox\">\n                    <picture class=\"d-inline-block w-100 h-100 w-100 h-100\">\n                      <source srcset=\"https:\/\/www.neva.eu\/wp-content\/cache\/image\/NEVA-Zipcsreen-2.webp\" type=\"image\/webp\">\n                <img decoding=\"async\" src=\"https:\/\/www.neva.eu\/wp-content\/uploads\/NEVA-Zipcsreen-2.jpg\" type=\"image\/jpeg\" width=\"1280\" height=\"1920\" alt=\"\" loading=\"lazy\" class=\"img-fluid\">\n        <\/picture>\n          <\/a>\n              <\/div>\n          <div class=\"gallery-item gallery-item-2\">\n                  <a href=\"https:\/\/www.neva.eu\/wp-content\/uploads\/NEVA-Solar-system-3.jpg\" class=\"gallery-item-img js-lightbox\">\n                    <picture class=\"d-inline-block w-100 h-100 w-100 h-100\">\n                      <source srcset=\"https:\/\/www.neva.eu\/wp-content\/cache\/image\/NEVA-Solar-system-3.webp\" type=\"image\/webp\">\n                <img decoding=\"async\" src=\"https:\/\/www.neva.eu\/wp-content\/uploads\/NEVA-Solar-system-3.jpg\" type=\"image\/jpeg\" width=\"1280\" height=\"1920\" alt=\"\" loading=\"lazy\" class=\"img-fluid\">\n        <\/picture>\n          <\/a>\n              <\/div>\n          <div class=\"gallery-item gallery-item-3\">\n                  <a href=\"https:\/\/www.neva.eu\/wp-content\/uploads\/NEVA-HP-Solar-2.jpg\" class=\"gallery-item-img js-lightbox\">\n                    <picture class=\"d-inline-block w-100 h-100 w-100 h-100\">\n                      <source srcset=\"https:\/\/www.neva.eu\/wp-content\/cache\/image\/NEVA-HP-Solar-2.webp\" type=\"image\/webp\">\n                <img decoding=\"async\" src=\"https:\/\/www.neva.eu\/wp-content\/uploads\/NEVA-HP-Solar-2.jpg\" type=\"image\/jpeg\" width=\"1920\" height=\"1280\" alt=\"\" loading=\"lazy\" class=\"img-fluid\">\n        <\/picture>\n          <\/a>\n              <\/div>\n          <div class=\"gallery-item gallery-item-4\">\n                  <a href=\"https:\/\/www.neva.eu\/wp-content\/uploads\/NEVA-Solar-system-4.jpg\" class=\"gallery-item-img js-lightbox\">\n                    <picture class=\"d-inline-block w-100 h-100 w-100 h-100\">\n                      <source srcset=\"https:\/\/www.neva.eu\/wp-content\/cache\/image\/NEVA-Solar-system-4.webp\" type=\"image\/webp\">\n                <img decoding=\"async\" src=\"https:\/\/www.neva.eu\/wp-content\/uploads\/NEVA-Solar-system-4.jpg\" type=\"image\/jpeg\" width=\"1920\" height=\"1280\" alt=\"\" loading=\"lazy\" class=\"img-fluid\">\n        <\/picture>\n            <div class=\"item-length\">+1<\/div>\n          <\/a>\n              <\/div>\n          <div class=\"gallery-item gallery-item-5 d-none\">\n                  <a href=\"https:\/\/www.neva.eu\/wp-content\/uploads\/NEVA-HP-Solar-03.jpg\" class=\"gallery-item-img js-lightbox\">\n                    <picture class=\"d-inline-block w-100 h-100 w-100 h-100\">\n                      <source srcset=\"https:\/\/www.neva.eu\/wp-content\/cache\/image\/NEVA-HP-Solar-03.webp\" type=\"image\/webp\">\n                <img decoding=\"async\" src=\"https:\/\/www.neva.eu\/wp-content\/uploads\/NEVA-HP-Solar-03.jpg\" type=\"image\/jpeg\" width=\"1920\" height=\"1280\" alt=\"\" loading=\"lazy\" class=\"img-fluid\">\n        <\/picture>\n          <\/a>\n              <\/div>\n      <\/div>\n      <\/section>\n\n<\/div>\n\n\n        <section id=\"component-c5689ee977c563e4fdd1632c5b1ed15f\" class=\"component component-store-locator section c-top store-locator-wrapper\">\n                  <section class=\"component component-section-header section-header\">\n              <div class=\"container-xl\">\n          <div class=\"row\">\n          <div class=\"col-12 col-lg-6\">\n                <h2 class=\"section-header__title mb-0\">Trouver un vendeur<\/h2>\n      <\/div>\n          <\/div>\n          <\/div>\n      <\/section>\n              <div class=\"container-xl\">\n          <div class=\"store-locator\">\n    <form class=\"store-locator__inner\" action=\"https:\/\/www.neva.eu\/fr\/trouver-un-revendeur\/\">\n      <div class=\"store-locator__field\">\n        <label for=\"country\" class=\"store-locator__label\">Pays<\/label>\n        <div class=\"dropdown\">\n          <select id=\"country\" name=\"country\">\n                          <option value=\"DE\">Allemagne<\/option>\n                          <option value=\"AU\">Australie<\/option>\n                          <option value=\"AT\">Autriche<\/option>\n                          <option value=\"BE\">Belgique<\/option>\n                          <option value=\"BG\">Bulgarie<\/option>\n                          <option value=\"HR\">Croatie<\/option>\n                          <option value=\"DK\">Danemark<\/option>\n                          <option value=\"ES\">Espagne<\/option>\n                          <option value=\"FR\">France<\/option>\n                          <option value=\"GR\">Gr\u00e8ce<\/option>\n                          <option value=\"HU\">Hongrie<\/option>\n                          <option value=\"CY\">Chypre<\/option>\n                          <option value=\"IL\">Isra\u00ebl<\/option>\n                          <option value=\"IT\">Italie<\/option>\n                          <option value=\"JP\">Japon<\/option>\n                          <option value=\"LI\">Liechtenstein<\/option>\n                          <option value=\"LU\">Luxembourg<\/option>\n                          <option value=\"NO\">Norv\u00e8ge<\/option>\n                          <option value=\"NL\">Pays-Bas<\/option>\n                          <option value=\"PL\">Pologne<\/option>\n                          <option value=\"PT\">Portugal<\/option>\n                          <option value=\"CZ\">R\u00e9publique Tch\u00e8que<\/option>\n                          <option value=\"RO\">Roumanie<\/option>\n                          <option value=\"GB\">Royaume-Uni<\/option>\n                          <option value=\"SK\">Slovaquie<\/option>\n                          <option value=\"SI\">Slov\u00e9nie<\/option>\n                          <option value=\"SE\">Su\u00e8de<\/option>\n                          <option value=\"CH\">Suisse<\/option>\n                          <option value=\"VN\">Vietnam<\/option>\n                      <\/select>\n        <\/div>\n      <\/div>\n      <button class=\"button store-locator__button\">\n        Trouver un revendeur\n          <span class=\"svg-icon svg-icon--search\">\n    <svg><use xlink:href=\"https:\/\/www.neva.eu\/wp-content\/themes\/neva\/static\/images\/sprite.svg#search\"><\/use><\/svg>\n  <\/span>\n\n      <\/button>\n    <\/form>\n  <\/div>\n          <\/div>\n      <\/section>\n","protected":false},"excerpt":{"rendered":"","protected":false},"author":26,"featured_media":0,"parent":11527,"menu_order":59,"comment_status":"closed","ping_status":"closed","template":"","meta":{"_acf_changed":false,"advgb_blocks_editor_width":"","advgb_blocks_columns_visual_guide":"","_daim_seo_power":"","_daim_enable_ail":"","footnotes":""},"class_list":["post-28379","page","type-page","status-publish","hentry"],"acf":[],"aioseo_notices":[],"coauthors":[],"author_meta":{"author_link":"https:\/\/www.neva.eu\/fr\/author\/zidlikova\/","display_name":"So\u0148a \u017didl\u00edkov\u00e1"},"relative_dates":{"created":"Publi\u00e9 11 months il y a","modified":"Mis \u00e0 jour 11 months il y a"},"absolute_dates":{"created":"Publi\u00e9 le 13. 6. 2025","modified":"Mise \u00e0 jour le 20. 6. 2025"},"absolute_dates_time":{"created":"Publi\u00e9 le 13. 6. 2025 10:04","modified":"Mise \u00e0 jour le 20. 6. 2025 11:57"},"featured_img_caption":"","featured_img":false,"series_order":"","_links":{"self":[{"href":"https:\/\/www.neva.eu\/fr\/wp-json\/wp\/v2\/pages\/28379","targetHints":{"allow":["GET"]}}],"collection":[{"href":"https:\/\/www.neva.eu\/fr\/wp-json\/wp\/v2\/pages"}],"about":[{"href":"https:\/\/www.neva.eu\/fr\/wp-json\/wp\/v2\/types\/page"}],"author":[{"embeddable":true,"href":"https:\/\/www.neva.eu\/fr\/wp-json\/wp\/v2\/users\/26"}],"replies":[{"embeddable":true,"href":"https:\/\/www.neva.eu\/fr\/wp-json\/wp\/v2\/comments?post=28379"}],"version-history":[{"count":5,"href":"https:\/\/www.neva.eu\/fr\/wp-json\/wp\/v2\/pages\/28379\/revisions"}],"predecessor-version":[{"id":28693,"href":"https:\/\/www.neva.eu\/fr\/wp-json\/wp\/v2\/pages\/28379\/revisions\/28693"}],"up":[{"embeddable":true,"href":"https:\/\/www.neva.eu\/fr\/wp-json\/wp\/v2\/pages\/11527"}],"wp:attachment":[{"href":"https:\/\/www.neva.eu\/fr\/wp-json\/wp\/v2\/media?parent=28379"}],"curies":[{"name":"wp","href":"https:\/\/api.w.org\/{rel}","templated":true}]}}