{"id":26020,"date":"2024-09-19T07:24:28","date_gmt":"2024-09-19T05:24:28","guid":{"rendered":"https:\/\/www.neva.eu\/?page_id=26020"},"modified":"2026-04-30T11:58:44","modified_gmt":"2026-04-30T09:58:44","slug":"newsletter","status":"publish","type":"page","link":"https:\/\/www.neva.eu\/fr\/pour-les-partenaires\/newsletter\/","title":{"rendered":"Newsletter"},"content":{"rendered":"","protected":true},"excerpt":{"rendered":"","protected":true},"author":26,"featured_media":0,"parent":4716,"menu_order":124,"comment_status":"closed","ping_status":"closed","template":"","meta":{"_acf_changed":false,"advgb_blocks_editor_width":"","advgb_blocks_columns_visual_guide":"","_daim_seo_power":"1000","_daim_enable_ail":"1","footnotes":""},"class_list":["post-26020","page","type-page","status-publish","post-password-required","hentry"],"acf":[],"aioseo_notices":[],"coauthors":[],"author_meta":{"author_link":"https:\/\/www.neva.eu\/fr\/author\/zidlikova\/","display_name":"So\u0148a \u017didl\u00edkov\u00e1"},"relative_dates":{"created":"Publi\u00e9 2 years il y a","modified":"Mis \u00e0 jour 7 minutes il y a"},"absolute_dates":{"created":"Publi\u00e9 le 19. 9. 2024","modified":"Mise \u00e0 jour le 30. 4. 2026"},"absolute_dates_time":{"created":"Publi\u00e9 le 19. 9. 2024 7:24","modified":"Mise \u00e0 jour le 30. 4. 2026 11:58"},"featured_img_caption":"","featured_img":false,"series_order":"","_links":{"self":[{"href":"https:\/\/www.neva.eu\/fr\/wp-json\/wp\/v2\/pages\/26020","targetHints":{"allow":["GET"]}}],"collection":[{"href":"https:\/\/www.neva.eu\/fr\/wp-json\/wp\/v2\/pages"}],"about":[{"href":"https:\/\/www.neva.eu\/fr\/wp-json\/wp\/v2\/types\/page"}],"author":[{"embeddable":true,"href":"https:\/\/www.neva.eu\/fr\/wp-json\/wp\/v2\/users\/26"}],"replies":[{"embeddable":true,"href":"https:\/\/www.neva.eu\/fr\/wp-json\/wp\/v2\/comments?post=26020"}],"version-history":[{"count":11,"href":"https:\/\/www.neva.eu\/fr\/wp-json\/wp\/v2\/pages\/26020\/revisions"}],"predecessor-version":[{"id":31676,"href":"https:\/\/www.neva.eu\/fr\/wp-json\/wp\/v2\/pages\/26020\/revisions\/31676"}],"up":[{"embeddable":true,"href":"https:\/\/www.neva.eu\/fr\/wp-json\/wp\/v2\/pages\/4716"}],"wp:attachment":[{"href":"https:\/\/www.neva.eu\/fr\/wp-json\/wp\/v2\/media?parent=26020"}],"curies":[{"name":"wp","href":"https:\/\/api.w.org\/{rel}","templated":true}]}}