{"id":20325,"date":"2022-12-22T08:46:15","date_gmt":"2022-12-22T07:46:15","guid":{"rendered":"https:\/\/www.neva.eu\/stores-toiles\/ombrager-une-terrasse\/"},"modified":"2023-01-03T14:55:38","modified_gmt":"2023-01-03T13:55:38","slug":"ombrager-une-terrasse","status":"publish","type":"page","link":"https:\/\/www.neva.eu\/fr\/stores-toiles\/ombrager-une-terrasse\/","title":{"rendered":"\u00a0Ombrager une terrasse"},"content":{"rendered":"<div class=\"wp-bootstrap-blocks-container container mb-2\">\n\t\n\n<div style=\"height:50px\" aria-hidden=\"true\" class=\"wp-block-spacer\"><\/div>\n\n\n\n<h1 class=\"wp-block-heading\">Comment ombrager une terrasse<\/h1>\n\n\n\n<p class=\"single__perex\">Une terrasse ombrag\u00e9e vous prot\u00e8ge contre les rayons du soleil, la pluie, le vent, mais aussi contre les regards indiscrets. Les solutions les plus appr\u00e9ci\u00e9es sont les stores-bannes, les pergolas, les voiles d\u2019ombrage, les stores-toiles ou encore des plantes comme le lierre ou la vigne vierge. Comment choisir ?<\/p>\n\n\n\n<figure class=\"wp-block-image size-full\"><img loading=\"lazy\" decoding=\"async\" width=\"1920\" height=\"960\" src=\"https:\/\/www.neva.eu\/wp-content\/uploads\/NEVA-jak-na-stineni-terasy-3.jpg\" alt=\"\" class=\"wp-image-20149\" srcset=\"https:\/\/www.neva.eu\/wp-content\/uploads\/NEVA-jak-na-stineni-terasy-3.jpg 1920w, https:\/\/www.neva.eu\/wp-content\/uploads\/NEVA-jak-na-stineni-terasy-3-300x150.jpg 300w, https:\/\/www.neva.eu\/wp-content\/uploads\/NEVA-jak-na-stineni-terasy-3-1024x512.jpg 1024w, https:\/\/www.neva.eu\/wp-content\/uploads\/NEVA-jak-na-stineni-terasy-3-768x384.jpg 768w, https:\/\/www.neva.eu\/wp-content\/uploads\/NEVA-jak-na-stineni-terasy-3-1536x768.jpg 1536w\" sizes=\"auto, (max-width: 1920px) 100vw, 1920px\" \/><\/figure>\n\n\n\n<div style=\"height:50px\" aria-hidden=\"true\" class=\"wp-block-spacer\"><\/div>\n\n\n\n<h2 class=\"has-text-align-left wp-block-heading\">Les diff\u00e9rents types d\u2019ombrage pour une terrasse<\/h2>\n\n\n\n<div style=\"height:20px\" aria-hidden=\"true\" class=\"wp-block-spacer\"><\/div>\n\n\n<div class=\"wp-bootstrap-blocks-row row\">\n\t\n\n<div class=\"col-12 col-md-6\">\n\t\t\t\n\n<figure class=\"wp-block-image size-full\"><img loading=\"lazy\" decoding=\"async\" width=\"1920\" height=\"960\" src=\"https:\/\/www.neva.eu\/wp-content\/uploads\/neva-venkovni-zaluzie-porovnani-venkovniho-stineni.jpg\" alt=\"\" class=\"wp-image-1653\" srcset=\"https:\/\/www.neva.eu\/wp-content\/uploads\/neva-venkovni-zaluzie-porovnani-venkovniho-stineni.jpg 1920w, https:\/\/www.neva.eu\/wp-content\/uploads\/neva-venkovni-zaluzie-porovnani-venkovniho-stineni-1280x640.jpg 1280w, https:\/\/www.neva.eu\/wp-content\/uploads\/neva-venkovni-zaluzie-porovnani-venkovniho-stineni-940x470.jpg 940w, https:\/\/www.neva.eu\/wp-content\/uploads\/neva-venkovni-zaluzie-porovnani-venkovniho-stineni-758x379.jpg 758w, https:\/\/www.neva.eu\/wp-content\/uploads\/neva-venkovni-zaluzie-porovnani-venkovniho-stineni-425x213.jpg 425w\" sizes=\"auto, (max-width: 1920px) 100vw, 1920px\" \/><\/figure>\n\n\t<\/div>\n\n\n\n<div class=\"col-12 col-md-6\">\n\t\t\t\n\n<h3 class=\"wp-block-heading\">Les syst\u00e8mes d\u2019ombrage les plus \u00e9l\u00e9mentaires : un parasol et un voile d\u2019ombrage<\/h3>\n\n\n\n<p>Les modes d\u2019ombrage les plus simples sont certainement le parasol et le voile d\u2019ombrage. <strong>Le parasol est la solution la moins co\u00fbteuse<\/strong> et aussi la plus facile \u00e0 d\u00e9placer. Son inconv\u00e9nient est essentiellement qu\u2019il ne r\u00e9siste que tr\u00e8s peu au vent. <strong>Un voile d\u2019ombrage est plus r\u00e9sistant<\/strong>, il couvre une plus grande surface et certains mod\u00e8les peuvent m\u00eame \u00eatre r\u00e9tract\u00e9s \u00e0 l\u2019aide d\u2019un moteur.<\/p>\n\n\t<\/div>\n\n<\/div>\n\n\n\n<div style=\"height:50px\" aria-hidden=\"true\" class=\"wp-block-spacer\"><\/div>\n\n\n<div class=\"wp-bootstrap-blocks-row row\">\n\t\n\n<div class=\"col-12 col-md-6\">\n\t\t\t\n\n<h3 class=\"wp-block-heading\">Stores-bannes : les syst\u00e8mes d\u2019ombrage les plus simples<\/h3>\n\n\n\n<p>En plus des stores-bannes r\u00e9tractables<strong> <\/strong>il existe \u00e9galement <strong>des stores-bannes de terrasse<\/strong> \u00e9quip\u00e9s d\u2019une construction en m\u00e9tal. Leur principal avantage <strong>est qu\u2019ils prot\u00e8gent tr\u00e8s bien contre la lumi\u00e8re du soleil, mais aussi qu&#8217;ils sont propos\u00e9s <\/strong>dans une large gamme de<strong> couleurs et de motifs<\/strong>.<\/p>\n\n\n\n<p><br>Il existe \u00e9galement des <strong>stores lat\u00e9raux<\/strong> qui prot\u00e8gent contre le vent et les regards curieux.<\/p>\n\n\t<\/div>\n\n\n\n<div class=\"col-12 col-md-6\">\n\t\t\t\n\n<figure class=\"wp-block-image size-large\"><img loading=\"lazy\" decoding=\"async\" width=\"1024\" height=\"512\" src=\"https:\/\/www.neva.eu\/wp-content\/uploads\/NEVA-stineni-markyza-3-1024x512.jpg\" alt=\"\" class=\"wp-image-20111\" srcset=\"https:\/\/www.neva.eu\/wp-content\/uploads\/NEVA-stineni-markyza-3-1024x512.jpg 1024w, https:\/\/www.neva.eu\/wp-content\/uploads\/NEVA-stineni-markyza-3-300x150.jpg 300w, https:\/\/www.neva.eu\/wp-content\/uploads\/NEVA-stineni-markyza-3-768x384.jpg 768w, https:\/\/www.neva.eu\/wp-content\/uploads\/NEVA-stineni-markyza-3-1536x768.jpg 1536w, https:\/\/www.neva.eu\/wp-content\/uploads\/NEVA-stineni-markyza-3.jpg 1920w\" sizes=\"auto, (max-width: 1024px) 100vw, 1024px\" \/><\/figure>\n\n\t<\/div>\n\n<\/div>\n\n\n\n<div style=\"height:50px\" aria-hidden=\"true\" class=\"wp-block-spacer\"><\/div>\n\n\n<div class=\"wp-bootstrap-blocks-row row\">\n\t\n\n<div class=\"col-12 col-md-6\">\n\t\t\t\n\n<figure class=\"wp-block-image size-large\"><img loading=\"lazy\" decoding=\"async\" width=\"1024\" height=\"512\" src=\"https:\/\/www.neva.eu\/wp-content\/uploads\/NEVA-jak-na-stineni-terasy-4-1024x512.jpg\" alt=\"\" class=\"wp-image-20158\" srcset=\"https:\/\/www.neva.eu\/wp-content\/uploads\/NEVA-jak-na-stineni-terasy-4-1024x512.jpg 1024w, https:\/\/www.neva.eu\/wp-content\/uploads\/NEVA-jak-na-stineni-terasy-4-300x150.jpg 300w, https:\/\/www.neva.eu\/wp-content\/uploads\/NEVA-jak-na-stineni-terasy-4-768x384.jpg 768w, https:\/\/www.neva.eu\/wp-content\/uploads\/NEVA-jak-na-stineni-terasy-4-1536x768.jpg 1536w, https:\/\/www.neva.eu\/wp-content\/uploads\/NEVA-jak-na-stineni-terasy-4.jpg 1920w\" sizes=\"auto, (max-width: 1024px) 100vw, 1024px\" \/><\/figure>\n\n\t<\/div>\n\n\n\n<div class=\"col-12 col-md-6\">\n\t\t\t\n\n<h3 class=\"wp-block-heading\">Pour un ombrage naturel, plantez des arbres, du lierre et de la vigne vierge<\/h3>\n\n\n\n<p>Les plantes grimpantes comptent sans aucun doute parmi les<strong> solutions les plus belles et les plus \u00e9cologiques<\/strong>. Utilisez par exemple du lierre, de la vigne ou de la vigne-vierge. Une paroi ou un toit verts sont la s\u00e9curit\u00e9 d\u2019un environnement beaucoup plus agr\u00e9able, mais <strong>ils demandent de l\u2019entretien<\/strong>&nbsp;: vous devrez tailler les plantes, les arroser et ramasser les feuilles tomb\u00e9es \u00e0 l\u2019automne.<br><strong>Les arbres fleuries permettent \u00e9galement de rafra\u00eechir la temp\u00e9rature<\/strong> de votre terrasse, ils prot\u00e8gent aussi partiellement contre la pluie. Les arbustes sont quant \u00e0 eux id\u00e9aux pour vous prot\u00e9ger des regards indiscrets.<\/p>\n\n\t<\/div>\n\n<\/div>\n\n\n        <section id=\"component-e902d51555a84edd10ddd20fa7be27d8\" class=\"component component-advantages section c-top   icon-boxes-wrapper\">\n                  <section class=\"component component-section-header section-header\">\n              <div class=\"container-xl\">\n          <div class=\"row\">\n          <div class=\"col-12 col-lg-6\">\n                <h2 class=\"section-header__title\">Les stores toiles ext\u00e9rieurs : la meilleure fa\u00e7on pour ombrer votre terrasse sur les&nbsp;c\u00f4t\u00e9s<\/h2>\n      <\/div>\n              <div class=\"col-12 col-md-6\">\n        <div class=\"section-header__perex\">\n          <p>Ils vous prot\u00e8gent suffisamment bien des regards curieux et des rayons du soleil, mais aussi d\u2019une certaine mani\u00e8re, contre la pluie et le vent. Les stores toiles sont tr\u00e8s appr\u00e9ci\u00e9s mais vous pouvez \u00e9galement choisir des stores \u00e0&nbsp;lamelles en aluminium ou dans des mat\u00e9riaux \u00e9cologiques comme le bambou ou l\u2019osier.<\/p>\n\n        <\/div>\n      <\/div>\n      <\/div>\n          <\/div>\n      <\/section>\n              <div class=\"container-xl\">\n          <div class=\"row icon-boxes \">\n          <div class=\"col-md-6 col-xl-4\">\n                <section class=\"component component-icon-box icon-box\">\n              <div class=\"icon-box__icon\">\n            <picture class=\"d-inline-block w-100 h-100\">\n                      <source srcset=\"https:\/\/www.neva.eu\/wp-content\/cache\/image\/icon-detail-jsou-domykatelne-100x100-c-center.webp\" type=\"image\/webp\" width=\"100\" height=\"100\">\n            <source srcset=\"https:\/\/www.neva.eu\/wp-content\/cache\/image\/icon-detail-jsou-domykatelne-100x100-c-center.png\" type=\"image\/png\" width=\"100\" height=\"100\">\n                <img decoding=\"async\" src=\"https:\/\/www.neva.eu\/wp-content\/uploads\/icon-detail-jsou-domykatelne.png\" type=\"image\/png\" width=\"96\" height=\"97\" alt=\"\" loading=\"lazy\" class=\"img-fluid\">\n        <\/picture>\n\n  <\/div>\n  <div class=\"icon-box__inner\">\n    <h3 class=\"icon-box__title\">\n      Stores en bambou ou en roseau\n    <\/h3>\n    <div class=\"icon-box__text apply-formatting\">\n      <p>Leur principal avantage est qu\u2019ils vont tr\u00e8s bien avec les pergolas classiques en bois. Il s\u2019agit en plus de mat\u00e9riaux naturels qui sont donc tr\u00e8s respectueux de l\u2019environnement. <\/p>\n\n    <\/div>\n      <\/div>\n      <\/section>\n      <\/div>\n          <div class=\"col-md-6 col-xl-4\">\n                <section class=\"component component-icon-box icon-box\">\n              <div class=\"icon-box__icon\">\n            <picture class=\"d-inline-block w-100 h-100\">\n                      <source srcset=\"https:\/\/www.neva.eu\/wp-content\/cache\/image\/icon-detail-zatemeni-latkove-rolety-100x100-c-center.webp\" type=\"image\/webp\" width=\"100\" height=\"100\">\n            <source srcset=\"https:\/\/www.neva.eu\/wp-content\/cache\/image\/icon-detail-zatemeni-latkove-rolety-100x100-c-center.png\" type=\"image\/png\" width=\"100\" height=\"100\">\n                <img decoding=\"async\" src=\"https:\/\/www.neva.eu\/wp-content\/uploads\/icon-detail-zatemeni-latkove-rolety.png\" type=\"image\/png\" width=\"96\" height=\"96\" alt=\"\" loading=\"lazy\" class=\"img-fluid\">\n        <\/picture>\n\n  <\/div>\n  <div class=\"icon-box__inner\">\n    <h3 class=\"icon-box__title\">\n      Stores screen pour la terrasse\n    <\/h3>\n    <div class=\"icon-box__text apply-formatting\">\n      <p>L\u2019avantage des stores screen est qu\u2019ils \u00e9vitent les regards curieux sans pour autant vous emp\u00eacher de regarder ce qui se passe \u00e0&nbsp;l\u2019ext\u00e9rieur (sauf bien s\u00fbr s\u2019il fait noir \u00e0&nbsp;l\u2019ext\u00e9rieur et que vous avez allum\u00e9 la lumi\u00e8re \u00e0&nbsp;l\u2019int\u00e9rieur). Ils r\u00e9gulent aussi tr\u00e8s bien la lumi\u00e8re et la chaleur. Les versions les plus r\u00e9sistantes sont les zipscreens sur lesquels la toile est rattach\u00e9e \u00e0&nbsp;des coulisses lat\u00e9rales. Ils sont donc beaucoup plus r\u00e9sistants au vent que des stores \u00e0&nbsp;lamelles ext\u00e9rieurs.<\/p>\n\n    <\/div>\n      <\/div>\n      <\/section>\n      <\/div>\n          <div class=\"col-md-6 col-xl-4\">\n                <section class=\"component component-icon-box icon-box\">\n              <div class=\"icon-box__icon\">\n            <picture class=\"d-inline-block w-100 h-100\">\n                      <source srcset=\"https:\/\/www.neva.eu\/wp-content\/cache\/image\/icon-pergola-latkove-rolety-100x100-c-center.webp\" type=\"image\/webp\" width=\"100\" height=\"100\">\n            <source srcset=\"https:\/\/www.neva.eu\/wp-content\/cache\/image\/icon-pergola-latkove-rolety-100x100-c-center.png\" type=\"image\/png\" width=\"100\" height=\"100\">\n                <img decoding=\"async\" src=\"https:\/\/www.neva.eu\/wp-content\/uploads\/icon-pergola-latkove-rolety.png\" type=\"image\/png\" width=\"97\" height=\"97\" alt=\"\" loading=\"lazy\" class=\"img-fluid\">\n        <\/picture>\n\n  <\/div>\n  <div class=\"icon-box__inner\">\n    <h3 class=\"icon-box__title\">\n      Stores en aluminium pour la terrasse\n    <\/h3>\n    <div class=\"icon-box__text apply-formatting\">\n      <p>Ils prot\u00e8gent de la chaleur ext\u00e9rieure et vous \u00e9vitent d\u2019\u00eatre \u00e9blouis. \u00c0&nbsp;la diff\u00e9rence des stores screens, ils pr\u00e9sentent l\u2019inconv\u00e9nient de vous emp\u00eacher de regarder \u00e0&nbsp;l\u2019ext\u00e9rieur. En plus, ils ne sont pas aussi r\u00e9sistants contre le&nbsp;vent.<\/p>\n\n    <\/div>\n      <\/div>\n      <\/section>\n      <\/div>\n      <\/div>\n            <\/div>\n      <\/section>\n\n\n\n<div class=\"wp-block-advgb-button aligncenter is-style-squared advgb-dyn-d1138368\"><a class=\"wp-block-advgb-button_link advgbbtn-c620ef80-e7d1-4cff-9b0f-5bdda330612e\" href=\"https:\/\/www.neva.eu\/fr\/stores-toiles\/zipscreen\/\" target=\"_self\" rel=\"noopener noreferrer\"><span><span>Consultez notre offre de stores-toiles<\/span><\/span><\/a><\/div>\n\n\n        <section id=\"component-056e7fd4bb49d65edbcdaff71f018d62\" class=\"component component-store-locator section c-top store-locator-wrapper\">\n                  <section class=\"component component-section-header section-header\">\n              <div class=\"container-xl\">\n          <div class=\"row\">\n          <div class=\"col-12 col-lg-6\">\n                <h2 class=\"section-header__title mb-0\">Trouver le revendeur le plus proche<\/h2>\n      <\/div>\n          <\/div>\n          <\/div>\n      <\/section>\n              <div class=\"container-xl\">\n          <div class=\"store-locator\">\n    <form class=\"store-locator__inner\" action=\"https:\/\/www.neva.eu\/fr\/trouver-un-revendeur\/\">\n      <div class=\"store-locator__field\">\n        <label for=\"country\" class=\"store-locator__label\">Pays<\/label>\n        <div class=\"dropdown\">\n          <select id=\"country\" name=\"country\">\n                          <option value=\"DE\">Allemagne<\/option>\n                          <option value=\"AU\">Australie<\/option>\n                          <option value=\"AT\">Autriche<\/option>\n                          <option value=\"BE\">Belgique<\/option>\n                          <option value=\"BG\">Bulgarie<\/option>\n                          <option value=\"HR\">Croatie<\/option>\n                          <option value=\"DK\">Danemark<\/option>\n                          <option value=\"ES\">Espagne<\/option>\n                          <option value=\"FR\">France<\/option>\n                          <option value=\"GR\">Gr\u00e8ce<\/option>\n                          <option value=\"HU\">Hongrie<\/option>\n                          <option value=\"CY\">Chypre<\/option>\n                          <option value=\"IL\">Isra\u00ebl<\/option>\n                          <option value=\"IT\">Italie<\/option>\n                          <option value=\"JP\">Japon<\/option>\n                          <option value=\"LI\">Liechtenstein<\/option>\n                          <option value=\"LU\">Luxembourg<\/option>\n                          <option value=\"NO\">Norv\u00e8ge<\/option>\n                          <option value=\"NL\">Pays-Bas<\/option>\n                          <option value=\"PL\">Pologne<\/option>\n                          <option value=\"PT\">Portugal<\/option>\n                          <option value=\"CZ\">R\u00e9publique Tch\u00e8que<\/option>\n                          <option value=\"RO\">Roumanie<\/option>\n                          <option value=\"GB\">Royaume-Uni<\/option>\n                          <option value=\"SK\">Slovaquie<\/option>\n                          <option value=\"SI\">Slov\u00e9nie<\/option>\n                          <option value=\"SE\">Su\u00e8de<\/option>\n                          <option value=\"CH\">Suisse<\/option>\n                          <option value=\"VN\">Vietnam<\/option>\n                      <\/select>\n        <\/div>\n      <\/div>\n      <button class=\"button store-locator__button\">\n        Trouver un revendeur\n          <span class=\"svg-icon svg-icon--search\">\n    <svg><use xlink:href=\"https:\/\/www.neva.eu\/wp-content\/themes\/neva\/static\/images\/sprite.svg#search\"><\/use><\/svg>\n  <\/span>\n\n      <\/button>\n    <\/form>\n  <\/div>\n          <\/div>\n      <\/section>\n\n<\/div>\n<style class=\"advgb-styles-renderer\">.advgbbtn-c620ef80-e7d1-4cff-9b0f-5bdda330612e{font-size:18px;color:#ffffff !important;background-color:#00afd7 !important;margin:0px 0px 0px 0px !important;padding:10px 30px 10px 30px;border-width:1px !important;border-style:none;border-radius:50px !important;}.advgbbtn-c620ef80-e7d1-4cff-9b0f-5bdda330612e:hover{background-color:#3598bd !important;box-shadow:1px 1px 12px 0px #ffffff;opacity:1;transition:all 0.2s ease;}.advgbbtn-c620ef80-e7d1-4cff-9b0f-5bdda330612e > i {display: none !important;}.advgbbtn-c620ef80-e7d1-4cff-9b0f-5bdda330612e{font-size:18px;color:#ffffff !important;background-color:#00afd7 !important;margin:0px 0px 0px 0px !important;padding:10px 30px 10px 30px;border-width:1px !important;border-style:none;border-radius:50px !important;}.advgbbtn-c620ef80-e7d1-4cff-9b0f-5bdda330612e:hover{background-color:#3598bd !important;box-shadow:1px 1px 12px 0px #ffffff;opacity:1;transition:all 0.2s ease;}.advgbbtn-c620ef80-e7d1-4cff-9b0f-5bdda330612e > i {display: none !important;}<\/style>","protected":false},"excerpt":{"rendered":"","protected":false},"author":26,"featured_media":0,"parent":11521,"menu_order":44,"comment_status":"closed","ping_status":"closed","template":"","meta":{"_acf_changed":false,"advgb_blocks_editor_width":"","advgb_blocks_columns_visual_guide":"","_daim_seo_power":"1000","_daim_enable_ail":"1","footnotes":""},"class_list":["post-20325","page","type-page","status-publish","hentry"],"acf":[],"aioseo_notices":[],"coauthors":[],"author_meta":{"author_link":"https:\/\/www.neva.eu\/fr\/author\/zidlikova\/","display_name":"So\u0148a \u017didl\u00edkov\u00e1"},"relative_dates":{"created":"Publi\u00e9 3 years il y a","modified":"Mis \u00e0 jour 3 years il y a"},"absolute_dates":{"created":"Publi\u00e9 le 22. 12. 2022","modified":"Mise \u00e0 jour le 3. 1. 2023"},"absolute_dates_time":{"created":"Publi\u00e9 le 22. 12. 2022 8:46","modified":"Mise \u00e0 jour le 3. 1. 2023 14:55"},"featured_img_caption":"","featured_img":false,"series_order":"","_links":{"self":[{"href":"https:\/\/www.neva.eu\/fr\/wp-json\/wp\/v2\/pages\/20325","targetHints":{"allow":["GET"]}}],"collection":[{"href":"https:\/\/www.neva.eu\/fr\/wp-json\/wp\/v2\/pages"}],"about":[{"href":"https:\/\/www.neva.eu\/fr\/wp-json\/wp\/v2\/types\/page"}],"author":[{"embeddable":true,"href":"https:\/\/www.neva.eu\/fr\/wp-json\/wp\/v2\/users\/26"}],"replies":[{"embeddable":true,"href":"https:\/\/www.neva.eu\/fr\/wp-json\/wp\/v2\/comments?post=20325"}],"version-history":[{"count":2,"href":"https:\/\/www.neva.eu\/fr\/wp-json\/wp\/v2\/pages\/20325\/revisions"}],"predecessor-version":[{"id":20427,"href":"https:\/\/www.neva.eu\/fr\/wp-json\/wp\/v2\/pages\/20325\/revisions\/20427"}],"up":[{"embeddable":true,"href":"https:\/\/www.neva.eu\/fr\/wp-json\/wp\/v2\/pages\/11521"}],"wp:attachment":[{"href":"https:\/\/www.neva.eu\/fr\/wp-json\/wp\/v2\/media?parent=20325"}],"curies":[{"name":"wp","href":"https:\/\/api.w.org\/{rel}","templated":true}]}}