{"id":20319,"date":"2022-12-22T08:46:44","date_gmt":"2022-12-22T07:46:44","guid":{"rendered":"https:\/\/www.neva.eu\/stores-toiles\/ombrage-dune-pergola\/"},"modified":"2023-01-03T08:28:46","modified_gmt":"2023-01-03T07:28:46","slug":"ombrage-dune-pergola","status":"publish","type":"page","link":"https:\/\/www.neva.eu\/fr\/stores-toiles\/ombrage-dune-pergola\/","title":{"rendered":"Ombrage d\u2019une pergola"},"content":{"rendered":"<div class=\"wp-bootstrap-blocks-container container mb-2\">\n\t\n\n<div style=\"height:50px\" aria-hidden=\"true\" class=\"wp-block-spacer\"><\/div>\n\n\n\n<h1 class=\"wp-block-heading\">Quelle est la meilleure fa\u00e7on d\u2019ombrager une pergola<\/h1>\n\n\n\n<p class=\"single__perex\">Une pergola bien ombrag\u00e9e vous garantira une zone de repos agr\u00e9able, bien \u00e0 l\u2019abri des regards. Les protections solaires vous prot\u00e8gent bien \u00e9videmment des rayons du soleil, mais aussi de la pluie ou encore du vent. Les solutions les plus appr\u00e9ci\u00e9es sont les <a href=\"https:\/\/www.neva.eu\/fr\/stores-toiles\/\">stores toiles ext\u00e9rieurs<\/a>, les stores-bannes, les brise-soleil mais aussi les plantes grimpantes comme le lierre ou la vigne-vierge.<\/p>\n\n\n\n<figure class=\"wp-block-image size-full\"><img loading=\"lazy\" decoding=\"async\" width=\"1920\" height=\"960\" src=\"https:\/\/www.neva.eu\/wp-content\/uploads\/neva-kompletni-pruvodce-udrzbou-screenovych-rolet-1.jpg\" alt=\"\" class=\"wp-image-14120\" srcset=\"https:\/\/www.neva.eu\/wp-content\/uploads\/neva-kompletni-pruvodce-udrzbou-screenovych-rolet-1.jpg 1920w, https:\/\/www.neva.eu\/wp-content\/uploads\/neva-kompletni-pruvodce-udrzbou-screenovych-rolet-1-1536x768.jpg 1536w, https:\/\/www.neva.eu\/wp-content\/uploads\/neva-kompletni-pruvodce-udrzbou-screenovych-rolet-1-1280x640.jpg 1280w, https:\/\/www.neva.eu\/wp-content\/uploads\/neva-kompletni-pruvodce-udrzbou-screenovych-rolet-1-940x470.jpg 940w, https:\/\/www.neva.eu\/wp-content\/uploads\/neva-kompletni-pruvodce-udrzbou-screenovych-rolet-1-758x379.jpg 758w, https:\/\/www.neva.eu\/wp-content\/uploads\/neva-kompletni-pruvodce-udrzbou-screenovych-rolet-1-425x213.jpg 425w\" sizes=\"auto, (max-width: 1920px) 100vw, 1920px\" \/><\/figure>\n\n\n\n<div style=\"height:50px\" aria-hidden=\"true\" class=\"wp-block-spacer\"><\/div>\n\n\n\n<h2 class=\"has-text-align-left wp-block-heading\">Types d\u2019ombrage des pergolas<\/h2>\n\n\n\n<div style=\"height:20px\" aria-hidden=\"true\" class=\"wp-block-spacer\"><\/div>\n\n\n<div class=\"wp-bootstrap-blocks-row row\">\n\t\n\n<div class=\"col-12 col-md-6\">\n\t\t\t\n\n<figure class=\"wp-block-image size-large\"><img loading=\"lazy\" decoding=\"async\" width=\"1024\" height=\"512\" src=\"https:\/\/www.neva.eu\/wp-content\/uploads\/NEVA-stineni-markyza-2-1024x512.jpg\" alt=\"\" class=\"wp-image-20104\" srcset=\"https:\/\/www.neva.eu\/wp-content\/uploads\/NEVA-stineni-markyza-2-1024x512.jpg 1024w, https:\/\/www.neva.eu\/wp-content\/uploads\/NEVA-stineni-markyza-2-300x150.jpg 300w, https:\/\/www.neva.eu\/wp-content\/uploads\/NEVA-stineni-markyza-2-768x384.jpg 768w, https:\/\/www.neva.eu\/wp-content\/uploads\/NEVA-stineni-markyza-2-1536x768.jpg 1536w, https:\/\/www.neva.eu\/wp-content\/uploads\/NEVA-stineni-markyza-2.jpg 1920w\" sizes=\"auto, (max-width: 1024px) 100vw, 1024px\" \/><\/figure>\n\n\t<\/div>\n\n\n\n<div class=\"col-12 col-md-6\">\n\t\t\t\n\n<h3 class=\"wp-block-heading\">Stores-bannes<\/h3>\n\n\n\n<p>Les stores-bannes sont probablement les syst\u00e8mes les plus simples pour les <strong>terrasses ext\u00e9rieures<\/strong>, les v\u00e9randas et les pergolas. Ils prot\u00e8gent contre les rayons du soleil et m\u00eame contre les <strong>petites pluies<\/strong>. Ils peuvent aussi \u00eatre install\u00e9s ult\u00e9rieurement, soit directement sur la construction de la pergola, soit <strong>au-dessus ou au-dessous du toit<\/strong>.<\/p>\n\n\t<\/div>\n\n<\/div>\n\n\n\n<div style=\"height:50px\" aria-hidden=\"true\" class=\"wp-block-spacer\"><\/div>\n\n\n<div class=\"wp-bootstrap-blocks-row row\">\n\t\n\n<div class=\"col-12 col-md-6\">\n\t\t\t\n\n<h3 class=\"wp-block-heading\">Voiles d\u2019ombrage<\/h3>\n\n\n\n<p>Ils se montent g\u00e9n\u00e9ralement <strong>juste au-dessous du toit inclin\u00e9 ou horizontal en verre d\u2019une pergola. <\/strong>Leur aspect rappelle celui d\u2019un store banne baldaquin, ils sont command\u00e9s par une manivelle, par un c\u00e2ble ou m\u00eame par <strong>un moteur \u00e9lectrique<\/strong>.<\/p>\n\n\t<\/div>\n\n\n\n<div class=\"col-12 col-md-6\">\n\t\t\t\n\n<figure class=\"wp-block-image size-large\"><img loading=\"lazy\" decoding=\"async\" width=\"1024\" height=\"512\" src=\"https:\/\/www.neva.eu\/wp-content\/uploads\/NEVA-stineni-baldachyny-1-1024x512.jpg\" alt=\"\" class=\"wp-image-20166\" srcset=\"https:\/\/www.neva.eu\/wp-content\/uploads\/NEVA-stineni-baldachyny-1-1024x512.jpg 1024w, https:\/\/www.neva.eu\/wp-content\/uploads\/NEVA-stineni-baldachyny-1-300x150.jpg 300w, https:\/\/www.neva.eu\/wp-content\/uploads\/NEVA-stineni-baldachyny-1-768x384.jpg 768w, https:\/\/www.neva.eu\/wp-content\/uploads\/NEVA-stineni-baldachyny-1-1536x768.jpg 1536w, https:\/\/www.neva.eu\/wp-content\/uploads\/NEVA-stineni-baldachyny-1.jpg 1920w\" sizes=\"auto, (max-width: 1024px) 100vw, 1024px\" \/><\/figure>\n\n\t<\/div>\n\n<\/div>\n\n\n\n<div style=\"height:50px\" aria-hidden=\"true\" class=\"wp-block-spacer\"><\/div>\n\n\n<div class=\"wp-bootstrap-blocks-row row\">\n\t\n\n<div class=\"col-12 col-md-6\">\n\t\t\t\n\n<figure class=\"wp-block-image size-large\"><img loading=\"lazy\" decoding=\"async\" width=\"1024\" height=\"512\" src=\"https:\/\/www.neva.eu\/wp-content\/uploads\/NEVA-jak-nejlepe-zastinit-pergolu-slunolamy-1024x512.jpg\" alt=\"\" class=\"wp-image-19738\" srcset=\"https:\/\/www.neva.eu\/wp-content\/uploads\/NEVA-jak-nejlepe-zastinit-pergolu-slunolamy-1024x512.jpg 1024w, https:\/\/www.neva.eu\/wp-content\/uploads\/NEVA-jak-nejlepe-zastinit-pergolu-slunolamy-300x150.jpg 300w, https:\/\/www.neva.eu\/wp-content\/uploads\/NEVA-jak-nejlepe-zastinit-pergolu-slunolamy-768x384.jpg 768w, https:\/\/www.neva.eu\/wp-content\/uploads\/NEVA-jak-nejlepe-zastinit-pergolu-slunolamy-1536x768.jpg 1536w, https:\/\/www.neva.eu\/wp-content\/uploads\/NEVA-jak-nejlepe-zastinit-pergolu-slunolamy.jpg 1920w\" sizes=\"auto, (max-width: 1024px) 100vw, 1024px\" \/><\/figure>\n\n\t<\/div>\n\n\n\n<div class=\"col-12 col-md-6\">\n\t\t\t\n\n<h3 class=\"wp-block-heading\">Brise-soleil<\/h3>\n\n\n\n<p>Les plantes grimpantes comptent sans aucun doute parmi les<strong> solutions les plus belles et les plus \u00e9cologiques<\/strong>. Utilisez par exemple du lierre, de la vigne ou de la vigne-vierge. Une paroi ou un toit verts sont la s\u00e9curit\u00e9 d\u2019un environnement beaucoup plus agr\u00e9able, mais <strong>ils demandent de l\u2019entretien<\/strong>\u00a0: vous devrez tailler les plantes, les arroser et ramasser les feuilles tomb\u00e9es \u00e0 l\u2019automne.<br\/><strong>Les arbres fleuries permettent \u00e9galement de rafra\u00eechir la temp\u00e9rature<\/strong> de votre terrasse, ils prot\u00e8gent aussi partiellement contre la pluie. Des arbustes sont quant \u00e0 eux id\u00e9aux pour vous prot\u00e9ger des regards indiscrets.<\/p>\n\n\t<\/div>\n\n<\/div>\n\n\n\n<div style=\"height:50px\" aria-hidden=\"true\" class=\"wp-block-spacer\"><\/div>\n\n\n<div class=\"wp-bootstrap-blocks-row row\">\n\t\n\n<div class=\"col-12 col-md-6\">\n\t\t\t\n\n<h3 class=\"wp-block-heading\">Ombrage naturel et orientation de votre pergola<\/h3>\n\n\n\n<p>Les plantes grimpantes sont certainement l\u2019une des plus belles fa\u00e7ons d\u2019ombrager votre pergola. Vous pouvez choisir de la <strong>vigne, de la vigne-vierge ou m\u00eame du lierre<\/strong>. La verdure permet de cr\u00e9er une atmosph\u00e8re agr\u00e9able et tr\u00e8s saine. Elle est pourtant <strong>beaucoup plus difficile d\u2019entretien<\/strong> car les plantes doivent \u00eatre taill\u00e9es, arros\u00e9es et les feuilles doivent \u00eatre ramass\u00e9es \u00e0 l\u2019automne.<\/p>\n\n\n\n<p>Si vous \u00eates dans la phase de projet et que vous r\u00e9fl\u00e9chissez \u00e0 l\u2019emplacement futur de votre pergola, profitez des <strong>arbres et des plantes <\/strong>d\u00e9j\u00e0 pr\u00e9sents dans votre jardin pour cr\u00e9er un ombrage naturel.\u00a0<\/p>\n\n\t<\/div>\n\n\n\n<div class=\"col-12 col-md-6\">\n\t\t\t\n\n<figure class=\"wp-block-image size-large\"><img loading=\"lazy\" decoding=\"async\" width=\"1024\" height=\"512\" src=\"https:\/\/www.neva.eu\/wp-content\/uploads\/NEVA-stineni-zelen-1024x512.jpg\" alt=\"\" class=\"wp-image-18899\" srcset=\"https:\/\/www.neva.eu\/wp-content\/uploads\/NEVA-stineni-zelen-1024x512.jpg 1024w, https:\/\/www.neva.eu\/wp-content\/uploads\/NEVA-stineni-zelen-300x150.jpg 300w, https:\/\/www.neva.eu\/wp-content\/uploads\/NEVA-stineni-zelen-768x384.jpg 768w, https:\/\/www.neva.eu\/wp-content\/uploads\/NEVA-stineni-zelen-1536x768.jpg 1536w, https:\/\/www.neva.eu\/wp-content\/uploads\/NEVA-stineni-zelen.jpg 1920w\" sizes=\"auto, (max-width: 1024px) 100vw, 1024px\" \/><\/figure>\n\n\t<\/div>\n\n<\/div>\n\n\n        <section id=\"component-a99e52b10a8c12737cdf8393bafe4684\" class=\"component component-advantages section c-top   icon-boxes-wrapper\">\n                  <section class=\"component component-section-header section-header\">\n              <div class=\"container-xl\">\n          <div class=\"row\">\n          <div class=\"col-12 col-lg-6\">\n                <h2 class=\"section-header__title\">Stores ext\u00e9rieurs pour pergola<\/h2>\n      <\/div>\n              <div class=\"col-12 col-md-6\">\n        <div class=\"section-header__perex\">\n          <p>Ils vous prot\u00e8gent des regards curieux et des rayons du soleil, mais aussi de la pluie et du vent. Les stores-toiles sont tr\u00e8s appr\u00e9ci\u00e9s mais vous pouvez \u00e9galement choisir des stores en aluminium ou bien dans des mat\u00e9riaux \u00e9cologiques comme le bambou ou le roseau.<\/p>\n\n        <\/div>\n      <\/div>\n      <\/div>\n          <\/div>\n      <\/section>\n              <div class=\"container-xl\">\n          <div class=\"row icon-boxes \">\n          <div class=\"col-md-6 col-xl-4\">\n                <section class=\"component component-icon-box icon-box\">\n              <div class=\"icon-box__icon\">\n            <picture class=\"d-inline-block w-100 h-100\">\n                      <source srcset=\"https:\/\/www.neva.eu\/wp-content\/cache\/image\/icon-detail-zatemeni-latkove-rolety-100x100-c-center.webp\" type=\"image\/webp\" width=\"100\" height=\"100\">\n            <source srcset=\"https:\/\/www.neva.eu\/wp-content\/cache\/image\/icon-detail-zatemeni-latkove-rolety-100x100-c-center.png\" type=\"image\/png\" width=\"100\" height=\"100\">\n                <img decoding=\"async\" src=\"https:\/\/www.neva.eu\/wp-content\/uploads\/icon-detail-zatemeni-latkove-rolety.png\" type=\"image\/png\" width=\"96\" height=\"96\" alt=\"\" loading=\"lazy\" class=\"img-fluid\">\n        <\/picture>\n\n  <\/div>\n  <div class=\"icon-box__inner\">\n    <h3 class=\"icon-box__title\">\n      Stores-toiles zip\n    <\/h3>\n    <div class=\"icon-box__text apply-formatting\">\n      <p>L\u2019avantage des stores toiles ext\u00e9rieurs est qu\u2019ils \u00e9vitent les regards curieux sans pour autant vous emp\u00eacher de regarder ce qui se passe \u00e0&nbsp;l\u2019ext\u00e9rieur (sauf bien s\u00fbr s\u2019il fait noir \u00e0&nbsp;l\u2019ext\u00e9rieur et que vous avez allum\u00e9 la lumi\u00e8re \u00e0&nbsp;l\u2019int\u00e9rieur). Ils isolent parfaitement du soleil et de la chaleur, ils cr\u00e9ent aussi un climat tr\u00e8s agr\u00e9able. Choisis comme zipscreen, ils seront aussi beaucoup plus r\u00e9sistants au vent que des stores \u00e0&nbsp;lamelles ext\u00e9rieurs.<\/p>\n\n    <\/div>\n      <\/div>\n      <\/section>\n      <\/div>\n          <div class=\"col-md-6 col-xl-4\">\n                <section class=\"component component-icon-box icon-box\">\n              <div class=\"icon-box__icon\">\n            <picture class=\"d-inline-block w-100 h-100\">\n                      <source srcset=\"https:\/\/www.neva.eu\/wp-content\/cache\/image\/icon-pergola-latkove-rolety-100x100-c-center.webp\" type=\"image\/webp\" width=\"100\" height=\"100\">\n            <source srcset=\"https:\/\/www.neva.eu\/wp-content\/cache\/image\/icon-pergola-latkove-rolety-100x100-c-center.png\" type=\"image\/png\" width=\"100\" height=\"100\">\n                <img decoding=\"async\" src=\"https:\/\/www.neva.eu\/wp-content\/uploads\/icon-pergola-latkove-rolety.png\" type=\"image\/png\" width=\"97\" height=\"97\" alt=\"\" loading=\"lazy\" class=\"img-fluid\">\n        <\/picture>\n\n  <\/div>\n  <div class=\"icon-box__inner\">\n    <h3 class=\"icon-box__title\">\n      Stores aluminium classiques\n    <\/h3>\n    <div class=\"icon-box__text apply-formatting\">\n      <p>Ils constituent une bonne isolation thermique et ils prot\u00e8gent de la lumi\u00e8re trop forte. Ils servent aussi de protection contre les voleurs \u00e0&nbsp;condition d\u2019\u00eatre descendus tous les soirs et d\u2019\u00eatre install\u00e9s sur tous les c\u00f4t\u00e9s de la pergola. Leur inconv\u00e9nient est qu\u2019ils ne vous permettent pas de voir \u00e0&nbsp;l\u2019ext\u00e9rieur et que l\u2019effet esth\u00e9tique n\u2019est pas des plus beaux sur une pergola en&nbsp;bois.<\/p>\n\n    <\/div>\n      <\/div>\n      <\/section>\n      <\/div>\n          <div class=\"col-md-6 col-xl-4\">\n                <section class=\"component component-icon-box icon-box\">\n              <div class=\"icon-box__icon\">\n            <picture class=\"d-inline-block w-100 h-100\">\n                      <source srcset=\"https:\/\/www.neva.eu\/wp-content\/cache\/image\/icon-detail-jsou-domykatelne-100x100-c-center.webp\" type=\"image\/webp\" width=\"100\" height=\"100\">\n            <source srcset=\"https:\/\/www.neva.eu\/wp-content\/cache\/image\/icon-detail-jsou-domykatelne-100x100-c-center.png\" type=\"image\/png\" width=\"100\" height=\"100\">\n                <img decoding=\"async\" src=\"https:\/\/www.neva.eu\/wp-content\/uploads\/icon-detail-jsou-domykatelne.png\" type=\"image\/png\" width=\"96\" height=\"97\" alt=\"\" loading=\"lazy\" class=\"img-fluid\">\n        <\/picture>\n\n  <\/div>\n  <div class=\"icon-box__inner\">\n    <h3 class=\"icon-box__title\">\n      Stores en bambou ou en roseau\n    <\/h3>\n    <div class=\"icon-box__text apply-formatting\">\n      <p>Les stores en mat\u00e9riaux naturels sont des solutions presque tout aussi \u00e9cologiques que l\u2019utilisation de plantes grimpantes. Les stores en bambou ou en roseau se marient aussi parfaitement avec des pergolas en&nbsp;bois.<\/p>\n\n    <\/div>\n      <\/div>\n      <\/section>\n      <\/div>\n      <\/div>\n            <\/div>\n      <\/section>\n\n\n        <section id=\"component-aea24200503fc559e6ad56985e9128df\" class=\"component component-advantages section c-top   icon-boxes-wrapper\">\n                  <section class=\"component component-section-header section-header\">\n              <div class=\"container-xl\">\n          <div class=\"row\">\n          <div class=\"col-12 col-lg-6\">\n                <h2 class=\"section-header__title mb-0\">3 fa\u00e7ons de monter des stores sur une pergola<\/h2>\n      <\/div>\n          <\/div>\n          <\/div>\n      <\/section>\n              <div class=\"container-xl\">\n          <div class=\"row icon-boxes \">\n          <div class=\"col-md-6 col-xl-4\">\n                <section class=\"component component-icon-box icon-box\">\n              <div class=\"icon-box__icon\">\n            <picture class=\"d-inline-block w-100 h-100\">\n                      <source srcset=\"https:\/\/www.neva.eu\/wp-content\/cache\/image\/icon-samonosne-systemy-snadna-montaz-100x100-c-center.webp\" type=\"image\/webp\" width=\"100\" height=\"100\">\n            <source srcset=\"https:\/\/www.neva.eu\/wp-content\/cache\/image\/icon-samonosne-systemy-snadna-montaz-100x100-c-center.png\" type=\"image\/png\" width=\"100\" height=\"100\">\n                <img decoding=\"async\" src=\"https:\/\/www.neva.eu\/wp-content\/uploads\/icon-samonosne-systemy-snadna-montaz.png\" type=\"image\/png\" width=\"97\" height=\"97\" alt=\"\" loading=\"lazy\" class=\"img-fluid\">\n        <\/picture>\n\n  <\/div>\n  <div class=\"icon-box__inner\">\n    <h3 class=\"icon-box__title\">\n      Installation directement sur la construction\n    <\/h3>\n    <div class=\"icon-box__text apply-formatting\">\n      <p>Dans ce cas, le caisson avec le store est directement install\u00e9 sur la construction de la pergola, ce qui le rend invisible. Le montage se fait pendant la construction de la pergola et c\u2019est donc la solution la plus co\u00fbteuse.<\/p>\n\n    <\/div>\n      <\/div>\n      <\/section>\n      <\/div>\n          <div class=\"col-md-6 col-xl-4\">\n                <section class=\"component component-icon-box icon-box\">\n              <div class=\"icon-box__icon\">\n            <picture class=\"d-inline-block w-100 h-100\">\n                      <source srcset=\"https:\/\/www.neva.eu\/wp-content\/cache\/image\/icon-samonosne-systemy-snadna-montaz-100x100-c-center.webp\" type=\"image\/webp\" width=\"100\" height=\"100\">\n            <source srcset=\"https:\/\/www.neva.eu\/wp-content\/cache\/image\/icon-samonosne-systemy-snadna-montaz-100x100-c-center.png\" type=\"image\/png\" width=\"100\" height=\"100\">\n                <img decoding=\"async\" src=\"https:\/\/www.neva.eu\/wp-content\/uploads\/icon-samonosne-systemy-snadna-montaz.png\" type=\"image\/png\" width=\"97\" height=\"97\" alt=\"\" loading=\"lazy\" class=\"img-fluid\">\n        <\/picture>\n\n  <\/div>\n  <div class=\"icon-box__inner\">\n    <h3 class=\"icon-box__title\">\n      Installation entre les poteaux de la pergola\n    <\/h3>\n    <div class=\"icon-box__text apply-formatting\">\n      <p>Le caisson du store se monte entre les poteaux de la pergola. C\u2019est une solution tr\u00e8s fr\u00e9quemment utilis\u00e9e lorsque le syst\u00e8me d\u2019ombrage est install\u00e9 sur une pergola d\u00e9j\u00e0 existante. Le caisson est alors visible et il r\u00e9duit un peu le clair de&nbsp;vue.<\/p>\n\n    <\/div>\n      <\/div>\n      <\/section>\n      <\/div>\n          <div class=\"col-md-6 col-xl-4\">\n                <section class=\"component component-icon-box icon-box\">\n              <div class=\"icon-box__icon\">\n            <picture class=\"d-inline-block w-100 h-100\">\n                      <source srcset=\"https:\/\/www.neva.eu\/wp-content\/cache\/image\/icon-samonosne-systemy-snadna-montaz-100x100-c-center.webp\" type=\"image\/webp\" width=\"100\" height=\"100\">\n            <source srcset=\"https:\/\/www.neva.eu\/wp-content\/cache\/image\/icon-samonosne-systemy-snadna-montaz-100x100-c-center.png\" type=\"image\/png\" width=\"100\" height=\"100\">\n                <img decoding=\"async\" src=\"https:\/\/www.neva.eu\/wp-content\/uploads\/icon-samonosne-systemy-snadna-montaz.png\" type=\"image\/png\" width=\"97\" height=\"97\" alt=\"\" loading=\"lazy\" class=\"img-fluid\">\n        <\/picture>\n\n  <\/div>\n  <div class=\"icon-box__inner\">\n    <h3 class=\"icon-box__title\">\n      Montage sur la fa\u00e7ade de la pergola\n    <\/h3>\n    <div class=\"icon-box__text apply-formatting\">\n      <p>Il s\u2019agit d\u2019une autre fa\u00e7on d\u2019installer un store sur une pergola d\u00e9j\u00e0 existante. Le caisson avec le store s\u2019installe en fa\u00e7ade de la construction, il est donc visible, mais il ne r\u00e9duit pas le clair de&nbsp;vue.<\/p>\n\n    <\/div>\n      <\/div>\n      <\/section>\n      <\/div>\n      <\/div>\n            <\/div>\n      <\/section>\n\n\n        <section id=\"component-105d9bd425c7ae25b01a64dff16f015f\" class=\"component component-store-locator section c-top store-locator-wrapper\">\n                  <section class=\"component component-section-header section-header\">\n              <div class=\"container-xl\">\n          <div class=\"row\">\n          <div class=\"col-12 col-lg-6\">\n                <h2 class=\"section-header__title mb-0\">Trouver le revendeur le plus proche<\/h2>\n      <\/div>\n          <\/div>\n          <\/div>\n      <\/section>\n              <div class=\"container-xl\">\n          <div class=\"store-locator\">\n    <form class=\"store-locator__inner\" action=\"https:\/\/www.neva.eu\/fr\/trouver-un-revendeur\/\">\n      <div class=\"store-locator__field\">\n        <label for=\"country\" class=\"store-locator__label\">Pays<\/label>\n        <div class=\"dropdown\">\n          <select id=\"country\" name=\"country\">\n                          <option value=\"DE\">Allemagne<\/option>\n                          <option value=\"AU\">Australie<\/option>\n                          <option value=\"AT\">Autriche<\/option>\n                          <option value=\"BE\">Belgique<\/option>\n                          <option value=\"BG\">Bulgarie<\/option>\n                          <option value=\"HR\">Croatie<\/option>\n                          <option value=\"DK\">Danemark<\/option>\n                          <option value=\"ES\">Espagne<\/option>\n                          <option value=\"FR\">France<\/option>\n                          <option value=\"GR\">Gr\u00e8ce<\/option>\n                          <option value=\"HU\">Hongrie<\/option>\n                          <option value=\"CY\">Chypre<\/option>\n                          <option value=\"IL\">Isra\u00ebl<\/option>\n                          <option value=\"IT\">Italie<\/option>\n                          <option value=\"JP\">Japon<\/option>\n                          <option value=\"LI\">Liechtenstein<\/option>\n                          <option value=\"LU\">Luxembourg<\/option>\n                          <option value=\"NO\">Norv\u00e8ge<\/option>\n                          <option value=\"NL\">Pays-Bas<\/option>\n                          <option value=\"PL\">Pologne<\/option>\n                          <option value=\"PT\">Portugal<\/option>\n                          <option value=\"CZ\">R\u00e9publique Tch\u00e8que<\/option>\n                          <option value=\"RO\">Roumanie<\/option>\n                          <option value=\"GB\">Royaume-Uni<\/option>\n                          <option value=\"SK\">Slovaquie<\/option>\n                          <option value=\"SI\">Slov\u00e9nie<\/option>\n                          <option value=\"SE\">Su\u00e8de<\/option>\n                          <option value=\"CH\">Suisse<\/option>\n                          <option value=\"VN\">Vietnam<\/option>\n                      <\/select>\n        <\/div>\n      <\/div>\n      <button class=\"button store-locator__button\">\n        Trouver un revendeur\n          <span class=\"svg-icon svg-icon--search\">\n    <svg><use xlink:href=\"https:\/\/www.neva.eu\/wp-content\/themes\/neva\/static\/images\/sprite.svg#search\"><\/use><\/svg>\n  <\/span>\n\n      <\/button>\n    <\/form>\n  <\/div>\n          <\/div>\n      <\/section>\n\n<\/div>\n","protected":false},"excerpt":{"rendered":"","protected":false},"author":26,"featured_media":0,"parent":11521,"menu_order":63,"comment_status":"closed","ping_status":"closed","template":"","meta":{"_acf_changed":false,"advgb_blocks_editor_width":"","advgb_blocks_columns_visual_guide":"","_daim_seo_power":"","_daim_enable_ail":"","footnotes":""},"class_list":["post-20319","page","type-page","status-publish","hentry"],"acf":[],"aioseo_notices":[],"coauthors":[],"author_meta":{"author_link":"https:\/\/www.neva.eu\/fr\/author\/zidlikova\/","display_name":"So\u0148a \u017didl\u00edkov\u00e1"},"relative_dates":{"created":"Publi\u00e9 3 years il y a","modified":"Mis \u00e0 jour 3 years il y a"},"absolute_dates":{"created":"Publi\u00e9 le 22. 12. 2022","modified":"Mise \u00e0 jour le 3. 1. 2023"},"absolute_dates_time":{"created":"Publi\u00e9 le 22. 12. 2022 8:46","modified":"Mise \u00e0 jour le 3. 1. 2023 8:28"},"featured_img_caption":"","featured_img":false,"series_order":"","_links":{"self":[{"href":"https:\/\/www.neva.eu\/fr\/wp-json\/wp\/v2\/pages\/20319","targetHints":{"allow":["GET"]}}],"collection":[{"href":"https:\/\/www.neva.eu\/fr\/wp-json\/wp\/v2\/pages"}],"about":[{"href":"https:\/\/www.neva.eu\/fr\/wp-json\/wp\/v2\/types\/page"}],"author":[{"embeddable":true,"href":"https:\/\/www.neva.eu\/fr\/wp-json\/wp\/v2\/users\/26"}],"replies":[{"embeddable":true,"href":"https:\/\/www.neva.eu\/fr\/wp-json\/wp\/v2\/comments?post=20319"}],"version-history":[{"count":1,"href":"https:\/\/www.neva.eu\/fr\/wp-json\/wp\/v2\/pages\/20319\/revisions"}],"predecessor-version":[{"id":20320,"href":"https:\/\/www.neva.eu\/fr\/wp-json\/wp\/v2\/pages\/20319\/revisions\/20320"}],"up":[{"embeddable":true,"href":"https:\/\/www.neva.eu\/fr\/wp-json\/wp\/v2\/pages\/11521"}],"wp:attachment":[{"href":"https:\/\/www.neva.eu\/fr\/wp-json\/wp\/v2\/media?parent=20319"}],"curies":[{"name":"wp","href":"https:\/\/api.w.org\/{rel}","templated":true}]}}