{"id":20307,"date":"2021-10-15T13:49:26","date_gmt":"2021-10-15T11:49:26","guid":{"rendered":"https:\/\/www.neva.eu\/notre-societe\/stores-de-fabrication-moderne\/"},"modified":"2025-07-14T13:34:14","modified_gmt":"2025-07-14T11:34:14","slug":"stores-de-fabrication-moderne","status":"publish","type":"page","link":"https:\/\/www.neva.eu\/fr\/notre-societe\/stores-de-fabrication-moderne\/","title":{"rendered":"Des stores de fabrication moderne"},"content":{"rendered":"        <section id=\"component-8ed7ed966aa99a992e89ad9fec815c36\" class=\"component component-page-header page-header\">\n                    <section class=\"component component-breadcrumb\">\n              <div class=\"container-xl\">\n          <nav aria-label=\"breadcrumb\">\n    <ol class=\"breadcrumb\" itemscope itemtype=\"http:\/\/schema.org\/BreadcrumbList\">\n                      <li class=\"breadcrumb-item\"itemprop=\"itemListElement\" itemscope itemtype=\"http:\/\/schema.org\/ListItem\">\n                      <a href=\"https:\/\/www.neva.eu\/fr\/\" class=\"breadcrumb-item-link\" itemscope itemtype=\"http:\/\/schema.org\/Thing\" itemprop=\"item\" id=\"breadcrumb-item-1\">\n              <span itemprop=\"name\">\n                Accueil\n              <\/span>\n            <\/a>\n            <meta itemprop=\"position\" content=\"1\" \/>\n                  <\/li>\n                      <li class=\"breadcrumb-item active\"itemprop=\"itemListElement\" itemscope itemtype=\"http:\/\/schema.org\/ListItem\" aria-current=\"page\">\n                      <span class=\"current\" itemscope itemtype=\"http:\/\/schema.org\/Thing\" itemprop=\"item\" id=\"breadcrumb-item-2\">\n              <span itemprop=\"name\">\n                Notre soci\u00e9t\u00e9\n              <\/span>\n            <\/span>\n            <meta itemprop=\"position\" content=\"2\" \/>\n                  <\/li>\n          <\/ol>\n  <\/nav>\n          <\/div>\n      <\/section>\n\n<div class=\"page-header__inner\">\n  <div class=\"container-xl\">\n          <h1 class=\"page-header__title\">Des stores de fabrication moderne<\/h1>\n              <\/div>\n<\/div>\n      <\/section>\n\n\n<div class=\"wp-bootstrap-blocks-container container mb-2\">\n\t\n\n<div class=\"wp-block-columns is-layout-flex wp-container-core-columns-is-layout-9d6595d7 wp-block-columns-is-layout-flex\">\n<div class=\"wp-block-column is-layout-flow wp-block-column-is-layout-flow\">\n<p class=\"has-text-align-left\">Notre processus de fabrication compte parmi les plus \u00e9volu\u00e9s d\u2019Europe centrale : nos mati\u00e8res premi\u00e8res viennent essentiellement de Suisse ou de France, nous disposons de 6 lignes automatis\u00e9es de laminage, nous imprimons nos prototypes de produits sur une imprimante 3D et nous contr\u00f4lons notamment la pr\u00e9cision des formes des t\u00f4les d\u2019habillage avec laser.<\/p>\n<\/div>\n\n\n\n<div class=\"wp-block-column is-layout-flow wp-block-column-is-layout-flow\">\n<p><\/p>\n<\/div>\n<\/div>\n\n\n        <section id=\"component-f27a96b9b632c72308e641cc4a5da6f1\" class=\"component component-gallery\">\n                        <div class=\"gallery-columns gallery-lightgallery-js pb-6 pb-md-8\">\n          <div class=\"gallery-item gallery-item-1\">\n                  <a href=\"https:\/\/www.neva.eu\/wp-content\/uploads\/NEVA-moderni-vyroba-web-1.jpg\" class=\"gallery-item-img js-lightbox\">\n                    <picture class=\"d-inline-block w-100 h-100 w-100 h-100\">\n                      <source srcset=\"https:\/\/www.neva.eu\/wp-content\/cache\/image\/NEVA-moderni-vyroba-web-1.webp\" type=\"image\/webp\">\n                <img decoding=\"async\" src=\"https:\/\/www.neva.eu\/wp-content\/uploads\/NEVA-moderni-vyroba-web-1.jpg\" type=\"image\/jpeg\" width=\"1920\" height=\"960\" alt=\"\" loading=\"lazy\" class=\"img-fluid\">\n        <\/picture>\n          <\/a>\n              <\/div>\n          <div class=\"gallery-item gallery-item-2\">\n                  <a href=\"https:\/\/www.neva.eu\/wp-content\/uploads\/NEVA-moderni-vyroba-web-3.jpg\" class=\"gallery-item-img js-lightbox\">\n                    <picture class=\"d-inline-block w-100 h-100 w-100 h-100\">\n                      <source srcset=\"https:\/\/www.neva.eu\/wp-content\/cache\/image\/NEVA-moderni-vyroba-web-3.webp\" type=\"image\/webp\">\n                <img decoding=\"async\" src=\"https:\/\/www.neva.eu\/wp-content\/uploads\/NEVA-moderni-vyroba-web-3.jpg\" type=\"image\/jpeg\" width=\"1920\" height=\"960\" alt=\"\" loading=\"lazy\" class=\"img-fluid\">\n        <\/picture>\n          <\/a>\n              <\/div>\n          <div class=\"gallery-item gallery-item-3\">\n                  <a href=\"https:\/\/www.neva.eu\/wp-content\/uploads\/NEVA-moderni-vyroba-web-2.jpg\" class=\"gallery-item-img js-lightbox\">\n                    <picture class=\"d-inline-block w-100 h-100 w-100 h-100\">\n                      <source srcset=\"https:\/\/www.neva.eu\/wp-content\/cache\/image\/NEVA-moderni-vyroba-web-2.webp\" type=\"image\/webp\">\n                <img decoding=\"async\" src=\"https:\/\/www.neva.eu\/wp-content\/uploads\/NEVA-moderni-vyroba-web-2.jpg\" type=\"image\/jpeg\" width=\"1920\" height=\"960\" alt=\"\" loading=\"lazy\" class=\"img-fluid\">\n        <\/picture>\n          <\/a>\n              <\/div>\n          <div class=\"gallery-item gallery-item-4\">\n                  <a href=\"https:\/\/www.neva.eu\/wp-content\/uploads\/NEVA-moderni-vyroba-web-4.jpg\" class=\"gallery-item-img js-lightbox\">\n                    <picture class=\"d-inline-block w-100 h-100 w-100 h-100\">\n                      <source srcset=\"https:\/\/www.neva.eu\/wp-content\/cache\/image\/NEVA-moderni-vyroba-web-4.webp\" type=\"image\/webp\">\n                <img decoding=\"async\" src=\"https:\/\/www.neva.eu\/wp-content\/uploads\/NEVA-moderni-vyroba-web-4.jpg\" type=\"image\/jpeg\" width=\"1920\" height=\"960\" alt=\"\" loading=\"lazy\" class=\"img-fluid\">\n        <\/picture>\n            <div class=\"item-length\">+1<\/div>\n          <\/a>\n              <\/div>\n          <div class=\"gallery-item gallery-item-5 d-none\">\n                  <a href=\"https:\/\/www.neva.eu\/wp-content\/uploads\/NEVA-moderni-vyroba-web-5.jpg\" class=\"gallery-item-img js-lightbox\">\n                    <picture class=\"d-inline-block w-100 h-100 w-100 h-100\">\n                      <source srcset=\"https:\/\/www.neva.eu\/wp-content\/cache\/image\/NEVA-moderni-vyroba-web-5.webp\" type=\"image\/webp\">\n                <img decoding=\"async\" src=\"https:\/\/www.neva.eu\/wp-content\/uploads\/NEVA-moderni-vyroba-web-5.jpg\" type=\"image\/jpeg\" width=\"1920\" height=\"960\" alt=\"\" loading=\"lazy\" class=\"img-fluid\">\n        <\/picture>\n          <\/a>\n              <\/div>\n      <\/div>\n      <\/section>\n\n\n        <section id=\"component-85feb5d9a262854792f4d89ec52f1014\" class=\"component component-advantages section c-top   icon-boxes-wrapper\">\n                  <section class=\"component component-section-header section-header\">\n              <div class=\"container-xl\">\n          <div class=\"row\">\n          <div class=\"col-12 col-lg-6\">\n                <h2 class=\"section-header__title\">Notre production s\u2019appuie sur une propret\u00e9 toujours parfaite<\/h2>\n      <\/div>\n              <div class=\"col-12 col-md-6\">\n        <div class=\"section-header__perex\">\n          <p>Nous nettoyons nos locaux de production plusieurs fois par jour et chacun de nos collaborateurs doit quotidiennement contr\u00f4ler son poste de travail avant de le quitter. Le propret\u00e9 de nos ateliers surprend d\u2019ailleurs tous ceux qui viennent visiter notre usine, notamment nos partenaires \u00e9trangers&nbsp;.<\/p>\n\n        <\/div>\n      <\/div>\n      <\/div>\n          <\/div>\n      <\/section>\n              <div class=\"container-xl\">\n          <div class=\"row icon-boxes \">\n          <div class=\"col-md-6 col-xl-4\">\n                <section class=\"component component-icon-box icon-box\">\n              <div class=\"icon-box__icon\">\n            <picture class=\"d-inline-block w-100 h-100\">\n                      <source srcset=\"https:\/\/www.neva.eu\/wp-content\/cache\/image\/icon-partner-prvotridni-vybaveni-100x100-c-center.webp\" type=\"image\/webp\" width=\"100\" height=\"100\">\n            <source srcset=\"https:\/\/www.neva.eu\/wp-content\/cache\/image\/icon-partner-prvotridni-vybaveni-100x100-c-center.png\" type=\"image\/png\" width=\"100\" height=\"100\">\n                <img decoding=\"async\" src=\"https:\/\/www.neva.eu\/wp-content\/uploads\/icon-partner-prvotridni-vybaveni.png\" type=\"image\/png\" width=\"96\" height=\"97\" alt=\"\" loading=\"lazy\" class=\"img-fluid\">\n        <\/picture>\n\n  <\/div>\n  <div class=\"icon-box__inner\">\n    <h3 class=\"icon-box__title\">\n      Un \u00e9quipement technologique de pointe\n    <\/h3>\n    <div class=\"icon-box__text apply-formatting\">\n      <p>Gr\u00e2ce \u00e0&nbsp;des machines de pointe, parmi lesquelles on retrouve des lignes de laminage extr\u00eamement r\u00e9centes fournies par la soci\u00e9t\u00e9 ZEBER, nous sommes en mesure de toujours r\u00e9pondre aux exigences toujours plus grandes de nos clients et des architectes du monde entier.<\/p>\n\n    <\/div>\n      <\/div>\n      <\/section>\n      <\/div>\n          <div class=\"col-md-6 col-xl-4\">\n                <section class=\"component component-icon-box icon-box\">\n              <div class=\"icon-box__icon\">\n            <picture class=\"d-inline-block w-100 h-100\">\n                      <source srcset=\"https:\/\/www.neva.eu\/wp-content\/cache\/image\/icon-partner-zaluzie-na-miru-100x100-c-center.webp\" type=\"image\/webp\" width=\"100\" height=\"100\">\n            <source srcset=\"https:\/\/www.neva.eu\/wp-content\/cache\/image\/icon-partner-zaluzie-na-miru-100x100-c-center.png\" type=\"image\/png\" width=\"100\" height=\"100\">\n                <img decoding=\"async\" src=\"https:\/\/www.neva.eu\/wp-content\/uploads\/icon-partner-zaluzie-na-miru.png\" type=\"image\/png\" width=\"96\" height=\"97\" alt=\"\" loading=\"lazy\" class=\"img-fluid\">\n        <\/picture>\n\n  <\/div>\n  <div class=\"icon-box__inner\">\n    <h3 class=\"icon-box__title\">\n      D\u00e9veloppement\n    <\/h3>\n    <div class=\"icon-box__text apply-formatting\">\n      <p>La cr\u00e9ation des prototypes de nos produits et la production des petits composants se fait avec une imprimante 3D. Nous avons aussi nous-m\u00eames d\u00e9velopp\u00e9 le caisson sous-enduit ISO-KASTL qui facilite le montage des stores sous-enduit.<\/p>\n\n    <\/div>\n      <\/div>\n      <\/section>\n      <\/div>\n          <div class=\"col-md-6 col-xl-4\">\n                <section class=\"component component-icon-box icon-box\">\n              <div class=\"icon-box__icon\">\n            <picture class=\"d-inline-block w-100 h-100\">\n                      <source srcset=\"https:\/\/www.neva.eu\/wp-content\/cache\/image\/icon-partner-mame-vlastni-lakovnu-100x100-c-center.webp\" type=\"image\/webp\" width=\"100\" height=\"100\">\n            <source srcset=\"https:\/\/www.neva.eu\/wp-content\/cache\/image\/icon-partner-mame-vlastni-lakovnu-100x100-c-center.png\" type=\"image\/png\" width=\"100\" height=\"100\">\n                <img decoding=\"async\" src=\"https:\/\/www.neva.eu\/wp-content\/uploads\/icon-partner-mame-vlastni-lakovnu.png\" type=\"image\/png\" width=\"96\" height=\"97\" alt=\"\" loading=\"lazy\" class=\"img-fluid\">\n        <\/picture>\n\n  <\/div>\n  <div class=\"icon-box__inner\">\n    <h3 class=\"icon-box__title\">\n      Atelier de peinture en interne\n    <\/h3>\n    <div class=\"icon-box__text apply-formatting\">\n      <p>Pour devenir ind\u00e9pendant, nous avons \u00e9galement construit notre propre atelier de peinture en 2014. Nous sommes ainsi en mesure de garantir la qualit\u00e9 de nos produits et les d\u00e9lais de fabrication avec un r\u00e9sultat toujours parfait.<\/p>\n\n    <\/div>\n      <\/div>\n      <\/section>\n      <\/div>\n      <\/div>\n            <\/div>\n      <\/section>\n\n\n\n<div class=\"wp-block-advgb-video advgb-video-block full-width advgb-video-lightbox\" data-video=\"https:\/\/www.youtube.com\/embed\/cyIlSHJqun8?rel=0&amp;wmode=transparent\" data-source=\"youtube\" data-video-attr=\"controls,playsinline\" data-video-preload=\"metadata\"><div class=\"advgb-video-wrapper full-width\" style=\"background-color:#EEEEEE\"><div class=\"advgb-video-poster\" style=\"background-image:url(https:\/\/www.neva.eu\/wp-content\/uploads\/NEVA-moderni-vyroba-video-nahled-1.jpg)\"><\/div><div class=\"advgb-button-wrapper\" style=\"height:450px\"><div class=\"advgb-play-button\" style=\"color:#fff\"><svg xmlns=\"http:\/\/www.w3.org\/2000\/svg\" width=\"80\" height=\"80\" viewBox=\"0 0 24 24\"><path d=\"M8 5v14l11-7z\"><\/path><path d=\"M0 0h24v24H0z\" fill=\"none\"><\/path><\/svg><\/div><\/div><\/div><\/div>\n\n\n\n<div style=\"height:100px\" aria-hidden=\"true\" class=\"wp-block-spacer\"><\/div>\n\n\n<div class=\"wp-bootstrap-blocks-row row g-0\">\n\t\n\n<div class=\"col-12 col-md-6\">\n\t\t\t\n\n<h3 class=\"wp-block-heading\">Automatisation<\/h3>\n\n\n\n<p>En 2019, nous avons acquis l\u2019une des lignes de laminage les plus modernes d\u2019Europe. Construite sur mesure et \u00e9quip\u00e9e d\u2019un m\u00e9canisme de rivetage quadruple rotatif, elle nous a permis d\u2019accro\u00eetre notre production de stores Z90 de presque un tiers. De plus, l\u2019ensemble de notre production s\u2019appuie sur un syst\u00e8me de gestion intelligent, les donn\u00e9es des commandes de nos clients sont directement envoy\u00e9es aux machines sans aucune transcription manuelle.<\/p>\n\n\t<\/div>\n\n\n\n<div class=\"col-12 col-md-6\">\n\t\t\t\n\n<figure class=\"wp-block-image size-full is-style-default\"><img decoding=\"async\" src=\"https:\/\/www.neva.eu\/wp-content\/uploads\/neva-1920x1280px.jpg\" alt=\"\" class=\"wp-image-14897\" width=\"NaN\" height=\"NaN\" srcset=\"https:\/\/www.neva.eu\/wp-content\/uploads\/neva-1920x1280px.jpg 1920w, https:\/\/www.neva.eu\/wp-content\/uploads\/neva-1920x1280px-1536x1024.jpg 1536w, https:\/\/www.neva.eu\/wp-content\/uploads\/neva-1920x1280px-1280x853.jpg 1280w, https:\/\/www.neva.eu\/wp-content\/uploads\/neva-1920x1280px-940x627.jpg 940w, https:\/\/www.neva.eu\/wp-content\/uploads\/neva-1920x1280px-758x505.jpg 758w, https:\/\/www.neva.eu\/wp-content\/uploads\/neva-1920x1280px-425x283.jpg 425w\" sizes=\"(max-width: 1920px) 100vw, 1920px\" \/><\/figure>\n\n\t<\/div>\n\n<\/div>\n\n\n\n<div style=\"height:75px\" aria-hidden=\"true\" class=\"wp-block-spacer\"><\/div>\n\n\n<div class=\"wp-bootstrap-blocks-row row\">\n\t\n\n<div class=\"col-12 col-md-6\">\n\t\t\t\n\n<figure class=\"wp-block-image size-full is-style-default\"><img decoding=\"async\" src=\"https:\/\/www.neva.eu\/wp-content\/uploads\/neva-1920x1280px-1.jpg\" alt=\"\" class=\"wp-image-14903\" width=\"NaN\" height=\"NaN\" srcset=\"https:\/\/www.neva.eu\/wp-content\/uploads\/neva-1920x1280px-1.jpg 1920w, https:\/\/www.neva.eu\/wp-content\/uploads\/neva-1920x1280px-1-1536x1024.jpg 1536w, https:\/\/www.neva.eu\/wp-content\/uploads\/neva-1920x1280px-1-1280x853.jpg 1280w, https:\/\/www.neva.eu\/wp-content\/uploads\/neva-1920x1280px-1-940x627.jpg 940w, https:\/\/www.neva.eu\/wp-content\/uploads\/neva-1920x1280px-1-758x505.jpg 758w, https:\/\/www.neva.eu\/wp-content\/uploads\/neva-1920x1280px-1-425x283.jpg 425w\" sizes=\"(max-width: 1920px) 100vw, 1920px\" \/><\/figure>\n\n\t<\/div>\n\n\n\n<div class=\"col-12 col-md-6\">\n\t\t\t\n\n<h3 class=\"wp-block-heading\">Un contr\u00f4le attentif<\/h3>\n\n\n\n<p>Les stores sont contr\u00f4l\u00e9s \u00e0 plusieurs reprises pendant leur fabrication. Nous surveillons l\u2019\u00e9paisseur de la peinture et sa brillance, mais aussi bien \u00e9videmment le bon fonctionnement de chaque \u00e9l\u00e9ment du store. Apr\u00e8s assemblage, chaque store fait l\u2019objet d\u2019un contr\u00f4le final et d\u2019un r\u00e9glage en usine pour pouvoir \u00eatre directement mont\u00e9 sur le chantier.<\/p>\n\n\t<\/div>\n\n<\/div>\n\n<\/div>\n\n\n        <section id=\"component-caf7e421f290c8a64ebf7d537cb6a47d\" class=\"component component-hero\">\n              <div class=\"h-100 hero__image\">\n            <picture class=\"d-inline-block w-100 h-100\">\n                      <source srcset=\"https:\/\/www.neva.eu\/wp-content\/cache\/image\/NEVA-moderni-vyroba-web-1-1920x680-c-center.webp\" type=\"image\/webp\" width=\"1920\" height=\"680\" media=\"(min-width: 1500px)\">\n            <source srcset=\"https:\/\/www.neva.eu\/wp-content\/cache\/image\/NEVA-moderni-vyroba-web-1-1920x680-c-center.jpg\" type=\"image\/jpeg\" width=\"1920\" height=\"680\" media=\"(min-width: 1500px)\">\n            <source srcset=\"https:\/\/www.neva.eu\/wp-content\/cache\/image\/NEVA-moderni-vyroba-web-1-1440x680-c-center.webp\" type=\"image\/webp\" width=\"1440\" height=\"680\" media=\"(min-width: 768px)\">\n            <source srcset=\"https:\/\/www.neva.eu\/wp-content\/cache\/image\/NEVA-moderni-vyroba-web-1-1440x680-c-center.jpg\" type=\"image\/jpeg\" width=\"1440\" height=\"680\" media=\"(min-width: 768px)\">\n            <source srcset=\"https:\/\/www.neva.eu\/wp-content\/cache\/image\/NEVA-moderni-vyroba-web-1-680x680-c-center.webp\" type=\"image\/webp\" width=\"680\" height=\"680\">\n            <source srcset=\"https:\/\/www.neva.eu\/wp-content\/cache\/image\/NEVA-moderni-vyroba-web-1-680x680-c-center.jpg\" type=\"image\/jpeg\" width=\"680\" height=\"680\">\n                <img decoding=\"async\" src=\"https:\/\/www.neva.eu\/wp-content\/uploads\/NEVA-moderni-vyroba-web-1.jpg\" type=\"image\/jpeg\" width=\"1920\" height=\"960\" alt=\"\" loading=\"lazy\" class=\"img-fluid\">\n        <\/picture>\n\n  <\/div>\n  <div class=\"d-flex align-items-end hero__inner\">\n    <div class=\"container-xl mb-4\">\n      <div class=\"caption-box has-link\">\n                  <p class=\"caption-box__subtitle\">\n            Rendez-nous visite\n          <\/p>\n                          <h2 class=\"caption-box__title\">\n            <a href=\"https:\/\/www.neva.eu\/fr\/visite-de-lusine\/\" target=\"\">\n              Vous aimeriez voir notre site de fabrication en personne&nbsp;?\n            <\/a>\n          <\/h2>\n                          <p class=\"caption-box__text\">Venez personnellement visiter nos locaux pour voir comment a&nbsp;lieu la fabrication de nos stores ext\u00e9rieurs sur nos \u00e9quipements de haute qualit\u00e9. \u00c9crivez-nous, nous nous mettrons d\u2019accord sur une date \u00e0&nbsp;laquelle nous nous ferons un plaisir de vous recevoir dans nos locaux.<\/p>\n                          <a href=\"https:\/\/www.neva.eu\/fr\/visite-de-lusine\/\" target=\"\" class=\"button caption-box__button\">\n            R\u00e9server une date\n          <\/a>\n              <\/div>\n    <\/div>\n  <\/div>\n      <\/section>\n","protected":false},"excerpt":{"rendered":"","protected":false},"author":4,"featured_media":14941,"parent":4721,"menu_order":79,"comment_status":"closed","ping_status":"closed","template":"","meta":{"_acf_changed":false,"advgb_blocks_editor_width":"","advgb_blocks_columns_visual_guide":"","_daim_seo_power":"1000","_daim_enable_ail":"1","footnotes":""},"class_list":["post-20307","page","type-page","status-publish","has-post-thumbnail","hentry"],"acf":[],"aioseo_notices":[],"coauthors":[],"author_meta":{"author_link":"https:\/\/www.neva.eu\/fr\/author\/matousek\/","display_name":"Miloslav Matou\u0161ek"},"relative_dates":{"created":"Publi\u00e9 5 years il y a","modified":"Mis \u00e0 jour 10 months il y a"},"absolute_dates":{"created":"Publi\u00e9 le 15. 10. 2021","modified":"Mise \u00e0 jour le 14. 7. 2025"},"absolute_dates_time":{"created":"Publi\u00e9 le 15. 10. 2021 13:49","modified":"Mise \u00e0 jour le 14. 7. 2025 13:34"},"featured_img_caption":"","featured_img":"https:\/\/www.neva.eu\/wp-content\/uploads\/img-6332-1.jpg","series_order":"","_links":{"self":[{"href":"https:\/\/www.neva.eu\/fr\/wp-json\/wp\/v2\/pages\/20307","targetHints":{"allow":["GET"]}}],"collection":[{"href":"https:\/\/www.neva.eu\/fr\/wp-json\/wp\/v2\/pages"}],"about":[{"href":"https:\/\/www.neva.eu\/fr\/wp-json\/wp\/v2\/types\/page"}],"author":[{"embeddable":true,"href":"https:\/\/www.neva.eu\/fr\/wp-json\/wp\/v2\/users\/4"}],"replies":[{"embeddable":true,"href":"https:\/\/www.neva.eu\/fr\/wp-json\/wp\/v2\/comments?post=20307"}],"version-history":[{"count":4,"href":"https:\/\/www.neva.eu\/fr\/wp-json\/wp\/v2\/pages\/20307\/revisions"}],"predecessor-version":[{"id":29175,"href":"https:\/\/www.neva.eu\/fr\/wp-json\/wp\/v2\/pages\/20307\/revisions\/29175"}],"up":[{"embeddable":true,"href":"https:\/\/www.neva.eu\/fr\/wp-json\/wp\/v2\/pages\/4721"}],"wp:featuredmedia":[{"embeddable":true,"href":"https:\/\/www.neva.eu\/fr\/wp-json\/wp\/v2\/media\/14941"}],"wp:attachment":[{"href":"https:\/\/www.neva.eu\/fr\/wp-json\/wp\/v2\/media?parent=20307"}],"curies":[{"name":"wp","href":"https:\/\/api.w.org\/{rel}","templated":true}]}}