{"id":11521,"date":"2020-12-08T17:53:29","date_gmt":"2020-12-08T16:53:29","guid":{"rendered":"https:\/\/www.neva.eu\/stores-toiles\/"},"modified":"2026-02-27T11:41:56","modified_gmt":"2026-02-27T10:41:56","slug":"stores-toiles","status":"publish","type":"page","link":"https:\/\/www.neva.eu\/fr\/stores-toiles\/","title":{"rendered":"Stores toiles"},"content":{"rendered":"        <section id=\"component-c53cffb2087aebac0f3ef0a04b0eb26e\" class=\"component component-page-header page-header\">\n                    <section class=\"component component-breadcrumb\">\n              <div class=\"container-xl\">\n          <nav aria-label=\"breadcrumb\">\n    <ol class=\"breadcrumb\" itemscope itemtype=\"http:\/\/schema.org\/BreadcrumbList\">\n                      <li class=\"breadcrumb-item active\"itemprop=\"itemListElement\" itemscope itemtype=\"http:\/\/schema.org\/ListItem\" aria-current=\"page\">\n                      <span class=\"current\" itemscope itemtype=\"http:\/\/schema.org\/Thing\" itemprop=\"item\" id=\"breadcrumb-item-1\">\n              <span itemprop=\"name\">\n                Accueil\n              <\/span>\n            <\/span>\n            <meta itemprop=\"position\" content=\"1\" \/>\n                  <\/li>\n          <\/ol>\n  <\/nav>\n          <\/div>\n      <\/section>\n\n<div class=\"page-header__inner\">\n  <div class=\"container-xl\">\n          <h1 class=\"page-header__title\">Stores toiles<\/h1>\n              <\/div>\n<\/div>\n      <\/section>\n\n\n        <section id=\"component-410c2edcea663cadaf5a3d65661339c5\" class=\"component component-tiles-masonry section tiles-wrapper pt-0\">\n                        <div class=\"container-xl\">\n        <div class=\"tiles tiles--alt-layout\">\n      <div class=\"tile\">\n      <a class=\"tile__wrapper\" href=\"https:\/\/www.neva.eu\/fr\/stores-toiles\/zipscreen\/\">\n        <div class=\"tile__img cover\">\n                  <picture class=\"d-inline-block w-100 h-100\">\n                      <source srcset=\"https:\/\/www.neva.eu\/wp-content\/cache\/image\/NEVA-zipscreen-banner-1-1920x1280-2.webp\" type=\"image\/webp\">\n                <img decoding=\"async\" src=\"https:\/\/www.neva.eu\/wp-content\/uploads\/NEVA-zipscreen-banner-1-1920x1280-2.jpg\" type=\"image\/jpeg\" width=\"1920\" height=\"1280\" alt=\"\" loading=\"lazy\" class=\"img-fluid\">\n        <\/picture>\n\n        <\/div>\n        <div class=\"tile__inner\">\n          <h3 class=\"tile__title\">\n            ZIPSCREEN\n          <\/h3>\n          <p class=\"tile__text\">\n            \n          <\/p>\n        <\/div>\n      <\/a>\n    <\/div>\n      <div class=\"tile\">\n      <a class=\"tile__wrapper\" href=\"https:\/\/www.neva.eu\/fr\/stores-toiles\/screen-cable\/\">\n        <div class=\"tile__img cover\">\n                  <picture class=\"d-inline-block w-100 h-100\">\n                      <source srcset=\"https:\/\/www.neva.eu\/wp-content\/cache\/image\/NEVA-wirescreen-banner-14-1920x1280-4.webp\" type=\"image\/webp\">\n                <img decoding=\"async\" src=\"https:\/\/www.neva.eu\/wp-content\/uploads\/NEVA-wirescreen-banner-14-1920x1280-4.jpg\" type=\"image\/jpeg\" width=\"1920\" height=\"1280\" alt=\"\" loading=\"lazy\" class=\"img-fluid\">\n        <\/picture>\n\n        <\/div>\n        <div class=\"tile__inner\">\n          <h3 class=\"tile__title\">\n            Screen c\u00e2bl\u00e9\n          <\/h3>\n          <p class=\"tile__text\">\n            \n          <\/p>\n        <\/div>\n      <\/a>\n    <\/div>\n      <div class=\"tile\">\n      <a class=\"tile__wrapper\" href=\"https:\/\/www.neva.eu\/fr\/stores-toiles\/zipscreen\/ombrage-solaire\/\">\n        <div class=\"tile__img cover\">\n                  <picture class=\"d-inline-block w-100 h-100\">\n                      <source srcset=\"https:\/\/www.neva.eu\/wp-content\/cache\/image\/NEVA-HP-Solar-03.webp\" type=\"image\/webp\">\n                <img decoding=\"async\" src=\"https:\/\/www.neva.eu\/wp-content\/uploads\/NEVA-HP-Solar-03.jpg\" type=\"image\/jpeg\" width=\"1920\" height=\"1280\" alt=\"\" loading=\"lazy\" class=\"img-fluid\">\n        <\/picture>\n\n        <\/div>\n        <div class=\"tile__inner\">\n          <h3 class=\"tile__title\">\n            Ombrage solaire\n          <\/h3>\n          <p class=\"tile__text\">\n            \n          <\/p>\n        <\/div>\n      <\/a>\n    <\/div>\n  <\/div>\n          <\/div>\n      <\/section>\n\n\n        <section id=\"component-6378ab377212f602057a9f99b0148a31\" class=\"component component-advantages section c-top has-border  icon-boxes-wrapper\">\n                  <section class=\"component component-section-header section-header\">\n              <div class=\"container-xl\">\n          <p class=\"section-header__subtitle\">POURQUOI CHOISIR UN STORE TOILE&nbsp;NEVA&nbsp;?<\/p>\n  <div class=\"row\">\n          <div class=\"col-12 col-lg-6\">\n                <h2 class=\"section-header__title\">Avantages des stores toiles NEVA<\/h2>\n      <\/div>\n              <div class=\"col-12 col-md-6\">\n        <div class=\"section-header__perex\">\n          <p>Les stores toiles NEVA proposent un tr\u00e8s haut niveau de protection thermique tout en garantissant un flux de lumi\u00e8re suffisant pour que vous puissiez b\u00e9n\u00e9ficier d\u2019une atmosph\u00e8re tout \u00e0&nbsp;fait naturelle lorsque vous \u00eates chez&nbsp;vous.<\/p>\n\n        <\/div>\n      <\/div>\n      <\/div>\n          <\/div>\n      <\/section>\n              <div class=\"container-xl\">\n          <div class=\"row icon-boxes \">\n          <div class=\"col-md-6 col-xl-4\">\n                <section class=\"component component-icon-box icon-box\">\n              <div class=\"icon-box__icon\">\n            <picture class=\"d-inline-block w-100 h-100\">\n                      <source srcset=\"https:\/\/www.neva.eu\/wp-content\/cache\/image\/icon-design-latkove-rolety-100x100-c-center.webp\" type=\"image\/webp\" width=\"100\" height=\"100\">\n            <source srcset=\"https:\/\/www.neva.eu\/wp-content\/cache\/image\/icon-design-latkove-rolety-100x100-c-center.png\" type=\"image\/png\" width=\"100\" height=\"100\">\n                <img decoding=\"async\" src=\"https:\/\/www.neva.eu\/wp-content\/uploads\/icon-design-latkove-rolety.png\" type=\"image\/png\" width=\"97\" height=\"97\" alt=\"\" loading=\"lazy\" class=\"img-fluid\">\n        <\/picture>\n\n  <\/div>\n  <div class=\"icon-box__inner\">\n    <h3 class=\"icon-box__title\">\n      \u00c9l\u00e9ment design\n    <\/h3>\n    <div class=\"icon-box__text apply-formatting\">\n      <p>Les meilleurs architectes envisagent l\u2019installation de stores toiles sur les b\u00e2timents d\u00e8s leur planification. Ces stores proposent en effet de larges possibilit\u00e9s d\u2019utilisation tout en \u00e9tant tr\u00e8s \u00e9l\u00e9gants.<\/p>\n\n    <\/div>\n          <a href=\"https:\/\/www.neva.eu\/fr\/conseils-et-manuels\/guide-complet-comment-choisir-un-store-toile-exterieur\/\" class=\"button button--transparent m-0 px-0 pb-0 pt-2\" target=\"\">Plus d&#8217;informations<\/a>\n      <\/div>\n      <\/section>\n      <\/div>\n          <div class=\"col-md-6 col-xl-4\">\n                <section class=\"component component-icon-box icon-box\">\n              <div class=\"icon-box__icon\">\n            <picture class=\"d-inline-block w-100 h-100\">\n                      <source srcset=\"https:\/\/www.neva.eu\/wp-content\/cache\/image\/icon-teplota-latkove-rolety-100x100-c-center.webp\" type=\"image\/webp\" width=\"100\" height=\"100\">\n            <source srcset=\"https:\/\/www.neva.eu\/wp-content\/cache\/image\/icon-teplota-latkove-rolety-100x100-c-center.png\" type=\"image\/png\" width=\"100\" height=\"100\">\n                <img decoding=\"async\" src=\"https:\/\/www.neva.eu\/wp-content\/uploads\/icon-teplota-latkove-rolety.png\" type=\"image\/png\" width=\"97\" height=\"97\" alt=\"\" loading=\"lazy\" class=\"img-fluid\">\n        <\/picture>\n\n  <\/div>\n  <div class=\"icon-box__inner\">\n    <h3 class=\"icon-box__title\">\n      R\u00e9gulation thermique\n    <\/h3>\n    <div class=\"icon-box__text apply-formatting\">\n      <p>\u00c0 la diff\u00e9rence des stores int\u00e9rieurs, les stores toiles ext\u00e9rieurs NEVA stoppent les rayons du soleil avant qu\u2019ils n\u2019aient eu le temps d\u2019entrer dans la pi\u00e8ce. Votre int\u00e9rieur \u00e9vite ainsi de se r\u00e9chauffer inutilement.<\/p>\n\n    <\/div>\n      <\/div>\n      <\/section>\n      <\/div>\n          <div class=\"col-md-6 col-xl-4\">\n                <section class=\"component component-icon-box icon-box\">\n              <div class=\"icon-box__icon\">\n            <picture class=\"d-inline-block w-100 h-100\">\n                      <source srcset=\"https:\/\/www.neva.eu\/wp-content\/cache\/image\/icon-zaluzie-mnozstvi-svetla-100x100-c-center.webp\" type=\"image\/webp\" width=\"100\" height=\"100\">\n            <source srcset=\"https:\/\/www.neva.eu\/wp-content\/cache\/image\/icon-zaluzie-mnozstvi-svetla-100x100-c-center.png\" type=\"image\/png\" width=\"100\" height=\"100\">\n                <img decoding=\"async\" src=\"https:\/\/www.neva.eu\/wp-content\/uploads\/icon-zaluzie-mnozstvi-svetla.png\" type=\"image\/png\" width=\"96\" height=\"96\" alt=\"\" loading=\"lazy\" class=\"img-fluid\">\n        <\/picture>\n\n  <\/div>\n  <div class=\"icon-box__inner\">\n    <h3 class=\"icon-box__title\">\n      D\u2019entra\u00eenement solaire\n    <\/h3>\n    <div class=\"icon-box__text apply-formatting\">\n      <p>Les stores toiles ext\u00e9rieurs aliment\u00e9s par l\u2018\u00e9nergie solaire constituent une solution d\u2019ombrage moderne alliant confort, durabilit\u00e9 et maturit\u00e9 technique.<\/p>\n\n    <\/div>\n          <a href=\"https:\/\/www.neva.eu\/fr\/conseils-et-manuels\/moteurs-gaposa-le-coeur-des-stores-toiles-neva\/\" class=\"button button--transparent m-0 px-0 pb-0 pt-2\" target=\"\">Plus d&#8217;informations<\/a>\n      <\/div>\n      <\/section>\n      <\/div>\n          <div class=\"col-md-6 col-xl-4\">\n                <section class=\"component component-icon-box icon-box\">\n              <div class=\"icon-box__icon\">\n            <picture class=\"d-inline-block w-100 h-100\">\n                      <source srcset=\"https:\/\/www.neva.eu\/wp-content\/cache\/image\/icon-detail-atmosfera-latkove-rolety-100x100-c-center.webp\" type=\"image\/webp\" width=\"100\" height=\"100\">\n            <source srcset=\"https:\/\/www.neva.eu\/wp-content\/cache\/image\/icon-detail-atmosfera-latkove-rolety-100x100-c-center.png\" type=\"image\/png\" width=\"100\" height=\"100\">\n                <img decoding=\"async\" src=\"https:\/\/www.neva.eu\/wp-content\/uploads\/icon-detail-atmosfera-latkove-rolety.png\" type=\"image\/png\" width=\"97\" height=\"97\" alt=\"\" loading=\"lazy\" class=\"img-fluid\">\n        <\/picture>\n\n  <\/div>\n  <div class=\"icon-box__inner\">\n    <h3 class=\"icon-box__title\">\n      Cr\u00e9e une atmosph\u00e8re agr\u00e9able\n    <\/h3>\n    <div class=\"icon-box__text apply-formatting\">\n      <p>Quel que soit le type de tissu que vous choisissiez pour votre store toile, vous cr\u00e9erez toujours un environnement agr\u00e9able sans pourtant totalement couper le contact avec l\u2019ext\u00e9rieur.<\/p>\n\n    <\/div>\n          <a href=\"https:\/\/www.neva.eu\/fr\/stores-toiles\/ombrager-une-terrasse\/\" class=\"button button--transparent m-0 px-0 pb-0 pt-2\" target=\"\">Ombrage du terrasse<\/a>\n      <\/div>\n      <\/section>\n      <\/div>\n          <div class=\"col-md-6 col-xl-4\">\n                <section class=\"component component-icon-box icon-box\">\n              <div class=\"icon-box__icon\">\n            <picture class=\"d-inline-block w-100 h-100\">\n                      <source srcset=\"https:\/\/www.neva.eu\/wp-content\/cache\/image\/icon-pergola-latkove-rolety-100x100-c-center.webp\" type=\"image\/webp\" width=\"100\" height=\"100\">\n            <source srcset=\"https:\/\/www.neva.eu\/wp-content\/cache\/image\/icon-pergola-latkove-rolety-100x100-c-center.png\" type=\"image\/png\" width=\"100\" height=\"100\">\n                <img decoding=\"async\" src=\"https:\/\/www.neva.eu\/wp-content\/uploads\/icon-pergola-latkove-rolety.png\" type=\"image\/png\" width=\"97\" height=\"97\" alt=\"\" loading=\"lazy\" class=\"img-fluid\">\n        <\/picture>\n\n  <\/div>\n  <div class=\"icon-box__inner\">\n    <h3 class=\"icon-box__title\">\n      Parfait pour les pergolas\n    <\/h3>\n    <div class=\"icon-box__text apply-formatting\">\n      <p>Les stores toiles et notamment les zipscreens sont une solution parfaite pour ombrer vos pergolas. Un tel store est tr\u00e8s facile d\u2019installation, aussi bien sur une pergola classique en bois que sur une pergola en aluminium.<\/p>\n\n    <\/div>\n          <a href=\"https:\/\/www.neva.eu\/fr\/stores-toiles\/ombrage-dune-pergola\/\" class=\"button button--transparent m-0 px-0 pb-0 pt-2\" target=\"\">Ombrage de pergola<\/a>\n      <\/div>\n      <\/section>\n      <\/div>\n          <div class=\"col-md-6 col-xl-4\">\n                <section class=\"component component-icon-box icon-box\">\n              <div class=\"icon-box__icon\">\n            <picture class=\"d-inline-block w-100 h-100\">\n                      <source srcset=\"https:\/\/www.neva.eu\/wp-content\/cache\/image\/icon-odolnost-latkove-rolety-100x100-c-center.webp\" type=\"image\/webp\" width=\"100\" height=\"100\">\n            <source srcset=\"https:\/\/www.neva.eu\/wp-content\/cache\/image\/icon-odolnost-latkove-rolety-100x100-c-center.png\" type=\"image\/png\" width=\"100\" height=\"100\">\n                <img decoding=\"async\" src=\"https:\/\/www.neva.eu\/wp-content\/uploads\/icon-odolnost-latkove-rolety.png\" type=\"image\/png\" width=\"97\" height=\"97\" alt=\"\" loading=\"lazy\" class=\"img-fluid\">\n        <\/picture>\n\n  <\/div>\n  <div class=\"icon-box__inner\">\n    <h3 class=\"icon-box__title\">\n      Tr\u00e8s r\u00e9sistant\n    <\/h3>\n    <div class=\"icon-box__text apply-formatting\">\n      <p>Gr\u00e2ce \u00e0&nbsp;leur excellent syst\u00e8me de fixation et \u00e0&nbsp;leur conception de qualit\u00e9, les stores-toiles NEVA r\u00e9sistent \u00e0&nbsp;des vents allant au-del\u00e0 de 80km\/\u200bh. Et ils restent toujours parfaitement silencieux, m\u00eame en cas de vents&nbsp;forts.<\/p>\n\n    <\/div>\n          <a href=\"https:\/\/www.neva.eu\/fr\/conseils-et-manuels\/resistance-des-stores-screen-comment-reagissent-ils-au-vent-violent-ou-aux-rayons-uv\/\" class=\"button button--transparent m-0 px-0 pb-0 pt-2\" target=\"\">Plus sur la r\u00e9sistance<\/a>\n      <\/div>\n      <\/section>\n      <\/div>\n      <\/div>\n            <\/div>\n      <\/section>\n\n\n        <section id=\"component-4f97940908e52b1cc866e000fa11f836\" class=\"component component-store-locator section c-top store-locator-wrapper\">\n                  <section class=\"component component-section-header section-header\">\n              <div class=\"container-xl\">\n          <div class=\"row\">\n          <div class=\"col-12 col-lg-6\">\n                <h2 class=\"section-header__title mb-0\">Trouver le revendeur le plus proche<\/h2>\n      <\/div>\n          <\/div>\n          <\/div>\n      <\/section>\n              <div class=\"container-xl\">\n          <div class=\"store-locator\">\n    <form class=\"store-locator__inner\" action=\"https:\/\/www.neva.eu\/fr\/trouver-un-revendeur\/\">\n      <div class=\"store-locator__field\">\n        <label for=\"country\" class=\"store-locator__label\">Pays<\/label>\n        <div class=\"dropdown\">\n          <select id=\"country\" name=\"country\">\n                          <option value=\"DE\">Allemagne<\/option>\n                          <option value=\"AU\">Australie<\/option>\n                          <option value=\"AT\">Autriche<\/option>\n                          <option value=\"BE\">Belgique<\/option>\n                          <option value=\"BG\">Bulgarie<\/option>\n                          <option value=\"HR\">Croatie<\/option>\n                          <option value=\"DK\">Danemark<\/option>\n                          <option value=\"ES\">Espagne<\/option>\n                          <option value=\"FR\">France<\/option>\n                          <option value=\"GR\">Gr\u00e8ce<\/option>\n                          <option value=\"HU\">Hongrie<\/option>\n                          <option value=\"CY\">Chypre<\/option>\n                          <option value=\"IL\">Isra\u00ebl<\/option>\n                          <option value=\"IT\">Italie<\/option>\n                          <option value=\"JP\">Japon<\/option>\n                          <option value=\"LI\">Liechtenstein<\/option>\n                          <option value=\"LU\">Luxembourg<\/option>\n                          <option value=\"NO\">Norv\u00e8ge<\/option>\n                          <option value=\"NL\">Pays-Bas<\/option>\n                          <option value=\"PL\">Pologne<\/option>\n                          <option value=\"PT\">Portugal<\/option>\n                          <option value=\"CZ\">R\u00e9publique Tch\u00e8que<\/option>\n                          <option value=\"RO\">Roumanie<\/option>\n                          <option value=\"GB\">Royaume-Uni<\/option>\n                          <option value=\"SK\">Slovaquie<\/option>\n                          <option value=\"SI\">Slov\u00e9nie<\/option>\n                          <option value=\"SE\">Su\u00e8de<\/option>\n                          <option value=\"CH\">Suisse<\/option>\n                          <option value=\"VN\">Vietnam<\/option>\n                      <\/select>\n        <\/div>\n      <\/div>\n      <button class=\"button store-locator__button\">\n        Trouver un revendeur\n          <span class=\"svg-icon svg-icon--search\">\n    <svg><use xlink:href=\"https:\/\/www.neva.eu\/wp-content\/themes\/neva\/static\/images\/sprite.svg#search\"><\/use><\/svg>\n  <\/span>\n\n      <\/button>\n    <\/form>\n  <\/div>\n          <\/div>\n      <\/section>\n","protected":false},"excerpt":{"rendered":"","protected":false},"author":4,"featured_media":0,"parent":0,"menu_order":36,"comment_status":"closed","ping_status":"closed","template":"","meta":{"_acf_changed":false,"advgb_blocks_editor_width":"","advgb_blocks_columns_visual_guide":"","_daim_seo_power":"1000","_daim_enable_ail":"1","footnotes":""},"class_list":["post-11521","page","type-page","status-publish","hentry"],"acf":[],"aioseo_notices":[],"coauthors":[],"author_meta":{"author_link":"https:\/\/www.neva.eu\/fr\/author\/matousek\/","display_name":"Miloslav Matou\u0161ek"},"relative_dates":{"created":"Publi\u00e9 5 years il y a","modified":"Mis \u00e0 jour 2 months il y a"},"absolute_dates":{"created":"Publi\u00e9 le 8. 12. 2020","modified":"Mise \u00e0 jour le 27. 2. 2026"},"absolute_dates_time":{"created":"Publi\u00e9 le 8. 12. 2020 17:53","modified":"Mise \u00e0 jour le 27. 2. 2026 11:41"},"featured_img_caption":"","featured_img":false,"series_order":"","_links":{"self":[{"href":"https:\/\/www.neva.eu\/fr\/wp-json\/wp\/v2\/pages\/11521","targetHints":{"allow":["GET"]}}],"collection":[{"href":"https:\/\/www.neva.eu\/fr\/wp-json\/wp\/v2\/pages"}],"about":[{"href":"https:\/\/www.neva.eu\/fr\/wp-json\/wp\/v2\/types\/page"}],"author":[{"embeddable":true,"href":"https:\/\/www.neva.eu\/fr\/wp-json\/wp\/v2\/users\/4"}],"replies":[{"embeddable":true,"href":"https:\/\/www.neva.eu\/fr\/wp-json\/wp\/v2\/comments?post=11521"}],"version-history":[{"count":5,"href":"https:\/\/www.neva.eu\/fr\/wp-json\/wp\/v2\/pages\/11521\/revisions"}],"predecessor-version":[{"id":31369,"href":"https:\/\/www.neva.eu\/fr\/wp-json\/wp\/v2\/pages\/11521\/revisions\/31369"}],"wp:attachment":[{"href":"https:\/\/www.neva.eu\/fr\/wp-json\/wp\/v2\/media?parent=11521"}],"curies":[{"name":"wp","href":"https:\/\/api.w.org\/{rel}","templated":true}]}}