{"id":3964,"date":"2019-03-08T12:47:04","date_gmt":"2019-03-08T11:47:04","guid":{"rendered":"https:\/\/www.neva.eu\/references\/"},"modified":"2022-04-06T21:44:48","modified_gmt":"2022-04-06T19:44:48","slug":"references","status":"publish","type":"page","link":"https:\/\/www.neva.eu\/en\/references\/","title":{"rendered":"References"},"content":{"rendered":"        <section id=\"component-624c1bb099473\" class=\"component component-testimonial-list section testimonial-wrapper\">\n                  <section class=\"component component-section-header section-header primary\">\n              <div class=\"container-xl\">\n          <div class=\"row\">\n          <div class=\"col-12 col-lg-6\">\n                <h2 class=\"section-header__title mb-0\">What Our Partners Say<\/h2>\n      <\/div>\n          <\/div>\n          <\/div>\n      <\/section>\n              <div class=\"container-xl\">\n              <div class=\"row large-gutters add-borders testimonials\">\n              <div class=\"col-12 col-sm-6 col-lg-4 \">\n                  <blockquote class=\"component component-testimonial-teaser\">\n              <div class=\"testimonial__text\">\n    <p>We have been cooperating with \u017daluzie NEVA for many years now. We are fully satisfied with their customer care, the traders always provide us with detailed information based on their own capabilities and experience. For us, NEVA means quality and reliability.<\/p>\n  <\/div>\n<div class=\"testimonial__footer\">\n      <div class=\"testimonial__img\">\n              <picture class=\"d-inline-block w-100 h-100\">\n                      <source srcset=\"https:\/\/www.neva.eu\/wp-content\/cache\/image\/neva-reference-partneri-4-150x150-c-center.webp\" type=\"image\/webp\" width=\"150\" height=\"150\">\n            <source srcset=\"https:\/\/www.neva.eu\/wp-content\/cache\/image\/neva-reference-partneri-4-150x150-c-center.jpg\" type=\"image\/jpeg\" width=\"150\" height=\"150\">\n                <img decoding=\"async\" src=\"https:\/\/www.neva.eu\/wp-content\/uploads\/neva-reference-partneri-4.jpg\" type=\"image\/jpeg\" width=\"300\" height=\"300\" alt=\"\" loading=\"lazy\" class=\"img-fluid\">\n        <\/picture>\n\n    <\/div>\n    <div class=\"testimonial__author\">\n          <strong class=\"testimonial__title\">Willy Portmann<\/strong>\n              <span class=\"testimonial__subtitle\">Consulting and sales, 1A Storenbau GmbH<\/span>\n      <\/div>\n<\/div>\n      <\/blockquote>\n        <\/div>\n              <div class=\"col-12 col-sm-6 col-lg-4 \">\n                  <blockquote class=\"component component-testimonial-teaser\">\n              <div class=\"testimonial__text\">\n    <p>In my cooperation with NEVA s.r.o., I&nbsp;most appreciate the personal approach. There is no problem that cannot be solved and they never ignore my pleas. A&nbsp;good partner will support you when everything is going well, but an excellent partner will support you even when things are not&nbsp;good.<\/p>\n  <\/div>\n<div class=\"testimonial__footer\">\n      <div class=\"testimonial__img\">\n              <picture class=\"d-inline-block w-100 h-100\">\n                      <source srcset=\"https:\/\/www.neva.eu\/wp-content\/cache\/image\/neva-reference-partneri-2-1-150x150-c-center.webp\" type=\"image\/webp\" width=\"150\" height=\"150\">\n            <source srcset=\"https:\/\/www.neva.eu\/wp-content\/cache\/image\/neva-reference-partneri-2-1-150x150-c-center.jpg\" type=\"image\/jpeg\" width=\"150\" height=\"150\">\n                <img decoding=\"async\" src=\"https:\/\/www.neva.eu\/wp-content\/uploads\/neva-reference-partneri-2-1.jpg\" type=\"image\/jpeg\" width=\"742\" height=\"742\" alt=\"\" loading=\"lazy\" class=\"img-fluid\">\n        <\/picture>\n\n    <\/div>\n    <div class=\"testimonial__author\">\n          <strong class=\"testimonial__title\">Jan Musil<\/strong>\n              <span class=\"testimonial__subtitle\">Executive Officer, MANS\u2009\u2014\u2009st\u00edn\u00edc\u00ed technika<\/span>\n      <\/div>\n<\/div>\n      <\/blockquote>\n        <\/div>\n              <div class=\"col-12 col-sm-6 col-lg-4 hide-md\">\n                  <blockquote class=\"component component-testimonial-teaser\">\n              <div class=\"testimonial__text\">\n    <p>For us, \u017daluzie NEVA is more like family than a&nbsp;business partner. I&nbsp;am always glad when I&nbsp;contact the sales department and we have an opportunity to cooperate on an interesting order. They are a&nbsp;strong partner for me, with whom I&nbsp;like working on the road to success.<\/p>\n  <\/div>\n<div class=\"testimonial__footer\">\n      <div class=\"testimonial__img\">\n              <picture class=\"d-inline-block w-100 h-100\">\n                      <source srcset=\"https:\/\/www.neva.eu\/wp-content\/cache\/image\/neva-reference-partneri-1-1-150x150-c-center.webp\" type=\"image\/webp\" width=\"150\" height=\"150\">\n            <source srcset=\"https:\/\/www.neva.eu\/wp-content\/cache\/image\/neva-reference-partneri-1-1-150x150-c-center.jpg\" type=\"image\/jpeg\" width=\"150\" height=\"150\">\n                <img decoding=\"async\" src=\"https:\/\/www.neva.eu\/wp-content\/uploads\/neva-reference-partneri-1-1.jpg\" type=\"image\/jpeg\" width=\"182\" height=\"182\" alt=\"\" loading=\"lazy\" class=\"img-fluid\">\n        <\/picture>\n\n    <\/div>\n    <div class=\"testimonial__author\">\n          <strong class=\"testimonial__title\">Alfons Feifel<\/strong>\n              <span class=\"testimonial__subtitle\">Director, M\u00e4ule&nbsp;GmbH<\/span>\n      <\/div>\n<\/div>\n      <\/blockquote>\n        <\/div>\n          <\/div>\n            <\/div>\n      <\/section>\n","protected":false},"excerpt":{"rendered":"","protected":false},"author":1,"featured_media":0,"parent":0,"menu_order":87,"comment_status":"closed","ping_status":"closed","template":"project-archive.php","meta":{"_acf_changed":false,"advgb_blocks_editor_width":"","advgb_blocks_columns_visual_guide":"","_daim_seo_power":"","_daim_enable_ail":"","footnotes":""},"class_list":["post-3964","page","type-page","status-publish","hentry"],"acf":[],"aioseo_notices":[],"coauthors":[],"author_meta":{"author_link":"https:\/\/www.neva.eu\/en\/author\/herman\/","display_name":"herman"},"relative_dates":{"created":"Posted 7 years ago","modified":"Updated 4 years ago"},"absolute_dates":{"created":"Posted on 8. 3. 2019","modified":"Updated on 6. 4. 2022"},"absolute_dates_time":{"created":"Posted on 8. 3. 2019 12:47","modified":"Updated on 6. 4. 2022 21:44"},"featured_img_caption":"","featured_img":false,"series_order":"","_links":{"self":[{"href":"https:\/\/www.neva.eu\/en\/wp-json\/wp\/v2\/pages\/3964","targetHints":{"allow":["GET"]}}],"collection":[{"href":"https:\/\/www.neva.eu\/en\/wp-json\/wp\/v2\/pages"}],"about":[{"href":"https:\/\/www.neva.eu\/en\/wp-json\/wp\/v2\/types\/page"}],"author":[{"embeddable":true,"href":"https:\/\/www.neva.eu\/en\/wp-json\/wp\/v2\/users\/1"}],"replies":[{"embeddable":true,"href":"https:\/\/www.neva.eu\/en\/wp-json\/wp\/v2\/comments?post=3964"}],"version-history":[{"count":0,"href":"https:\/\/www.neva.eu\/en\/wp-json\/wp\/v2\/pages\/3964\/revisions"}],"wp:attachment":[{"href":"https:\/\/www.neva.eu\/en\/wp-json\/wp\/v2\/media?parent=3964"}],"curies":[{"name":"wp","href":"https:\/\/api.w.org\/{rel}","templated":true}]}}