{"id":30428,"date":"2026-01-08T09:18:29","date_gmt":"2026-01-08T08:18:29","guid":{"rendered":"https:\/\/www.neva.eu\/textile-screens\/wire-screen\/"},"modified":"2026-01-20T14:07:19","modified_gmt":"2026-01-20T13:07:19","slug":"wire-screen","status":"publish","type":"page","link":"https:\/\/www.neva.eu\/en\/textile-screens\/wire-screen\/","title":{"rendered":"Wire Screen"},"content":{"rendered":"        <section id=\"component-bbdd53439c1a25b2821609366482877b\" class=\"component component-page-header page-header\">\n                    <section class=\"component component-breadcrumb\">\n              <div class=\"container-xl\">\n          <nav aria-label=\"breadcrumb\">\n    <ol class=\"breadcrumb\" itemscope itemtype=\"http:\/\/schema.org\/BreadcrumbList\">\n                      <li class=\"breadcrumb-item\"itemprop=\"itemListElement\" itemscope itemtype=\"http:\/\/schema.org\/ListItem\">\n                      <a href=\"https:\/\/www.neva.eu\/en\/\" class=\"breadcrumb-item-link\" itemscope itemtype=\"http:\/\/schema.org\/Thing\" itemprop=\"item\" id=\"breadcrumb-item-1\">\n              <span itemprop=\"name\">\n                Home\n              <\/span>\n            <\/a>\n            <meta itemprop=\"position\" content=\"1\" \/>\n                  <\/li>\n                      <li class=\"breadcrumb-item active\"itemprop=\"itemListElement\" itemscope itemtype=\"http:\/\/schema.org\/ListItem\" aria-current=\"page\">\n                      <span class=\"current\" itemscope itemtype=\"http:\/\/schema.org\/Thing\" itemprop=\"item\" id=\"breadcrumb-item-2\">\n              <span itemprop=\"name\">\n                Textile screens\n              <\/span>\n            <\/span>\n            <meta itemprop=\"position\" content=\"2\" \/>\n                  <\/li>\n          <\/ol>\n  <\/nav>\n          <\/div>\n      <\/section>\n\n<div class=\"page-header__inner\">\n  <div class=\"container-xl\">\n          <h1 class=\"page-header__title\">Wire Screen<\/h1>\n              <p class=\"page-header__subtitle \">Minimalist Exterior Shading<\/p>\n          <\/div>\n<\/div>\n      <\/section>\n\n\n<div class=\"wp-bootstrap-blocks-container container-xl mb-0\">\n\t\n<div class=\"wp-bootstrap-blocks-row row sm-gutters\">\n\t\n\n<div class=\"col-12 col-lg-6\">\n\t\t\t\t<\/div>\n\n\n\n<div class=\"col-12 col-lg-6\">\n\t\t\t\t<\/div>\n\n<\/div>\n\n\n<div class=\"wp-bootstrap-blocks-container container mb-2\">\n\t\n\n<div class=\"wp-block-columns is-layout-flex wp-container-core-columns-is-layout-9d6595d7 wp-block-columns-is-layout-flex\">\n<div class=\"wp-block-column is-layout-flow wp-block-column-is-layout-flow\">\n<p><strong>The&nbsp;wire&nbsp;screen<\/strong> is a modern and elegant exterior shading solution that emphasizes lightweight construction, clean design, and functionality. The minimalist design featuring the <strong>absence of a box<\/strong>, combined with <strong>discreet side wire guidance<\/strong>, creates a subtle appearance that naturally complements contemporary architecture without disturbing the overall impression of fa\u00e7ades&nbsp;or&nbsp;window&nbsp;and&nbsp;door&nbsp;systems.<\/p>\n\n\n\n<p>Thanks&nbsp;to&nbsp;the&nbsp;option&nbsp;of&nbsp;<strong>wall&nbsp;or&nbsp;ceiling&nbsp;installation<\/strong>,&nbsp;the&nbsp;wire&nbsp;screen&nbsp;is&nbsp;suitable for both new buildings and completed projects where a minimalist&nbsp;solution without robust guiding profiles is required.<\/p>\n\n\n\n<p>The screen provides <strong>effective protection against sunlight and interior overheating<\/strong> while maintaining a pleasant level of natural light. A selection of <strong>16 fabrics<\/strong> allows easy customization of both the shading performance as well as the overall appearance to suit the specific project.<\/p>\n<\/div>\n\n\n\n<div class=\"wp-block-column is-layout-flow wp-block-column-is-layout-flow\">        <section id=\"component-5f9db4d3e94f4e42821f13854fccd7c7\" class=\"component component-article-banner post post-banner\">\n              <a href=\"https:\/\/www.neva.eu\/en\/product-news\/solar-screen-roller-shutters-smart-and-sustainable-shading-for-modern-housing\/\" class=\"d-block\">\n    <div class=\"post-banner__image\">\n              <picture class=\"d-inline-block w-100 h-100\">\n                      <source srcset=\"https:\/\/www.neva.eu\/wp-content\/cache\/image\/NEVA-Solar-system-2-700x350-c-center.webp\" type=\"image\/webp\" width=\"700\" height=\"350\">\n            <source srcset=\"https:\/\/www.neva.eu\/wp-content\/cache\/image\/NEVA-Solar-system-2-700x350-c-center.jpg\" type=\"image\/jpeg\" width=\"700\" height=\"350\">\n                <img decoding=\"async\" src=\"https:\/\/www.neva.eu\/wp-content\/uploads\/NEVA-Solar-system-2.jpg\" type=\"image\/jpeg\" width=\"1920\" height=\"1280\" alt=\"\" loading=\"lazy\" class=\"img-fluid\">\n        <\/picture>\n\n    <\/div>\n    <div class=\"px-2 px-md-3 py-2 d-flex flex-column justify-content-between text-left post-banner__text\">\n      <h2 class=\"text-white m-0\">\n        Solar textile screens: Smart and sustainable shading for modern housing\n      <\/h2>\n      <span class=\"button align-self-end\">\n        Read More\n      <\/span>\n    <\/div>\n  <\/a>\n      <\/section>\n<\/div>\n<\/div>\n\n<\/div>\n\n<\/div>\n\n\n        <section id=\"component-c64245263a2ce45ef254b5d0a21555a2\" class=\"component component-product-list section product-tiles-wrapper pt-0\">\n                        <div class=\"container-xl\">\n          <div class=\"row sm-gutters product-tiles\">\n          <div class=\"col-md-6\">\n                <section class=\"component component-product-teaser\">\n            <a href=\"https:\/\/www.neva.eu\/en\/textile-screens\/products\/ws100\/\" class=\"d-block\">\n  <div class=\"product-tile product-tile--has-hover-img\">\n    <div class=\"product-tile__inner\">\n              <p class=\"product-tile__subtitle\">\n          Wire screen\n        <\/p>\n                    <h3 class=\"product-tile__title\">\n          WS100\n        <\/h3>\n                    <div class=\"product-tile__text\">\n          <p>+ lightweight version without a&nbsp;box<br>\n+ discreet wire guidance<br>\n+ ceiling or wall mounting<br>\n+ available in 16 fabric colours<\/p>\n\n        <\/div>\n            <div class=\"button product-tile__button\">\n        Detail\n      <\/div>\n    <\/div>\n    <div class=\"product-tile__img\">\n                      <picture class=\"d-inline-block w-100 h-100\">\n                      <source srcset=\"https:\/\/www.neva.eu\/wp-content\/cache\/image\/NEVA-latkove-rolety-zipscreen-WS100-Int-Wall-330-330x350-c-center.webp\" type=\"image\/webp\" width=\"330\" height=\"350\">\n            <source srcset=\"https:\/\/www.neva.eu\/wp-content\/cache\/image\/NEVA-latkove-rolety-zipscreen-WS100-Int-Wall-330-330x350-c-center.jpg\" type=\"image\/jpeg\" width=\"330\" height=\"350\">\n                <img decoding=\"async\" src=\"https:\/\/www.neva.eu\/wp-content\/uploads\/NEVA-latkove-rolety-zipscreen-WS100-Int-Wall-330.jpg\" type=\"image\/jpeg\" width=\"330\" height=\"350\" alt=\"\" loading=\"lazy\" class=\"img-fluid img-default\">\n        <\/picture>\n\n                            <picture class=\"d-inline-block w-100 h-100\">\n                      <source srcset=\"https:\/\/www.neva.eu\/wp-content\/cache\/image\/NEVA-latkove-rolety-zipscreen-WS100-Int-Wall-330-330x350-c-center.webp\" type=\"image\/webp\" width=\"330\" height=\"350\">\n            <source srcset=\"https:\/\/www.neva.eu\/wp-content\/cache\/image\/NEVA-latkove-rolety-zipscreen-WS100-Int-Wall-330-330x350-c-center.jpg\" type=\"image\/jpeg\" width=\"330\" height=\"350\">\n                <img decoding=\"async\" src=\"https:\/\/www.neva.eu\/wp-content\/uploads\/NEVA-latkove-rolety-zipscreen-WS100-Int-Wall-330.jpg\" type=\"image\/jpeg\" width=\"330\" height=\"350\" alt=\"\" loading=\"lazy\" class=\"img-fluid img-hover\">\n        <\/picture>\n\n          <\/div>\n  <\/div>\n<\/a>\n      <\/section>\n\n      <\/div>\n      <\/div>\n          <\/div>\n      <\/section>\n\n\n        <section id=\"component-ed4c856e7bb7c712509ee2520f796123\" class=\"component component-hero\">\n              <div class=\"h-100 hero__image\">\n            <picture class=\"d-inline-block w-100 h-100\">\n                      <source srcset=\"https:\/\/www.neva.eu\/wp-content\/cache\/image\/neva-hero-smart-home-1920x680-c-center.webp\" type=\"image\/webp\" width=\"1920\" height=\"680\" media=\"(min-width: 1500px)\">\n            <source srcset=\"https:\/\/www.neva.eu\/wp-content\/cache\/image\/neva-hero-smart-home-1920x680-c-center.jpg\" type=\"image\/jpeg\" width=\"1920\" height=\"680\" media=\"(min-width: 1500px)\">\n            <source srcset=\"https:\/\/www.neva.eu\/wp-content\/cache\/image\/neva-hero-smart-home-1440x680-c-center.webp\" type=\"image\/webp\" width=\"1440\" height=\"680\" media=\"(min-width: 768px)\">\n            <source srcset=\"https:\/\/www.neva.eu\/wp-content\/cache\/image\/neva-hero-smart-home-1440x680-c-center.jpg\" type=\"image\/jpeg\" width=\"1440\" height=\"680\" media=\"(min-width: 768px)\">\n            <source srcset=\"https:\/\/www.neva.eu\/wp-content\/cache\/image\/neva-hero-smart-home-680x680-c-center.webp\" type=\"image\/webp\" width=\"680\" height=\"680\">\n            <source srcset=\"https:\/\/www.neva.eu\/wp-content\/cache\/image\/neva-hero-smart-home-680x680-c-center.jpg\" type=\"image\/jpeg\" width=\"680\" height=\"680\">\n                <img decoding=\"async\" src=\"https:\/\/www.neva.eu\/wp-content\/uploads\/neva-hero-smart-home.jpg\" type=\"image\/jpeg\" width=\"1920\" height=\"680\" alt=\"\" loading=\"lazy\" class=\"img-fluid\">\n        <\/picture>\n\n  <\/div>\n  <div class=\"d-flex align-items-end hero__inner\">\n    <div class=\"container-xl mb-4\">\n      <div class=\"caption-box has-link\">\n                  <p class=\"caption-box__subtitle\">\n            SMART HOME\n          <\/p>\n                          <h2 class=\"caption-box__title\">\n            <a href=\"https:\/\/www.neva.eu\/en\/smart-home\/\" target=\"\">\n              Discover the magic of a&nbsp;smart home. Or how can the Smart Home help you specifically?\n            <\/a>\n          <\/h2>\n                                  <a href=\"https:\/\/www.neva.eu\/en\/smart-home\/\" target=\"\" class=\"button caption-box__button\">\n            MORE ABOUT THE TECHNOLOGY\n          <\/a>\n              <\/div>\n    <\/div>\n  <\/div>\n      <\/section>\n","protected":false},"excerpt":{"rendered":"","protected":false},"author":26,"featured_media":0,"parent":11543,"menu_order":46,"comment_status":"closed","ping_status":"closed","template":"","meta":{"_acf_changed":false,"advgb_blocks_editor_width":"","advgb_blocks_columns_visual_guide":"","_daim_seo_power":"","_daim_enable_ail":"","footnotes":""},"class_list":["post-30428","page","type-page","status-publish","hentry"],"acf":[],"aioseo_notices":[],"coauthors":[],"author_meta":{"author_link":"https:\/\/www.neva.eu\/en\/author\/zidlikova\/","display_name":"So\u0148a \u017didl\u00edkov\u00e1"},"relative_dates":{"created":"Posted 4 months ago","modified":"Updated 3 months ago"},"absolute_dates":{"created":"Posted on 8. 1. 2026","modified":"Updated on 20. 1. 2026"},"absolute_dates_time":{"created":"Posted on 8. 1. 2026 9:18","modified":"Updated on 20. 1. 2026 14:07"},"featured_img_caption":"","featured_img":false,"series_order":"","_links":{"self":[{"href":"https:\/\/www.neva.eu\/en\/wp-json\/wp\/v2\/pages\/30428","targetHints":{"allow":["GET"]}}],"collection":[{"href":"https:\/\/www.neva.eu\/en\/wp-json\/wp\/v2\/pages"}],"about":[{"href":"https:\/\/www.neva.eu\/en\/wp-json\/wp\/v2\/types\/page"}],"author":[{"embeddable":true,"href":"https:\/\/www.neva.eu\/en\/wp-json\/wp\/v2\/users\/26"}],"replies":[{"embeddable":true,"href":"https:\/\/www.neva.eu\/en\/wp-json\/wp\/v2\/comments?post=30428"}],"version-history":[{"count":5,"href":"https:\/\/www.neva.eu\/en\/wp-json\/wp\/v2\/pages\/30428\/revisions"}],"predecessor-version":[{"id":30480,"href":"https:\/\/www.neva.eu\/en\/wp-json\/wp\/v2\/pages\/30428\/revisions\/30480"}],"up":[{"embeddable":true,"href":"https:\/\/www.neva.eu\/en\/wp-json\/wp\/v2\/pages\/11543"}],"wp:attachment":[{"href":"https:\/\/www.neva.eu\/en\/wp-json\/wp\/v2\/media?parent=30428"}],"curies":[{"name":"wp","href":"https:\/\/api.w.org\/{rel}","templated":true}]}}