{"id":28375,"date":"2025-06-13T10:04:27","date_gmt":"2025-06-13T08:04:27","guid":{"rendered":"https:\/\/www.neva.eu\/?page_id=28375"},"modified":"2025-06-20T11:54:37","modified_gmt":"2025-06-20T09:54:37","slug":"solar-shading","status":"publish","type":"page","link":"https:\/\/www.neva.eu\/en\/textile-screens\/zipscreen\/solar-shading\/","title":{"rendered":"Solar shading"},"content":{"rendered":"        <section id=\"component-751e2f3a6f27c6343ff5a2af94fe95a4\" class=\"component component-page-header page-header\">\n                    <section class=\"component component-breadcrumb\">\n              <div class=\"container-xl\">\n          <nav aria-label=\"breadcrumb\">\n    <ol class=\"breadcrumb\" itemscope itemtype=\"http:\/\/schema.org\/BreadcrumbList\">\n                      <li class=\"breadcrumb-item\"itemprop=\"itemListElement\" itemscope itemtype=\"http:\/\/schema.org\/ListItem\">\n                      <a href=\"https:\/\/www.neva.eu\/en\/\" class=\"breadcrumb-item-link\" itemscope itemtype=\"http:\/\/schema.org\/Thing\" itemprop=\"item\" id=\"breadcrumb-item-1\">\n              <span itemprop=\"name\">\n                Home\n              <\/span>\n            <\/a>\n            <meta itemprop=\"position\" content=\"1\" \/>\n                  <\/li>\n                      <li class=\"breadcrumb-item active\"itemprop=\"itemListElement\" itemscope itemtype=\"http:\/\/schema.org\/ListItem\" aria-current=\"page\">\n                      <span class=\"current\" itemscope itemtype=\"http:\/\/schema.org\/Thing\" itemprop=\"item\" id=\"breadcrumb-item-2\">\n              <span itemprop=\"name\">\n                Zipscreen\n              <\/span>\n            <\/span>\n            <meta itemprop=\"position\" content=\"2\" \/>\n                  <\/li>\n          <\/ol>\n  <\/nav>\n          <\/div>\n      <\/section>\n\n<div class=\"page-header__inner\">\n  <div class=\"container-xl\">\n          <h1 class=\"page-header__title\">Solar shading<\/h1>\n              <p class=\"page-header__subtitle \">Comfort. Ecology. Independence from the electric network.<\/p>\n          <\/div>\n<\/div>\n      <\/section>\n\n\n        <section id=\"component-bfbc5986d3e529a16312ad1032df5029\" class=\"component component-tiles-masonry section tiles-wrapper\">\n                        <div class=\"container-xl\">\n        <div class=\"tiles tiles--alt-layout\">\n      <div class=\"tile\">\n      <a class=\"tile__wrapper\" href=\"https:\/\/www.neva.eu\/en\/advice-and-instructions\/solar-screen-roller-shutters-smart-and-sustainable-shading-for-modern-housing\/\">\n        <div class=\"tile__img cover\">\n                  <picture class=\"d-inline-block w-100 h-100\">\n                      <source srcset=\"https:\/\/www.neva.eu\/wp-content\/cache\/image\/Solar-system-screen_02.webp\" type=\"image\/webp\">\n                <img decoding=\"async\" src=\"https:\/\/www.neva.eu\/wp-content\/uploads\/Solar-system-screen_02.jpg\" type=\"image\/jpeg\" width=\"1920\" height=\"1280\" alt=\"\" loading=\"lazy\" class=\"img-fluid\">\n        <\/picture>\n\n        <\/div>\n        <div class=\"tile__inner\">\n          <h3 class=\"tile__title\">\n            Solar shading\n          <\/h3>\n          <p class=\"tile__text\">\n            \n          <\/p>\n        <\/div>\n      <\/a>\n    <\/div>\n  <\/div>\n          <\/div>\n      <\/section>\n\n\n        <section id=\"component-68b245b1049257d45f7130f97f2f2872\" class=\"component component-advantages section c-top has-border  icon-boxes-wrapper\">\n                  <section class=\"component component-section-header section-header\">\n              <div class=\"container-xl\">\n          <p class=\"section-header__subtitle\">Why choose solar shading?<\/p>\n  <div class=\"row\">\n          <div class=\"col-12 col-lg-6\">\n                <h2 class=\"section-header__title\">Advantages of solar shading<\/h2>\n      <\/div>\n              <div class=\"col-12 col-md-6\">\n        <div class=\"section-header__perex\">\n          <p>You can control our external textile screens using solar energy. The solar panel located on the blind charges the battery that powers the motor. The motor extracts and retracts the blind \u2013 even at night or in the event of an power outage.<\/p>\n\n        <\/div>\n      <\/div>\n      <\/div>\n          <\/div>\n      <\/section>\n              <div class=\"container-xl\">\n          <div class=\"row icon-boxes \">\n          <div class=\"col-md-6 col-xl-4\">\n                <section class=\"component component-icon-box icon-box\">\n              <div class=\"icon-box__icon\">\n            <picture class=\"d-inline-block w-100 h-100\">\n                      <source srcset=\"https:\/\/www.neva.eu\/wp-content\/cache\/image\/icon-samonosne-systemy-snadna-montaz-100x100-c-center.webp\" type=\"image\/webp\" width=\"100\" height=\"100\">\n            <source srcset=\"https:\/\/www.neva.eu\/wp-content\/cache\/image\/icon-samonosne-systemy-snadna-montaz-100x100-c-center.png\" type=\"image\/png\" width=\"100\" height=\"100\">\n                <img decoding=\"async\" src=\"https:\/\/www.neva.eu\/wp-content\/uploads\/icon-samonosne-systemy-snadna-montaz.png\" type=\"image\/png\" width=\"97\" height=\"97\" alt=\"\" loading=\"lazy\" class=\"img-fluid\">\n        <\/picture>\n\n  <\/div>\n  <div class=\"icon-box__inner\">\n    <h3 class=\"icon-box__title\">\n      No cutting into the&nbsp;walli\n    <\/h3>\n    <div class=\"icon-box__text apply-formatting\">\n      <p>The solar drive works without cables, so there is no need to cut into the walls. Ideal for reconstruction and\/\u200bor finished interiors.<\/p>\n\n    <\/div>\n      <\/div>\n      <\/section>\n      <\/div>\n          <div class=\"col-md-6 col-xl-4\">\n                <section class=\"component component-icon-box icon-box\">\n              <div class=\"icon-box__icon\">\n            <picture class=\"d-inline-block w-100 h-100\">\n                      <source srcset=\"https:\/\/www.neva.eu\/wp-content\/cache\/image\/icon-zaluzie-mnozstvi-svetla-100x100-c-center.webp\" type=\"image\/webp\" width=\"100\" height=\"100\">\n            <source srcset=\"https:\/\/www.neva.eu\/wp-content\/cache\/image\/icon-zaluzie-mnozstvi-svetla-100x100-c-center.png\" type=\"image\/png\" width=\"100\" height=\"100\">\n                <img decoding=\"async\" src=\"https:\/\/www.neva.eu\/wp-content\/uploads\/icon-zaluzie-mnozstvi-svetla.png\" type=\"image\/png\" width=\"96\" height=\"96\" alt=\"\" loading=\"lazy\" class=\"img-fluid\">\n        <\/picture>\n\n  <\/div>\n  <div class=\"icon-box__inner\">\n    <h3 class=\"icon-box__title\">\n      Reliability in any weather\n    <\/h3>\n    <div class=\"icon-box__text apply-formatting\">\n      <p>The batteries are recharged in daylight and can maintain operation even without sunlight. The screen works during the day, at night, as well as in the event of a&nbsp;power outage.<\/p>\n\n    <\/div>\n      <\/div>\n      <\/section>\n      <\/div>\n          <div class=\"col-md-6 col-xl-4\">\n                <section class=\"component component-icon-box icon-box\">\n              <div class=\"icon-box__icon\">\n            <picture class=\"d-inline-block w-100 h-100\">\n                      <source srcset=\"https:\/\/www.neva.eu\/wp-content\/cache\/image\/icon-smarthome-uspora-energie-100x100-c-center.webp\" type=\"image\/webp\" width=\"100\" height=\"100\">\n            <source srcset=\"https:\/\/www.neva.eu\/wp-content\/cache\/image\/icon-smarthome-uspora-energie-100x100-c-center.png\" type=\"image\/png\" width=\"100\" height=\"100\">\n                <img decoding=\"async\" src=\"https:\/\/www.neva.eu\/wp-content\/uploads\/icon-smarthome-uspora-energie.png\" type=\"image\/png\" width=\"96\" height=\"97\" alt=\"\" loading=\"lazy\" class=\"img-fluid\">\n        <\/picture>\n\n  <\/div>\n  <div class=\"icon-box__inner\">\n    <h3 class=\"icon-box__title\">\n      Energy and money saving\n    <\/h3>\n    <div class=\"icon-box__text apply-formatting\">\n      <p>The screen does not need a&nbsp;mains connection, saves electricity and assembly costs. Battery life is up to 45&nbsp;days in normal operation.<\/p>\n\n    <\/div>\n      <\/div>\n      <\/section>\n      <\/div>\n      <\/div>\n            <\/div>\n      <\/section>\n\n\n<div class=\"wp-bootstrap-blocks-container container mb-2\">\n\t\n        <section id=\"component-0ae228f8aaded0a22d1944753a6be9f5\" class=\"component component-gallery\">\n                        <div class=\"gallery-columns gallery-lightgallery-js pb-6 pb-md-8\">\n          <div class=\"gallery-item gallery-item-1\">\n                  <a href=\"https:\/\/www.neva.eu\/wp-content\/uploads\/NEVA-Zipcsreen-2.jpg\" class=\"gallery-item-img js-lightbox\">\n                    <picture class=\"d-inline-block w-100 h-100 w-100 h-100\">\n                      <source srcset=\"https:\/\/www.neva.eu\/wp-content\/cache\/image\/NEVA-Zipcsreen-2.webp\" type=\"image\/webp\">\n                <img decoding=\"async\" src=\"https:\/\/www.neva.eu\/wp-content\/uploads\/NEVA-Zipcsreen-2.jpg\" type=\"image\/jpeg\" width=\"1280\" height=\"1920\" alt=\"\" loading=\"lazy\" class=\"img-fluid\">\n        <\/picture>\n          <\/a>\n              <\/div>\n          <div class=\"gallery-item gallery-item-2\">\n                  <a href=\"https:\/\/www.neva.eu\/wp-content\/uploads\/NEVA-Solar-system-3.jpg\" class=\"gallery-item-img js-lightbox\">\n                    <picture class=\"d-inline-block w-100 h-100 w-100 h-100\">\n                      <source srcset=\"https:\/\/www.neva.eu\/wp-content\/cache\/image\/NEVA-Solar-system-3.webp\" type=\"image\/webp\">\n                <img decoding=\"async\" src=\"https:\/\/www.neva.eu\/wp-content\/uploads\/NEVA-Solar-system-3.jpg\" type=\"image\/jpeg\" width=\"1280\" height=\"1920\" alt=\"\" loading=\"lazy\" class=\"img-fluid\">\n        <\/picture>\n          <\/a>\n              <\/div>\n          <div class=\"gallery-item gallery-item-3\">\n                  <a href=\"https:\/\/www.neva.eu\/wp-content\/uploads\/NEVA-HP-Solar-2.jpg\" class=\"gallery-item-img js-lightbox\">\n                    <picture class=\"d-inline-block w-100 h-100 w-100 h-100\">\n                      <source srcset=\"https:\/\/www.neva.eu\/wp-content\/cache\/image\/NEVA-HP-Solar-2.webp\" type=\"image\/webp\">\n                <img decoding=\"async\" src=\"https:\/\/www.neva.eu\/wp-content\/uploads\/NEVA-HP-Solar-2.jpg\" type=\"image\/jpeg\" width=\"1920\" height=\"1280\" alt=\"\" loading=\"lazy\" class=\"img-fluid\">\n        <\/picture>\n          <\/a>\n              <\/div>\n          <div class=\"gallery-item gallery-item-4\">\n                  <a href=\"https:\/\/www.neva.eu\/wp-content\/uploads\/NEVA-Solar-system-4.jpg\" class=\"gallery-item-img js-lightbox\">\n                    <picture class=\"d-inline-block w-100 h-100 w-100 h-100\">\n                      <source srcset=\"https:\/\/www.neva.eu\/wp-content\/cache\/image\/NEVA-Solar-system-4.webp\" type=\"image\/webp\">\n                <img decoding=\"async\" src=\"https:\/\/www.neva.eu\/wp-content\/uploads\/NEVA-Solar-system-4.jpg\" type=\"image\/jpeg\" width=\"1920\" height=\"1280\" alt=\"\" loading=\"lazy\" class=\"img-fluid\">\n        <\/picture>\n            <div class=\"item-length\">+1<\/div>\n          <\/a>\n              <\/div>\n          <div class=\"gallery-item gallery-item-5 d-none\">\n                  <a href=\"https:\/\/www.neva.eu\/wp-content\/uploads\/NEVA-HP-Solar-03.jpg\" class=\"gallery-item-img js-lightbox\">\n                    <picture class=\"d-inline-block w-100 h-100 w-100 h-100\">\n                      <source srcset=\"https:\/\/www.neva.eu\/wp-content\/cache\/image\/NEVA-HP-Solar-03.webp\" type=\"image\/webp\">\n                <img decoding=\"async\" src=\"https:\/\/www.neva.eu\/wp-content\/uploads\/NEVA-HP-Solar-03.jpg\" type=\"image\/jpeg\" width=\"1920\" height=\"1280\" alt=\"\" loading=\"lazy\" class=\"img-fluid\">\n        <\/picture>\n          <\/a>\n              <\/div>\n      <\/div>\n      <\/section>\n\n<\/div>\n\n\n        <section id=\"component-fef9be95a93f1333fd705e7fd86fca5a\" class=\"component component-store-locator section c-top store-locator-wrapper\">\n                  <section class=\"component component-section-header section-header\">\n              <div class=\"container-xl\">\n          <div class=\"row\">\n          <div class=\"col-12 col-lg-6\">\n                <h2 class=\"section-header__title mb-0\">Find retailer<\/h2>\n      <\/div>\n          <\/div>\n          <\/div>\n      <\/section>\n              <div class=\"container-xl\">\n          <div class=\"store-locator\">\n    <form class=\"store-locator__inner\" action=\"https:\/\/www.neva.eu\/en\/find-retailer\/\">\n      <div class=\"store-locator__field\">\n        <label for=\"country\" class=\"store-locator__label\">Country<\/label>\n        <div class=\"dropdown\">\n          <select id=\"country\" name=\"country\">\n                          <option value=\"AU\">Australia<\/option>\n                          <option value=\"AT\">Austria<\/option>\n                          <option value=\"BE\">Belgium<\/option>\n                          <option value=\"BG\">Bulgaria<\/option>\n                          <option value=\"HR\">Croatia<\/option>\n                          <option value=\"CY\">Cyprus<\/option>\n                          <option value=\"CZ\">Czech Republic<\/option>\n                          <option value=\"DK\">Denmark<\/option>\n                          <option value=\"FR\">France<\/option>\n                          <option value=\"DE\">Germany<\/option>\n                          <option value=\"GR\">Greece<\/option>\n                          <option value=\"HU\">Hungary<\/option>\n                          <option value=\"IL\">Israel<\/option>\n                          <option value=\"IT\">Italy<\/option>\n                          <option value=\"JP\">Japan<\/option>\n                          <option value=\"LI\">Liechtenstein<\/option>\n                          <option value=\"LU\">Luxembourg<\/option>\n                          <option value=\"NL\">Netherlands<\/option>\n                          <option value=\"NO\">Norway<\/option>\n                          <option value=\"PL\">Poland<\/option>\n                          <option value=\"PT\">Portugal<\/option>\n                          <option value=\"RO\">Romania<\/option>\n                          <option value=\"SK\">Slovakia<\/option>\n                          <option value=\"SI\">Slovenia<\/option>\n                          <option value=\"ES\">Spain<\/option>\n                          <option value=\"SE\">Sweden<\/option>\n                          <option value=\"CH\">Switzerland<\/option>\n                          <option value=\"GB\">United Kingdom<\/option>\n                          <option value=\"VN\">Vietnam<\/option>\n                      <\/select>\n        <\/div>\n      <\/div>\n      <button class=\"button store-locator__button\">\n        Search\n          <span class=\"svg-icon svg-icon--search\">\n    <svg><use xlink:href=\"https:\/\/www.neva.eu\/wp-content\/themes\/neva\/static\/images\/sprite.svg#search\"><\/use><\/svg>\n  <\/span>\n\n      <\/button>\n    <\/form>\n  <\/div>\n          <\/div>\n      <\/section>\n","protected":false},"excerpt":{"rendered":"","protected":false},"author":26,"featured_media":0,"parent":11525,"menu_order":10,"comment_status":"closed","ping_status":"closed","template":"","meta":{"_acf_changed":false,"advgb_blocks_editor_width":"","advgb_blocks_columns_visual_guide":"","_daim_seo_power":"","_daim_enable_ail":"","footnotes":""},"class_list":["post-28375","page","type-page","status-publish","hentry"],"acf":[],"aioseo_notices":[],"coauthors":[],"author_meta":{"author_link":"https:\/\/www.neva.eu\/en\/author\/zidlikova\/","display_name":"So\u0148a \u017didl\u00edkov\u00e1"},"relative_dates":{"created":"Posted 11 months ago","modified":"Updated 11 months ago"},"absolute_dates":{"created":"Posted on 13. 6. 2025","modified":"Updated on 20. 6. 2025"},"absolute_dates_time":{"created":"Posted on 13. 6. 2025 10:04","modified":"Updated on 20. 6. 2025 11:54"},"featured_img_caption":"","featured_img":false,"series_order":"","_links":{"self":[{"href":"https:\/\/www.neva.eu\/en\/wp-json\/wp\/v2\/pages\/28375","targetHints":{"allow":["GET"]}}],"collection":[{"href":"https:\/\/www.neva.eu\/en\/wp-json\/wp\/v2\/pages"}],"about":[{"href":"https:\/\/www.neva.eu\/en\/wp-json\/wp\/v2\/types\/page"}],"author":[{"embeddable":true,"href":"https:\/\/www.neva.eu\/en\/wp-json\/wp\/v2\/users\/26"}],"replies":[{"embeddable":true,"href":"https:\/\/www.neva.eu\/en\/wp-json\/wp\/v2\/comments?post=28375"}],"version-history":[{"count":5,"href":"https:\/\/www.neva.eu\/en\/wp-json\/wp\/v2\/pages\/28375\/revisions"}],"predecessor-version":[{"id":28691,"href":"https:\/\/www.neva.eu\/en\/wp-json\/wp\/v2\/pages\/28375\/revisions\/28691"}],"up":[{"embeddable":true,"href":"https:\/\/www.neva.eu\/en\/wp-json\/wp\/v2\/pages\/11525"}],"wp:attachment":[{"href":"https:\/\/www.neva.eu\/en\/wp-json\/wp\/v2\/media?parent=28375"}],"curies":[{"name":"wp","href":"https:\/\/api.w.org\/{rel}","templated":true}]}}