{"id":20317,"date":"2022-12-22T08:46:44","date_gmt":"2022-12-22T07:46:44","guid":{"rendered":"https:\/\/www.neva.eu\/textile-screens\/shading-a-pergola\/"},"modified":"2023-01-03T11:10:32","modified_gmt":"2023-01-03T10:10:32","slug":"shading-a-pergola","status":"publish","type":"page","link":"https:\/\/www.neva.eu\/en\/textile-screens\/shading-a-pergola\/","title":{"rendered":"Shading a pergola"},"content":{"rendered":"<div class=\"wp-bootstrap-blocks-container container mb-2\">\n\t\n\n<div style=\"height:50px\" aria-hidden=\"true\" class=\"wp-block-spacer\"><\/div>\n\n\n\n<h1 class=\"wp-block-heading\">The best way to shade a pergola<\/h1>\n\n\n\n<p class=\"single__perex\">You will have a pleasantly cool space and sufficient privacy in a well-shaded pergola. Shading will protect you not only from strong sunshine but also from rain and gusts of wind.&nbsp;Among the most popular solutions are <a href=\"https:\/\/www.neva.eu\/en\/textile-screens\/\">external textile screens<\/a>, awnings, sunbreakers or climbing plants such as ivy or Virginia creeper.<\/p>\n\n\n\n<figure class=\"wp-block-image size-full\"><img loading=\"lazy\" decoding=\"async\" width=\"1920\" height=\"960\" src=\"https:\/\/www.neva.eu\/wp-content\/uploads\/neva-kompletni-pruvodce-udrzbou-screenovych-rolet-1.jpg\" alt=\"\" class=\"wp-image-14120\" srcset=\"https:\/\/www.neva.eu\/wp-content\/uploads\/neva-kompletni-pruvodce-udrzbou-screenovych-rolet-1.jpg 1920w, https:\/\/www.neva.eu\/wp-content\/uploads\/neva-kompletni-pruvodce-udrzbou-screenovych-rolet-1-1536x768.jpg 1536w, https:\/\/www.neva.eu\/wp-content\/uploads\/neva-kompletni-pruvodce-udrzbou-screenovych-rolet-1-1280x640.jpg 1280w, https:\/\/www.neva.eu\/wp-content\/uploads\/neva-kompletni-pruvodce-udrzbou-screenovych-rolet-1-940x470.jpg 940w, https:\/\/www.neva.eu\/wp-content\/uploads\/neva-kompletni-pruvodce-udrzbou-screenovych-rolet-1-758x379.jpg 758w, https:\/\/www.neva.eu\/wp-content\/uploads\/neva-kompletni-pruvodce-udrzbou-screenovych-rolet-1-425x213.jpg 425w\" sizes=\"auto, (max-width: 1920px) 100vw, 1920px\" \/><\/figure>\n\n\n\n<div style=\"height:50px\" aria-hidden=\"true\" class=\"wp-block-spacer\"><\/div>\n\n\n\n<h2 class=\"has-text-align-left wp-block-heading\">Types of pergola shading<\/h2>\n\n\n\n<div style=\"height:20px\" aria-hidden=\"true\" class=\"wp-block-spacer\"><\/div>\n\n\n<div class=\"wp-bootstrap-blocks-row row\">\n\t\n\n<div class=\"col-12 col-md-6\">\n\t\t\t\n\n<figure class=\"wp-block-image size-large\"><img loading=\"lazy\" decoding=\"async\" width=\"1024\" height=\"512\" src=\"https:\/\/www.neva.eu\/wp-content\/uploads\/NEVA-stineni-markyza-2-1024x512.jpg\" alt=\"\" class=\"wp-image-20104\" srcset=\"https:\/\/www.neva.eu\/wp-content\/uploads\/NEVA-stineni-markyza-2-1024x512.jpg 1024w, https:\/\/www.neva.eu\/wp-content\/uploads\/NEVA-stineni-markyza-2-300x150.jpg 300w, https:\/\/www.neva.eu\/wp-content\/uploads\/NEVA-stineni-markyza-2-768x384.jpg 768w, https:\/\/www.neva.eu\/wp-content\/uploads\/NEVA-stineni-markyza-2-1536x768.jpg 1536w, https:\/\/www.neva.eu\/wp-content\/uploads\/NEVA-stineni-markyza-2.jpg 1920w\" sizes=\"auto, (max-width: 1024px) 100vw, 1024px\" \/><\/figure>\n\n\t<\/div>\n\n\n\n<div class=\"col-12 col-md-6\">\n\t\t\t\n\n<h3 class=\"wp-block-heading\">Awnings<\/h3>\n\n\n\n<p>Awnings are the simplest means of shading for <strong>outdoor terraces,<\/strong> winter gardens and pergolas. They will protect you from strong sunshine and even <strong> mild rain<\/strong>. They can also be installed later. They are installed straight on the pergola structure, either <strong>above or under the roof<\/strong>.<\/p>\n\n\t<\/div>\n\n<\/div>\n\n\n\n<div style=\"height:50px\" aria-hidden=\"true\" class=\"wp-block-spacer\"><\/div>\n\n\n<div class=\"wp-bootstrap-blocks-row row\">\n\t\n\n<div class=\"col-12 col-md-6\">\n\t\t\t\n\n<h3 class=\"wp-block-heading\">Canopies<\/h3>\n\n\n\n<p>They are usually mounted <strong>directly under the glazed or horizontal roof of the pergola. <\/strong>With their appearance they resemble, for example, Roman blinds and are controlled using a crank, cord or <strong>electric motor<\/strong>.<\/p>\n\n\t<\/div>\n\n\n\n<div class=\"col-12 col-md-6\">\n\t\t\t\n\n<figure class=\"wp-block-image size-large\"><img loading=\"lazy\" decoding=\"async\" width=\"1024\" height=\"512\" src=\"https:\/\/www.neva.eu\/wp-content\/uploads\/NEVA-stineni-baldachyny-1-1024x512.jpg\" alt=\"\" class=\"wp-image-20166\" srcset=\"https:\/\/www.neva.eu\/wp-content\/uploads\/NEVA-stineni-baldachyny-1-1024x512.jpg 1024w, https:\/\/www.neva.eu\/wp-content\/uploads\/NEVA-stineni-baldachyny-1-300x150.jpg 300w, https:\/\/www.neva.eu\/wp-content\/uploads\/NEVA-stineni-baldachyny-1-768x384.jpg 768w, https:\/\/www.neva.eu\/wp-content\/uploads\/NEVA-stineni-baldachyny-1-1536x768.jpg 1536w, https:\/\/www.neva.eu\/wp-content\/uploads\/NEVA-stineni-baldachyny-1.jpg 1920w\" sizes=\"auto, (max-width: 1024px) 100vw, 1024px\" \/><\/figure>\n\n\t<\/div>\n\n<\/div>\n\n\n\n<div style=\"height:50px\" aria-hidden=\"true\" class=\"wp-block-spacer\"><\/div>\n\n\n<div class=\"wp-bootstrap-blocks-row row\">\n\t\n\n<div class=\"col-12 col-md-6\">\n\t\t\t\n\n<figure class=\"wp-block-image size-large\"><img loading=\"lazy\" decoding=\"async\" width=\"1024\" height=\"512\" src=\"https:\/\/www.neva.eu\/wp-content\/uploads\/NEVA-jak-nejlepe-zastinit-pergolu-slunolamy-1024x512.jpg\" alt=\"\" class=\"wp-image-19738\" srcset=\"https:\/\/www.neva.eu\/wp-content\/uploads\/NEVA-jak-nejlepe-zastinit-pergolu-slunolamy-1024x512.jpg 1024w, https:\/\/www.neva.eu\/wp-content\/uploads\/NEVA-jak-nejlepe-zastinit-pergolu-slunolamy-300x150.jpg 300w, https:\/\/www.neva.eu\/wp-content\/uploads\/NEVA-jak-nejlepe-zastinit-pergolu-slunolamy-768x384.jpg 768w, https:\/\/www.neva.eu\/wp-content\/uploads\/NEVA-jak-nejlepe-zastinit-pergolu-slunolamy-1536x768.jpg 1536w, https:\/\/www.neva.eu\/wp-content\/uploads\/NEVA-jak-nejlepe-zastinit-pergolu-slunolamy.jpg 1920w\" sizes=\"auto, (max-width: 1024px) 100vw, 1024px\" \/><\/figure>\n\n\t<\/div>\n\n\n\n<div class=\"col-12 col-md-6\">\n\t\t\t\n\n<h3 class=\"wp-block-heading\">Sunbreakers<\/h3>\n\n\n\n<p>Climbing plants on the terrace are one of the <strong> most beautiful and environmentally friendly solutions<\/strong>. Use grapevine, ivy or Virginia creeper. A green roof or wall will maintain a pleasant climate for you but <strong>you must take care of it<\/strong> \u2013 prune and water the plants, and clear fallen leaves.<br><strong>In summer, blossoming trees will cool down the space <\/strong> next to the terrace and partly protect you from rain as well. Shrubs, in turn, give you privacy.<\/p>\n\n\t<\/div>\n\n<\/div>\n\n\n\n<div style=\"height:50px\" aria-hidden=\"true\" class=\"wp-block-spacer\"><\/div>\n\n\n<div class=\"wp-bootstrap-blocks-row row\">\n\t\n\n<div class=\"col-12 col-md-6\">\n\t\t\t\n\n<h3 class=\"wp-block-heading\">Natural shading and orientation of the pergola to the cardinal directions<\/h3>\n\n\n\n<p>Climbing plants are one of the nicest options. You can shade your pergola with <strong>grapevine, Virginia creeper or ivy<\/strong>. Greenery creates a pleasant atmosphere and healthy air. However, it is <strong>more demanding in terms of maintenance<\/strong> \u2013 you have to prune and water the plants and clear fallen leaves.<\/p>\n\n\n\n<p>If you are planning to build a pergola and are thinking where to install it, use <strong>trees and plants <\/strong>on your plot as natural shading.&nbsp;<\/p>\n\n\t<\/div>\n\n\n\n<div class=\"col-12 col-md-6\">\n\t\t\t\n\n<figure class=\"wp-block-image size-large\"><img loading=\"lazy\" decoding=\"async\" width=\"1024\" height=\"512\" src=\"https:\/\/www.neva.eu\/wp-content\/uploads\/NEVA-stineni-zelen-1024x512.jpg\" alt=\"\" class=\"wp-image-18899\" srcset=\"https:\/\/www.neva.eu\/wp-content\/uploads\/NEVA-stineni-zelen-1024x512.jpg 1024w, https:\/\/www.neva.eu\/wp-content\/uploads\/NEVA-stineni-zelen-300x150.jpg 300w, https:\/\/www.neva.eu\/wp-content\/uploads\/NEVA-stineni-zelen-768x384.jpg 768w, https:\/\/www.neva.eu\/wp-content\/uploads\/NEVA-stineni-zelen-1536x768.jpg 1536w, https:\/\/www.neva.eu\/wp-content\/uploads\/NEVA-stineni-zelen.jpg 1920w\" sizes=\"auto, (max-width: 1024px) 100vw, 1024px\" \/><\/figure>\n\n\t<\/div>\n\n<\/div>\n\n\n        <section id=\"component-8e6f89206c33b1bc4be96683633bcb17\" class=\"component component-advantages section c-top   icon-boxes-wrapper\">\n                  <section class=\"component component-section-header section-header\">\n              <div class=\"container-xl\">\n          <div class=\"row\">\n          <div class=\"col-12 col-lg-6\">\n                <h2 class=\"section-header__title\">External roller shutters for a&nbsp;pergola<\/h2>\n      <\/div>\n              <div class=\"col-12 col-md-6\">\n        <div class=\"section-header__perex\">\n          <p>They provide privacy, can block strong sunshine and you can hide behind them from rain and wind as well. Textile screens are popular in particular, but you can also choose classic roller shutters made of aluminium or eco-friendly materials such as bamboo and&nbsp;reed.<\/p>\n\n        <\/div>\n      <\/div>\n      <\/div>\n          <\/div>\n      <\/section>\n              <div class=\"container-xl\">\n          <div class=\"row icon-boxes \">\n          <div class=\"col-md-6 col-xl-4\">\n                <section class=\"component component-icon-box icon-box\">\n              <div class=\"icon-box__icon\">\n            <picture class=\"d-inline-block w-100 h-100\">\n                      <source srcset=\"https:\/\/www.neva.eu\/wp-content\/cache\/image\/icon-detail-zatemeni-latkove-rolety-100x100-c-center.webp\" type=\"image\/webp\" width=\"100\" height=\"100\">\n            <source srcset=\"https:\/\/www.neva.eu\/wp-content\/cache\/image\/icon-detail-zatemeni-latkove-rolety-100x100-c-center.png\" type=\"image\/png\" width=\"100\" height=\"100\">\n                <img decoding=\"async\" src=\"https:\/\/www.neva.eu\/wp-content\/uploads\/icon-detail-zatemeni-latkove-rolety.png\" type=\"image\/png\" width=\"96\" height=\"96\" alt=\"\" loading=\"lazy\" class=\"img-fluid\">\n        <\/picture>\n\n  <\/div>\n  <div class=\"icon-box__inner\">\n    <h3 class=\"icon-box__title\">\n      Textile screens\n    <\/h3>\n    <div class=\"icon-box__text apply-formatting\">\n      <p>The advantage of external textile screens is that you can see through them outside but nobody can see inside your room from outside (except that it is dark outside and have a&nbsp;light on). They are excellent to insulate light and heat, creating a&nbsp;pleasant climate. In addition, the \u201czip screen\u201d form is more resistant to wind than aluminium roller shutters.<\/p>\n\n    <\/div>\n      <\/div>\n      <\/section>\n      <\/div>\n          <div class=\"col-md-6 col-xl-4\">\n                <section class=\"component component-icon-box icon-box\">\n              <div class=\"icon-box__icon\">\n            <picture class=\"d-inline-block w-100 h-100\">\n                      <source srcset=\"https:\/\/www.neva.eu\/wp-content\/cache\/image\/icon-pergola-latkove-rolety-100x100-c-center.webp\" type=\"image\/webp\" width=\"100\" height=\"100\">\n            <source srcset=\"https:\/\/www.neva.eu\/wp-content\/cache\/image\/icon-pergola-latkove-rolety-100x100-c-center.png\" type=\"image\/png\" width=\"100\" height=\"100\">\n                <img decoding=\"async\" src=\"https:\/\/www.neva.eu\/wp-content\/uploads\/icon-pergola-latkove-rolety.png\" type=\"image\/png\" width=\"97\" height=\"97\" alt=\"\" loading=\"lazy\" class=\"img-fluid\">\n        <\/picture>\n\n  <\/div>\n  <div class=\"icon-box__inner\">\n    <h3 class=\"icon-box__title\">\n      Traditional aluminium roller shutters\n    <\/h3>\n    <div class=\"icon-box__text apply-formatting\">\n      <p>They provide good thermal insulation and darken spaces. They will also serve as protection against thieves if they are mounted on all the sides of the pergola and are closed overnight. Their drawback is that compared to screens you cannot see through them outside and, combined with a&nbsp;wooden pergola, are not as attractive.<\/p>\n\n    <\/div>\n      <\/div>\n      <\/section>\n      <\/div>\n          <div class=\"col-md-6 col-xl-4\">\n                <section class=\"component component-icon-box icon-box\">\n              <div class=\"icon-box__icon\">\n            <picture class=\"d-inline-block w-100 h-100\">\n                      <source srcset=\"https:\/\/www.neva.eu\/wp-content\/cache\/image\/icon-detail-jsou-domykatelne-100x100-c-center.webp\" type=\"image\/webp\" width=\"100\" height=\"100\">\n            <source srcset=\"https:\/\/www.neva.eu\/wp-content\/cache\/image\/icon-detail-jsou-domykatelne-100x100-c-center.png\" type=\"image\/png\" width=\"100\" height=\"100\">\n                <img decoding=\"async\" src=\"https:\/\/www.neva.eu\/wp-content\/uploads\/icon-detail-jsou-domykatelne.png\" type=\"image\/png\" width=\"96\" height=\"97\" alt=\"\" loading=\"lazy\" class=\"img-fluid\">\n        <\/picture>\n\n  <\/div>\n  <div class=\"icon-box__inner\">\n    <h3 class=\"icon-box__title\">\n      Roller shutters made of bamboo and&nbsp;reed&nbsp;\n    <\/h3>\n    <div class=\"icon-box__text apply-formatting\">\n      <p>Roller shutters made of natural materials are the most eco-friendly solution together with climbing plants. Roller shutters made of bamboo or reed are the best match for traditional wooden pergolas.<\/p>\n\n    <\/div>\n      <\/div>\n      <\/section>\n      <\/div>\n      <\/div>\n            <\/div>\n      <\/section>\n\n\n        <section id=\"component-b1f2518e33e2cf3b38f06342371ac598\" class=\"component component-advantages section c-top   icon-boxes-wrapper\">\n                  <section class=\"component component-section-header section-header\">\n              <div class=\"container-xl\">\n          <div class=\"row\">\n          <div class=\"col-12 col-lg-6\">\n                <h2 class=\"section-header__title mb-0\">Three ways of mounting roller shutters on a&nbsp;pergola<\/h2>\n      <\/div>\n          <\/div>\n          <\/div>\n      <\/section>\n              <div class=\"container-xl\">\n          <div class=\"row icon-boxes \">\n          <div class=\"col-md-6 col-xl-4\">\n                <section class=\"component component-icon-box icon-box\">\n              <div class=\"icon-box__icon\">\n            <picture class=\"d-inline-block w-100 h-100\">\n                      <source srcset=\"https:\/\/www.neva.eu\/wp-content\/cache\/image\/icon-samonosne-systemy-snadna-montaz-100x100-c-center.webp\" type=\"image\/webp\" width=\"100\" height=\"100\">\n            <source srcset=\"https:\/\/www.neva.eu\/wp-content\/cache\/image\/icon-samonosne-systemy-snadna-montaz-100x100-c-center.png\" type=\"image\/png\" width=\"100\" height=\"100\">\n                <img decoding=\"async\" src=\"https:\/\/www.neva.eu\/wp-content\/uploads\/icon-samonosne-systemy-snadna-montaz.png\" type=\"image\/png\" width=\"97\" height=\"97\" alt=\"\" loading=\"lazy\" class=\"img-fluid\">\n        <\/picture>\n\n  <\/div>\n  <div class=\"icon-box__inner\">\n    <h3 class=\"icon-box__title\">\n      Installation directly into the structure\n    <\/h3>\n    <div class=\"icon-box__text apply-formatting\">\n      <p>In this version, the box with the roller shutters is installed directly into the structure of the pergola, so it is not visible at all. Mounting is done during the construction of the pergola. This is the most expensive solution.<\/p>\n\n    <\/div>\n      <\/div>\n      <\/section>\n      <\/div>\n          <div class=\"col-md-6 col-xl-4\">\n                <section class=\"component component-icon-box icon-box\">\n              <div class=\"icon-box__icon\">\n            <picture class=\"d-inline-block w-100 h-100\">\n                      <source srcset=\"https:\/\/www.neva.eu\/wp-content\/cache\/image\/icon-samonosne-systemy-snadna-montaz-100x100-c-center.webp\" type=\"image\/webp\" width=\"100\" height=\"100\">\n            <source srcset=\"https:\/\/www.neva.eu\/wp-content\/cache\/image\/icon-samonosne-systemy-snadna-montaz-100x100-c-center.png\" type=\"image\/png\" width=\"100\" height=\"100\">\n                <img decoding=\"async\" src=\"https:\/\/www.neva.eu\/wp-content\/uploads\/icon-samonosne-systemy-snadna-montaz.png\" type=\"image\/png\" width=\"97\" height=\"97\" alt=\"\" loading=\"lazy\" class=\"img-fluid\">\n        <\/picture>\n\n  <\/div>\n  <div class=\"icon-box__inner\">\n    <h3 class=\"icon-box__title\">\n      Installation between the vertical supports of the pergola\n    <\/h3>\n    <div class=\"icon-box__text apply-formatting\">\n      <p>The box with the roller shutters is mounted between the vertical supports of the pergola. It is used most often during later installation. The box is visible with this installation and slightly reduces the clearance height of the opening.<\/p>\n\n    <\/div>\n      <\/div>\n      <\/section>\n      <\/div>\n          <div class=\"col-md-6 col-xl-4\">\n                <section class=\"component component-icon-box icon-box\">\n              <div class=\"icon-box__icon\">\n            <picture class=\"d-inline-block w-100 h-100\">\n                      <source srcset=\"https:\/\/www.neva.eu\/wp-content\/cache\/image\/icon-samonosne-systemy-snadna-montaz-100x100-c-center.webp\" type=\"image\/webp\" width=\"100\" height=\"100\">\n            <source srcset=\"https:\/\/www.neva.eu\/wp-content\/cache\/image\/icon-samonosne-systemy-snadna-montaz-100x100-c-center.png\" type=\"image\/png\" width=\"100\" height=\"100\">\n                <img decoding=\"async\" src=\"https:\/\/www.neva.eu\/wp-content\/uploads\/icon-samonosne-systemy-snadna-montaz.png\" type=\"image\/png\" width=\"97\" height=\"97\" alt=\"\" loading=\"lazy\" class=\"img-fluid\">\n        <\/picture>\n\n  <\/div>\n  <div class=\"icon-box__inner\">\n    <h3 class=\"icon-box__title\">\n      Mounting on the face of the pergola\n    <\/h3>\n    <div class=\"icon-box__text apply-formatting\">\n      <p>Another type of retro installation of roller shutters on a&nbsp;pergola. The case with the roller shutters is installed on the face of the structure. At the same time, however, it does not reduce the clearance height of the opening.<\/p>\n\n    <\/div>\n      <\/div>\n      <\/section>\n      <\/div>\n      <\/div>\n            <\/div>\n      <\/section>\n\n\n        <section id=\"component-a04583f0d164934339d8652ce7c51238\" class=\"component component-store-locator section c-top store-locator-wrapper\">\n                  <section class=\"component component-section-header section-header\">\n              <div class=\"container-xl\">\n          <div class=\"row\">\n          <div class=\"col-12 col-lg-6\">\n                <h2 class=\"section-header__title mb-0\">Find your nearest dealer<\/h2>\n      <\/div>\n          <\/div>\n          <\/div>\n      <\/section>\n              <div class=\"container-xl\">\n          <div class=\"store-locator\">\n    <form class=\"store-locator__inner\" action=\"https:\/\/www.neva.eu\/en\/find-retailer\/\">\n      <div class=\"store-locator__field\">\n        <label for=\"country\" class=\"store-locator__label\">Country<\/label>\n        <div class=\"dropdown\">\n          <select id=\"country\" name=\"country\">\n                          <option value=\"AU\">Australia<\/option>\n                          <option value=\"AT\">Austria<\/option>\n                          <option value=\"BE\">Belgium<\/option>\n                          <option value=\"BG\">Bulgaria<\/option>\n                          <option value=\"HR\">Croatia<\/option>\n                          <option value=\"CY\">Cyprus<\/option>\n                          <option value=\"CZ\">Czech Republic<\/option>\n                          <option value=\"DK\">Denmark<\/option>\n                          <option value=\"FR\">France<\/option>\n                          <option value=\"DE\">Germany<\/option>\n                          <option value=\"GR\">Greece<\/option>\n                          <option value=\"HU\">Hungary<\/option>\n                          <option value=\"IL\">Israel<\/option>\n                          <option value=\"IT\">Italy<\/option>\n                          <option value=\"JP\">Japan<\/option>\n                          <option value=\"LI\">Liechtenstein<\/option>\n                          <option value=\"LU\">Luxembourg<\/option>\n                          <option value=\"NL\">Netherlands<\/option>\n                          <option value=\"NO\">Norway<\/option>\n                          <option value=\"PL\">Poland<\/option>\n                          <option value=\"PT\">Portugal<\/option>\n                          <option value=\"RO\">Romania<\/option>\n                          <option value=\"SK\">Slovakia<\/option>\n                          <option value=\"SI\">Slovenia<\/option>\n                          <option value=\"ES\">Spain<\/option>\n                          <option value=\"SE\">Sweden<\/option>\n                          <option value=\"CH\">Switzerland<\/option>\n                          <option value=\"GB\">United Kingdom<\/option>\n                          <option value=\"VN\">Vietnam<\/option>\n                      <\/select>\n        <\/div>\n      <\/div>\n      <button class=\"button store-locator__button\">\n        Search\n          <span class=\"svg-icon svg-icon--search\">\n    <svg><use xlink:href=\"https:\/\/www.neva.eu\/wp-content\/themes\/neva\/static\/images\/sprite.svg#search\"><\/use><\/svg>\n  <\/span>\n\n      <\/button>\n    <\/form>\n  <\/div>\n          <\/div>\n      <\/section>\n\n<\/div>\n","protected":false},"excerpt":{"rendered":"","protected":false},"author":26,"featured_media":0,"parent":11543,"menu_order":30,"comment_status":"closed","ping_status":"closed","template":"","meta":{"_acf_changed":false,"advgb_blocks_editor_width":"","advgb_blocks_columns_visual_guide":"","_daim_seo_power":"1000","_daim_enable_ail":"1","footnotes":""},"class_list":["post-20317","page","type-page","status-publish","hentry"],"acf":[],"aioseo_notices":[],"coauthors":[],"author_meta":{"author_link":"https:\/\/www.neva.eu\/en\/author\/zidlikova\/","display_name":"So\u0148a \u017didl\u00edkov\u00e1"},"relative_dates":{"created":"Posted 3 years ago","modified":"Updated 3 years ago"},"absolute_dates":{"created":"Posted on 22. 12. 2022","modified":"Updated on 3. 1. 2023"},"absolute_dates_time":{"created":"Posted on 22. 12. 2022 8:46","modified":"Updated on 3. 1. 2023 11:10"},"featured_img_caption":"","featured_img":false,"series_order":"","_links":{"self":[{"href":"https:\/\/www.neva.eu\/en\/wp-json\/wp\/v2\/pages\/20317","targetHints":{"allow":["GET"]}}],"collection":[{"href":"https:\/\/www.neva.eu\/en\/wp-json\/wp\/v2\/pages"}],"about":[{"href":"https:\/\/www.neva.eu\/en\/wp-json\/wp\/v2\/types\/page"}],"author":[{"embeddable":true,"href":"https:\/\/www.neva.eu\/en\/wp-json\/wp\/v2\/users\/26"}],"replies":[{"embeddable":true,"href":"https:\/\/www.neva.eu\/en\/wp-json\/wp\/v2\/comments?post=20317"}],"version-history":[{"count":2,"href":"https:\/\/www.neva.eu\/en\/wp-json\/wp\/v2\/pages\/20317\/revisions"}],"predecessor-version":[{"id":20373,"href":"https:\/\/www.neva.eu\/en\/wp-json\/wp\/v2\/pages\/20317\/revisions\/20373"}],"up":[{"embeddable":true,"href":"https:\/\/www.neva.eu\/en\/wp-json\/wp\/v2\/pages\/11543"}],"wp:attachment":[{"href":"https:\/\/www.neva.eu\/en\/wp-json\/wp\/v2\/media?parent=20317"}],"curies":[{"name":"wp","href":"https:\/\/api.w.org\/{rel}","templated":true}]}}