{"id":4637,"date":"2019-03-08T12:47:53","date_gmt":"2019-03-08T11:47:53","guid":{"rendered":"https:\/\/www.neva.eu\/uber-uns\/"},"modified":"2023-02-07T07:31:11","modified_gmt":"2023-02-07T06:31:11","slug":"uber-uns","status":"publish","type":"page","link":"https:\/\/www.neva.eu\/de\/uber-uns\/","title":{"rendered":"\u00dcber uns"},"content":{"rendered":"        <section id=\"component-852217c15594d5c799cebbf61e534cf5\" class=\"component component-page-header page-header\">\n              <div class=\"page-header__img cover\">\n            <picture class=\"d-inline-block w-100 h-100\">\n                      <source srcset=\"https:\/\/www.neva.eu\/wp-content\/cache\/image\/fabrika-neva-2100x700-c-center.webp\" type=\"image\/webp\" width=\"2100\" height=\"700\" media=\"(min-width: 1400px)\">\n            <source srcset=\"https:\/\/www.neva.eu\/wp-content\/cache\/image\/fabrika-neva-2100x700-c-center.jpg\" type=\"image\/jpeg\" width=\"2100\" height=\"700\" media=\"(min-width: 1400px)\">\n            <source srcset=\"https:\/\/www.neva.eu\/wp-content\/cache\/image\/fabrika-neva-1400x467-c-center.webp\" type=\"image\/webp\" width=\"1400\" height=\"467\" media=\"(min-width: 1000px)\">\n            <source srcset=\"https:\/\/www.neva.eu\/wp-content\/cache\/image\/fabrika-neva-1400x467-c-center.jpg\" type=\"image\/jpeg\" width=\"1400\" height=\"467\" media=\"(min-width: 1000px)\">\n            <source srcset=\"https:\/\/www.neva.eu\/wp-content\/cache\/image\/fabrika-neva-900x300-c-center.webp\" type=\"image\/webp\" width=\"900\" height=\"300\">\n            <source srcset=\"https:\/\/www.neva.eu\/wp-content\/cache\/image\/fabrika-neva-900x300-c-center.jpg\" type=\"image\/jpeg\" width=\"900\" height=\"300\">\n                <img decoding=\"async\" src=\"https:\/\/www.neva.eu\/wp-content\/uploads\/fabrika-neva.jpg\" type=\"image\/jpeg\" width=\"1600\" height=\"880\" alt=\"\" loading=\"lazy\" class=\"img-fluid\">\n        <\/picture>\n\n  <\/div>\n        <section class=\"component component-breadcrumb\">\n              <div class=\"container-xl\">\n          <nav aria-label=\"breadcrumb\">\n    <ol class=\"breadcrumb\" itemscope itemtype=\"http:\/\/schema.org\/BreadcrumbList\">\n                      <li class=\"breadcrumb-item active\"itemprop=\"itemListElement\" itemscope itemtype=\"http:\/\/schema.org\/ListItem\" aria-current=\"page\">\n                      <span class=\"current\" itemscope itemtype=\"http:\/\/schema.org\/Thing\" itemprop=\"item\" id=\"breadcrumb-item-1\">\n              <span itemprop=\"name\">\n                Startseite\n              <\/span>\n            <\/span>\n            <meta itemprop=\"position\" content=\"1\" \/>\n                  <\/li>\n          <\/ol>\n  <\/nav>\n          <\/div>\n      <\/section>\n\n<div class=\"page-header__inner\">\n  <div class=\"container-xl\">\n          <h1 class=\"page-header__title\">Wir stellen Spitzen-Raffstoren her<\/h1>\n              <p class=\"page-header__subtitle \">Sie sind auf der ganzen Welt begehrt<\/p>\n          <\/div>\n<\/div>\n      <\/section>\n\n\n<div class=\"wp-bootstrap-blocks-container container mb-0\">\n\t\n<div class=\"wp-bootstrap-blocks-row row\">\n\t\n\n<div class=\"col-12 col-md-6\">\n\t\t\t\n\n<p>Wir sind seit 30 Jahren ein f\u00fchrender tschechischer Hersteller von Verschattungstechnik. NEVA-Raffstoren sind in Geb\u00e4uden in ganz Europa zu finden und Sie werden ihre Qualit\u00e4t vor allem nach mehreren Jahren der Nutzung sch\u00e4tzen. Sie kommen im Produktionsbetrieb in Kralice na Han\u00e9 zur Welt, der von unseren Partnern und Konkurrenten mit Bewunderung besichtigt wird.<\/p>\n\n\t<\/div>\n\n\n\n<div class=\"col-12 col-md-6\">\n\t\t\t\n\n<p>In unserem Unternehmen schulen wir regelm\u00e4\u00dfig nicht nur H\u00e4ndler und Verk\u00e4ufer unserer Kunden, sondern auch Monteure und Arbeiter, die unsere Raffstoren direkt beim Endkunden einbauen. Wir informieren sie \u00fcber Neuheiten und zeigen die richtige Vorgehensweise bei der Montage der Raffstoren.<\/p>\n\n\t<\/div>\n\n<\/div>\n\n<\/div>\n\n\n        <section id=\"component-3d26b78e3d3499e56dfd4f43049019da\" class=\"component component-tiles-flex section pb-0\">\n                        <div class=\"flex-columns-wrapper\">\n          <div class=\"bg-image\">\n                <picture class=\"d-inline-block w-100 h-100\">\n                      <source srcset=\"https:\/\/www.neva.eu\/wp-content\/cache\/image\/homepage-hero-bg-1440x550-c-center.webp\" type=\"image\/webp\" width=\"1440\" height=\"550\" media=\"(min-width: 768px)\">\n            <source srcset=\"https:\/\/www.neva.eu\/wp-content\/cache\/image\/homepage-hero-bg-1440x550-c-center.jpg\" type=\"image\/jpeg\" width=\"1440\" height=\"550\" media=\"(min-width: 768px)\">\n            <source srcset=\"https:\/\/www.neva.eu\/wp-content\/cache\/image\/homepage-hero-bg-720x275-c-center.webp\" type=\"image\/webp\" width=\"720\" height=\"275\">\n            <source srcset=\"https:\/\/www.neva.eu\/wp-content\/cache\/image\/homepage-hero-bg-720x275-c-center.jpg\" type=\"image\/jpeg\" width=\"720\" height=\"275\">\n                <img decoding=\"async\" src=\"https:\/\/www.neva.eu\/wp-content\/uploads\/homepage-hero-bg.jpg\" type=\"image\/jpeg\" width=\"1600\" height=\"620\" alt=\"\" loading=\"lazy\" class=\"img-fluid\">\n        <\/picture>\n\n      <\/div>\n        <div class=\"flex-columns\">\n              <div class=\"flex-column\">\n          <div class=\"flex-column__inner\">\n                          <h3 class=\"flex-column__title\">Spitzenprodukt<\/h3>\n                                      <div class=\"flex-column__text\"><p>Unsere Raffstoren werden auf den gegenw\u00e4rtig modernsten Maschinen aus hochwertigen westeurop\u00e4ischen Materialien hergestellt.<\/p>\n<\/div>\n                      <\/div>\n        <\/div>\n              <div class=\"flex-column\">\n          <div class=\"flex-column__inner\">\n                          <h3 class=\"flex-column__title\">Kurze Lieferfristen<\/h3>\n                                      <div class=\"flex-column__text\"><p>Alle Standardraffstoren aus unserem Angebot fertigen wir innerhalb von 14 Tagen. Ausnahmslos.<\/p>\n<\/div>\n                      <\/div>\n        <\/div>\n              <div class=\"flex-column\">\n          <div class=\"flex-column__inner\">\n                          <h3 class=\"flex-column__title\">Einfache Montage<\/h3>\n                                      <div class=\"flex-column__text\"><p>Wir stellen alle Raffstoren direkt in der Produktion ein, sodass Sie bei der Montage auf der Baustelle Arbeitsstunden einsparen.<\/p>\n<\/div>\n                      <\/div>\n        <\/div>\n              <div class=\"flex-column\">\n          <div class=\"flex-column__inner\">\n                          <h3 class=\"flex-column__title\">Sonderdesigns<\/h3>\n                                      <div class=\"flex-column__text\"><p>Haben Sie unter den Raffstoren im Angebot nichts Passendes gefunden? Macht nichts, wir passen unsere Raffstoren und Systeme Ihren Entw\u00fcrfen an.<\/p>\n<\/div>\n                      <\/div>\n        <\/div>\n              <div class=\"flex-column\">\n          <div class=\"flex-column__inner\">\n                          <h3 class=\"flex-column__title\">Eigene Lackiererei<\/h3>\n                                      <div class=\"flex-column__text\"><p>Wir verf\u00fcgen \u00fcber eine eigene Pulverbeschichtungsanlage, was den Produktionsprozess beschleunigt und seine Qualit\u00e4t verbessert.<\/p>\n<\/div>\n                      <\/div>\n        <\/div>\n          <\/div>\n  <\/div>\n      <\/section>\n\n\n        <section id=\"component-ffe29d23b01f427b7f332b3dcb7cdeab\" class=\"component component-timeline section c-gray timeline-wrapper\">\n                  <section class=\"component component-section-header section-header\">\n              <div class=\"container-xl\">\n          <div class=\"row\">\n          <div class=\"col-12 col-lg-6\">\n                <h2 class=\"section-header__title mb-0\">Geschichte des Unternehmens<\/h2>\n      <\/div>\n          <\/div>\n          <\/div>\n      <\/section>\n              <div class=\"container-xl\">\n              <div class=\"row timeline\">\n              <div class=\"col-md-6 col-lg-4 col-xl-3\">\n          <div class=\"timeline-item\">\n                          <h3 class=\"timeline-item__title\">1990<\/h3>\n                                      <div class=\"timeline-item__subtitle\">Gr\u00fcndung<\/div>\n                                    <div class=\"timeline-item__text\">\n              <p>Die Gr\u00fcnder der Firma, Herr Nesvadb\u00edk und Herr Vr\u00e1na, gr\u00fcnden den ersten&nbsp;<strong>Produktionsbetrieb f\u00fcr Verschattungstechnik.<\/strong><\/p>\n\n            <\/div>\n                      <\/div>\n        <\/div>\n              <div class=\"col-md-6 col-lg-4 col-xl-3\">\n          <div class=\"timeline-item\">\n                          <h3 class=\"timeline-item__title\">1996<\/h3>\n                                      <div class=\"timeline-item__subtitle\">Ausweitung des Angebots<\/div>\n                                    <div class=\"timeline-item__text\">\n              <p>Wir erweitern das Angebot auf&nbsp;<strong>au\u00dfenliegende Verschattungstechnik.<\/strong>&nbsp;Die Nachfrage nach Raffstoren w\u00e4chst, deshalb entwickeln sie sich bald zum Hauptprodukt der Produktion.<\/p>\n\n            <\/div>\n                      <\/div>\n        <\/div>\n              <div class=\"col-md-6 col-lg-4 col-xl-3\">\n          <div class=\"timeline-item\">\n                          <h3 class=\"timeline-item__title\">1999<\/h3>\n                                      <div class=\"timeline-item__subtitle\">Eigene Walzlinie<\/div>\n                                    <div class=\"timeline-item__text\">\n              <p>Wir produzieren Raffstoren auf einer eigenen Walzlinie, die zu den&nbsp;<strong>modernsten in Europa&nbsp;<\/strong>geh\u00f6rt.<\/p>\n\n            <\/div>\n                      <\/div>\n        <\/div>\n              <div class=\"col-md-6 col-lg-4 col-xl-3\">\n          <div class=\"timeline-item\">\n                          <h3 class=\"timeline-item__title\">2002<\/h3>\n                                      <div class=\"timeline-item__subtitle\">Expansion<\/div>\n                                    <div class=\"timeline-item__text\">\n              <p>Dank der starken Expansion von Vertrieb und Produktion gr\u00fcnden die Besitzer die GmbH \u017daluzie NEVA s.r.o.<\/p>\n\n            <\/div>\n                      <\/div>\n        <\/div>\n              <div class=\"col-md-6 col-lg-4 col-xl-3\">\n          <div class=\"timeline-item\">\n                          <h3 class=\"timeline-item__title\">2012<\/h3>\n                                      <div class=\"timeline-item__subtitle\">Neuer Betrieb<\/div>\n                                    <div class=\"timeline-item__text\">\n              <p>Die Gesellschaft zieht in den neuen Betrieb mit einer Produktionsfl\u00e4che von 6&nbsp;500&nbsp;m<sup>2<\/sup>&nbsp;um.<\/p>\n\n            <\/div>\n                      <\/div>\n        <\/div>\n              <div class=\"col-md-6 col-lg-4 col-xl-3\">\n          <div class=\"timeline-item\">\n                          <h3 class=\"timeline-item__title\">2014<\/h3>\n                                      <div class=\"timeline-item__subtitle\">Pulverbeschichtungsanlage<\/div>\n                                    <div class=\"timeline-item__text\">\n              <p>Wir er\u00f6ffnen eine eigene Pulverbeschichtungsanlage, mit der wir nicht nur unsere Raffstoren, sondern auch die Produkte externer Kunden lackieren.<\/p>\n\n            <\/div>\n                      <\/div>\n        <\/div>\n              <div class=\"col-md-6 col-lg-4 col-xl-3\">\n          <div class=\"timeline-item\">\n                          <h3 class=\"timeline-item__title\">Zufriedenheit weltweit<\/h3>\n                                      <div class=\"timeline-item__subtitle\">Zufriedenheit weltweit<\/div>\n                                    <div class=\"timeline-item__text\">\n              <p>Unsere Raffstoren sch\u00fctzen die H\u00e4user zufriedener Kunden&nbsp;<strong>auf der ganzen Welt.<\/strong><\/p>\n\n            <\/div>\n                      <\/div>\n        <\/div>\n          <\/div>\n            <\/div>\n      <\/section>\n\n\n        <section id=\"component-c0077061ef449bee130cd92ba0339c48\" class=\"component component-stats section c-gray stats-wrapper\">\n                  <section class=\"component component-section-header section-header\">\n              <div class=\"container-xl\">\n          <div class=\"row\">\n          <div class=\"col-12 col-lg-6\">\n                <h2 class=\"section-header__title mb-0\">Wir liefern in die ganze&nbsp;Welt<\/h2>\n      <\/div>\n          <\/div>\n          <\/div>\n      <\/section>\n              <div class=\"container-xl\">\n          <div class=\"row align-bottom stats\">\n    <div class=\"col-xl-4 col-lg-12\">\n      <div class=\"stats__inner\">\n                  <div class=\"stats__item\">\n            30\n            <span><p>Jahre Erfahrung<\/p>\n<\/span>\n          <\/div>\n                  <div class=\"stats__item\">\n            180\n            <span><p>zufriedene Mitarbeiter<\/p>\n<\/span>\n          <\/div>\n                  <div class=\"stats__item\">\n            2000\n            <span><p>Raffstoren w\u00f6chentlich<\/p>\n<\/span>\n          <\/div>\n                  <div class=\"stats__item\">\n            323 300\n            <span><p>Quadratmeter Raffstoren j\u00e4hrlich<\/p>\n<\/span>\n          <\/div>\n              <\/div>\n    <\/div>\n          <div class=\"col-xl-8 col-lg-12\">\n        <div class=\"stats__img\">\n                  <picture class=\"d-inline-block w-100 h-100\">\n                      <source srcset=\"https:\/\/www.neva.eu\/wp-content\/cache\/image\/stats-bg.webp\" type=\"image\/webp\">\n                <img decoding=\"async\" src=\"https:\/\/www.neva.eu\/wp-content\/uploads\/stats-bg.png\" type=\"image\/png\" width=\"1038\" height=\"575\" alt=\"\" loading=\"lazy\" class=\"img-fluid\">\n        <\/picture>\n\n        <\/div>\n      <\/div>\n      <\/div>\n          <\/div>\n      <\/section>\n\n\n        <section id=\"component-aa6fb2aa1590d14a3931042613690efc\" class=\"component component-featured-box section featured-boxes-wrapper\">\n                        <div class=\"container-xl\">\n          <div class=\"row small-gutters featured-boxes\">\n          <div class=\"col-lg-6\">\n        <a href=\"https:\/\/www.neva.eu\/de\/uber-uns\/moderne-produktion-von-raffstores\/\" target=\"_self\">\n          <div class=\"featured-box featured-box--minimal primary\">\n            <div class=\"featured-box__inner\">\n                              <h3 class=\"featured-box__title\">Moderne Produktion von Raffstores und Textilscreens<\/h3>\n                                            <div class=\"featured-box__text\"><p>Unsere Produktion z\u00e4hlt zu den progressivsten in Mitteleuropa<\/p>\n<\/div>\n                            <div class=\"button featured-box__button\">Produktion ansehen<\/div>\n            <\/div>\n                          <div class=\"featured-box__img\">\n                        <picture class=\"d-inline-block w-100 h-100\">\n                      <source srcset=\"https:\/\/www.neva.eu\/wp-content\/cache\/image\/NEVA-moderni-vyroba-nahledovy-600x600-c-center.webp\" type=\"image\/webp\" width=\"600\" height=\"600\">\n            <source srcset=\"https:\/\/www.neva.eu\/wp-content\/cache\/image\/NEVA-moderni-vyroba-nahledovy-600x600-c-center.jpg\" type=\"image\/jpeg\" width=\"600\" height=\"600\">\n                <img decoding=\"async\" src=\"https:\/\/www.neva.eu\/wp-content\/uploads\/NEVA-moderni-vyroba-nahledovy.jpg\" type=\"image\/jpeg\" width=\"350\" height=\"350\" alt=\"\" loading=\"lazy\" class=\"img-fluid\">\n        <\/picture>\n\n              <\/div>\n                      <\/div>\n        <\/a>\n      <\/div>\n          <div class=\"col-lg-6\">\n        <a href=\"https:\/\/www.neva.eu\/de\/uber-uns\/pulverbeschichtungsanlage\/\" target=\"_self\">\n          <div class=\"featured-box featured-box--minimal primary\">\n            <div class=\"featured-box__inner\">\n                              <h3 class=\"featured-box__title\">Halbautomatische Pulverlackiererei<\/h3>\n                                            <div class=\"featured-box__text\"><p>Wir lackieren in unserer eigenen Lackieranlage<\/p>\n<\/div>\n                            <div class=\"button featured-box__button\">Pulverlackiererei ansehen<\/div>\n            <\/div>\n                          <div class=\"featured-box__img\">\n                        <picture class=\"d-inline-block w-100 h-100\">\n                      <source srcset=\"https:\/\/www.neva.eu\/wp-content\/cache\/image\/NEVA-praskova-lakovna-nahledovy-1-600x600-c-center.webp\" type=\"image\/webp\" width=\"600\" height=\"600\">\n            <source srcset=\"https:\/\/www.neva.eu\/wp-content\/cache\/image\/NEVA-praskova-lakovna-nahledovy-1-600x600-c-center.jpg\" type=\"image\/jpeg\" width=\"600\" height=\"600\">\n                <img decoding=\"async\" src=\"https:\/\/www.neva.eu\/wp-content\/uploads\/NEVA-praskova-lakovna-nahledovy-1.jpg\" type=\"image\/jpeg\" width=\"350\" height=\"350\" alt=\"\" loading=\"lazy\" class=\"img-fluid\">\n        <\/picture>\n\n              <\/div>\n                      <\/div>\n        <\/a>\n      <\/div>\n      <\/div>\n          <\/div>\n      <\/section>\n\n\n        <section id=\"component-4e675dd79b9613a64f5b81291a3ba31c\" class=\"component component-hero\">\n              <div class=\"h-100 hero__image\">\n            <picture class=\"d-inline-block w-100 h-100\">\n                      <source srcset=\"https:\/\/www.neva.eu\/wp-content\/cache\/image\/neva-hero-stante-se-partnerem-2-1920x680-c-center.webp\" type=\"image\/webp\" width=\"1920\" height=\"680\" media=\"(min-width: 1500px)\">\n            <source srcset=\"https:\/\/www.neva.eu\/wp-content\/cache\/image\/neva-hero-stante-se-partnerem-2-1920x680-c-center.jpg\" type=\"image\/jpeg\" width=\"1920\" height=\"680\" media=\"(min-width: 1500px)\">\n            <source srcset=\"https:\/\/www.neva.eu\/wp-content\/cache\/image\/neva-hero-stante-se-partnerem-2-1440x680-c-center.webp\" type=\"image\/webp\" width=\"1440\" height=\"680\" media=\"(min-width: 768px)\">\n            <source srcset=\"https:\/\/www.neva.eu\/wp-content\/cache\/image\/neva-hero-stante-se-partnerem-2-1440x680-c-center.jpg\" type=\"image\/jpeg\" width=\"1440\" height=\"680\" media=\"(min-width: 768px)\">\n            <source srcset=\"https:\/\/www.neva.eu\/wp-content\/cache\/image\/neva-hero-stante-se-partnerem-2-680x680-c-center.webp\" type=\"image\/webp\" width=\"680\" height=\"680\">\n            <source srcset=\"https:\/\/www.neva.eu\/wp-content\/cache\/image\/neva-hero-stante-se-partnerem-2-680x680-c-center.jpg\" type=\"image\/jpeg\" width=\"680\" height=\"680\">\n                <img decoding=\"async\" src=\"https:\/\/www.neva.eu\/wp-content\/uploads\/neva-hero-stante-se-partnerem-2.jpg\" type=\"image\/jpeg\" width=\"1920\" height=\"1080\" alt=\"\" loading=\"lazy\" class=\"img-fluid\">\n        <\/picture>\n\n  <\/div>\n  <div class=\"d-flex align-items-end hero__inner\">\n    <div class=\"container-xl mb-4\">\n      <div class=\"caption-box has-link c-tertiary\">\n                  <p class=\"caption-box__subtitle\">\n            Zusammenarbeit\n          <\/p>\n                          <h2 class=\"caption-box__title\">\n            <a href=\"https:\/\/www.neva.eu\/de\/werden-sie-partner\/\" target=\"\">\n              Werden Sie Gesch\u00e4ftspartner der Gesellschaft NEVA. Zu zweit ist alles leichter.\n            <\/a>\n          <\/h2>\n                                  <a href=\"https:\/\/www.neva.eu\/de\/werden-sie-partner\/\" target=\"\" class=\"button caption-box__button\">\n            Partner werden\n          <\/a>\n              <\/div>\n    <\/div>\n  <\/div>\n      <\/section>\n","protected":false},"excerpt":{"rendered":"","protected":false},"author":1,"featured_media":0,"parent":0,"menu_order":80,"comment_status":"closed","ping_status":"closed","template":"","meta":{"_acf_changed":false,"advgb_blocks_editor_width":"","advgb_blocks_columns_visual_guide":"","_daim_seo_power":"1000","_daim_enable_ail":"1","footnotes":""},"class_list":["post-4637","page","type-page","status-publish","hentry"],"acf":[],"aioseo_notices":[],"coauthors":[],"author_meta":{"author_link":"https:\/\/www.neva.eu\/de\/author\/herman\/","display_name":"herman"},"relative_dates":{"created":"Ver\u00f6ffentlicht 7 years vor","modified":"Aktualisiert 3 years vor"},"absolute_dates":{"created":"Ver\u00f6ffentlicht am 8. 3. 2019","modified":"Aktualisiert am 7. 2. 2023"},"absolute_dates_time":{"created":"Ver\u00f6ffentlicht am 8. 3. 2019 12:47","modified":"Aktualisiert am 7. 2. 2023 7:31"},"featured_img_caption":"","featured_img":false,"series_order":"","_links":{"self":[{"href":"https:\/\/www.neva.eu\/de\/wp-json\/wp\/v2\/pages\/4637","targetHints":{"allow":["GET"]}}],"collection":[{"href":"https:\/\/www.neva.eu\/de\/wp-json\/wp\/v2\/pages"}],"about":[{"href":"https:\/\/www.neva.eu\/de\/wp-json\/wp\/v2\/types\/page"}],"author":[{"embeddable":true,"href":"https:\/\/www.neva.eu\/de\/wp-json\/wp\/v2\/users\/1"}],"replies":[{"embeddable":true,"href":"https:\/\/www.neva.eu\/de\/wp-json\/wp\/v2\/comments?post=4637"}],"version-history":[{"count":5,"href":"https:\/\/www.neva.eu\/de\/wp-json\/wp\/v2\/pages\/4637\/revisions"}],"predecessor-version":[{"id":21194,"href":"https:\/\/www.neva.eu\/de\/wp-json\/wp\/v2\/pages\/4637\/revisions\/21194"}],"wp:attachment":[{"href":"https:\/\/www.neva.eu\/de\/wp-json\/wp\/v2\/media?parent=4637"}],"curies":[{"name":"wp","href":"https:\/\/api.w.org\/{rel}","templated":true}]}}