{"id":4634,"date":"2019-03-08T12:44:44","date_gmt":"2019-03-08T11:44:44","guid":{"rendered":"https:\/\/www.neva.eu\/werden-sie-partner\/"},"modified":"2025-07-01T10:55:43","modified_gmt":"2025-07-01T08:55:43","slug":"werden-sie-partner","status":"publish","type":"page","link":"https:\/\/www.neva.eu\/de\/werden-sie-partner\/","title":{"rendered":"Werden Sie Partner"},"content":{"rendered":"        <section id=\"component-e6b9f3f437ddcf824d293b89e6c5ce03\" class=\"component component-page-header page-header\">\n                    <section class=\"component component-breadcrumb\">\n              <div class=\"container-xl\">\n          <nav aria-label=\"breadcrumb\">\n    <ol class=\"breadcrumb\" itemscope itemtype=\"http:\/\/schema.org\/BreadcrumbList\">\n                      <li class=\"breadcrumb-item active\"itemprop=\"itemListElement\" itemscope itemtype=\"http:\/\/schema.org\/ListItem\" aria-current=\"page\">\n                      <span class=\"current\" itemscope itemtype=\"http:\/\/schema.org\/Thing\" itemprop=\"item\" id=\"breadcrumb-item-1\">\n              <span itemprop=\"name\">\n                Startseite\n              <\/span>\n            <\/span>\n            <meta itemprop=\"position\" content=\"1\" \/>\n                  <\/li>\n          <\/ol>\n  <\/nav>\n          <\/div>\n      <\/section>\n\n<div class=\"page-header__inner\">\n  <div class=\"container-xl\">\n          <h1 class=\"page-header__title text-tertiary\">Werden Sie Partner<\/h1>\n                  <div class=\"page-header__perex\"><p>Verkaufen Sie Raffstores, die bei Kunden aus der ganzen Welt begehrt sind. Wir fertigen sie aus den hochwertigsten Schweizer Komponenten, stellen sie direkt auf der Produktionslinie ein, lackieren ihre Einzelteile und liefern sie Ihnen mit 5\u2011j\u00e4hriger Garantie.<\/p>\n<\/div>\n      <\/div>\n<\/div>\n      <\/section>\n\n\n        <section id=\"component-e7157cdcc76e67f5466560164e014593\" class=\"component component-partners-category section category-wrapper\">\n                        <div class=\"container-xl\">\n          <div class=\"row small-gutters\">\n          <div class=\"col-12 col-sm-6\">\n        <a href=\"https:\/\/www.neva.eu\/de\/werden-sie-partner\/ich-habe-eine-montagefirma\/\" class=\"category\">\n                  <picture class=\"d-inline-block w-100 h-100\">\n                      <source srcset=\"https:\/\/www.neva.eu\/wp-content\/cache\/image\/neva-banner-montazni-firma-1200x900-c-center.webp\" type=\"image\/webp\" width=\"1200\" height=\"900\">\n            <source srcset=\"https:\/\/www.neva.eu\/wp-content\/cache\/image\/neva-banner-montazni-firma-1200x900-c-center.jpg\" type=\"image\/jpeg\" width=\"1200\" height=\"900\">\n                <img decoding=\"async\" src=\"https:\/\/www.neva.eu\/wp-content\/uploads\/neva-banner-montazni-firma.jpg\" type=\"image\/jpeg\" width=\"1920\" height=\"960\" alt=\"\" loading=\"lazy\" class=\"img-fluid\">\n        <\/picture>\n\n                      <h3 class=\"category__title\">Ich habe eine Montagefirma<\/h3>\n                    <div class=\"category-content\">\n                          <div class=\"category__description\">\n                 Montagefirma\n              <\/div>\n                        <div class=\"category__icon\">\n              <svg xmlns=\"http:\/\/www.w3.org\/2000\/svg\" viewBox=\"202.4 83.9 439.5 308.5\"><path stroke=\"#00ab8e\" fill=\"#00ab8e\" stroke-width=\"8.504\" stroke-miterlimit=\"10\" d=\"M635.2 240.5L458.4 89.8l-17.8 20.4 138.2 116.6H206.6v27.1h371.5l-137.4 112 17.6 20.5z\"\/><\/svg>\n            <\/div>\n          <\/div>\n        <\/a>\n      <\/div>\n          <div class=\"col-12 col-sm-6\">\n        <a href=\"https:\/\/www.neva.eu\/de\/werden-sie-partner\/ich-bin-architekt\/\" class=\"category\">\n                  <picture class=\"d-inline-block w-100 h-100\">\n                      <source srcset=\"https:\/\/www.neva.eu\/wp-content\/cache\/image\/neva-banner-architekt-1200x900-c-center.webp\" type=\"image\/webp\" width=\"1200\" height=\"900\">\n            <source srcset=\"https:\/\/www.neva.eu\/wp-content\/cache\/image\/neva-banner-architekt-1200x900-c-center.jpg\" type=\"image\/jpeg\" width=\"1200\" height=\"900\">\n                <img decoding=\"async\" src=\"https:\/\/www.neva.eu\/wp-content\/uploads\/neva-banner-architekt.jpg\" type=\"image\/jpeg\" width=\"1920\" height=\"1280\" alt=\"\" loading=\"lazy\" class=\"img-fluid\">\n        <\/picture>\n\n                      <h3 class=\"category__title\">Ich bin Architekt<\/h3>\n                    <div class=\"category-content\">\n                          <div class=\"category__description\">\n                Architekt\n              <\/div>\n                        <div class=\"category__icon\">\n              <svg xmlns=\"http:\/\/www.w3.org\/2000\/svg\" viewBox=\"202.4 83.9 439.5 308.5\"><path stroke=\"#00ab8e\" fill=\"#00ab8e\" stroke-width=\"8.504\" stroke-miterlimit=\"10\" d=\"M635.2 240.5L458.4 89.8l-17.8 20.4 138.2 116.6H206.6v27.1h371.5l-137.4 112 17.6 20.5z\"\/><\/svg>\n            <\/div>\n          <\/div>\n        <\/a>\n      <\/div>\n      <\/div>\n          <\/div>\n      <\/section>\n\n\n        <section id=\"component-cea869aff29ea9cc9834a4715e257c2b\" class=\"component component-advantages section c-top  c-gray icon-boxes-wrapper\">\n                  <section class=\"component component-section-header section-header tertiary\">\n              <div class=\"container-xl\">\n          <div class=\"row\">\n          <div class=\"col-12 col-lg-6\">\n                <h2 class=\"section-header__title text-tertiary mb-0\">Vorteile einer Zusammenarbeit<\/h2>\n      <\/div>\n          <\/div>\n          <\/div>\n      <\/section>\n              <div class=\"container-xl\">\n          <div class=\"row icon-boxes icon-boxes--align-left\">\n          <div class=\"col-md-6 col-xl-4\">\n                <section class=\"component component-icon-box icon-box\">\n              <div class=\"icon-box__icon\">\n            <picture class=\"d-inline-block w-100 h-100\">\n                      <source srcset=\"https:\/\/www.neva.eu\/wp-content\/cache\/image\/icon-partner-specialista-na-zaluzie-1-100x100-c-center.webp\" type=\"image\/webp\" width=\"100\" height=\"100\">\n            <source srcset=\"https:\/\/www.neva.eu\/wp-content\/cache\/image\/icon-partner-specialista-na-zaluzie-1-100x100-c-center.png\" type=\"image\/png\" width=\"100\" height=\"100\">\n                <img decoding=\"async\" src=\"https:\/\/www.neva.eu\/wp-content\/uploads\/icon-partner-specialista-na-zaluzie-1.png\" type=\"image\/png\" width=\"96\" height=\"97\" alt=\"\" loading=\"lazy\" class=\"img-fluid\">\n        <\/picture>\n\n  <\/div>\n  <div class=\"icon-box__inner\">\n    <h3 class=\"icon-box__title\">\n      Spezialist f\u00fcr Raffstores\n    <\/h3>\n    <div class=\"icon-box__text apply-formatting\">\n      <p>Bereits seit 30 Jahren sind wir f\u00fchrender tschechischer Hersteller von Verschattungstechnik.<\/p>\n\n    <\/div>\n      <\/div>\n      <\/section>\n      <\/div>\n          <div class=\"col-md-6 col-xl-4\">\n                <section class=\"component component-icon-box icon-box\">\n              <div class=\"icon-box__icon\">\n            <picture class=\"d-inline-block w-100 h-100\">\n                      <source srcset=\"https:\/\/www.neva.eu\/wp-content\/cache\/image\/icon-partner-prvotridni-vybaveni-1-100x100-c-center.webp\" type=\"image\/webp\" width=\"100\" height=\"100\">\n            <source srcset=\"https:\/\/www.neva.eu\/wp-content\/cache\/image\/icon-partner-prvotridni-vybaveni-1-100x100-c-center.png\" type=\"image\/png\" width=\"100\" height=\"100\">\n                <img decoding=\"async\" src=\"https:\/\/www.neva.eu\/wp-content\/uploads\/icon-partner-prvotridni-vybaveni-1.png\" type=\"image\/png\" width=\"96\" height=\"97\" alt=\"\" loading=\"lazy\" class=\"img-fluid\">\n        <\/picture>\n\n  <\/div>\n  <div class=\"icon-box__inner\">\n    <h3 class=\"icon-box__title\">\n      Erstklassige Ausstattung\n    <\/h3>\n    <div class=\"icon-box__text apply-formatting\">\n      <p>Unsere Raffstores werden auf erstklassiger Maschinenausr\u00fcstung hergestellt.<\/p>\n\n    <\/div>\n      <\/div>\n      <\/section>\n      <\/div>\n          <div class=\"col-md-6 col-xl-4\">\n                <section class=\"component component-icon-box icon-box\">\n              <div class=\"icon-box__icon\">\n            <picture class=\"d-inline-block w-100 h-100\">\n                      <source srcset=\"https:\/\/www.neva.eu\/wp-content\/cache\/image\/icon-partner-mame-vlastni-lakovnu-1-100x100-c-center.webp\" type=\"image\/webp\" width=\"100\" height=\"100\">\n            <source srcset=\"https:\/\/www.neva.eu\/wp-content\/cache\/image\/icon-partner-mame-vlastni-lakovnu-1-100x100-c-center.png\" type=\"image\/png\" width=\"100\" height=\"100\">\n                <img decoding=\"async\" src=\"https:\/\/www.neva.eu\/wp-content\/uploads\/icon-partner-mame-vlastni-lakovnu-1.png\" type=\"image\/png\" width=\"96\" height=\"97\" alt=\"\" loading=\"lazy\" class=\"img-fluid\">\n        <\/picture>\n\n  <\/div>\n  <div class=\"icon-box__inner\">\n    <h3 class=\"icon-box__title\">\n      Eigene Lackiererei\n    <\/h3>\n    <div class=\"icon-box__text apply-formatting\">\n      <p>Die Qualit\u00e4t unserer Produkte ist uns so wichtig, dass wir eine eigene Pulverbeschichtungsanlage eingerichtet haben.<\/p>\n\n    <\/div>\n      <\/div>\n      <\/section>\n      <\/div>\n          <div class=\"col-md-6 col-xl-4\">\n                <section class=\"component component-icon-box icon-box\">\n              <div class=\"icon-box__icon\">\n            <picture class=\"d-inline-block w-100 h-100\">\n                      <source srcset=\"https:\/\/www.neva.eu\/wp-content\/cache\/image\/icon-partner-zaluzie-na-miru-1-100x100-c-center.webp\" type=\"image\/webp\" width=\"100\" height=\"100\">\n            <source srcset=\"https:\/\/www.neva.eu\/wp-content\/cache\/image\/icon-partner-zaluzie-na-miru-1-100x100-c-center.png\" type=\"image\/png\" width=\"100\" height=\"100\">\n                <img decoding=\"async\" src=\"https:\/\/www.neva.eu\/wp-content\/uploads\/icon-partner-zaluzie-na-miru-1.png\" type=\"image\/png\" width=\"96\" height=\"97\" alt=\"\" loading=\"lazy\" class=\"img-fluid\">\n        <\/picture>\n\n  <\/div>\n  <div class=\"icon-box__inner\">\n    <h3 class=\"icon-box__title\">\n      Raffstores nach&nbsp;Ma\u00df\n    <\/h3>\n    <div class=\"icon-box__text apply-formatting\">\n      <p>Au\u00dfer den Raffstores in unserem Standardangebot fertigen wir gern f\u00fcr Sie Sondermodelle ganz nach Ihren Entw\u00fcrfen.&nbsp;<\/p>\n\n    <\/div>\n      <\/div>\n      <\/section>\n      <\/div>\n          <div class=\"col-md-6 col-xl-4\">\n                <section class=\"component component-icon-box icon-box\">\n              <div class=\"icon-box__icon\">\n            <picture class=\"d-inline-block w-100 h-100\">\n                      <source srcset=\"https:\/\/www.neva.eu\/wp-content\/cache\/image\/icon-partner-budou-u-vas-rychle-1-100x100-c-center.webp\" type=\"image\/webp\" width=\"100\" height=\"100\">\n            <source srcset=\"https:\/\/www.neva.eu\/wp-content\/cache\/image\/icon-partner-budou-u-vas-rychle-1-100x100-c-center.png\" type=\"image\/png\" width=\"100\" height=\"100\">\n                <img decoding=\"async\" src=\"https:\/\/www.neva.eu\/wp-content\/uploads\/icon-partner-budou-u-vas-rychle-1.png\" type=\"image\/png\" width=\"96\" height=\"97\" alt=\"\" loading=\"lazy\" class=\"img-fluid\">\n        <\/picture>\n\n  <\/div>\n  <div class=\"icon-box__inner\">\n    <h3 class=\"icon-box__title\">\n      Schnell bei&nbsp;Ihnen\n    <\/h3>\n    <div class=\"icon-box__text apply-formatting\">\n      <p>Alle Standardraffstores aus unserem Angebot fertigen wir innerhalb von 14&nbsp;Tagen.&nbsp;<\/p>\n\n    <\/div>\n      <\/div>\n      <\/section>\n      <\/div>\n      <\/div>\n            <\/div>\n      <\/section>\n\n\n        <section id=\"component-e32674c66b2874affdc7513ac9d30794\" class=\"component component-store-locator section c-top store-locator-wrapper\">\n                  <section class=\"component component-section-header section-header tertiary\">\n              <div class=\"container-xl\">\n          <div class=\"row\">\n          <div class=\"col-12 col-lg-6\">\n                <h2 class=\"section-header__title text-tertiary mb-0\">H\u00e4ndler in der N\u00e4he suchen<\/h2>\n      <\/div>\n          <\/div>\n          <\/div>\n      <\/section>\n              <div class=\"container-xl\">\n          <div class=\"store-locator\">\n    <form class=\"store-locator__inner\" action=\"https:\/\/www.neva.eu\/de\/handlersuche\/\">\n      <div class=\"store-locator__field\">\n        <label for=\"country\" class=\"store-locator__label\">Land<\/label>\n        <div class=\"dropdown\">\n          <select id=\"country\" name=\"country\">\n                          <option value=\"AU\">Australien<\/option>\n                          <option value=\"BE\">Belgien<\/option>\n                          <option value=\"BG\">Bulgarien<\/option>\n                          <option value=\"DK\">D\u00e4nemark<\/option>\n                          <option value=\"DE\">Deutschland<\/option>\n                          <option value=\"FR\">Frankreich<\/option>\n                          <option value=\"GR\">Griechenland<\/option>\n                          <option value=\"GB\">Gro\u00dfbritannien<\/option>\n                          <option value=\"IL\">Israel<\/option>\n                          <option value=\"IT\">Italien<\/option>\n                          <option value=\"JP\">Japan<\/option>\n                          <option value=\"HR\">Kroatien<\/option>\n                          <option value=\"LI\">Liechtenstein<\/option>\n                          <option value=\"LU\">Luxemburg<\/option>\n                          <option value=\"NL\">Niederlande<\/option>\n                          <option value=\"NO\">Norway<\/option>\n                          <option value=\"AT\">\u00d6sterreich<\/option>\n                          <option value=\"PL\">Polen<\/option>\n                          <option value=\"PT\">Portugal<\/option>\n                          <option value=\"RO\">Rum\u00e4nien<\/option>\n                          <option value=\"SE\">Schweden<\/option>\n                          <option value=\"CH\">Schweiz<\/option>\n                          <option value=\"SK\">Slowakei<\/option>\n                          <option value=\"SI\">Slowenien<\/option>\n                          <option value=\"ES\">Spanien<\/option>\n                          <option value=\"CZ\">Tschechien<\/option>\n                          <option value=\"HU\">Ungarn<\/option>\n                          <option value=\"VN\">Vietnam<\/option>\n                          <option value=\"CY\">Zypern<\/option>\n                      <\/select>\n        <\/div>\n      <\/div>\n      <button class=\"button store-locator__button\">\n        H\u00e4ndler suchen\n          <span class=\"svg-icon svg-icon--search\">\n    <svg><use xlink:href=\"https:\/\/www.neva.eu\/wp-content\/themes\/neva\/static\/images\/sprite.svg#search\"><\/use><\/svg>\n  <\/span>\n\n      <\/button>\n    <\/form>\n  <\/div>\n          <\/div>\n      <\/section>\n","protected":false},"excerpt":{"rendered":"","protected":false},"author":1,"featured_media":0,"parent":0,"menu_order":94,"comment_status":"closed","ping_status":"closed","template":"","meta":{"_acf_changed":false,"advgb_blocks_editor_width":"","advgb_blocks_columns_visual_guide":"","_daim_seo_power":"","_daim_enable_ail":"","footnotes":""},"class_list":["post-4634","page","type-page","status-publish","hentry"],"acf":[],"aioseo_notices":[],"coauthors":[],"author_meta":{"author_link":"https:\/\/www.neva.eu\/de\/author\/herman\/","display_name":"herman"},"relative_dates":{"created":"Ver\u00f6ffentlicht 7 years vor","modified":"Aktualisiert 10 months vor"},"absolute_dates":{"created":"Ver\u00f6ffentlicht am 8. 3. 2019","modified":"Aktualisiert am 1. 7. 2025"},"absolute_dates_time":{"created":"Ver\u00f6ffentlicht am 8. 3. 2019 12:44","modified":"Aktualisiert am 1. 7. 2025 10:55"},"featured_img_caption":"","featured_img":false,"series_order":"","_links":{"self":[{"href":"https:\/\/www.neva.eu\/de\/wp-json\/wp\/v2\/pages\/4634","targetHints":{"allow":["GET"]}}],"collection":[{"href":"https:\/\/www.neva.eu\/de\/wp-json\/wp\/v2\/pages"}],"about":[{"href":"https:\/\/www.neva.eu\/de\/wp-json\/wp\/v2\/types\/page"}],"author":[{"embeddable":true,"href":"https:\/\/www.neva.eu\/de\/wp-json\/wp\/v2\/users\/1"}],"replies":[{"embeddable":true,"href":"https:\/\/www.neva.eu\/de\/wp-json\/wp\/v2\/comments?post=4634"}],"version-history":[{"count":3,"href":"https:\/\/www.neva.eu\/de\/wp-json\/wp\/v2\/pages\/4634\/revisions"}],"predecessor-version":[{"id":28941,"href":"https:\/\/www.neva.eu\/de\/wp-json\/wp\/v2\/pages\/4634\/revisions\/28941"}],"wp:attachment":[{"href":"https:\/\/www.neva.eu\/de\/wp-json\/wp\/v2\/media?parent=4634"}],"curies":[{"name":"wp","href":"https:\/\/api.w.org\/{rel}","templated":true}]}}