{"id":4632,"date":"2019-03-08T12:44:05","date_gmt":"2019-03-08T11:44:05","guid":{"rendered":"https:\/\/www.neva.eu\/fur-partner\/"},"modified":"2025-07-03T09:46:39","modified_gmt":"2025-07-03T07:46:39","slug":"fur-partner","status":"publish","type":"page","link":"https:\/\/www.neva.eu\/de\/fur-partner\/","title":{"rendered":"F\u00fcr Partner"},"content":{"rendered":"        <section id=\"component-d7f4ee588b02925f2b76eaaffff1270d\" class=\"component component-page-header page-header\">\n                    <section class=\"component component-breadcrumb\">\n              <div class=\"container-xl\">\n          <nav aria-label=\"breadcrumb\">\n    <ol class=\"breadcrumb\" itemscope itemtype=\"http:\/\/schema.org\/BreadcrumbList\">\n                      <li class=\"breadcrumb-item active\"itemprop=\"itemListElement\" itemscope itemtype=\"http:\/\/schema.org\/ListItem\" aria-current=\"page\">\n                      <span class=\"current\" itemscope itemtype=\"http:\/\/schema.org\/Thing\" itemprop=\"item\" id=\"breadcrumb-item-1\">\n              <span itemprop=\"name\">\n                Startseite\n              <\/span>\n            <\/span>\n            <meta itemprop=\"position\" content=\"1\" \/>\n                  <\/li>\n          <\/ol>\n  <\/nav>\n          <\/div>\n      <\/section>\n\n<div class=\"page-header__inner\">\n  <div class=\"container-xl\">\n          <h1 class=\"page-header__title text-tertiary\">F\u00fcr Partner<\/h1>\n                  <div class=\"page-header__perex\"><p>Um unsere Partner k\u00fcmmern wir uns ebenso gewissenhaft wie um unsere Raffstores. Verlassen Sie sich auf Fairness und individuelle Herangehensweise. Wir versprechen nichts, was wir nicht erf\u00fcllen k\u00f6nnen, und Sie erledigen alles, was Sie ben\u00f6tigen, \u00fcber eine einzige Person \u2013 Ihren Handelspartner.<\/p>\n<\/div>\n      <\/div>\n<\/div>\n      <\/section>\n\n\n        <section id=\"component-b8aa86532075d2c47c4f1c0116561fa1\" class=\"component component-featured-box section featured-boxes-wrapper\">\n                        <div class=\"container-xl\">\n          <div class=\"row small-gutters featured-boxes\">\n          <div class=\"col-lg-6\">\n        <a href=\"https:\/\/eshop.neva.eu\/login\/nevapv\/?lang=3\" target=\"_self\">\n          <div class=\"featured-box  primary\">\n            <div class=\"featured-box__inner\">\n                              <h3 class=\"featured-box__title\">Onlineshop<br> f\u00fcr Partner<\/h3>\n                                            <div class=\"featured-box__text\"><p>Bestellen Sie Raffstores schnell und bequem \u00fcber unseren Onlineshop. Wenn Sie an einer Sonderl\u00f6sung interessiert sind, wenden Sie sich bitte direkt an Ihren Handelspartner.<\/p>\n<\/div>\n                            <div class=\"button featured-box__button\">Zum Onlineshop wechseln<\/div>\n            <\/div>\n                          <div class=\"featured-box__img\">\n                        <picture class=\"d-inline-block w-100 h-100\">\n                      <source srcset=\"https:\/\/www.neva.eu\/wp-content\/cache\/image\/e-shop-600x600-c-center.webp\" type=\"image\/webp\" width=\"600\" height=\"600\">\n            <source srcset=\"https:\/\/www.neva.eu\/wp-content\/cache\/image\/e-shop-600x600-c-center.png\" type=\"image\/png\" width=\"600\" height=\"600\">\n                <img decoding=\"async\" src=\"https:\/\/www.neva.eu\/wp-content\/uploads\/e-shop.png\" type=\"image\/png\" width=\"350\" height=\"350\" alt=\"\" loading=\"lazy\" class=\"img-fluid\">\n        <\/picture>\n\n              <\/div>\n                      <\/div>\n        <\/a>\n      <\/div>\n          <div class=\"col-lg-6\">\n        <a href=\"https:\/\/www.neva.eu\/de\/fur-partner\/downloads\/\" target=\"_self\">\n          <div class=\"featured-box  c-tertiary\">\n            <div class=\"featured-box__inner\">\n                              <h3 class=\"featured-box__title\">Unterlagen<br> zum Download<\/h3>\n                                            <div class=\"featured-box__text\"><p>Kataloge, Handb\u00fccher und Montageanleitungen. Alle erforderlichen Dokumente finden Sie an dieser Stelle.<\/p>\n<\/div>\n                            <div class=\"button featured-box__button\">Anmelden<\/div>\n            <\/div>\n                          <div class=\"featured-box__img\">\n                        <picture class=\"d-inline-block w-100 h-100\">\n                      <source srcset=\"https:\/\/www.neva.eu\/wp-content\/cache\/image\/neva-dokumentace-ke-stazeni-nahled-2-600x600-c-center.webp\" type=\"image\/webp\" width=\"600\" height=\"600\">\n            <source srcset=\"https:\/\/www.neva.eu\/wp-content\/cache\/image\/neva-dokumentace-ke-stazeni-nahled-2-600x600-c-center.jpg\" type=\"image\/jpeg\" width=\"600\" height=\"600\">\n                <img decoding=\"async\" src=\"https:\/\/www.neva.eu\/wp-content\/uploads\/neva-dokumentace-ke-stazeni-nahled-2.jpg\" type=\"image\/jpeg\" width=\"600\" height=\"600\" alt=\"\" loading=\"lazy\" class=\"img-fluid\">\n        <\/picture>\n\n              <\/div>\n                      <\/div>\n        <\/a>\n      <\/div>\n          <div class=\"col-lg-6\">\n        <a href=\"https:\/\/www.neva.eu\/de\/fur-partner\/newsletter\/\" target=\"_self\">\n          <div class=\"featured-box  primary\">\n            <div class=\"featured-box__inner\">\n                              <h3 class=\"featured-box__title\">Informationen<br> f\u00fcr Partner<\/h3>\n                                            <div class=\"featured-box__text\"><p>Ein vollst\u00e4ndiger \u00dcberblick \u00fcber versendete Newsletter und Neuigkeiten an einem Ort.&nbsp;Alle Nachrichten werden f\u00fcr Sie nach Jahren sortiert.<\/p>\n<\/div>\n                            <div class=\"button featured-box__button\">Anmelden<\/div>\n            <\/div>\n                          <div class=\"featured-box__img\">\n                        <picture class=\"d-inline-block w-100 h-100\">\n                      <source srcset=\"https:\/\/www.neva.eu\/wp-content\/cache\/image\/NEVA_newsletter_5-600x600-c-center.webp\" type=\"image\/webp\" width=\"600\" height=\"600\">\n            <source srcset=\"https:\/\/www.neva.eu\/wp-content\/cache\/image\/NEVA_newsletter_5-600x600-c-center.jpg\" type=\"image\/jpeg\" width=\"600\" height=\"600\">\n                <img decoding=\"async\" src=\"https:\/\/www.neva.eu\/wp-content\/uploads\/NEVA_newsletter_5.jpg\" type=\"image\/jpeg\" width=\"500\" height=\"500\" alt=\"\" loading=\"lazy\" class=\"img-fluid\">\n        <\/picture>\n\n              <\/div>\n                      <\/div>\n        <\/a>\n      <\/div>\n          <div class=\"col-lg-6\">\n        <a href=\"https:\/\/www.neva.app\/de\/\" target=\"_self\">\n          <div class=\"featured-box  primary\">\n            <div class=\"featured-box__inner\">\n                              <h3 class=\"featured-box__title\">NEVA App<\/h3>\n                                            <div class=\"featured-box__text\"><p>Laden Sie die mobile App NEVA App herunter, die Ihnen die Planung und Installation von Raffstoren erleichtert und technischen Support bietet, wann immer Sie ihn ben\u00f6tigen.<\/p>\n<\/div>\n                            <div class=\"button featured-box__button\">Zur NEVA&nbsp;App<\/div>\n            <\/div>\n                          <div class=\"featured-box__img\">\n                        <picture class=\"d-inline-block w-100 h-100\">\n                      <source srcset=\"https:\/\/www.neva.eu\/wp-content\/cache\/image\/mobil_web-600x600-c-center.webp\" type=\"image\/webp\" width=\"600\" height=\"600\">\n            <source srcset=\"https:\/\/www.neva.eu\/wp-content\/cache\/image\/mobil_web-600x600-c-center.jpg\" type=\"image\/jpeg\" width=\"600\" height=\"600\">\n                <img decoding=\"async\" src=\"https:\/\/www.neva.eu\/wp-content\/uploads\/mobil_web.jpg\" type=\"image\/jpeg\" width=\"600\" height=\"600\" alt=\"\" loading=\"lazy\" class=\"img-fluid\">\n        <\/picture>\n\n              <\/div>\n                      <\/div>\n        <\/a>\n      <\/div>\n      <\/div>\n          <\/div>\n      <\/section>\n\n\n        <section id=\"component-5ccc243100f8aaaeb99105f763d91edc\" class=\"component component-hero\">\n              <div class=\"h-100 hero__image\">\n            <picture class=\"d-inline-block w-100 h-100\">\n                      <source srcset=\"https:\/\/www.neva.eu\/wp-content\/cache\/image\/homepage-hero-bg-2-1920x680-c-center.webp\" type=\"image\/webp\" width=\"1920\" height=\"680\" media=\"(min-width: 1500px)\">\n            <source srcset=\"https:\/\/www.neva.eu\/wp-content\/cache\/image\/homepage-hero-bg-2-1920x680-c-center.jpg\" type=\"image\/jpeg\" width=\"1920\" height=\"680\" media=\"(min-width: 1500px)\">\n            <source srcset=\"https:\/\/www.neva.eu\/wp-content\/cache\/image\/homepage-hero-bg-2-1440x680-c-center.webp\" type=\"image\/webp\" width=\"1440\" height=\"680\" media=\"(min-width: 768px)\">\n            <source srcset=\"https:\/\/www.neva.eu\/wp-content\/cache\/image\/homepage-hero-bg-2-1440x680-c-center.jpg\" type=\"image\/jpeg\" width=\"1440\" height=\"680\" media=\"(min-width: 768px)\">\n            <source srcset=\"https:\/\/www.neva.eu\/wp-content\/cache\/image\/homepage-hero-bg-2-680x680-c-center.webp\" type=\"image\/webp\" width=\"680\" height=\"680\">\n            <source srcset=\"https:\/\/www.neva.eu\/wp-content\/cache\/image\/homepage-hero-bg-2-680x680-c-center.jpg\" type=\"image\/jpeg\" width=\"680\" height=\"680\">\n                <img decoding=\"async\" src=\"https:\/\/www.neva.eu\/wp-content\/uploads\/homepage-hero-bg-2.jpg\" type=\"image\/jpeg\" width=\"1600\" height=\"1075\" alt=\"\" loading=\"lazy\" class=\"img-fluid\">\n        <\/picture>\n\n  <\/div>\n  <div class=\"d-flex align-items-end hero__inner\">\n    <div class=\"container-xl mb-4\">\n      <div class=\"caption-box has-link c-tertiary\">\n                  <p class=\"caption-box__subtitle\">\n            B2B-Zusammenarbeit\n          <\/p>\n                          <h2 class=\"caption-box__title\">\n            <a href=\"https:\/\/www.neva.eu\/de\/werden-sie-partner\/\" target=\"\">\n              Werden Sie Gesch\u00e4ftspartner der Gesellschaft NEVA. Zu zweit ist alles leichter.\n            <\/a>\n          <\/h2>\n                                  <a href=\"https:\/\/www.neva.eu\/de\/werden-sie-partner\/\" target=\"\" class=\"button caption-box__button\">\n            Partner werden\n          <\/a>\n              <\/div>\n    <\/div>\n  <\/div>\n      <\/section>\n","protected":false},"excerpt":{"rendered":"","protected":false},"author":1,"featured_media":0,"parent":0,"menu_order":107,"comment_status":"closed","ping_status":"closed","template":"","meta":{"_acf_changed":false,"advgb_blocks_editor_width":"","advgb_blocks_columns_visual_guide":"","_daim_seo_power":"1000","_daim_enable_ail":"1","footnotes":""},"class_list":["post-4632","page","type-page","status-publish","hentry"],"acf":[],"aioseo_notices":[],"coauthors":[],"author_meta":{"author_link":"https:\/\/www.neva.eu\/de\/author\/herman\/","display_name":"herman"},"relative_dates":{"created":"Ver\u00f6ffentlicht 7 years vor","modified":"Aktualisiert 10 months vor"},"absolute_dates":{"created":"Ver\u00f6ffentlicht am 8. 3. 2019","modified":"Aktualisiert am 3. 7. 2025"},"absolute_dates_time":{"created":"Ver\u00f6ffentlicht am 8. 3. 2019 12:44","modified":"Aktualisiert am 3. 7. 2025 9:46"},"featured_img_caption":"","featured_img":false,"series_order":"","_links":{"self":[{"href":"https:\/\/www.neva.eu\/de\/wp-json\/wp\/v2\/pages\/4632","targetHints":{"allow":["GET"]}}],"collection":[{"href":"https:\/\/www.neva.eu\/de\/wp-json\/wp\/v2\/pages"}],"about":[{"href":"https:\/\/www.neva.eu\/de\/wp-json\/wp\/v2\/types\/page"}],"author":[{"embeddable":true,"href":"https:\/\/www.neva.eu\/de\/wp-json\/wp\/v2\/users\/1"}],"replies":[{"embeddable":true,"href":"https:\/\/www.neva.eu\/de\/wp-json\/wp\/v2\/comments?post=4632"}],"version-history":[{"count":5,"href":"https:\/\/www.neva.eu\/de\/wp-json\/wp\/v2\/pages\/4632\/revisions"}],"predecessor-version":[{"id":29022,"href":"https:\/\/www.neva.eu\/de\/wp-json\/wp\/v2\/pages\/4632\/revisions\/29022"}],"wp:attachment":[{"href":"https:\/\/www.neva.eu\/de\/wp-json\/wp\/v2\/media?parent=4632"}],"curies":[{"name":"wp","href":"https:\/\/api.w.org\/{rel}","templated":true}]}}