{"id":30445,"date":"2026-01-08T09:18:29","date_gmt":"2026-01-08T08:18:29","guid":{"rendered":"https:\/\/www.neva.eu\/textilscreens\/screen-mit-seilfuehrung\/"},"modified":"2026-01-21T12:57:29","modified_gmt":"2026-01-21T11:57:29","slug":"screen-mit-seilfuehrung","status":"publish","type":"page","link":"https:\/\/www.neva.eu\/de\/textilscreens\/screen-mit-seilfuehrung\/","title":{"rendered":"Textilscreen mit Seilf\u00fchrung"},"content":{"rendered":"        <section id=\"component-1682ec5b2c90178b5b2fcdeecd38cfc4\" class=\"component component-page-header page-header\">\n                    <section class=\"component component-breadcrumb\">\n              <div class=\"container-xl\">\n          <nav aria-label=\"breadcrumb\">\n    <ol class=\"breadcrumb\" itemscope itemtype=\"http:\/\/schema.org\/BreadcrumbList\">\n                      <li class=\"breadcrumb-item\"itemprop=\"itemListElement\" itemscope itemtype=\"http:\/\/schema.org\/ListItem\">\n                      <a href=\"https:\/\/www.neva.eu\/de\/\" class=\"breadcrumb-item-link\" itemscope itemtype=\"http:\/\/schema.org\/Thing\" itemprop=\"item\" id=\"breadcrumb-item-1\">\n              <span itemprop=\"name\">\n                Startseite\n              <\/span>\n            <\/a>\n            <meta itemprop=\"position\" content=\"1\" \/>\n                  <\/li>\n                      <li class=\"breadcrumb-item active\"itemprop=\"itemListElement\" itemscope itemtype=\"http:\/\/schema.org\/ListItem\" aria-current=\"page\">\n                      <span class=\"current\" itemscope itemtype=\"http:\/\/schema.org\/Thing\" itemprop=\"item\" id=\"breadcrumb-item-2\">\n              <span itemprop=\"name\">\n                Textilscreens\n              <\/span>\n            <\/span>\n            <meta itemprop=\"position\" content=\"2\" \/>\n                  <\/li>\n          <\/ol>\n  <\/nav>\n          <\/div>\n      <\/section>\n\n<div class=\"page-header__inner\">\n  <div class=\"container-xl\">\n          <h1 class=\"page-header__title\">Textilscreen mit Seilf\u00fchrung<\/h1>\n              <p class=\"page-header__subtitle \">Minimalistischer Sonnenschutz f\u00fcr den Au\u00dfenbereich<\/p>\n          <\/div>\n<\/div>\n      <\/section>\n\n\n<div class=\"wp-bootstrap-blocks-container container-xl mb-0\">\n\t\n<div class=\"wp-bootstrap-blocks-row row sm-gutters\">\n\t\n\n<div class=\"col-12 col-lg-6\">\n\t\t\t\t<\/div>\n\n\n\n<div class=\"col-12 col-lg-6\">\n\t\t\t\t<\/div>\n\n<\/div>\n\n\n<div class=\"wp-bootstrap-blocks-container container mb-2\">\n\t\n\n<div class=\"wp-block-columns is-layout-flex wp-container-core-columns-is-layout-9d6595d7 wp-block-columns-is-layout-flex\">\n<div class=\"wp-block-column is-layout-flow wp-block-column-is-layout-flow\">\n<p>Der <strong>Textilscreen mit Seilf\u00fchrung<\/strong> ist eine moderne und elegante L\u00f6sung f\u00fcr den Sonnenschutz im Au\u00dfenbereich, die auf leichte Konstruktion, klares Design und Funktionalit\u00e4t setzt. Das leichte Design mit <strong>Verzicht auf einen Kasten<\/strong> in Kombination mit <strong>seitlicher, unauff\u00e4lliger Seilf\u00fchrung<\/strong> sorgt f\u00fcr eine subtile Optik, die sich harmonisch in moderne Architektur einf\u00fcgt, ohne das Gesamtbild von Fassaden oder Fenster-und\u00a0T\u00fcranlagen\u00a0zu\u00a0st\u00f6ren.\u00a0<\/p>\n\n\n\n<p>Dank&nbsp;der&nbsp;<strong>Montagem\u00f6glichkeit&nbsp;an&nbsp;Wand oder Decke<\/strong> ist der Textilscreen sowohl f\u00fcr Neubauten als auch f\u00fcr bereits fertiggestellte Geb\u00e4ude geeignet, in denen eine minimalistische L\u00f6sung ohne robuste F\u00fchrungsprofile gefragt ist.&nbsp;&nbsp;<\/p>\n\n\n\n<p>Der Screen bietet <strong>wirksamen Schutz vor Sonneneinstrahlung und \u00dcberhitzung des Innenraums<\/strong>, w\u00e4hrend gleichzeitig ein angenehmes Ma\u00df an Tageslicht erhalten bleibt. Er ist in<strong> 16 Stoffen erh\u00e4ltlich<\/strong>, die eine einfache Anpassung des Lichtschutzes und der Gesamtoptik an das jeweilige Projekt&nbsp;erm\u00f6glichen.&nbsp;<\/p>\n<\/div>\n\n\n\n<div class=\"wp-block-column is-layout-flow wp-block-column-is-layout-flow\">        <section id=\"component-94565fa9e827a2655b9c235b2abab6c3\" class=\"component component-article-banner post post-banner\">\n              <a href=\"https:\/\/www.neva.eu\/de\/produktneuheiten\/textilscreens-mit-solarantrieb-smarte-und-nachhaltige-beschattung-fuer-modernes-wohnen\/\" class=\"d-block\">\n    <div class=\"post-banner__image\">\n              <picture class=\"d-inline-block w-100 h-100\">\n                      <source srcset=\"https:\/\/www.neva.eu\/wp-content\/cache\/image\/NEVA-Solar-system-2-700x350-c-center.webp\" type=\"image\/webp\" width=\"700\" height=\"350\">\n            <source srcset=\"https:\/\/www.neva.eu\/wp-content\/cache\/image\/NEVA-Solar-system-2-700x350-c-center.jpg\" type=\"image\/jpeg\" width=\"700\" height=\"350\">\n                <img decoding=\"async\" src=\"https:\/\/www.neva.eu\/wp-content\/uploads\/NEVA-Solar-system-2.jpg\" type=\"image\/jpeg\" width=\"1920\" height=\"1280\" alt=\"\" loading=\"lazy\" class=\"img-fluid\">\n        <\/picture>\n\n    <\/div>\n    <div class=\"px-2 px-md-3 py-2 d-flex flex-column justify-content-between text-left post-banner__text\">\n      <h2 class=\"text-white m-0\">\n        Textilscreens mit Solarantrieb: Smarte und nachhaltige Beschattung f\u00fcr modernes Wohnen\n      <\/h2>\n      <span class=\"button align-self-end\">\n        Artikel lesen\n      <\/span>\n    <\/div>\n  <\/a>\n      <\/section>\n<\/div>\n<\/div>\n\n<\/div>\n\n<\/div>\n\n\n        <section id=\"component-4376063fa6c5e9b712275d9487a4bccf\" class=\"component component-product-list section product-tiles-wrapper pt-0\">\n                        <div class=\"container-xl\">\n          <div class=\"row sm-gutters product-tiles\">\n          <div class=\"col-md-6\">\n                <section class=\"component component-product-teaser\">\n            <a href=\"https:\/\/www.neva.eu\/de\/textilscreens\/produkte\/ws100\/\" class=\"d-block\">\n  <div class=\"product-tile product-tile--has-hover-img\">\n    <div class=\"product-tile__inner\">\n              <p class=\"product-tile__subtitle\">\n          Screen mit Seilf\u00fchrung\n        <\/p>\n                    <h3 class=\"product-tile__title\">\n          WS100\n        <\/h3>\n                    <div class=\"product-tile__text\">\n          <p>+ Leichtbau-Variante ohne Kasten<br>\n+ Unauff\u00e4llige Seilf\u00fchrung<br>\n+ Decken- oder Wandmontage<br>\n+ Auswahl aus 16 Stofffarben<\/p>\n\n        <\/div>\n            <div class=\"button product-tile__button\">\n        Detail\n      <\/div>\n    <\/div>\n    <div class=\"product-tile__img\">\n                      <picture class=\"d-inline-block w-100 h-100\">\n                      <source srcset=\"https:\/\/www.neva.eu\/wp-content\/cache\/image\/NEVA-latkove-rolety-zipscreen-WS100-Int-Wall-330-330x350-c-center.webp\" type=\"image\/webp\" width=\"330\" height=\"350\">\n            <source srcset=\"https:\/\/www.neva.eu\/wp-content\/cache\/image\/NEVA-latkove-rolety-zipscreen-WS100-Int-Wall-330-330x350-c-center.jpg\" type=\"image\/jpeg\" width=\"330\" height=\"350\">\n                <img decoding=\"async\" src=\"https:\/\/www.neva.eu\/wp-content\/uploads\/NEVA-latkove-rolety-zipscreen-WS100-Int-Wall-330.jpg\" type=\"image\/jpeg\" width=\"330\" height=\"350\" alt=\"\" loading=\"lazy\" class=\"img-fluid img-default\">\n        <\/picture>\n\n                            <picture class=\"d-inline-block w-100 h-100\">\n                      <source srcset=\"https:\/\/www.neva.eu\/wp-content\/cache\/image\/NEVA-latkove-rolety-zipscreen-WS100-Int-Wall-330-330x350-c-center.webp\" type=\"image\/webp\" width=\"330\" height=\"350\">\n            <source srcset=\"https:\/\/www.neva.eu\/wp-content\/cache\/image\/NEVA-latkove-rolety-zipscreen-WS100-Int-Wall-330-330x350-c-center.jpg\" type=\"image\/jpeg\" width=\"330\" height=\"350\">\n                <img decoding=\"async\" src=\"https:\/\/www.neva.eu\/wp-content\/uploads\/NEVA-latkove-rolety-zipscreen-WS100-Int-Wall-330.jpg\" type=\"image\/jpeg\" width=\"330\" height=\"350\" alt=\"\" loading=\"lazy\" class=\"img-fluid img-hover\">\n        <\/picture>\n\n          <\/div>\n  <\/div>\n<\/a>\n      <\/section>\n\n      <\/div>\n      <\/div>\n          <\/div>\n      <\/section>\n\n\n        <section id=\"component-26e7fff3712ccaf2cfe99c30d22bbbe6\" class=\"component component-hero\">\n              <div class=\"h-100 hero__image\">\n            <picture class=\"d-inline-block w-100 h-100\">\n                      <source srcset=\"https:\/\/www.neva.eu\/wp-content\/cache\/image\/neva-hero-smart-home-1920x680-c-center.webp\" type=\"image\/webp\" width=\"1920\" height=\"680\" media=\"(min-width: 1500px)\">\n            <source srcset=\"https:\/\/www.neva.eu\/wp-content\/cache\/image\/neva-hero-smart-home-1920x680-c-center.jpg\" type=\"image\/jpeg\" width=\"1920\" height=\"680\" media=\"(min-width: 1500px)\">\n            <source srcset=\"https:\/\/www.neva.eu\/wp-content\/cache\/image\/neva-hero-smart-home-1440x680-c-center.webp\" type=\"image\/webp\" width=\"1440\" height=\"680\" media=\"(min-width: 768px)\">\n            <source srcset=\"https:\/\/www.neva.eu\/wp-content\/cache\/image\/neva-hero-smart-home-1440x680-c-center.jpg\" type=\"image\/jpeg\" width=\"1440\" height=\"680\" media=\"(min-width: 768px)\">\n            <source srcset=\"https:\/\/www.neva.eu\/wp-content\/cache\/image\/neva-hero-smart-home-680x680-c-center.webp\" type=\"image\/webp\" width=\"680\" height=\"680\">\n            <source srcset=\"https:\/\/www.neva.eu\/wp-content\/cache\/image\/neva-hero-smart-home-680x680-c-center.jpg\" type=\"image\/jpeg\" width=\"680\" height=\"680\">\n                <img decoding=\"async\" src=\"https:\/\/www.neva.eu\/wp-content\/uploads\/neva-hero-smart-home.jpg\" type=\"image\/jpeg\" width=\"1920\" height=\"680\" alt=\"\" loading=\"lazy\" class=\"img-fluid\">\n        <\/picture>\n\n  <\/div>\n  <div class=\"d-flex align-items-end hero__inner\">\n    <div class=\"container-xl mb-4\">\n      <div class=\"caption-box has-link\">\n                  <p class=\"caption-box__subtitle\">\n            SMART-HOME-SYSTEM\n          <\/p>\n                          <h2 class=\"caption-box__title\">\n            <a href=\"https:\/\/www.neva.eu\/de\/smart-home\/\" target=\"\">\n              Entdecken Sie die Vorteile des Smart-Home-Systems. Welchen Nutzen k\u00f6nnen Sie pers\u00f6nlich vom Smart-Home-System haben?\n            <\/a>\n          <\/h2>\n                                  <a href=\"https:\/\/www.neva.eu\/de\/smart-home\/\" target=\"\" class=\"button caption-box__button\">\n            MEHR \u00dcBER DIE TECHNIK\n          <\/a>\n              <\/div>\n    <\/div>\n  <\/div>\n      <\/section>\n","protected":false},"excerpt":{"rendered":"","protected":false},"author":26,"featured_media":0,"parent":11523,"menu_order":48,"comment_status":"closed","ping_status":"closed","template":"","meta":{"_acf_changed":false,"advgb_blocks_editor_width":"","advgb_blocks_columns_visual_guide":"","_daim_seo_power":"","_daim_enable_ail":"","footnotes":""},"class_list":["post-30445","page","type-page","status-publish","hentry"],"acf":[],"aioseo_notices":[],"coauthors":[],"author_meta":{"author_link":"https:\/\/www.neva.eu\/de\/author\/zidlikova\/","display_name":"So\u0148a \u017didl\u00edkov\u00e1"},"relative_dates":{"created":"Ver\u00f6ffentlicht 4 months vor","modified":"Aktualisiert 3 months vor"},"absolute_dates":{"created":"Ver\u00f6ffentlicht am 8. 1. 2026","modified":"Aktualisiert am 21. 1. 2026"},"absolute_dates_time":{"created":"Ver\u00f6ffentlicht am 8. 1. 2026 9:18","modified":"Aktualisiert am 21. 1. 2026 12:57"},"featured_img_caption":"","featured_img":false,"series_order":"","_links":{"self":[{"href":"https:\/\/www.neva.eu\/de\/wp-json\/wp\/v2\/pages\/30445","targetHints":{"allow":["GET"]}}],"collection":[{"href":"https:\/\/www.neva.eu\/de\/wp-json\/wp\/v2\/pages"}],"about":[{"href":"https:\/\/www.neva.eu\/de\/wp-json\/wp\/v2\/types\/page"}],"author":[{"embeddable":true,"href":"https:\/\/www.neva.eu\/de\/wp-json\/wp\/v2\/users\/26"}],"replies":[{"embeddable":true,"href":"https:\/\/www.neva.eu\/de\/wp-json\/wp\/v2\/comments?post=30445"}],"version-history":[{"count":3,"href":"https:\/\/www.neva.eu\/de\/wp-json\/wp\/v2\/pages\/30445\/revisions"}],"predecessor-version":[{"id":30520,"href":"https:\/\/www.neva.eu\/de\/wp-json\/wp\/v2\/pages\/30445\/revisions\/30520"}],"up":[{"embeddable":true,"href":"https:\/\/www.neva.eu\/de\/wp-json\/wp\/v2\/pages\/11523"}],"wp:attachment":[{"href":"https:\/\/www.neva.eu\/de\/wp-json\/wp\/v2\/media?parent=30445"}],"curies":[{"name":"wp","href":"https:\/\/api.w.org\/{rel}","templated":true}]}}