{"id":28377,"date":"2025-06-13T10:04:27","date_gmt":"2025-06-13T08:04:27","guid":{"rendered":"https:\/\/www.neva.eu\/?page_id=28377"},"modified":"2025-06-20T11:56:07","modified_gmt":"2025-06-20T09:56:07","slug":"solarbeschattung","status":"publish","type":"page","link":"https:\/\/www.neva.eu\/de\/textilscreens\/zipscreen\/solarbeschattung\/","title":{"rendered":"Solarbeschattung"},"content":{"rendered":"        <section id=\"component-778db5c77d1ea00722490cd5371f8f66\" class=\"component component-page-header page-header\">\n                    <section class=\"component component-breadcrumb\">\n              <div class=\"container-xl\">\n          <nav aria-label=\"breadcrumb\">\n    <ol class=\"breadcrumb\" itemscope itemtype=\"http:\/\/schema.org\/BreadcrumbList\">\n                      <li class=\"breadcrumb-item\"itemprop=\"itemListElement\" itemscope itemtype=\"http:\/\/schema.org\/ListItem\">\n                      <a href=\"https:\/\/www.neva.eu\/de\/\" class=\"breadcrumb-item-link\" itemscope itemtype=\"http:\/\/schema.org\/Thing\" itemprop=\"item\" id=\"breadcrumb-item-1\">\n              <span itemprop=\"name\">\n                Startseite\n              <\/span>\n            <\/a>\n            <meta itemprop=\"position\" content=\"1\" \/>\n                  <\/li>\n                      <li class=\"breadcrumb-item active\"itemprop=\"itemListElement\" itemscope itemtype=\"http:\/\/schema.org\/ListItem\" aria-current=\"page\">\n                      <span class=\"current\" itemscope itemtype=\"http:\/\/schema.org\/Thing\" itemprop=\"item\" id=\"breadcrumb-item-2\">\n              <span itemprop=\"name\">\n                Zipscreen\n              <\/span>\n            <\/span>\n            <meta itemprop=\"position\" content=\"2\" \/>\n                  <\/li>\n          <\/ol>\n  <\/nav>\n          <\/div>\n      <\/section>\n\n<div class=\"page-header__inner\">\n  <div class=\"container-xl\">\n          <h1 class=\"page-header__title\">Solarbeschattung<\/h1>\n              <p class=\"page-header__subtitle \">Komfort. Umweltfreundlichkeit. Unabh\u00e4ngigkeit vom Stromnetz.<\/p>\n          <\/div>\n<\/div>\n      <\/section>\n\n\n        <section id=\"component-a4116f9f76d542e48c07ff2cc4c07a05\" class=\"component component-tiles-masonry section tiles-wrapper\">\n                        <div class=\"container-xl\">\n        <div class=\"tiles tiles--alt-layout\">\n      <div class=\"tile\">\n      <a class=\"tile__wrapper\" href=\"https:\/\/www.neva.eu\/de\/tipps-und-anleitungen\/textilscreens-mit-solarantrieb-smarte-und-nachhaltige-beschattung-fuer-modernes-wohnen\/\">\n        <div class=\"tile__img cover\">\n                  <picture class=\"d-inline-block w-100 h-100\">\n                      <source srcset=\"https:\/\/www.neva.eu\/wp-content\/cache\/image\/Solar-system-screen_02.webp\" type=\"image\/webp\">\n                <img decoding=\"async\" src=\"https:\/\/www.neva.eu\/wp-content\/uploads\/Solar-system-screen_02.jpg\" type=\"image\/jpeg\" width=\"1920\" height=\"1280\" alt=\"\" loading=\"lazy\" class=\"img-fluid\">\n        <\/picture>\n\n        <\/div>\n        <div class=\"tile__inner\">\n          <h3 class=\"tile__title\">\n            Solarbeschattung\n          <\/h3>\n          <p class=\"tile__text\">\n            \n          <\/p>\n        <\/div>\n      <\/a>\n    <\/div>\n  <\/div>\n          <\/div>\n      <\/section>\n\n\n        <section id=\"component-9f644b10a4fbd8226f45f65d11bb718a\" class=\"component component-advantages section c-top has-border  icon-boxes-wrapper\">\n                  <section class=\"component component-section-header section-header\">\n              <div class=\"container-xl\">\n          <p class=\"section-header__subtitle\">Warum ein Solarantrieb?<\/p>\n  <div class=\"row\">\n          <div class=\"col-12 col-lg-6\">\n                <h2 class=\"section-header__title\">Vorteile des Solarbeschattung<\/h2>\n      <\/div>\n              <div class=\"col-12 col-md-6\">\n        <div class=\"section-header__perex\">\n          <p>Unsere Textilscreens k\u00f6nnen mit Solarenergie betrieben werden. Das am Screen angebrachte Solarpanel l\u00e4dt den Akku, der den Motor antreibt. Dieser f\u00e4hrt den Screen hoch und runter \u2013 auch nachts oder bei Stromausfall.<\/p>\n\n        <\/div>\n      <\/div>\n      <\/div>\n          <\/div>\n      <\/section>\n              <div class=\"container-xl\">\n          <div class=\"row icon-boxes \">\n          <div class=\"col-md-6 col-xl-4\">\n                <section class=\"component component-icon-box icon-box\">\n              <div class=\"icon-box__icon\">\n            <picture class=\"d-inline-block w-100 h-100\">\n                      <source srcset=\"https:\/\/www.neva.eu\/wp-content\/cache\/image\/icon-samonosne-systemy-snadna-montaz-100x100-c-center.webp\" type=\"image\/webp\" width=\"100\" height=\"100\">\n            <source srcset=\"https:\/\/www.neva.eu\/wp-content\/cache\/image\/icon-samonosne-systemy-snadna-montaz-100x100-c-center.png\" type=\"image\/png\" width=\"100\" height=\"100\">\n                <img decoding=\"async\" src=\"https:\/\/www.neva.eu\/wp-content\/uploads\/icon-samonosne-systemy-snadna-montaz.png\" type=\"image\/png\" width=\"97\" height=\"97\" alt=\"\" loading=\"lazy\" class=\"img-fluid\">\n        <\/picture>\n\n  <\/div>\n  <div class=\"icon-box__inner\">\n    <h3 class=\"icon-box__title\">\n      Kein Bohren von \u00d6ffnungen in die&nbsp;Wand\n    <\/h3>\n    <div class=\"icon-box__text apply-formatting\">\n      <p>Der Solarantrieb funktioniert kabellos, sodass keine Bohrungen in die Wand erforderlich sind. Ideal f\u00fcr Sanierungen und f\u00fcr bereits fertiggestellte Innenr\u00e4ume.<\/p>\n\n    <\/div>\n      <\/div>\n      <\/section>\n      <\/div>\n          <div class=\"col-md-6 col-xl-4\">\n                <section class=\"component component-icon-box icon-box\">\n              <div class=\"icon-box__icon\">\n            <picture class=\"d-inline-block w-100 h-100\">\n                      <source srcset=\"https:\/\/www.neva.eu\/wp-content\/cache\/image\/icon-zaluzie-mnozstvi-svetla-100x100-c-center.webp\" type=\"image\/webp\" width=\"100\" height=\"100\">\n            <source srcset=\"https:\/\/www.neva.eu\/wp-content\/cache\/image\/icon-zaluzie-mnozstvi-svetla-100x100-c-center.png\" type=\"image\/png\" width=\"100\" height=\"100\">\n                <img decoding=\"async\" src=\"https:\/\/www.neva.eu\/wp-content\/uploads\/icon-zaluzie-mnozstvi-svetla.png\" type=\"image\/png\" width=\"96\" height=\"96\" alt=\"\" loading=\"lazy\" class=\"img-fluid\">\n        <\/picture>\n\n  <\/div>\n  <div class=\"icon-box__inner\">\n    <h3 class=\"icon-box__title\">\n      Zuverl\u00e4ssigkeit bei jedem Wetter\n    <\/h3>\n    <div class=\"icon-box__text apply-formatting\">\n      <p>Der Akku wird durch das Tageslicht aufgeladen und funktioniert auch ohne direkte Sonnenstrahlung. Der Textilscreen funktioniert tags\u00fcber, nachts und auch bei Stromausfall.<\/p>\n\n    <\/div>\n      <\/div>\n      <\/section>\n      <\/div>\n          <div class=\"col-md-6 col-xl-4\">\n                <section class=\"component component-icon-box icon-box\">\n              <div class=\"icon-box__icon\">\n            <picture class=\"d-inline-block w-100 h-100\">\n                      <source srcset=\"https:\/\/www.neva.eu\/wp-content\/cache\/image\/icon-smarthome-uspora-energie-100x100-c-center.webp\" type=\"image\/webp\" width=\"100\" height=\"100\">\n            <source srcset=\"https:\/\/www.neva.eu\/wp-content\/cache\/image\/icon-smarthome-uspora-energie-100x100-c-center.png\" type=\"image\/png\" width=\"100\" height=\"100\">\n                <img decoding=\"async\" src=\"https:\/\/www.neva.eu\/wp-content\/uploads\/icon-smarthome-uspora-energie.png\" type=\"image\/png\" width=\"96\" height=\"97\" alt=\"\" loading=\"lazy\" class=\"img-fluid\">\n        <\/picture>\n\n  <\/div>\n  <div class=\"icon-box__inner\">\n    <h3 class=\"icon-box__title\">\n      Energie- und Kosteneinsparungen\n    <\/h3>\n    <div class=\"icon-box__text apply-formatting\">\n      <p>Der Screen ben\u00f6tigt keinen Netzanschluss, spart Strom und Montagekosten. Die Akkulaufzeit betr\u00e4gt bei \u00fcblichem Betrieb bis zu 45&nbsp;Tage.<\/p>\n\n    <\/div>\n      <\/div>\n      <\/section>\n      <\/div>\n      <\/div>\n            <\/div>\n      <\/section>\n\n\n<div class=\"wp-bootstrap-blocks-container container mb-2\">\n\t\n        <section id=\"component-27f4f9674a3a6b6a300f089b5573302a\" class=\"component component-gallery\">\n                        <div class=\"gallery-columns gallery-lightgallery-js pb-6 pb-md-8\">\n          <div class=\"gallery-item gallery-item-1\">\n                  <a href=\"https:\/\/www.neva.eu\/wp-content\/uploads\/NEVA-Zipcsreen-2.jpg\" class=\"gallery-item-img js-lightbox\">\n                    <picture class=\"d-inline-block w-100 h-100 w-100 h-100\">\n                      <source srcset=\"https:\/\/www.neva.eu\/wp-content\/cache\/image\/NEVA-Zipcsreen-2.webp\" type=\"image\/webp\">\n                <img decoding=\"async\" src=\"https:\/\/www.neva.eu\/wp-content\/uploads\/NEVA-Zipcsreen-2.jpg\" type=\"image\/jpeg\" width=\"1280\" height=\"1920\" alt=\"\" loading=\"lazy\" class=\"img-fluid\">\n        <\/picture>\n          <\/a>\n              <\/div>\n          <div class=\"gallery-item gallery-item-2\">\n                  <a href=\"https:\/\/www.neva.eu\/wp-content\/uploads\/NEVA-Solar-system-3.jpg\" class=\"gallery-item-img js-lightbox\">\n                    <picture class=\"d-inline-block w-100 h-100 w-100 h-100\">\n                      <source srcset=\"https:\/\/www.neva.eu\/wp-content\/cache\/image\/NEVA-Solar-system-3.webp\" type=\"image\/webp\">\n                <img decoding=\"async\" src=\"https:\/\/www.neva.eu\/wp-content\/uploads\/NEVA-Solar-system-3.jpg\" type=\"image\/jpeg\" width=\"1280\" height=\"1920\" alt=\"\" loading=\"lazy\" class=\"img-fluid\">\n        <\/picture>\n          <\/a>\n              <\/div>\n          <div class=\"gallery-item gallery-item-3\">\n                  <a href=\"https:\/\/www.neva.eu\/wp-content\/uploads\/NEVA-HP-Solar-2.jpg\" class=\"gallery-item-img js-lightbox\">\n                    <picture class=\"d-inline-block w-100 h-100 w-100 h-100\">\n                      <source srcset=\"https:\/\/www.neva.eu\/wp-content\/cache\/image\/NEVA-HP-Solar-2.webp\" type=\"image\/webp\">\n                <img decoding=\"async\" src=\"https:\/\/www.neva.eu\/wp-content\/uploads\/NEVA-HP-Solar-2.jpg\" type=\"image\/jpeg\" width=\"1920\" height=\"1280\" alt=\"\" loading=\"lazy\" class=\"img-fluid\">\n        <\/picture>\n          <\/a>\n              <\/div>\n          <div class=\"gallery-item gallery-item-4\">\n                  <a href=\"https:\/\/www.neva.eu\/wp-content\/uploads\/NEVA-Solar-system-4.jpg\" class=\"gallery-item-img js-lightbox\">\n                    <picture class=\"d-inline-block w-100 h-100 w-100 h-100\">\n                      <source srcset=\"https:\/\/www.neva.eu\/wp-content\/cache\/image\/NEVA-Solar-system-4.webp\" type=\"image\/webp\">\n                <img decoding=\"async\" src=\"https:\/\/www.neva.eu\/wp-content\/uploads\/NEVA-Solar-system-4.jpg\" type=\"image\/jpeg\" width=\"1920\" height=\"1280\" alt=\"\" loading=\"lazy\" class=\"img-fluid\">\n        <\/picture>\n            <div class=\"item-length\">+1<\/div>\n          <\/a>\n              <\/div>\n          <div class=\"gallery-item gallery-item-5 d-none\">\n                  <a href=\"https:\/\/www.neva.eu\/wp-content\/uploads\/NEVA-HP-Solar-03.jpg\" class=\"gallery-item-img js-lightbox\">\n                    <picture class=\"d-inline-block w-100 h-100 w-100 h-100\">\n                      <source srcset=\"https:\/\/www.neva.eu\/wp-content\/cache\/image\/NEVA-HP-Solar-03.webp\" type=\"image\/webp\">\n                <img decoding=\"async\" src=\"https:\/\/www.neva.eu\/wp-content\/uploads\/NEVA-HP-Solar-03.jpg\" type=\"image\/jpeg\" width=\"1920\" height=\"1280\" alt=\"\" loading=\"lazy\" class=\"img-fluid\">\n        <\/picture>\n          <\/a>\n              <\/div>\n      <\/div>\n      <\/section>\n\n<\/div>\n\n\n        <section id=\"component-80f3c24ac15ed3ff0320ed191c9a7771\" class=\"component component-store-locator section c-top store-locator-wrapper\">\n                  <section class=\"component component-section-header section-header\">\n              <div class=\"container-xl\">\n          <div class=\"row\">\n          <div class=\"col-12 col-lg-6\">\n                <h2 class=\"section-header__title mb-0\">H\u00e4ndler suchen<\/h2>\n      <\/div>\n          <\/div>\n          <\/div>\n      <\/section>\n              <div class=\"container-xl\">\n          <div class=\"store-locator\">\n    <form class=\"store-locator__inner\" action=\"https:\/\/www.neva.eu\/de\/handlersuche\/\">\n      <div class=\"store-locator__field\">\n        <label for=\"country\" class=\"store-locator__label\">Land<\/label>\n        <div class=\"dropdown\">\n          <select id=\"country\" name=\"country\">\n                          <option value=\"AU\">Australien<\/option>\n                          <option value=\"BE\">Belgien<\/option>\n                          <option value=\"BG\">Bulgarien<\/option>\n                          <option value=\"DK\">D\u00e4nemark<\/option>\n                          <option value=\"DE\">Deutschland<\/option>\n                          <option value=\"FR\">Frankreich<\/option>\n                          <option value=\"GR\">Griechenland<\/option>\n                          <option value=\"GB\">Gro\u00dfbritannien<\/option>\n                          <option value=\"IL\">Israel<\/option>\n                          <option value=\"IT\">Italien<\/option>\n                          <option value=\"JP\">Japan<\/option>\n                          <option value=\"HR\">Kroatien<\/option>\n                          <option value=\"LI\">Liechtenstein<\/option>\n                          <option value=\"LU\">Luxemburg<\/option>\n                          <option value=\"NL\">Niederlande<\/option>\n                          <option value=\"NO\">Norway<\/option>\n                          <option value=\"AT\">\u00d6sterreich<\/option>\n                          <option value=\"PL\">Polen<\/option>\n                          <option value=\"PT\">Portugal<\/option>\n                          <option value=\"RO\">Rum\u00e4nien<\/option>\n                          <option value=\"SE\">Schweden<\/option>\n                          <option value=\"CH\">Schweiz<\/option>\n                          <option value=\"SK\">Slowakei<\/option>\n                          <option value=\"SI\">Slowenien<\/option>\n                          <option value=\"ES\">Spanien<\/option>\n                          <option value=\"CZ\">Tschechien<\/option>\n                          <option value=\"HU\">Ungarn<\/option>\n                          <option value=\"VN\">Vietnam<\/option>\n                          <option value=\"CY\">Zypern<\/option>\n                      <\/select>\n        <\/div>\n      <\/div>\n      <button class=\"button store-locator__button\">\n        H\u00e4ndler suchen\n          <span class=\"svg-icon svg-icon--search\">\n    <svg><use xlink:href=\"https:\/\/www.neva.eu\/wp-content\/themes\/neva\/static\/images\/sprite.svg#search\"><\/use><\/svg>\n  <\/span>\n\n      <\/button>\n    <\/form>\n  <\/div>\n          <\/div>\n      <\/section>\n","protected":false},"excerpt":{"rendered":"","protected":false},"author":26,"featured_media":0,"parent":11529,"menu_order":57,"comment_status":"closed","ping_status":"closed","template":"","meta":{"_acf_changed":false,"advgb_blocks_editor_width":"","advgb_blocks_columns_visual_guide":"","_daim_seo_power":"","_daim_enable_ail":"","footnotes":""},"class_list":["post-28377","page","type-page","status-publish","hentry"],"acf":[],"aioseo_notices":[],"coauthors":[],"author_meta":{"author_link":"https:\/\/www.neva.eu\/de\/author\/zidlikova\/","display_name":"So\u0148a \u017didl\u00edkov\u00e1"},"relative_dates":{"created":"Ver\u00f6ffentlicht 11 months vor","modified":"Aktualisiert 11 months vor"},"absolute_dates":{"created":"Ver\u00f6ffentlicht am 13. 6. 2025","modified":"Aktualisiert am 20. 6. 2025"},"absolute_dates_time":{"created":"Ver\u00f6ffentlicht am 13. 6. 2025 10:04","modified":"Aktualisiert am 20. 6. 2025 11:56"},"featured_img_caption":"","featured_img":false,"series_order":"","_links":{"self":[{"href":"https:\/\/www.neva.eu\/de\/wp-json\/wp\/v2\/pages\/28377","targetHints":{"allow":["GET"]}}],"collection":[{"href":"https:\/\/www.neva.eu\/de\/wp-json\/wp\/v2\/pages"}],"about":[{"href":"https:\/\/www.neva.eu\/de\/wp-json\/wp\/v2\/types\/page"}],"author":[{"embeddable":true,"href":"https:\/\/www.neva.eu\/de\/wp-json\/wp\/v2\/users\/26"}],"replies":[{"embeddable":true,"href":"https:\/\/www.neva.eu\/de\/wp-json\/wp\/v2\/comments?post=28377"}],"version-history":[{"count":5,"href":"https:\/\/www.neva.eu\/de\/wp-json\/wp\/v2\/pages\/28377\/revisions"}],"predecessor-version":[{"id":28692,"href":"https:\/\/www.neva.eu\/de\/wp-json\/wp\/v2\/pages\/28377\/revisions\/28692"}],"up":[{"embeddable":true,"href":"https:\/\/www.neva.eu\/de\/wp-json\/wp\/v2\/pages\/11529"}],"wp:attachment":[{"href":"https:\/\/www.neva.eu\/de\/wp-json\/wp\/v2\/media?parent=28377"}],"curies":[{"name":"wp","href":"https:\/\/api.w.org\/{rel}","templated":true}]}}