{"id":26014,"date":"2024-09-19T07:24:28","date_gmt":"2024-09-19T05:24:28","guid":{"rendered":"https:\/\/www.neva.eu\/?page_id=26014"},"modified":"2026-04-17T07:28:57","modified_gmt":"2026-04-17T05:28:57","slug":"newsletter","status":"publish","type":"page","link":"https:\/\/www.neva.eu\/de\/fur-partner\/newsletter\/","title":{"rendered":"Newsletter"},"content":{"rendered":"","protected":true},"excerpt":{"rendered":"","protected":true},"author":26,"featured_media":0,"parent":4632,"menu_order":124,"comment_status":"closed","ping_status":"closed","template":"","meta":{"_acf_changed":false,"advgb_blocks_editor_width":"","advgb_blocks_columns_visual_guide":"","_daim_seo_power":"1000","_daim_enable_ail":"1","footnotes":""},"class_list":["post-26014","page","type-page","status-publish","post-password-required","hentry"],"acf":[],"aioseo_notices":[],"coauthors":[],"author_meta":{"author_link":"https:\/\/www.neva.eu\/de\/author\/zidlikova\/","display_name":"So\u0148a \u017didl\u00edkov\u00e1"},"relative_dates":{"created":"Ver\u00f6ffentlicht 2 years vor","modified":"Aktualisiert 2 weeks vor"},"absolute_dates":{"created":"Ver\u00f6ffentlicht am 19. 9. 2024","modified":"Aktualisiert am 17. 4. 2026"},"absolute_dates_time":{"created":"Ver\u00f6ffentlicht am 19. 9. 2024 7:24","modified":"Aktualisiert am 17. 4. 2026 7:28"},"featured_img_caption":"","featured_img":false,"series_order":"","_links":{"self":[{"href":"https:\/\/www.neva.eu\/de\/wp-json\/wp\/v2\/pages\/26014","targetHints":{"allow":["GET"]}}],"collection":[{"href":"https:\/\/www.neva.eu\/de\/wp-json\/wp\/v2\/pages"}],"about":[{"href":"https:\/\/www.neva.eu\/de\/wp-json\/wp\/v2\/types\/page"}],"author":[{"embeddable":true,"href":"https:\/\/www.neva.eu\/de\/wp-json\/wp\/v2\/users\/26"}],"replies":[{"embeddable":true,"href":"https:\/\/www.neva.eu\/de\/wp-json\/wp\/v2\/comments?post=26014"}],"version-history":[{"count":9,"href":"https:\/\/www.neva.eu\/de\/wp-json\/wp\/v2\/pages\/26014\/revisions"}],"predecessor-version":[{"id":31635,"href":"https:\/\/www.neva.eu\/de\/wp-json\/wp\/v2\/pages\/26014\/revisions\/31635"}],"up":[{"embeddable":true,"href":"https:\/\/www.neva.eu\/de\/wp-json\/wp\/v2\/pages\/4632"}],"wp:attachment":[{"href":"https:\/\/www.neva.eu\/de\/wp-json\/wp\/v2\/media?parent=26014"}],"curies":[{"name":"wp","href":"https:\/\/api.w.org\/{rel}","templated":true}]}}