{"id":20327,"date":"2022-12-22T08:46:15","date_gmt":"2022-12-22T07:46:15","guid":{"rendered":"https:\/\/www.neva.eu\/textilscreens\/beschattung-terrasse\/"},"modified":"2023-01-03T14:54:10","modified_gmt":"2023-01-03T13:54:10","slug":"beschattung-terrasse","status":"publish","type":"page","link":"https:\/\/www.neva.eu\/de\/textilscreens\/beschattung-terrasse\/","title":{"rendered":"\u00a0Beschattung der Terrasse"},"content":{"rendered":"<div class=\"wp-bootstrap-blocks-container container mb-2\">\n\t\n\n<div style=\"height:50px\" aria-hidden=\"true\" class=\"wp-block-spacer\"><\/div>\n\n\n\n<h1 class=\"wp-block-heading\">Wie man eine Terrasse beschatten kann<\/h1>\n\n\n\n<p class=\"single__perex\">Eine beschattete Terrasse sch\u00fctzt Sie vor starker Sonnenstrahlung, Regen, Wind sowie vor fremden Blicken. Zu den beliebtesten L\u00f6sungen geh\u00f6ren Markisen, Pergolen, Sonnensegel, Textilscreens oder Pflanzen wie Efeu oder Wilder Wein. Welche Variante sollte man w\u00e4hlen?<\/p>\n\n\n\n<figure class=\"wp-block-image size-full\"><img loading=\"lazy\" decoding=\"async\" width=\"1920\" height=\"960\" src=\"https:\/\/www.neva.eu\/wp-content\/uploads\/NEVA-jak-na-stineni-terasy-3.jpg\" alt=\"\" class=\"wp-image-20149\" srcset=\"https:\/\/www.neva.eu\/wp-content\/uploads\/NEVA-jak-na-stineni-terasy-3.jpg 1920w, https:\/\/www.neva.eu\/wp-content\/uploads\/NEVA-jak-na-stineni-terasy-3-300x150.jpg 300w, https:\/\/www.neva.eu\/wp-content\/uploads\/NEVA-jak-na-stineni-terasy-3-1024x512.jpg 1024w, https:\/\/www.neva.eu\/wp-content\/uploads\/NEVA-jak-na-stineni-terasy-3-768x384.jpg 768w, https:\/\/www.neva.eu\/wp-content\/uploads\/NEVA-jak-na-stineni-terasy-3-1536x768.jpg 1536w\" sizes=\"auto, (max-width: 1920px) 100vw, 1920px\" \/><\/figure>\n\n\n\n<div style=\"height:50px\" aria-hidden=\"true\" class=\"wp-block-spacer\"><\/div>\n\n\n\n<h2 class=\"has-text-align-left wp-block-heading\">Beschattungsm\u00f6glichkeiten f\u00fcr die Terrasse<\/h2>\n\n\n\n<div style=\"height:20px\" aria-hidden=\"true\" class=\"wp-block-spacer\"><\/div>\n\n\n<div class=\"wp-bootstrap-blocks-row row\">\n\t\n\n<div class=\"col-12 col-md-6\">\n\t\t\t\n\n<figure class=\"wp-block-image size-full\"><img loading=\"lazy\" decoding=\"async\" width=\"1920\" height=\"960\" src=\"https:\/\/www.neva.eu\/wp-content\/uploads\/neva-venkovni-zaluzie-porovnani-venkovniho-stineni.jpg\" alt=\"\" class=\"wp-image-1653\" srcset=\"https:\/\/www.neva.eu\/wp-content\/uploads\/neva-venkovni-zaluzie-porovnani-venkovniho-stineni.jpg 1920w, https:\/\/www.neva.eu\/wp-content\/uploads\/neva-venkovni-zaluzie-porovnani-venkovniho-stineni-1280x640.jpg 1280w, https:\/\/www.neva.eu\/wp-content\/uploads\/neva-venkovni-zaluzie-porovnani-venkovniho-stineni-940x470.jpg 940w, https:\/\/www.neva.eu\/wp-content\/uploads\/neva-venkovni-zaluzie-porovnani-venkovniho-stineni-758x379.jpg 758w, https:\/\/www.neva.eu\/wp-content\/uploads\/neva-venkovni-zaluzie-porovnani-venkovniho-stineni-425x213.jpg 425w\" sizes=\"auto, (max-width: 1920px) 100vw, 1920px\" \/><\/figure>\n\n\t<\/div>\n\n\n\n<div class=\"col-12 col-md-6\">\n\t\t\t\n\n<h3 class=\"wp-block-heading\">Einfache Beschattung: Sonnenschirm und Sonnensegel<\/h3>\n\n\n\n<p>Zu den einfachsten Beschattungsm\u00f6glichkeiten geh\u00f6ren Sonnenschirme oder Sonnensegel. <strong>Ein Sonnenschirm ist die preisg\u00fcnstigste Variante<\/strong> und l\u00e4sst sich einfach versetzen. Sein Nachteil ist die geringe Windbest\u00e4ndigkeit. <strong>Ein Sonnensegel h\u00e4lt besser stand<\/strong>, deckt eine viel gr\u00f6\u00dfere Fl\u00e4che ab und fortgeschrittene Modelle werden mithilfe eines Motors bedient.<\/p>\n\n\t<\/div>\n\n<\/div>\n\n\n\n<div style=\"height:50px\" aria-hidden=\"true\" class=\"wp-block-spacer\"><\/div>\n\n\n<div class=\"wp-bootstrap-blocks-row row\">\n\t\n\n<div class=\"col-12 col-md-6\">\n\t\t\t\n\n<h3 class=\"wp-block-heading\">Markisen: die einfachste L\u00f6sung der Beschattung<\/h3>\n\n\n\n<p>Neben den Teleskopmarkisen gibt es<strong> <\/strong>auch <strong>Terrassenmarkisen<\/strong>, deren Bestandteil auch eine Stahlkonstruktion ist. Der Hauptvorteil von Markisen besteht in <strong>gutem Schutz gegen Sonnenstrahlen <\/strong>und in einem breiten Angebot<strong> an Farben und Mustern<\/strong>.<\/p>\n\n\n\n<p><br>Es gibt auch <strong>Seitenmarkisen<\/strong>, die Schutz vor fremden Blicken sowie vor Wind gew\u00e4hren.<\/p>\n\n\t<\/div>\n\n\n\n<div class=\"col-12 col-md-6\">\n\t\t\t\n\n<figure class=\"wp-block-image size-large\"><img loading=\"lazy\" decoding=\"async\" width=\"1024\" height=\"512\" src=\"https:\/\/www.neva.eu\/wp-content\/uploads\/NEVA-stineni-markyza-3-1024x512.jpg\" alt=\"\" class=\"wp-image-20111\" srcset=\"https:\/\/www.neva.eu\/wp-content\/uploads\/NEVA-stineni-markyza-3-1024x512.jpg 1024w, https:\/\/www.neva.eu\/wp-content\/uploads\/NEVA-stineni-markyza-3-300x150.jpg 300w, https:\/\/www.neva.eu\/wp-content\/uploads\/NEVA-stineni-markyza-3-768x384.jpg 768w, https:\/\/www.neva.eu\/wp-content\/uploads\/NEVA-stineni-markyza-3-1536x768.jpg 1536w, https:\/\/www.neva.eu\/wp-content\/uploads\/NEVA-stineni-markyza-3.jpg 1920w\" sizes=\"auto, (max-width: 1024px) 100vw, 1024px\" \/><\/figure>\n\n\t<\/div>\n\n<\/div>\n\n\n\n<div style=\"height:50px\" aria-hidden=\"true\" class=\"wp-block-spacer\"><\/div>\n\n\n<div class=\"wp-bootstrap-blocks-row row\">\n\t\n\n<div class=\"col-12 col-md-6\">\n\t\t\t\n\n<figure class=\"wp-block-image size-large\"><img loading=\"lazy\" decoding=\"async\" width=\"1024\" height=\"512\" src=\"https:\/\/www.neva.eu\/wp-content\/uploads\/NEVA-jak-na-stineni-terasy-4-1024x512.jpg\" alt=\"\" class=\"wp-image-20158\" srcset=\"https:\/\/www.neva.eu\/wp-content\/uploads\/NEVA-jak-na-stineni-terasy-4-1024x512.jpg 1024w, https:\/\/www.neva.eu\/wp-content\/uploads\/NEVA-jak-na-stineni-terasy-4-300x150.jpg 300w, https:\/\/www.neva.eu\/wp-content\/uploads\/NEVA-jak-na-stineni-terasy-4-768x384.jpg 768w, https:\/\/www.neva.eu\/wp-content\/uploads\/NEVA-jak-na-stineni-terasy-4-1536x768.jpg 1536w, https:\/\/www.neva.eu\/wp-content\/uploads\/NEVA-jak-na-stineni-terasy-4.jpg 1920w\" sizes=\"auto, (max-width: 1024px) 100vw, 1024px\" \/><\/figure>\n\n\t<\/div>\n\n\n\n<div class=\"col-12 col-md-6\">\n\t\t\t\n\n<h3 class=\"wp-block-heading\">Nat\u00fcrliche Beschattung: pflanzen Sie B\u00e4ume, Efeu oder Wein<\/h3>\n\n\n\n<p>Kletterpflanzen auf der Terrasse geh\u00f6ren zu den<strong> sch\u00f6nsten und umweltfreundlichsten L\u00f6sungen<\/strong>. Verwenden Sie Wein, Efeu oder Wilden Wein. Ein gr\u00fcnes Dach oder eine gr\u00fcne Wand sorgt f\u00fcr ein angenehmes Klima, <strong>braucht jedoch Pflege<\/strong> \u2013 Sie m\u00fcssen die Pflanzen schneiden, gie\u00dfen und abgefallenes Laub entfernen.<br><strong>Bl\u00fchende B\u00e4ume spenden im Sommer Schatten<\/strong> an der Terrasse und sch\u00fctzen Sie zum Teil auch vor Regen. Str\u00e4ucher gew\u00e4hren Ihnen wiederum einen Schutz vor fremden Blicken.<\/p>\n\n\t<\/div>\n\n<\/div>\n\n\n        <section id=\"component-4cc8bd765edb6086f2830c9593b7a426\" class=\"component component-advantages section c-top   icon-boxes-wrapper\">\n                  <section class=\"component component-section-header section-header\">\n              <div class=\"container-xl\">\n          <div class=\"row\">\n          <div class=\"col-12 col-lg-6\">\n                <h2 class=\"section-header__title\">Au\u00dfenliegende Textilscreens: die effizienteste seitliche Beschattung der Terrasse<\/h2>\n      <\/div>\n              <div class=\"col-12 col-md-6\">\n        <div class=\"section-header__perex\">\n          <p>Sie gew\u00e4hren genug Sichtschutz, sch\u00fctzen vor starken Sonnenstrahlen sowie vor Regen und Wind. Beliebt sind insbesondere Textilscreens, Sie k\u00f6nnen jedoch auch klassische Rolll\u00e4den aus Aluminium oder Rollos aus umweltfreundlichen Materialien wie Bambus oder Schilf sehen.<\/p>\n\n        <\/div>\n      <\/div>\n      <\/div>\n          <\/div>\n      <\/section>\n              <div class=\"container-xl\">\n          <div class=\"row icon-boxes \">\n          <div class=\"col-md-6 col-xl-4\">\n                <section class=\"component component-icon-box icon-box\">\n              <div class=\"icon-box__icon\">\n            <picture class=\"d-inline-block w-100 h-100\">\n                      <source srcset=\"https:\/\/www.neva.eu\/wp-content\/cache\/image\/icon-detail-jsou-domykatelne-100x100-c-center.webp\" type=\"image\/webp\" width=\"100\" height=\"100\">\n            <source srcset=\"https:\/\/www.neva.eu\/wp-content\/cache\/image\/icon-detail-jsou-domykatelne-100x100-c-center.png\" type=\"image\/png\" width=\"100\" height=\"100\">\n                <img decoding=\"async\" src=\"https:\/\/www.neva.eu\/wp-content\/uploads\/icon-detail-jsou-domykatelne.png\" type=\"image\/png\" width=\"96\" height=\"97\" alt=\"\" loading=\"lazy\" class=\"img-fluid\">\n        <\/picture>\n\n  <\/div>\n  <div class=\"icon-box__inner\">\n    <h3 class=\"icon-box__title\">\n      Rollos aus Bambus und Schilf\n    <\/h3>\n    <div class=\"icon-box__text apply-formatting\">\n      <p>Ihr Hauptvorteil besteht darin, dass sie zu klassischen Holzpergolen ideal passen. Zudem handelt es sich um Naturmaterialien, die umweltfreundlich sind.&nbsp;<\/p>\n\n    <\/div>\n      <\/div>\n      <\/section>\n      <\/div>\n          <div class=\"col-md-6 col-xl-4\">\n                <section class=\"component component-icon-box icon-box\">\n              <div class=\"icon-box__icon\">\n            <picture class=\"d-inline-block w-100 h-100\">\n                      <source srcset=\"https:\/\/www.neva.eu\/wp-content\/cache\/image\/icon-detail-zatemeni-latkove-rolety-100x100-c-center.webp\" type=\"image\/webp\" width=\"100\" height=\"100\">\n            <source srcset=\"https:\/\/www.neva.eu\/wp-content\/cache\/image\/icon-detail-zatemeni-latkove-rolety-100x100-c-center.png\" type=\"image\/png\" width=\"100\" height=\"100\">\n                <img decoding=\"async\" src=\"https:\/\/www.neva.eu\/wp-content\/uploads\/icon-detail-zatemeni-latkove-rolety.png\" type=\"image\/png\" width=\"96\" height=\"96\" alt=\"\" loading=\"lazy\" class=\"img-fluid\">\n        <\/picture>\n\n  <\/div>\n  <div class=\"icon-box__inner\">\n    <h3 class=\"icon-box__title\">\n      Textilscreens f\u00fcr die Terrasse\n    <\/h3>\n    <div class=\"icon-box__text apply-formatting\">\n      <p>Au\u00dfenliegende Textilscreens haben den Vorteil, dass Sie durch sie nach au\u00dfen sehen, niemand sieht jedoch durch sie hinein (ausgenommen Situationen, wo es drau\u00dfen dunkel ist und Sie das Licht eingeschaltet haben). Sie regulieren ausgezeichnet den Lichteinfall sowie die Temperatur. Die best\u00e4ndigste Variante sind \u201eZipscreens\u201c, bei denen der Stoff mit der F\u00fchrungsleiste fest verbunden ist. Sie halten dem Wind besser stand als Aluminium-Rolll\u00e4den.<\/p>\n\n    <\/div>\n      <\/div>\n      <\/section>\n      <\/div>\n          <div class=\"col-md-6 col-xl-4\">\n                <section class=\"component component-icon-box icon-box\">\n              <div class=\"icon-box__icon\">\n            <picture class=\"d-inline-block w-100 h-100\">\n                      <source srcset=\"https:\/\/www.neva.eu\/wp-content\/cache\/image\/icon-pergola-latkove-rolety-100x100-c-center.webp\" type=\"image\/webp\" width=\"100\" height=\"100\">\n            <source srcset=\"https:\/\/www.neva.eu\/wp-content\/cache\/image\/icon-pergola-latkove-rolety-100x100-c-center.png\" type=\"image\/png\" width=\"100\" height=\"100\">\n                <img decoding=\"async\" src=\"https:\/\/www.neva.eu\/wp-content\/uploads\/icon-pergola-latkove-rolety.png\" type=\"image\/png\" width=\"97\" height=\"97\" alt=\"\" loading=\"lazy\" class=\"img-fluid\">\n        <\/picture>\n\n  <\/div>\n  <div class=\"icon-box__inner\">\n    <h3 class=\"icon-box__title\">\n      Aluminium-Rolll\u00e4den f\u00fcr die Terrasse\n    <\/h3>\n    <div class=\"icon-box__text apply-formatting\">\n      <p>Sie sch\u00fctzen gegen die W\u00e4rme von au\u00dfen und verdunkeln gut. Im Vergleich zu Textilscreens haben sie den Nachteil, dass Sie durch sie nicht nach au\u00dfen sehen. Zudem halten sie nicht so gut dem Wind&nbsp;stand.<\/p>\n\n    <\/div>\n      <\/div>\n      <\/section>\n      <\/div>\n      <\/div>\n            <\/div>\n      <\/section>\n\n\n\n<div class=\"wp-block-advgb-button aligncenter is-style-squared advgb-dyn-9fb43049\"><a class=\"wp-block-advgb-button_link advgbbtn-414c0bf8-907e-4c3b-b061-966e70cfdcd0\" href=\"https:\/\/www.neva.eu\/de\/textilscreens\/zipscreen\/\" target=\"_self\" rel=\"noopener noreferrer\"><span><span>Schauen Sie sich unsere Textilscreens an<\/span><\/span><\/a><\/div>\n\n\n        <section id=\"component-293d2c3135cf83ec779685b140c247fa\" class=\"component component-store-locator section c-top store-locator-wrapper\">\n                  <section class=\"component component-section-header section-header\">\n              <div class=\"container-xl\">\n          <div class=\"row\">\n          <div class=\"col-12 col-lg-6\">\n                <h2 class=\"section-header__title mb-0\">H\u00e4ndler in der N\u00e4he suchen<\/h2>\n      <\/div>\n          <\/div>\n          <\/div>\n      <\/section>\n              <div class=\"container-xl\">\n          <div class=\"store-locator\">\n    <form class=\"store-locator__inner\" action=\"https:\/\/www.neva.eu\/de\/handlersuche\/\">\n      <div class=\"store-locator__field\">\n        <label for=\"country\" class=\"store-locator__label\">Land<\/label>\n        <div class=\"dropdown\">\n          <select id=\"country\" name=\"country\">\n                          <option value=\"AU\">Australien<\/option>\n                          <option value=\"BE\">Belgien<\/option>\n                          <option value=\"BG\">Bulgarien<\/option>\n                          <option value=\"DK\">D\u00e4nemark<\/option>\n                          <option value=\"DE\">Deutschland<\/option>\n                          <option value=\"FR\">Frankreich<\/option>\n                          <option value=\"GR\">Griechenland<\/option>\n                          <option value=\"GB\">Gro\u00dfbritannien<\/option>\n                          <option value=\"IL\">Israel<\/option>\n                          <option value=\"IT\">Italien<\/option>\n                          <option value=\"JP\">Japan<\/option>\n                          <option value=\"HR\">Kroatien<\/option>\n                          <option value=\"LI\">Liechtenstein<\/option>\n                          <option value=\"LU\">Luxemburg<\/option>\n                          <option value=\"NL\">Niederlande<\/option>\n                          <option value=\"NO\">Norway<\/option>\n                          <option value=\"AT\">\u00d6sterreich<\/option>\n                          <option value=\"PL\">Polen<\/option>\n                          <option value=\"PT\">Portugal<\/option>\n                          <option value=\"RO\">Rum\u00e4nien<\/option>\n                          <option value=\"SE\">Schweden<\/option>\n                          <option value=\"CH\">Schweiz<\/option>\n                          <option value=\"SK\">Slowakei<\/option>\n                          <option value=\"SI\">Slowenien<\/option>\n                          <option value=\"ES\">Spanien<\/option>\n                          <option value=\"CZ\">Tschechien<\/option>\n                          <option value=\"HU\">Ungarn<\/option>\n                          <option value=\"VN\">Vietnam<\/option>\n                          <option value=\"CY\">Zypern<\/option>\n                      <\/select>\n        <\/div>\n      <\/div>\n      <button class=\"button store-locator__button\">\n        H\u00e4ndler suchen\n          <span class=\"svg-icon svg-icon--search\">\n    <svg><use xlink:href=\"https:\/\/www.neva.eu\/wp-content\/themes\/neva\/static\/images\/sprite.svg#search\"><\/use><\/svg>\n  <\/span>\n\n      <\/button>\n    <\/form>\n  <\/div>\n          <\/div>\n      <\/section>\n\n<\/div>\n<style class=\"advgb-styles-renderer\">.advgbbtn-414c0bf8-907e-4c3b-b061-966e70cfdcd0{font-size:18px;color:#ffffff !important;background-color:#00afd7 !important;margin:0px 0px 0px 0px !important;padding:10px 30px 10px 30px;border-width:1px !important;border-style:none;border-radius:50px !important;}.advgbbtn-414c0bf8-907e-4c3b-b061-966e70cfdcd0:hover{background-color:#3598bd !important;box-shadow:1px 1px 12px 0px #ffffff;opacity:1;transition:all 0.2s ease;}.advgbbtn-414c0bf8-907e-4c3b-b061-966e70cfdcd0 > i {display: none !important;}.advgbbtn-414c0bf8-907e-4c3b-b061-966e70cfdcd0{font-size:18px;color:#ffffff !important;background-color:#00afd7 !important;margin:0px 0px 0px 0px !important;padding:10px 30px 10px 30px;border-width:1px !important;border-style:none;border-radius:50px !important;}.advgbbtn-414c0bf8-907e-4c3b-b061-966e70cfdcd0:hover{background-color:#3598bd !important;box-shadow:1px 1px 12px 0px #ffffff;opacity:1;transition:all 0.2s ease;}.advgbbtn-414c0bf8-907e-4c3b-b061-966e70cfdcd0 > i {display: none !important;}<\/style>","protected":false},"excerpt":{"rendered":"","protected":false},"author":26,"featured_media":0,"parent":11523,"menu_order":43,"comment_status":"closed","ping_status":"closed","template":"","meta":{"_acf_changed":false,"advgb_blocks_editor_width":"","advgb_blocks_columns_visual_guide":"","_daim_seo_power":"1000","_daim_enable_ail":"1","footnotes":""},"class_list":["post-20327","page","type-page","status-publish","hentry"],"acf":[],"aioseo_notices":[],"coauthors":[],"author_meta":{"author_link":"https:\/\/www.neva.eu\/de\/author\/zidlikova\/","display_name":"So\u0148a \u017didl\u00edkov\u00e1"},"relative_dates":{"created":"Ver\u00f6ffentlicht 3 years vor","modified":"Aktualisiert 3 years vor"},"absolute_dates":{"created":"Ver\u00f6ffentlicht am 22. 12. 2022","modified":"Aktualisiert am 3. 1. 2023"},"absolute_dates_time":{"created":"Ver\u00f6ffentlicht am 22. 12. 2022 8:46","modified":"Aktualisiert am 3. 1. 2023 14:54"},"featured_img_caption":"","featured_img":false,"series_order":"","_links":{"self":[{"href":"https:\/\/www.neva.eu\/de\/wp-json\/wp\/v2\/pages\/20327","targetHints":{"allow":["GET"]}}],"collection":[{"href":"https:\/\/www.neva.eu\/de\/wp-json\/wp\/v2\/pages"}],"about":[{"href":"https:\/\/www.neva.eu\/de\/wp-json\/wp\/v2\/types\/page"}],"author":[{"embeddable":true,"href":"https:\/\/www.neva.eu\/de\/wp-json\/wp\/v2\/users\/26"}],"replies":[{"embeddable":true,"href":"https:\/\/www.neva.eu\/de\/wp-json\/wp\/v2\/comments?post=20327"}],"version-history":[{"count":2,"href":"https:\/\/www.neva.eu\/de\/wp-json\/wp\/v2\/pages\/20327\/revisions"}],"predecessor-version":[{"id":20426,"href":"https:\/\/www.neva.eu\/de\/wp-json\/wp\/v2\/pages\/20327\/revisions\/20426"}],"up":[{"embeddable":true,"href":"https:\/\/www.neva.eu\/de\/wp-json\/wp\/v2\/pages\/11523"}],"wp:attachment":[{"href":"https:\/\/www.neva.eu\/de\/wp-json\/wp\/v2\/media?parent=20327"}],"curies":[{"name":"wp","href":"https:\/\/api.w.org\/{rel}","templated":true}]}}