{"id":20309,"date":"2021-10-15T13:49:26","date_gmt":"2021-10-15T11:49:26","guid":{"rendered":"https:\/\/www.neva.eu\/uber-uns\/moderne-produktion-von-raffstores\/"},"modified":"2025-07-14T13:33:36","modified_gmt":"2025-07-14T11:33:36","slug":"moderne-produktion-von-raffstores","status":"publish","type":"page","link":"https:\/\/www.neva.eu\/de\/uber-uns\/moderne-produktion-von-raffstores\/","title":{"rendered":"Moderne Produktion von Raffstores"},"content":{"rendered":"        <section id=\"component-996f73a2b1de6347acbb43cb81533ed1\" class=\"component component-page-header page-header\">\n                    <section class=\"component component-breadcrumb\">\n              <div class=\"container-xl\">\n          <nav aria-label=\"breadcrumb\">\n    <ol class=\"breadcrumb\" itemscope itemtype=\"http:\/\/schema.org\/BreadcrumbList\">\n                      <li class=\"breadcrumb-item\"itemprop=\"itemListElement\" itemscope itemtype=\"http:\/\/schema.org\/ListItem\">\n                      <a href=\"https:\/\/www.neva.eu\/de\/\" class=\"breadcrumb-item-link\" itemscope itemtype=\"http:\/\/schema.org\/Thing\" itemprop=\"item\" id=\"breadcrumb-item-1\">\n              <span itemprop=\"name\">\n                Startseite\n              <\/span>\n            <\/a>\n            <meta itemprop=\"position\" content=\"1\" \/>\n                  <\/li>\n                      <li class=\"breadcrumb-item active\"itemprop=\"itemListElement\" itemscope itemtype=\"http:\/\/schema.org\/ListItem\" aria-current=\"page\">\n                      <span class=\"current\" itemscope itemtype=\"http:\/\/schema.org\/Thing\" itemprop=\"item\" id=\"breadcrumb-item-2\">\n              <span itemprop=\"name\">\n                \u00dcber uns\n              <\/span>\n            <\/span>\n            <meta itemprop=\"position\" content=\"2\" \/>\n                  <\/li>\n          <\/ol>\n  <\/nav>\n          <\/div>\n      <\/section>\n\n<div class=\"page-header__inner\">\n  <div class=\"container-xl\">\n          <h1 class=\"page-header__title\">Moderne Produktion von Raffstores<\/h1>\n              <\/div>\n<\/div>\n      <\/section>\n\n\n<div class=\"wp-bootstrap-blocks-container container mb-2\">\n\t\n\n<div class=\"wp-block-columns is-layout-flex wp-container-core-columns-is-layout-9d6595d7 wp-block-columns-is-layout-flex\">\n<div class=\"wp-block-column is-layout-flow wp-block-column-is-layout-flow\">\n<p class=\"has-text-align-left\">Unsere Produktion z\u00e4hlt zu den progressivsten in Mitteleuropa \u2013 das Material wird am h\u00e4ufigsten aus der Schweiz oder Frankreich bezogen. Wir verf\u00fcgen \u00fcber 6 automatisierte Walzanlagen, am 3D-Drucker werden Prototypen der Produkte gedruckt und beispielsweise die Formtreue der Blenden wird mit Hilfe eines Lasers gepr\u00fcft.<\/p>\n<\/div>\n\n\n\n<div class=\"wp-block-column is-layout-flow wp-block-column-is-layout-flow\">\n<p><\/p>\n<\/div>\n<\/div>\n\n\n        <section id=\"component-c0396311740121f8a41c96c71bb8da82\" class=\"component component-gallery\">\n                        <div class=\"gallery-columns gallery-lightgallery-js pb-6 pb-md-8\">\n          <div class=\"gallery-item gallery-item-1\">\n                  <a href=\"https:\/\/www.neva.eu\/wp-content\/uploads\/NEVA-moderni-vyroba-web-1.jpg\" class=\"gallery-item-img js-lightbox\">\n                    <picture class=\"d-inline-block w-100 h-100 w-100 h-100\">\n                      <source srcset=\"https:\/\/www.neva.eu\/wp-content\/cache\/image\/NEVA-moderni-vyroba-web-1.webp\" type=\"image\/webp\">\n                <img decoding=\"async\" src=\"https:\/\/www.neva.eu\/wp-content\/uploads\/NEVA-moderni-vyroba-web-1.jpg\" type=\"image\/jpeg\" width=\"1920\" height=\"960\" alt=\"\" loading=\"lazy\" class=\"img-fluid\">\n        <\/picture>\n          <\/a>\n              <\/div>\n          <div class=\"gallery-item gallery-item-2\">\n                  <a href=\"https:\/\/www.neva.eu\/wp-content\/uploads\/NEVA-moderni-vyroba-web-3.jpg\" class=\"gallery-item-img js-lightbox\">\n                    <picture class=\"d-inline-block w-100 h-100 w-100 h-100\">\n                      <source srcset=\"https:\/\/www.neva.eu\/wp-content\/cache\/image\/NEVA-moderni-vyroba-web-3.webp\" type=\"image\/webp\">\n                <img decoding=\"async\" src=\"https:\/\/www.neva.eu\/wp-content\/uploads\/NEVA-moderni-vyroba-web-3.jpg\" type=\"image\/jpeg\" width=\"1920\" height=\"960\" alt=\"\" loading=\"lazy\" class=\"img-fluid\">\n        <\/picture>\n          <\/a>\n              <\/div>\n          <div class=\"gallery-item gallery-item-3\">\n                  <a href=\"https:\/\/www.neva.eu\/wp-content\/uploads\/NEVA-moderni-vyroba-web-2.jpg\" class=\"gallery-item-img js-lightbox\">\n                    <picture class=\"d-inline-block w-100 h-100 w-100 h-100\">\n                      <source srcset=\"https:\/\/www.neva.eu\/wp-content\/cache\/image\/NEVA-moderni-vyroba-web-2.webp\" type=\"image\/webp\">\n                <img decoding=\"async\" src=\"https:\/\/www.neva.eu\/wp-content\/uploads\/NEVA-moderni-vyroba-web-2.jpg\" type=\"image\/jpeg\" width=\"1920\" height=\"960\" alt=\"\" loading=\"lazy\" class=\"img-fluid\">\n        <\/picture>\n          <\/a>\n              <\/div>\n          <div class=\"gallery-item gallery-item-4\">\n                  <a href=\"https:\/\/www.neva.eu\/wp-content\/uploads\/NEVA-moderni-vyroba-web-4.jpg\" class=\"gallery-item-img js-lightbox\">\n                    <picture class=\"d-inline-block w-100 h-100 w-100 h-100\">\n                      <source srcset=\"https:\/\/www.neva.eu\/wp-content\/cache\/image\/NEVA-moderni-vyroba-web-4.webp\" type=\"image\/webp\">\n                <img decoding=\"async\" src=\"https:\/\/www.neva.eu\/wp-content\/uploads\/NEVA-moderni-vyroba-web-4.jpg\" type=\"image\/jpeg\" width=\"1920\" height=\"960\" alt=\"\" loading=\"lazy\" class=\"img-fluid\">\n        <\/picture>\n            <div class=\"item-length\">+1<\/div>\n          <\/a>\n              <\/div>\n          <div class=\"gallery-item gallery-item-5 d-none\">\n                  <a href=\"https:\/\/www.neva.eu\/wp-content\/uploads\/NEVA-moderni-vyroba-web-5.jpg\" class=\"gallery-item-img js-lightbox\">\n                    <picture class=\"d-inline-block w-100 h-100 w-100 h-100\">\n                      <source srcset=\"https:\/\/www.neva.eu\/wp-content\/cache\/image\/NEVA-moderni-vyroba-web-5.webp\" type=\"image\/webp\">\n                <img decoding=\"async\" src=\"https:\/\/www.neva.eu\/wp-content\/uploads\/NEVA-moderni-vyroba-web-5.jpg\" type=\"image\/jpeg\" width=\"1920\" height=\"960\" alt=\"\" loading=\"lazy\" class=\"img-fluid\">\n        <\/picture>\n          <\/a>\n              <\/div>\n      <\/div>\n      <\/section>\n\n\n        <section id=\"component-46f70e33f4e4d36972b6ea3accc79530\" class=\"component component-advantages section c-top   icon-boxes-wrapper\">\n                  <section class=\"component component-section-header section-header\">\n              <div class=\"container-xl\">\n          <div class=\"row\">\n          <div class=\"col-12 col-lg-6\">\n                <h2 class=\"section-header__title\">Grundlage unserer Produktion ist absolute Sauberkeit<\/h2>\n      <\/div>\n              <div class=\"col-12 col-md-6\">\n        <div class=\"section-header__perex\">\n          <p>In der Produktion wird sogar mehrmals t\u00e4glich gereinigt und jeder Mitarbeiter pr\u00fcft am Schichtende seinen Arbeitsplatz. Die Sauberkeit unserer Produktion wundert jeden, der hier vorbeikommt \u2013 auch unsere Partner aus dem Ausland.<\/p>\n\n        <\/div>\n      <\/div>\n      <\/div>\n          <\/div>\n      <\/section>\n              <div class=\"container-xl\">\n          <div class=\"row icon-boxes \">\n          <div class=\"col-md-6 col-xl-4\">\n                <section class=\"component component-icon-box icon-box\">\n              <div class=\"icon-box__icon\">\n            <picture class=\"d-inline-block w-100 h-100\">\n                      <source srcset=\"https:\/\/www.neva.eu\/wp-content\/cache\/image\/icon-partner-prvotridni-vybaveni-100x100-c-center.webp\" type=\"image\/webp\" width=\"100\" height=\"100\">\n            <source srcset=\"https:\/\/www.neva.eu\/wp-content\/cache\/image\/icon-partner-prvotridni-vybaveni-100x100-c-center.png\" type=\"image\/png\" width=\"100\" height=\"100\">\n                <img decoding=\"async\" src=\"https:\/\/www.neva.eu\/wp-content\/uploads\/icon-partner-prvotridni-vybaveni.png\" type=\"image\/png\" width=\"96\" height=\"97\" alt=\"\" loading=\"lazy\" class=\"img-fluid\">\n        <\/picture>\n\n  <\/div>\n  <div class=\"icon-box__inner\">\n    <h3 class=\"icon-box__title\">\n      Innovative Maschinen- und Anlagentechnik\n    <\/h3>\n    <div class=\"icon-box__text apply-formatting\">\n      <p>Dank Spitzenmaschinen, zu denen beispielsweise die neueste Walzanlage von ZEBR geh\u00f6rt, halten wir Schritt mit den anspruchsvollsten Anforderungen unserer Kunden sowie von Architekten weltweit.<\/p>\n\n    <\/div>\n      <\/div>\n      <\/section>\n      <\/div>\n          <div class=\"col-md-6 col-xl-4\">\n                <section class=\"component component-icon-box icon-box\">\n              <div class=\"icon-box__icon\">\n            <picture class=\"d-inline-block w-100 h-100\">\n                      <source srcset=\"https:\/\/www.neva.eu\/wp-content\/cache\/image\/icon-partner-zaluzie-na-miru-100x100-c-center.webp\" type=\"image\/webp\" width=\"100\" height=\"100\">\n            <source srcset=\"https:\/\/www.neva.eu\/wp-content\/cache\/image\/icon-partner-zaluzie-na-miru-100x100-c-center.png\" type=\"image\/png\" width=\"100\" height=\"100\">\n                <img decoding=\"async\" src=\"https:\/\/www.neva.eu\/wp-content\/uploads\/icon-partner-zaluzie-na-miru.png\" type=\"image\/png\" width=\"96\" height=\"97\" alt=\"\" loading=\"lazy\" class=\"img-fluid\">\n        <\/picture>\n\n  <\/div>\n  <div class=\"icon-box__inner\">\n    <h3 class=\"icon-box__title\">\n      Entwicklung\n    <\/h3>\n    <div class=\"icon-box__text apply-formatting\">\n      <p>Zur Prototypenherstellung und zum Druck von kleinen Komponenten wird ein 3D-Drucker verwendet. Wir selbst haben beispielsweise den Unterputzkasten ISO-KASTL entwickelt, der die Montage von Raffstores unter die Fassade erleichtert.<\/p>\n\n    <\/div>\n      <\/div>\n      <\/section>\n      <\/div>\n          <div class=\"col-md-6 col-xl-4\">\n                <section class=\"component component-icon-box icon-box\">\n              <div class=\"icon-box__icon\">\n            <picture class=\"d-inline-block w-100 h-100\">\n                      <source srcset=\"https:\/\/www.neva.eu\/wp-content\/cache\/image\/icon-partner-mame-vlastni-lakovnu-100x100-c-center.webp\" type=\"image\/webp\" width=\"100\" height=\"100\">\n            <source srcset=\"https:\/\/www.neva.eu\/wp-content\/cache\/image\/icon-partner-mame-vlastni-lakovnu-100x100-c-center.png\" type=\"image\/png\" width=\"100\" height=\"100\">\n                <img decoding=\"async\" src=\"https:\/\/www.neva.eu\/wp-content\/uploads\/icon-partner-mame-vlastni-lakovnu.png\" type=\"image\/png\" width=\"96\" height=\"97\" alt=\"\" loading=\"lazy\" class=\"img-fluid\">\n        <\/picture>\n\n  <\/div>\n  <div class=\"icon-box__inner\">\n    <h3 class=\"icon-box__title\">\n      Eigene Pulverbeschichtungsanlage\n    <\/h3>\n    <div class=\"icon-box__text apply-formatting\">\n      <p>Um unabh\u00e4ngig zu werden, haben wir 2014 unsere eigene Pulverbeschichtungsanlage errichtet. Der Qualit\u00e4tsstandard sowie Termine werden von uns selbst festgelegt und wir garantieren erstklassig geleistete Arbeit.<\/p>\n\n    <\/div>\n      <\/div>\n      <\/section>\n      <\/div>\n      <\/div>\n            <\/div>\n      <\/section>\n\n\n\n<div class=\"wp-block-advgb-video advgb-video-block full-width advgb-video-lightbox\" data-video=\"https:\/\/www.youtube.com\/embed\/cyIlSHJqun8?rel=0&amp;wmode=transparent\" data-source=\"youtube\" data-video-attr=\"controls,playsinline\" data-video-preload=\"metadata\"><div class=\"advgb-video-wrapper full-width\" style=\"background-color:#EEEEEE\"><div class=\"advgb-video-poster\" style=\"background-image:url(https:\/\/www.neva.eu\/wp-content\/uploads\/NEVA-moderni-vyroba-video-nahled-1.jpg)\"><\/div><div class=\"advgb-button-wrapper\" style=\"height:450px\"><div class=\"advgb-play-button\" style=\"color:#fff\"><svg xmlns=\"http:\/\/www.w3.org\/2000\/svg\" width=\"80\" height=\"80\" viewBox=\"0 0 24 24\"><path d=\"M8 5v14l11-7z\"><\/path><path d=\"M0 0h24v24H0z\" fill=\"none\"><\/path><\/svg><\/div><\/div><\/div><\/div>\n\n\n\n<div style=\"height:100px\" aria-hidden=\"true\" class=\"wp-block-spacer\"><\/div>\n\n\n<div class=\"wp-bootstrap-blocks-row row g-0\">\n\t\n\n<div class=\"col-12 col-md-6\">\n\t\t\t\n\n<h3 class=\"wp-block-heading\">Automatisierung<\/h3>\n\n\n\n<p>2019 haben wir eine der modernsten Walzanlagen Europas gekauft. Diese im Auftrag hergestellte Walzanlage verf\u00fcgt \u00fcber eingebaute vierfache Radial-Nietung und erm\u00f6glicht uns, um fast ein Drittel mehr Raffstores Z90 als fr\u00fcher daran zu produzieren. Dar\u00fcber hinaus funktioniert sie nach dem Prinzip eines intelligenten Managementsystems \u2013 Daten der Kundenauftr\u00e4ge flie\u00dfen unmittelbar in die Maschinen, ohne dass diese manuell umgeschrieben werden.<\/p>\n\n\t<\/div>\n\n\n\n<div class=\"col-12 col-md-6\">\n\t\t\t\n\n<figure class=\"wp-block-image size-full is-style-default\"><img decoding=\"async\" src=\"https:\/\/www.neva.eu\/wp-content\/uploads\/neva-1920x1280px.jpg\" alt=\"\" class=\"wp-image-14897\" width=\"NaN\" height=\"NaN\" srcset=\"https:\/\/www.neva.eu\/wp-content\/uploads\/neva-1920x1280px.jpg 1920w, https:\/\/www.neva.eu\/wp-content\/uploads\/neva-1920x1280px-1536x1024.jpg 1536w, https:\/\/www.neva.eu\/wp-content\/uploads\/neva-1920x1280px-1280x853.jpg 1280w, https:\/\/www.neva.eu\/wp-content\/uploads\/neva-1920x1280px-940x627.jpg 940w, https:\/\/www.neva.eu\/wp-content\/uploads\/neva-1920x1280px-758x505.jpg 758w, https:\/\/www.neva.eu\/wp-content\/uploads\/neva-1920x1280px-425x283.jpg 425w\" sizes=\"(max-width: 1920px) 100vw, 1920px\" \/><\/figure>\n\n\t<\/div>\n\n<\/div>\n\n\n\n<div style=\"height:75px\" aria-hidden=\"true\" class=\"wp-block-spacer\"><\/div>\n\n\n<div class=\"wp-bootstrap-blocks-row row\">\n\t\n\n<div class=\"col-12 col-md-6\">\n\t\t\t\n\n<figure class=\"wp-block-image size-full is-style-default\"><img decoding=\"async\" src=\"https:\/\/www.neva.eu\/wp-content\/uploads\/neva-1920x1280px-1.jpg\" alt=\"\" class=\"wp-image-14903\" width=\"NaN\" height=\"NaN\" srcset=\"https:\/\/www.neva.eu\/wp-content\/uploads\/neva-1920x1280px-1.jpg 1920w, https:\/\/www.neva.eu\/wp-content\/uploads\/neva-1920x1280px-1-1536x1024.jpg 1536w, https:\/\/www.neva.eu\/wp-content\/uploads\/neva-1920x1280px-1-1280x853.jpg 1280w, https:\/\/www.neva.eu\/wp-content\/uploads\/neva-1920x1280px-1-940x627.jpg 940w, https:\/\/www.neva.eu\/wp-content\/uploads\/neva-1920x1280px-1-758x505.jpg 758w, https:\/\/www.neva.eu\/wp-content\/uploads\/neva-1920x1280px-1-425x283.jpg 425w\" sizes=\"(max-width: 1920px) 100vw, 1920px\" \/><\/figure>\n\n\t<\/div>\n\n\n\n<div class=\"col-12 col-md-6\">\n\t\t\t\n\n<h3 class=\"wp-block-heading\">Sorgf\u00e4ltige Kontrolle<\/h3>\n\n\n\n<p>Die Raffstores werden w\u00e4hrend der Produktion sogar mehrmals gepr\u00fcft. Neben Lackschichtdicke oder Glanz wird auch Funktionsf\u00e4higkeit aller Teile der Raffstores \u00fcberwacht. Nach der Komplettierung durchlaufen die Raffstores die Endkontrolle. S\u00e4mtliche Einstellungen erfolgen bereits in der Produktion, sodass sie auf der Baustelle nur noch zu verankern sind.<\/p>\n\n\t<\/div>\n\n<\/div>\n\n<\/div>\n\n\n        <section id=\"component-c75c0c4f23071dde6ef721fa930e1be0\" class=\"component component-hero\">\n              <div class=\"h-100 hero__image\">\n            <picture class=\"d-inline-block w-100 h-100\">\n                      <source srcset=\"https:\/\/www.neva.eu\/wp-content\/cache\/image\/NEVA-moderni-vyroba-web-1-1920x680-c-center.webp\" type=\"image\/webp\" width=\"1920\" height=\"680\" media=\"(min-width: 1500px)\">\n            <source srcset=\"https:\/\/www.neva.eu\/wp-content\/cache\/image\/NEVA-moderni-vyroba-web-1-1920x680-c-center.jpg\" type=\"image\/jpeg\" width=\"1920\" height=\"680\" media=\"(min-width: 1500px)\">\n            <source srcset=\"https:\/\/www.neva.eu\/wp-content\/cache\/image\/NEVA-moderni-vyroba-web-1-1440x680-c-center.webp\" type=\"image\/webp\" width=\"1440\" height=\"680\" media=\"(min-width: 768px)\">\n            <source srcset=\"https:\/\/www.neva.eu\/wp-content\/cache\/image\/NEVA-moderni-vyroba-web-1-1440x680-c-center.jpg\" type=\"image\/jpeg\" width=\"1440\" height=\"680\" media=\"(min-width: 768px)\">\n            <source srcset=\"https:\/\/www.neva.eu\/wp-content\/cache\/image\/NEVA-moderni-vyroba-web-1-680x680-c-center.webp\" type=\"image\/webp\" width=\"680\" height=\"680\">\n            <source srcset=\"https:\/\/www.neva.eu\/wp-content\/cache\/image\/NEVA-moderni-vyroba-web-1-680x680-c-center.jpg\" type=\"image\/jpeg\" width=\"680\" height=\"680\">\n                <img decoding=\"async\" src=\"https:\/\/www.neva.eu\/wp-content\/uploads\/NEVA-moderni-vyroba-web-1.jpg\" type=\"image\/jpeg\" width=\"1920\" height=\"960\" alt=\"\" loading=\"lazy\" class=\"img-fluid\">\n        <\/picture>\n\n  <\/div>\n  <div class=\"d-flex align-items-end hero__inner\">\n    <div class=\"container-xl mb-4\">\n      <div class=\"caption-box has-link\">\n                  <p class=\"caption-box__subtitle\">\n            Dann besuchen Sie uns\n          <\/p>\n                          <h2 class=\"caption-box__title\">\n            <a href=\"https:\/\/www.neva.eu\/de\/betriebsbesichtigung\/\" target=\"\">\n              Wollen Sie unsere Produktion live&nbsp;sehen?\n            <\/a>\n          <\/h2>\n                          <p class=\"caption-box__text\">Kommen Sie pers\u00f6nlich vorbei, um zu sehen, wie Raffstores an der erstklassigen Maschinen- und Anlagentechnik hergestellt werden. Schreiben Sie uns, wir vereinbaren mit Ihnen einen Termin, an dem wir Sie durch unsere Produktionshalle f\u00fchren.<\/p>\n                          <a href=\"https:\/\/www.neva.eu\/de\/betriebsbesichtigung\/\" target=\"\" class=\"button caption-box__button\">\n            Termin reservieren\n          <\/a>\n              <\/div>\n    <\/div>\n  <\/div>\n      <\/section>\n","protected":false},"excerpt":{"rendered":"","protected":false},"author":4,"featured_media":14942,"parent":4637,"menu_order":75,"comment_status":"closed","ping_status":"closed","template":"","meta":{"_acf_changed":false,"advgb_blocks_editor_width":"","advgb_blocks_columns_visual_guide":"","_daim_seo_power":"1000","_daim_enable_ail":"1","footnotes":""},"class_list":["post-20309","page","type-page","status-publish","has-post-thumbnail","hentry"],"acf":[],"aioseo_notices":[],"coauthors":[],"author_meta":{"author_link":"https:\/\/www.neva.eu\/de\/author\/matousek\/","display_name":"Miloslav Matou\u0161ek"},"relative_dates":{"created":"Ver\u00f6ffentlicht 5 years vor","modified":"Aktualisiert 10 months vor"},"absolute_dates":{"created":"Ver\u00f6ffentlicht am 15. 10. 2021","modified":"Aktualisiert am 14. 7. 2025"},"absolute_dates_time":{"created":"Ver\u00f6ffentlicht am 15. 10. 2021 13:49","modified":"Aktualisiert am 14. 7. 2025 13:33"},"featured_img_caption":"","featured_img":"https:\/\/www.neva.eu\/wp-content\/uploads\/img-6332-1.jpg","series_order":"","_links":{"self":[{"href":"https:\/\/www.neva.eu\/de\/wp-json\/wp\/v2\/pages\/20309","targetHints":{"allow":["GET"]}}],"collection":[{"href":"https:\/\/www.neva.eu\/de\/wp-json\/wp\/v2\/pages"}],"about":[{"href":"https:\/\/www.neva.eu\/de\/wp-json\/wp\/v2\/types\/page"}],"author":[{"embeddable":true,"href":"https:\/\/www.neva.eu\/de\/wp-json\/wp\/v2\/users\/4"}],"replies":[{"embeddable":true,"href":"https:\/\/www.neva.eu\/de\/wp-json\/wp\/v2\/comments?post=20309"}],"version-history":[{"count":5,"href":"https:\/\/www.neva.eu\/de\/wp-json\/wp\/v2\/pages\/20309\/revisions"}],"predecessor-version":[{"id":29174,"href":"https:\/\/www.neva.eu\/de\/wp-json\/wp\/v2\/pages\/20309\/revisions\/29174"}],"up":[{"embeddable":true,"href":"https:\/\/www.neva.eu\/de\/wp-json\/wp\/v2\/pages\/4637"}],"wp:featuredmedia":[{"embeddable":true,"href":"https:\/\/www.neva.eu\/de\/wp-json\/wp\/v2\/media\/14942"}],"wp:attachment":[{"href":"https:\/\/www.neva.eu\/de\/wp-json\/wp\/v2\/media?parent=20309"}],"curies":[{"name":"wp","href":"https:\/\/api.w.org\/{rel}","templated":true}]}}