{"id":12641,"date":"2021-03-23T11:08:48","date_gmt":"2021-03-23T10:08:48","guid":{"rendered":"https:\/\/www.neva.eu\/?page_id=12641"},"modified":"2022-04-11T16:08:22","modified_gmt":"2022-04-11T14:08:22","slug":"raffstoren","status":"publish","type":"page","link":"https:\/\/www.neva.eu\/de\/raffstoren\/","title":{"rendered":"Raffstoren"},"content":{"rendered":"        <section id=\"component-6254364ded67f\" class=\"component component-page-header page-header\">\n                    <section class=\"component component-breadcrumb\">\n              <div class=\"container-xl\">\n          <nav aria-label=\"breadcrumb\">\n    <ol class=\"breadcrumb\" itemscope itemtype=\"http:\/\/schema.org\/BreadcrumbList\">\n                      <li class=\"breadcrumb-item active\"itemprop=\"itemListElement\" itemscope itemtype=\"http:\/\/schema.org\/ListItem\" aria-current=\"page\">\n                      <span class=\"current\" itemscope itemtype=\"http:\/\/schema.org\/Thing\" itemprop=\"item\" id=\"breadcrumb-item-1\">\n              <span itemprop=\"name\">\n                Startseite\n              <\/span>\n            <\/span>\n            <meta itemprop=\"position\" content=\"1\" \/>\n                  <\/li>\n          <\/ol>\n  <\/nav>\n          <\/div>\n      <\/section>\n\n<div class=\"page-header__inner\">\n  <div class=\"container-xl\">\n          <h1 class=\"page-header__title\">Raffstoren<\/h1>\n              <\/div>\n<\/div>\n      <\/section>\n\n\n        <section id=\"component-5fdc6241d9bb6\" class=\"component component-tiles-masonry section tiles-wrapper pt-0\">\n                        <div class=\"container-xl\">\n        <div class=\"tiles tiles--alt-layout\">\n      <div class=\"tile\">\n      <a class=\"tile__wrapper\" href=\"\/de\/raffstoren\/raffstoren\/\">\n        <div class=\"tile__img cover\">\n                  <picture class=\"d-inline-block w-100 h-100\">\n                      <source srcset=\"https:\/\/www.neva.eu\/wp-content\/cache\/image\/neva-realizace-moderni-dum-jezirko-s-90.webp\" type=\"image\/webp\">\n                <img decoding=\"async\" src=\"https:\/\/www.neva.eu\/wp-content\/uploads\/neva-realizace-moderni-dum-jezirko-s-90.jpg\" type=\"image\/jpeg\" width=\"1920\" height=\"1281\" alt=\"\" loading=\"lazy\" class=\"img-fluid\">\n        <\/picture>\n\n        <\/div>\n        <div class=\"tile__inner\">\n          <h3 class=\"tile__title\">\n            Raffstoren\n          <\/h3>\n          <p class=\"tile__text\">\n            \n          <\/p>\n        <\/div>\n      <\/a>\n    <\/div>\n      <div class=\"tile\">\n      <a class=\"tile__wrapper\" href=\"\/de\/raffstoren\/selbsttragende-systeme\/\">\n        <div class=\"tile__img cover\">\n                  <picture class=\"d-inline-block w-100 h-100\">\n                      <source srcset=\"https:\/\/www.neva.eu\/wp-content\/cache\/image\/neva-realizace-bezbarierova-vila-z-90-7-1.webp\" type=\"image\/webp\">\n                <img decoding=\"async\" src=\"https:\/\/www.neva.eu\/wp-content\/uploads\/neva-realizace-bezbarierova-vila-z-90-7-1.jpg\" type=\"image\/jpeg\" width=\"1920\" height=\"1281\" alt=\"\" loading=\"lazy\" class=\"img-fluid\">\n        <\/picture>\n\n        <\/div>\n        <div class=\"tile__inner\">\n          <h3 class=\"tile__title\">\n            Selbsttragende Systeme\n          <\/h3>\n          <p class=\"tile__text\">\n            \n          <\/p>\n        <\/div>\n      <\/a>\n    <\/div>\n      <div class=\"tile\">\n      <a class=\"tile__wrapper\" href=\"\/de\/raffstoren\/produkte\/fassadensystem\/\">\n        <div class=\"tile__img cover\">\n                  <picture class=\"d-inline-block w-100 h-100\">\n                      <source srcset=\"https:\/\/www.neva.eu\/wp-content\/cache\/image\/neva-homepage-fasadni-system-1.webp\" type=\"image\/webp\">\n                <img decoding=\"async\" src=\"https:\/\/www.neva.eu\/wp-content\/uploads\/neva-homepage-fasadni-system-1.jpg\" type=\"image\/jpeg\" width=\"500\" height=\"500\" alt=\"\" loading=\"lazy\" class=\"img-fluid\">\n        <\/picture>\n\n        <\/div>\n        <div class=\"tile__inner\">\n          <h3 class=\"tile__title\">\n            Fassadensystem\n          <\/h3>\n          <p class=\"tile__text\">\n            \n          <\/p>\n        <\/div>\n      <\/a>\n    <\/div>\n  <\/div>\n          <\/div>\n      <\/section>\n\n\n<div class=\"wp-bootstrap-blocks-container container mb-2\">\n\t\n\n<h2 class=\"wp-block-heading\">Accessoires und Zubeh\u00f6r<\/h2>\n\n<\/div>\n\n\n        <section id=\"component-5fdc67cdd9bbf\" class=\"component component-tiles-3 section tiles-wrapper pt-0\">\n                        <div class=\"container-xl\">\n        <div class=\"tiles--three-layout clearfix\">\n      <div class=\"tile\">\n      <a class=\"tile__wrapper\" href=\"\/de\/accessoires-und-zubehor\/produkte\/iso-kasten\/\">\n        <div class=\"tile__img cover\">\n                  <picture class=\"d-inline-block w-100 h-100\">\n                      <source srcset=\"https:\/\/www.neva.eu\/wp-content\/cache\/image\/neva-realizace-rodinny-dum-izrael-c-80-1.webp\" type=\"image\/webp\">\n                <img decoding=\"async\" src=\"https:\/\/www.neva.eu\/wp-content\/uploads\/neva-realizace-rodinny-dum-izrael-c-80-1.jpg\" type=\"image\/jpeg\" width=\"1920\" height=\"1275\" alt=\"\" loading=\"lazy\" class=\"img-fluid\">\n        <\/picture>\n\n        <\/div>\n        <div class=\"tile__inner\">\n          <h3 class=\"tile__title\">\n            ISO-KASTEN\n          <\/h3>\n          <p class=\"tile__text\">\n            \n          <\/p>\n        <\/div>\n      <\/a>\n    <\/div>\n      <div class=\"tile\">\n      <a class=\"tile__wrapper\" href=\"\/de\/accessoires-und-zubehor\/produkte\/iso-panel\/\">\n        <div class=\"tile__img cover\">\n                  <picture class=\"d-inline-block w-100 h-100\">\n                      <source srcset=\"https:\/\/www.neva.eu\/wp-content\/cache\/image\/neva-doplnky-prislusenstvi-sendvicove-desky.webp\" type=\"image\/webp\">\n                <img decoding=\"async\" src=\"https:\/\/www.neva.eu\/wp-content\/uploads\/neva-doplnky-prislusenstvi-sendvicove-desky.jpg\" type=\"image\/jpeg\" width=\"1920\" height=\"1281\" alt=\"\" loading=\"lazy\" class=\"img-fluid\">\n        <\/picture>\n\n        <\/div>\n        <div class=\"tile__inner\">\n          <h3 class=\"tile__title\">\n            ISO-PANEL\n          <\/h3>\n          <p class=\"tile__text\">\n            \n          <\/p>\n        <\/div>\n      <\/a>\n    <\/div>\n      <div class=\"tile\">\n      <a class=\"tile__wrapper\" href=\"\/de\/accessoires-und-zubehor\/produkte\/insektengitter\/\">\n        <div class=\"tile__img cover\">\n                  <picture class=\"d-inline-block w-100 h-100\">\n                      <source srcset=\"https:\/\/www.neva.eu\/wp-content\/cache\/image\/neva-homepage-doplnky-prislusenstvi-site-proti-hmyzu.webp\" type=\"image\/webp\">\n                <img decoding=\"async\" src=\"https:\/\/www.neva.eu\/wp-content\/uploads\/neva-homepage-doplnky-prislusenstvi-site-proti-hmyzu.jpg\" type=\"image\/jpeg\" width=\"1000\" height=\"1000\" alt=\"\" loading=\"lazy\" class=\"img-fluid\">\n        <\/picture>\n\n        <\/div>\n        <div class=\"tile__inner\">\n          <h3 class=\"tile__title\">\n            Insektengitter\n          <\/h3>\n          <p class=\"tile__text\">\n            \n          <\/p>\n        <\/div>\n      <\/a>\n    <\/div>\n  <\/div>\n          <\/div>\n      <\/section>\n\n\n        <section id=\"component-5fdc680bd9bc3\" class=\"component component-advantages section c-top has-border  icon-boxes-wrapper\">\n                  <section class=\"component component-section-header section-header\">\n              <div class=\"container-xl\">\n          <p class=\"section-header__subtitle\">Warum NEVA-Raffstoren?<\/p>\n  <div class=\"row\">\n          <div class=\"col-12 col-lg-6\">\n                <h2 class=\"section-header__title\">Vorteile der NEVA-Raffstoren<\/h2>\n      <\/div>\n              <div class=\"col-12 col-md-6\">\n        <div class=\"section-header__perex\">\n          <p>Raffstoren haben gegen\u00fcber anderen Verschattungsarten viele Vorteile. \u00dcberzeugen Sie sich selbst.<\/p>\n\n        <\/div>\n      <\/div>\n      <\/div>\n          <\/div>\n      <\/section>\n              <div class=\"container-xl\">\n          <div class=\"row icon-boxes \">\n          <div class=\"col-md-6 col-xl-4\">\n                <section class=\"component component-icon-box icon-box\">\n              <div class=\"icon-box__icon\">\n            <picture class=\"d-inline-block w-100 h-100\">\n                      <source srcset=\"https:\/\/www.neva.eu\/wp-content\/cache\/image\/icon-zaluzie-mnozstvi-svetla-100x100-c-center.webp\" type=\"image\/webp\" width=\"100\" height=\"100\">\n            <source srcset=\"https:\/\/www.neva.eu\/wp-content\/cache\/image\/icon-zaluzie-mnozstvi-svetla-100x100-c-center.png\" type=\"image\/png\" width=\"100\" height=\"100\">\n                <img decoding=\"async\" src=\"https:\/\/www.neva.eu\/wp-content\/uploads\/icon-zaluzie-mnozstvi-svetla.png\" type=\"image\/png\" width=\"96\" height=\"96\" alt=\"\" loading=\"lazy\" class=\"img-fluid\">\n        <\/picture>\n\n  <\/div>\n  <div class=\"icon-box__inner\">\n    <h3 class=\"icon-box__title\">\n      Kontrolle der Lichtmenge\n    <\/h3>\n    <div class=\"icon-box__text apply-formatting\">\n      <p>Sie steuern selbst die Lichtmenge, die in den Innenraum einf\u00e4llt. Die einzelnen Lamellen passen genau zusammen und decken die gesamte Fl\u00e4che des Fensters ab, sodass Sie den Raum effektiv verschatten k\u00f6nnen.<\/p>\n\n    <\/div>\n      <\/div>\n      <\/section>\n      <\/div>\n          <div class=\"col-md-6 col-xl-4\">\n                <section class=\"component component-icon-box icon-box\">\n              <div class=\"icon-box__icon\">\n            <picture class=\"d-inline-block w-100 h-100\">\n                      <source srcset=\"https:\/\/www.neva.eu\/wp-content\/cache\/image\/icon-detail-architektonicky-zajimave-100x100-c-center.webp\" type=\"image\/webp\" width=\"100\" height=\"100\">\n            <source srcset=\"https:\/\/www.neva.eu\/wp-content\/cache\/image\/icon-detail-architektonicky-zajimave-100x100-c-center.png\" type=\"image\/png\" width=\"100\" height=\"100\">\n                <img decoding=\"async\" src=\"https:\/\/www.neva.eu\/wp-content\/uploads\/icon-detail-architektonicky-zajimave.png\" type=\"image\/png\" width=\"97\" height=\"97\" alt=\"\" loading=\"lazy\" class=\"img-fluid\">\n        <\/picture>\n\n  <\/div>\n  <div class=\"icon-box__inner\">\n    <h3 class=\"icon-box__title\">\n      Architektonisches Element\n    <\/h3>\n    <div class=\"icon-box__text apply-formatting\">\n      <p>Die besten Architekten planen heutzutage Raffstoren bereits beim Entwurf von Geb\u00e4uden ein. Sie bieten eine breite Palette von Anwendungen f\u00fcr verschiedene Geb\u00e4udetypen.<\/p>\n\n    <\/div>\n      <\/div>\n      <\/section>\n      <\/div>\n          <div class=\"col-md-6 col-xl-4\">\n                <section class=\"component component-icon-box icon-box\">\n              <div class=\"icon-box__icon\">\n            <picture class=\"d-inline-block w-100 h-100\">\n                      <source srcset=\"https:\/\/www.neva.eu\/wp-content\/cache\/image\/icon-zaluzie-tepelna-regulace-100x100-c-center.webp\" type=\"image\/webp\" width=\"100\" height=\"100\">\n            <source srcset=\"https:\/\/www.neva.eu\/wp-content\/cache\/image\/icon-zaluzie-tepelna-regulace-100x100-c-center.png\" type=\"image\/png\" width=\"100\" height=\"100\">\n                <img decoding=\"async\" src=\"https:\/\/www.neva.eu\/wp-content\/uploads\/icon-zaluzie-tepelna-regulace.png\" type=\"image\/png\" width=\"96\" height=\"96\" alt=\"\" loading=\"lazy\" class=\"img-fluid\">\n        <\/picture>\n\n  <\/div>\n  <div class=\"icon-box__inner\">\n    <h3 class=\"icon-box__title\">\n      Temperaturregulierung\n    <\/h3>\n    <div class=\"icon-box__text apply-formatting\">\n      <p>Im Vergleich zu Innenjalousien reflektieren die NEVA-Raffstoren die Sonnenstrahlen, bevor sie in den Raum einfallen. Dies verhindert eine unangenehme \u00dcberhitzung. Im Sommer sorgen Raffstores f\u00fcr passive K\u00fchlung.<\/p>\n\n    <\/div>\n      <\/div>\n      <\/section>\n      <\/div>\n          <div class=\"col-md-6 col-xl-4\">\n                <section class=\"component component-icon-box icon-box\">\n              <div class=\"icon-box__icon\">\n            <picture class=\"d-inline-block w-100 h-100\">\n                      <source srcset=\"https:\/\/www.neva.eu\/wp-content\/cache\/image\/icon-zaluzie-spolehliva-ochrana-100x100-c-center.webp\" type=\"image\/webp\" width=\"100\" height=\"100\">\n            <source srcset=\"https:\/\/www.neva.eu\/wp-content\/cache\/image\/icon-zaluzie-spolehliva-ochrana-100x100-c-center.png\" type=\"image\/png\" width=\"100\" height=\"100\">\n                <img decoding=\"async\" src=\"https:\/\/www.neva.eu\/wp-content\/uploads\/icon-zaluzie-spolehliva-ochrana.png\" type=\"image\/png\" width=\"96\" height=\"96\" alt=\"\" loading=\"lazy\" class=\"img-fluid\">\n        <\/picture>\n\n  <\/div>\n  <div class=\"icon-box__inner\">\n    <h3 class=\"icon-box__title\">\n      Sicherer Schutz\n    <\/h3>\n    <div class=\"icon-box__text apply-formatting\">\n      <p>NEVA-Raffstoren sch\u00fctzen Sie nicht nur vor aggressiver Sonne, sondern auch vor schlechtem Wetter und vor neugierigen Blicken von Passanten.<\/p>\n\n    <\/div>\n      <\/div>\n      <\/section>\n      <\/div>\n          <div class=\"col-md-6 col-xl-4\">\n                <section class=\"component component-icon-box icon-box\">\n              <div class=\"icon-box__icon\">\n            <picture class=\"d-inline-block w-100 h-100\">\n                      <source srcset=\"https:\/\/www.neva.eu\/wp-content\/cache\/image\/icon-zaluzie-sit-proti-hmyzu-100x100-c-center.webp\" type=\"image\/webp\" width=\"100\" height=\"100\">\n            <source srcset=\"https:\/\/www.neva.eu\/wp-content\/cache\/image\/icon-zaluzie-sit-proti-hmyzu-100x100-c-center.png\" type=\"image\/png\" width=\"100\" height=\"100\">\n                <img decoding=\"async\" src=\"https:\/\/www.neva.eu\/wp-content\/uploads\/icon-zaluzie-sit-proti-hmyzu.png\" type=\"image\/png\" width=\"96\" height=\"96\" alt=\"\" loading=\"lazy\" class=\"img-fluid\">\n        <\/picture>\n\n  <\/div>\n  <div class=\"icon-box__inner\">\n    <h3 class=\"icon-box__title\">\n      Insektengitter\n    <\/h3>\n    <div class=\"icon-box__text apply-formatting\">\n      <p>Gerne fertigen wir f\u00fcr Sie zu den Raffstoren auch Insektengitter in Fenstergr\u00f6\u00dfe. Die Gitter sind als Rollos ausgef\u00fchrt, sodass sie leicht herauf- und heruntergezogen werden k\u00f6nnen.<\/p>\n\n    <\/div>\n      <\/div>\n      <\/section>\n      <\/div>\n          <div class=\"col-md-6 col-xl-4\">\n                <section class=\"component component-icon-box icon-box\">\n              <div class=\"icon-box__icon\">\n            <picture class=\"d-inline-block w-100 h-100\">\n                      <source srcset=\"https:\/\/www.neva.eu\/wp-content\/cache\/image\/icon-zaluzie-komfortni-ovladani-100x100-c-center.webp\" type=\"image\/webp\" width=\"100\" height=\"100\">\n            <source srcset=\"https:\/\/www.neva.eu\/wp-content\/cache\/image\/icon-zaluzie-komfortni-ovladani-100x100-c-center.png\" type=\"image\/png\" width=\"100\" height=\"100\">\n                <img decoding=\"async\" src=\"https:\/\/www.neva.eu\/wp-content\/uploads\/icon-zaluzie-komfortni-ovladani.png\" type=\"image\/png\" width=\"96\" height=\"96\" alt=\"\" loading=\"lazy\" class=\"img-fluid\">\n        <\/picture>\n\n  <\/div>\n  <div class=\"icon-box__inner\">\n    <h3 class=\"icon-box__title\">\n      Komfortable Bedienung\n    <\/h3>\n    <div class=\"icon-box__text apply-formatting\">\n      <p>Kein Ringen mit fragilen Schn\u00fcren. Die Raffstoren von NEVA werden \u00fcber eine Kurbel oder \u00fcber Tasten bet\u00e4tigt, die mit einem Elektromotor verbunden sind. F\u00fcr maximalen Komfort schlie\u00dfen Sie die Raffstoren an ein Smart-Home-System an.<\/p>\n\n    <\/div>\n      <\/div>\n      <\/section>\n      <\/div>\n      <\/div>\n            <\/div>\n      <\/section>\n\n\n        <section id=\"component-5fdc6837d9bca\" class=\"component component-store-locator section c-top store-locator-wrapper\">\n                  <section class=\"component component-section-header section-header\">\n              <div class=\"container-xl\">\n          <div class=\"row\">\n          <div class=\"col-12 col-lg-6\">\n                <h2 class=\"section-header__title mb-0\">H\u00e4ndler in der N\u00e4he suchen<\/h2>\n      <\/div>\n          <\/div>\n          <\/div>\n      <\/section>\n              <div class=\"container-xl\">\n          <div class=\"store-locator\">\n    <form class=\"store-locator__inner\" action=\"https:\/\/www.neva.eu\/de\/handlersuche\/\">\n      <div class=\"store-locator__field\">\n        <label for=\"country\" class=\"store-locator__label\">Land<\/label>\n        <div class=\"dropdown\">\n          <select id=\"country\" name=\"country\">\n                          <option value=\"AU\">Australien<\/option>\n                          <option value=\"BE\">Belgien<\/option>\n                          <option value=\"BG\">Bulgarien<\/option>\n                          <option value=\"DK\">D\u00e4nemark<\/option>\n                          <option value=\"DE\">Deutschland<\/option>\n                          <option value=\"FR\">Frankreich<\/option>\n                          <option value=\"GR\">Griechenland<\/option>\n                          <option value=\"GB\">Gro\u00dfbritannien<\/option>\n                          <option value=\"IL\">Israel<\/option>\n                          <option value=\"IT\">Italien<\/option>\n                          <option value=\"JP\">Japan<\/option>\n                          <option value=\"HR\">Kroatien<\/option>\n                          <option value=\"LI\">Liechtenstein<\/option>\n                          <option value=\"LU\">Luxemburg<\/option>\n                          <option value=\"NL\">Niederlande<\/option>\n                          <option value=\"NO\">Norway<\/option>\n                          <option value=\"AT\">\u00d6sterreich<\/option>\n                          <option value=\"PL\">Polen<\/option>\n                          <option value=\"PT\">Portugal<\/option>\n                          <option value=\"RO\">Rum\u00e4nien<\/option>\n                          <option value=\"SE\">Schweden<\/option>\n                          <option value=\"CH\">Schweiz<\/option>\n                          <option value=\"SK\">Slowakei<\/option>\n                          <option value=\"SI\">Slowenien<\/option>\n                          <option value=\"ES\">Spanien<\/option>\n                          <option value=\"CZ\">Tschechien<\/option>\n                          <option value=\"HU\">Ungarn<\/option>\n                          <option value=\"VN\">Vietnam<\/option>\n                          <option value=\"CY\">Zypern<\/option>\n                      <\/select>\n        <\/div>\n      <\/div>\n      <button class=\"button store-locator__button\">\n        H\u00e4ndler suchen\n          <span class=\"svg-icon svg-icon--search\">\n    <svg><use xlink:href=\"https:\/\/www.neva.eu\/wp-content\/themes\/neva\/static\/images\/sprite.svg#search\"><\/use><\/svg>\n  <\/span>\n\n      <\/button>\n    <\/form>\n  <\/div>\n          <\/div>\n      <\/section>\n\n\n        <section class=\"component component-gutenberg-paragraph typography my-1\">\n              <div class=\"container-xl\">\n          \n<p><\/p>\n          <\/div>\n      <\/section>\n\n\n        <section class=\"component component-gutenberg-paragraph typography my-1\">\n              <div class=\"container-xl\">\n          \n<p><\/p>\n          <\/div>\n      <\/section>\n","protected":false},"excerpt":{"rendered":"","protected":false},"author":4,"featured_media":0,"parent":0,"menu_order":11,"comment_status":"closed","ping_status":"closed","template":"","meta":{"_acf_changed":false,"advgb_blocks_editor_width":"","advgb_blocks_columns_visual_guide":"","_daim_seo_power":"1000","_daim_enable_ail":"1","footnotes":""},"class_list":["post-12641","page","type-page","status-publish","hentry"],"acf":[],"aioseo_notices":[],"coauthors":[],"author_meta":{"author_link":"https:\/\/www.neva.eu\/de\/author\/matousek\/","display_name":"Miloslav Matou\u0161ek"},"relative_dates":{"created":"Ver\u00f6ffentlicht 5 years vor","modified":"Aktualisiert 4 years vor"},"absolute_dates":{"created":"Ver\u00f6ffentlicht am 23. 3. 2021","modified":"Aktualisiert am 11. 4. 2022"},"absolute_dates_time":{"created":"Ver\u00f6ffentlicht am 23. 3. 2021 11:08","modified":"Aktualisiert am 11. 4. 2022 16:08"},"featured_img_caption":"","featured_img":false,"series_order":"","_links":{"self":[{"href":"https:\/\/www.neva.eu\/de\/wp-json\/wp\/v2\/pages\/12641","targetHints":{"allow":["GET"]}}],"collection":[{"href":"https:\/\/www.neva.eu\/de\/wp-json\/wp\/v2\/pages"}],"about":[{"href":"https:\/\/www.neva.eu\/de\/wp-json\/wp\/v2\/types\/page"}],"author":[{"embeddable":true,"href":"https:\/\/www.neva.eu\/de\/wp-json\/wp\/v2\/users\/4"}],"replies":[{"embeddable":true,"href":"https:\/\/www.neva.eu\/de\/wp-json\/wp\/v2\/comments?post=12641"}],"version-history":[{"count":0,"href":"https:\/\/www.neva.eu\/de\/wp-json\/wp\/v2\/pages\/12641\/revisions"}],"wp:attachment":[{"href":"https:\/\/www.neva.eu\/de\/wp-json\/wp\/v2\/media?parent=12641"}],"curies":[{"name":"wp","href":"https:\/\/api.w.org\/{rel}","templated":true}]}}