{"id":11529,"date":"2020-12-08T21:09:30","date_gmt":"2020-12-08T20:09:30","guid":{"rendered":"https:\/\/www.neva.eu\/textilscreens\/zipscreen\/"},"modified":"2025-07-01T09:35:23","modified_gmt":"2025-07-01T07:35:23","slug":"zipscreen","status":"publish","type":"page","link":"https:\/\/www.neva.eu\/de\/textilscreens\/zipscreen\/","title":{"rendered":"Zipscreen"},"content":{"rendered":"        <section id=\"component-808ee0a2322163fbd033aebd004f49b1\" class=\"component component-page-header page-header\">\n                    <section class=\"component component-breadcrumb\">\n              <div class=\"container-xl\">\n          <nav aria-label=\"breadcrumb\">\n    <ol class=\"breadcrumb\" itemscope itemtype=\"http:\/\/schema.org\/BreadcrumbList\">\n                      <li class=\"breadcrumb-item\"itemprop=\"itemListElement\" itemscope itemtype=\"http:\/\/schema.org\/ListItem\">\n                      <a href=\"https:\/\/www.neva.eu\/de\/\" class=\"breadcrumb-item-link\" itemscope itemtype=\"http:\/\/schema.org\/Thing\" itemprop=\"item\" id=\"breadcrumb-item-1\">\n              <span itemprop=\"name\">\n                Startseite\n              <\/span>\n            <\/a>\n            <meta itemprop=\"position\" content=\"1\" \/>\n                  <\/li>\n                      <li class=\"breadcrumb-item active\"itemprop=\"itemListElement\" itemscope itemtype=\"http:\/\/schema.org\/ListItem\" aria-current=\"page\">\n                      <span class=\"current\" itemscope itemtype=\"http:\/\/schema.org\/Thing\" itemprop=\"item\" id=\"breadcrumb-item-2\">\n              <span itemprop=\"name\">\n                Textilscreens\n              <\/span>\n            <\/span>\n            <meta itemprop=\"position\" content=\"2\" \/>\n                  <\/li>\n          <\/ol>\n  <\/nav>\n          <\/div>\n      <\/section>\n\n<div class=\"page-header__inner\">\n  <div class=\"container-xl\">\n          <h1 class=\"page-header__title\">Zipscreen<\/h1>\n              <p class=\"page-header__subtitle \">Best\u00e4ndige Au\u00dfenbeschattung in modernem Design<\/p>\n          <\/div>\n<\/div>\n      <\/section>\n\n\n<div class=\"wp-bootstrap-blocks-container container-xl mb-0\">\n\t\n<div class=\"wp-bootstrap-blocks-row row sm-gutters\">\n\t\n\n<div class=\"col-12 col-lg-6\">\n\t\t\t\n\n<p>Textilscreens stellen wir f\u00fcr Sie in einer der 21 Stoffvarianten und mit Zubeh\u00f6r in jeder gew\u00fcnschten RAL-Farb her. Wir verwenden ein einzigartiges System der Befestigung der Welle, wodurch sich die Screens bei der Wartung leicht montieren und demontieren lassen.<\/p>\n\n\n\n<p>Bereits in der Produktion stellen wir die ZIPSCREENs so ein, dass Sie bei der Montage m\u00f6glichst wenig Arbeit haben. Alle im Angebot befindlichen Standard-Textilscreens fertigen wir binnen 14 Tagen und bringen Sie zu Ihnen bis auf die Baustelle. Zur \u00fcblichen zweij\u00e4hrigen Garantiefrist f\u00fcgen wir zus\u00e4tzliche drei Jahre hinzu.<\/p>\n\n\n\n<p>Reklamationen und Instandsetzung erledigen wir sofort &#8211; entweder reparieren wir die ZIPSCREENs bei uns, oder wir liefern Ihnen Ersatzkomponenten. F\u00fcr Ihre Montagetechniker oder f\u00fcr H\u00e4ndler veranstalten wir gerne Schulungen und zeigen ihnen die gesamte Produktion. Daher wissen sie genau, wie die Textilscreens aussehen und wie sie funktionieren.<\/p>\n\n\t<\/div>\n\n\n\n<div class=\"col-12 col-lg-6\">\n\t\t\t\n        <section id=\"component-efc0ecf634c48d4b3d6a6bd612b5cd51\" class=\"component component-article-banner post post-banner\">\n              <a href=\"https:\/\/www.neva.eu\/de\/produktneuheiten\/textilscreens-mit-solarantrieb-smarte-und-nachhaltige-beschattung-fuer-modernes-wohnen\/\" class=\"d-block\">\n    <div class=\"post-banner__image\">\n              <picture class=\"d-inline-block w-100 h-100\">\n                      <source srcset=\"https:\/\/www.neva.eu\/wp-content\/cache\/image\/NEVA-Solar-system-2-700x350-c-center.webp\" type=\"image\/webp\" width=\"700\" height=\"350\">\n            <source srcset=\"https:\/\/www.neva.eu\/wp-content\/cache\/image\/NEVA-Solar-system-2-700x350-c-center.jpg\" type=\"image\/jpeg\" width=\"700\" height=\"350\">\n                <img decoding=\"async\" src=\"https:\/\/www.neva.eu\/wp-content\/uploads\/NEVA-Solar-system-2.jpg\" type=\"image\/jpeg\" width=\"1920\" height=\"1280\" alt=\"\" loading=\"lazy\" class=\"img-fluid\">\n        <\/picture>\n\n    <\/div>\n    <div class=\"px-2 px-md-3 py-2 d-flex flex-column justify-content-between text-left post-banner__text\">\n      <h2 class=\"text-white m-0\">\n        Textilscreens mit Solarantrieb: Smarte und nachhaltige Beschattung f\u00fcr modernes Wohnen\n      <\/h2>\n      <span class=\"button align-self-end\">\n        Artikel lesen\n      <\/span>\n    <\/div>\n  <\/a>\n      <\/section>\n\n\t<\/div>\n\n<\/div>\n\n<\/div>\n\n\n        <section id=\"component-ccf13b4b8c38944f8e9c636055f9af75\" class=\"component component-product-list section product-tiles-wrapper\">\n                        <div class=\"container-xl\">\n          <div class=\"row sm-gutters product-tiles\">\n          <div class=\"col-md-6\">\n                <section class=\"component component-product-teaser\">\n            <a href=\"https:\/\/www.neva.eu\/de\/textilscreens\/produkte\/zip100\/\" class=\"d-block\">\n  <div class=\"product-tile product-tile--has-hover-img\">\n    <div class=\"product-tile__inner\">\n              <p class=\"product-tile__subtitle\">\n          Zipscreen\n        <\/p>\n                    <h3 class=\"product-tile__title\">\n          ZIP100\n        <\/h3>\n                    <div class=\"product-tile__text\">\n          <p><span style=\"font-weight: 400;\">+ modern, leise und best\u00e4ndig<br>\n<\/span><span style=\"font-weight: 400;\">+ subtiles unteres Profil<br>\n<\/span><span style=\"font-weight: 400;\">+ Breite des oberen Kastens 100&nbsp;mm<\/span><\/p>\n\n        <\/div>\n            <div class=\"button product-tile__button\">\n        Detail\n      <\/div>\n    <\/div>\n    <div class=\"product-tile__img\">\n                      <picture class=\"d-inline-block w-100 h-100\">\n                      <source srcset=\"https:\/\/www.neva.eu\/wp-content\/cache\/image\/neva-latkove-rolety-zipscreen-zip100-dlazdice-1-2-330x350-c-center.webp\" type=\"image\/webp\" width=\"330\" height=\"350\">\n            <source srcset=\"https:\/\/www.neva.eu\/wp-content\/cache\/image\/neva-latkove-rolety-zipscreen-zip100-dlazdice-1-2-330x350-c-center.jpg\" type=\"image\/jpeg\" width=\"330\" height=\"350\">\n                <img decoding=\"async\" src=\"https:\/\/www.neva.eu\/wp-content\/uploads\/neva-latkove-rolety-zipscreen-zip100-dlazdice-1-2.jpg\" type=\"image\/jpeg\" width=\"330\" height=\"350\" alt=\"\" loading=\"lazy\" class=\"img-fluid img-default\">\n        <\/picture>\n\n                            <picture class=\"d-inline-block w-100 h-100\">\n                      <source srcset=\"https:\/\/www.neva.eu\/wp-content\/cache\/image\/neva-latkove-rolety-zipscreen-zip100-dlazdice-2-2-330x350-c-center.webp\" type=\"image\/webp\" width=\"330\" height=\"350\">\n            <source srcset=\"https:\/\/www.neva.eu\/wp-content\/cache\/image\/neva-latkove-rolety-zipscreen-zip100-dlazdice-2-2-330x350-c-center.jpg\" type=\"image\/jpeg\" width=\"330\" height=\"350\">\n                <img decoding=\"async\" src=\"https:\/\/www.neva.eu\/wp-content\/uploads\/neva-latkove-rolety-zipscreen-zip100-dlazdice-2-2.jpg\" type=\"image\/jpeg\" width=\"330\" height=\"350\" alt=\"\" loading=\"lazy\" class=\"img-fluid img-hover\">\n        <\/picture>\n\n          <\/div>\n  <\/div>\n<\/a>\n      <\/section>\n\n      <\/div>\n          <div class=\"col-md-6\">\n                <section class=\"component component-product-teaser\">\n            <a href=\"https:\/\/www.neva.eu\/de\/textilscreens\/produkte\/zip110\/\" class=\"d-block\">\n  <div class=\"product-tile product-tile--has-hover-img\">\n    <div class=\"product-tile__inner\">\n              <p class=\"product-tile__subtitle\">\n          Zipscreen\n        <\/p>\n                    <h3 class=\"product-tile__title\">\n          ZIP110\n        <\/h3>\n                    <div class=\"product-tile__text\">\n          <p>+ modernes Design, ger\u00e4uscharm und best\u00e4ndig<br>\n+ Unterputzmontage<br>\n+ ideal f\u00fcr Pergolen<br>\n+ Breite des Oberkastens 110&nbsp;mm<\/p>\n\n        <\/div>\n            <div class=\"button product-tile__button\">\n        Detail\n      <\/div>\n    <\/div>\n    <div class=\"product-tile__img\">\n                      <picture class=\"d-inline-block w-100 h-100\">\n                      <source srcset=\"https:\/\/www.neva.eu\/wp-content\/cache\/image\/NEVA-latkove-rolety-zipscreen-ZIP110-detail-top-330x350-c-center.webp\" type=\"image\/webp\" width=\"330\" height=\"350\">\n            <source srcset=\"https:\/\/www.neva.eu\/wp-content\/cache\/image\/NEVA-latkove-rolety-zipscreen-ZIP110-detail-top-330x350-c-center.jpg\" type=\"image\/jpeg\" width=\"330\" height=\"350\">\n                <img decoding=\"async\" src=\"https:\/\/www.neva.eu\/wp-content\/uploads\/NEVA-latkove-rolety-zipscreen-ZIP110-detail-top.jpg\" type=\"image\/jpeg\" width=\"330\" height=\"350\" alt=\"\" loading=\"lazy\" class=\"img-fluid img-default\">\n        <\/picture>\n\n                            <picture class=\"d-inline-block w-100 h-100\">\n                      <source srcset=\"https:\/\/www.neva.eu\/wp-content\/cache\/image\/NEVA-latkove-rolety-zipscreen-ZIP110-detail-top-330x350-c-center.webp\" type=\"image\/webp\" width=\"330\" height=\"350\">\n            <source srcset=\"https:\/\/www.neva.eu\/wp-content\/cache\/image\/NEVA-latkove-rolety-zipscreen-ZIP110-detail-top-330x350-c-center.jpg\" type=\"image\/jpeg\" width=\"330\" height=\"350\">\n                <img decoding=\"async\" src=\"https:\/\/www.neva.eu\/wp-content\/uploads\/NEVA-latkove-rolety-zipscreen-ZIP110-detail-top.jpg\" type=\"image\/jpeg\" width=\"330\" height=\"350\" alt=\"\" loading=\"lazy\" class=\"img-fluid img-hover\">\n        <\/picture>\n\n          <\/div>\n  <\/div>\n<\/a>\n      <\/section>\n\n      <\/div>\n          <div class=\"col-md-6\">\n                <section class=\"component component-product-teaser\">\n            <a href=\"https:\/\/www.neva.eu\/de\/textilscreens\/produkte\/zip135\/\" class=\"d-block\">\n  <div class=\"product-tile product-tile--has-hover-img\">\n    <div class=\"product-tile__inner\">\n              <p class=\"product-tile__subtitle\">\n          Zipscreen\n        <\/p>\n                    <h3 class=\"product-tile__title\">\n          ZIP135\n        <\/h3>\n                    <div class=\"product-tile__text\">\n          <p>+ modern, leiste und best\u00e4ndig<br>\n+ Breite bis zu 6&nbsp;Metern<br>\n+ Breite des oberen Kastens 135&nbsp;mm<\/p>\n\n        <\/div>\n            <div class=\"button product-tile__button\">\n        Detail\n      <\/div>\n    <\/div>\n    <div class=\"product-tile__img\">\n                      <picture class=\"d-inline-block w-100 h-100\">\n                      <source srcset=\"https:\/\/www.neva.eu\/wp-content\/cache\/image\/neva-latkove-rolety-zipscreen-zip135-dlazdice-1-330x350-c-center.webp\" type=\"image\/webp\" width=\"330\" height=\"350\">\n            <source srcset=\"https:\/\/www.neva.eu\/wp-content\/cache\/image\/neva-latkove-rolety-zipscreen-zip135-dlazdice-1-330x350-c-center.jpg\" type=\"image\/jpeg\" width=\"330\" height=\"350\">\n                <img decoding=\"async\" src=\"https:\/\/www.neva.eu\/wp-content\/uploads\/neva-latkove-rolety-zipscreen-zip135-dlazdice-1.jpg\" type=\"image\/jpeg\" width=\"330\" height=\"350\" alt=\"\" loading=\"lazy\" class=\"img-fluid img-default\">\n        <\/picture>\n\n                            <picture class=\"d-inline-block w-100 h-100\">\n                      <source srcset=\"https:\/\/www.neva.eu\/wp-content\/cache\/image\/neva-latkove-rolety-zipscreen-zip135-dlazdice-2-330x350-c-center.webp\" type=\"image\/webp\" width=\"330\" height=\"350\">\n            <source srcset=\"https:\/\/www.neva.eu\/wp-content\/cache\/image\/neva-latkove-rolety-zipscreen-zip135-dlazdice-2-330x350-c-center.jpg\" type=\"image\/jpeg\" width=\"330\" height=\"350\">\n                <img decoding=\"async\" src=\"https:\/\/www.neva.eu\/wp-content\/uploads\/neva-latkove-rolety-zipscreen-zip135-dlazdice-2.jpg\" type=\"image\/jpeg\" width=\"330\" height=\"350\" alt=\"\" loading=\"lazy\" class=\"img-fluid img-hover\">\n        <\/picture>\n\n          <\/div>\n  <\/div>\n<\/a>\n      <\/section>\n\n      <\/div>\n          <div class=\"col-md-6\">\n                <section class=\"component component-product-teaser\">\n            <a href=\"https:\/\/www.neva.eu\/de\/textilscreens\/produkte\/zip150\/\" class=\"d-block\">\n  <div class=\"product-tile product-tile--has-hover-img\">\n    <div class=\"product-tile__inner\">\n              <p class=\"product-tile__subtitle\">\n          Zipscreen\n        <\/p>\n                    <h3 class=\"product-tile__title\">\n          ZIP150\n        <\/h3>\n                    <div class=\"product-tile__text\">\n          <p>+ modernes Design, ger\u00e4uscharm und best\u00e4ndig<br>\n+ Unterputzmontage<br>\n+ Breite bis zu 6&nbsp;Meter<br>\n+ Breite des Oberkastens 150&nbsp;mm<\/p>\n\n        <\/div>\n            <div class=\"button product-tile__button\">\n        Detail\n      <\/div>\n    <\/div>\n    <div class=\"product-tile__img\">\n                      <picture class=\"d-inline-block w-100 h-100\">\n                      <source srcset=\"https:\/\/www.neva.eu\/wp-content\/cache\/image\/NEVA-latkove-rolety-zipscreen-ZIP150-detail-top-0-330x350-c-center.webp\" type=\"image\/webp\" width=\"330\" height=\"350\">\n            <source srcset=\"https:\/\/www.neva.eu\/wp-content\/cache\/image\/NEVA-latkove-rolety-zipscreen-ZIP150-detail-top-0-330x350-c-center.jpg\" type=\"image\/jpeg\" width=\"330\" height=\"350\">\n                <img decoding=\"async\" src=\"https:\/\/www.neva.eu\/wp-content\/uploads\/NEVA-latkove-rolety-zipscreen-ZIP150-detail-top-0.jpg\" type=\"image\/jpeg\" width=\"660\" height=\"700\" alt=\"\" loading=\"lazy\" class=\"img-fluid img-default\">\n        <\/picture>\n\n                            <picture class=\"d-inline-block w-100 h-100\">\n                      <source srcset=\"https:\/\/www.neva.eu\/wp-content\/cache\/image\/NEVA-latkove-rolety-zipscreen-ZIP150-detail-top-0-330x350-c-center.webp\" type=\"image\/webp\" width=\"330\" height=\"350\">\n            <source srcset=\"https:\/\/www.neva.eu\/wp-content\/cache\/image\/NEVA-latkove-rolety-zipscreen-ZIP150-detail-top-0-330x350-c-center.jpg\" type=\"image\/jpeg\" width=\"330\" height=\"350\">\n                <img decoding=\"async\" src=\"https:\/\/www.neva.eu\/wp-content\/uploads\/NEVA-latkove-rolety-zipscreen-ZIP150-detail-top-0.jpg\" type=\"image\/jpeg\" width=\"660\" height=\"700\" alt=\"\" loading=\"lazy\" class=\"img-fluid img-hover\">\n        <\/picture>\n\n          <\/div>\n  <\/div>\n<\/a>\n      <\/section>\n\n      <\/div>\n      <\/div>\n          <\/div>\n      <\/section>\n\n\n        <section id=\"component-42598c78a3c342e49d75b54b74c688b0\" class=\"component component-hero\">\n              <div class=\"h-100 hero__image\">\n            <picture class=\"d-inline-block w-100 h-100\">\n                      <source srcset=\"https:\/\/www.neva.eu\/wp-content\/cache\/image\/neva-hero-smart-home-1920x680-c-center.webp\" type=\"image\/webp\" width=\"1920\" height=\"680\" media=\"(min-width: 1500px)\">\n            <source srcset=\"https:\/\/www.neva.eu\/wp-content\/cache\/image\/neva-hero-smart-home-1920x680-c-center.jpg\" type=\"image\/jpeg\" width=\"1920\" height=\"680\" media=\"(min-width: 1500px)\">\n            <source srcset=\"https:\/\/www.neva.eu\/wp-content\/cache\/image\/neva-hero-smart-home-1440x680-c-center.webp\" type=\"image\/webp\" width=\"1440\" height=\"680\" media=\"(min-width: 768px)\">\n            <source srcset=\"https:\/\/www.neva.eu\/wp-content\/cache\/image\/neva-hero-smart-home-1440x680-c-center.jpg\" type=\"image\/jpeg\" width=\"1440\" height=\"680\" media=\"(min-width: 768px)\">\n            <source srcset=\"https:\/\/www.neva.eu\/wp-content\/cache\/image\/neva-hero-smart-home-680x680-c-center.webp\" type=\"image\/webp\" width=\"680\" height=\"680\">\n            <source srcset=\"https:\/\/www.neva.eu\/wp-content\/cache\/image\/neva-hero-smart-home-680x680-c-center.jpg\" type=\"image\/jpeg\" width=\"680\" height=\"680\">\n                <img decoding=\"async\" src=\"https:\/\/www.neva.eu\/wp-content\/uploads\/neva-hero-smart-home.jpg\" type=\"image\/jpeg\" width=\"1920\" height=\"680\" alt=\"\" loading=\"lazy\" class=\"img-fluid\">\n        <\/picture>\n\n  <\/div>\n  <div class=\"d-flex align-items-end hero__inner\">\n    <div class=\"container-xl mb-4\">\n      <div class=\"caption-box has-link\">\n                  <p class=\"caption-box__subtitle\">\n            SMART-HOME-SYSTEM\n          <\/p>\n                          <h2 class=\"caption-box__title\">\n            <a href=\"https:\/\/www.neva.eu\/de\/smart-home\/\" target=\"\">\n              Entdecken Sie die Vorteile des Smart-Home-Systems. Welchen Nutzen k\u00f6nnen Sie pers\u00f6nlich vom Smart-Home-System haben?\n            <\/a>\n          <\/h2>\n                                  <a href=\"https:\/\/www.neva.eu\/de\/smart-home\/\" target=\"\" class=\"button caption-box__button\">\n            MEHR \u00dcBER DIE TECHNIK\n          <\/a>\n              <\/div>\n    <\/div>\n  <\/div>\n      <\/section>\n","protected":false},"excerpt":{"rendered":"","protected":false},"author":4,"featured_media":0,"parent":11523,"menu_order":54,"comment_status":"closed","ping_status":"closed","template":"","meta":{"_acf_changed":false,"advgb_blocks_editor_width":"","advgb_blocks_columns_visual_guide":"","_daim_seo_power":"1000","_daim_enable_ail":"1","footnotes":""},"class_list":["post-11529","page","type-page","status-publish","hentry"],"acf":[],"aioseo_notices":[],"coauthors":[],"author_meta":{"author_link":"https:\/\/www.neva.eu\/de\/author\/matousek\/","display_name":"Miloslav Matou\u0161ek"},"relative_dates":{"created":"Ver\u00f6ffentlicht 5 years vor","modified":"Aktualisiert 10 months vor"},"absolute_dates":{"created":"Ver\u00f6ffentlicht am 8. 12. 2020","modified":"Aktualisiert am 1. 7. 2025"},"absolute_dates_time":{"created":"Ver\u00f6ffentlicht am 8. 12. 2020 21:09","modified":"Aktualisiert am 1. 7. 2025 9:35"},"featured_img_caption":"","featured_img":false,"series_order":"","_links":{"self":[{"href":"https:\/\/www.neva.eu\/de\/wp-json\/wp\/v2\/pages\/11529","targetHints":{"allow":["GET"]}}],"collection":[{"href":"https:\/\/www.neva.eu\/de\/wp-json\/wp\/v2\/pages"}],"about":[{"href":"https:\/\/www.neva.eu\/de\/wp-json\/wp\/v2\/types\/page"}],"author":[{"embeddable":true,"href":"https:\/\/www.neva.eu\/de\/wp-json\/wp\/v2\/users\/4"}],"replies":[{"embeddable":true,"href":"https:\/\/www.neva.eu\/de\/wp-json\/wp\/v2\/comments?post=11529"}],"version-history":[{"count":5,"href":"https:\/\/www.neva.eu\/de\/wp-json\/wp\/v2\/pages\/11529\/revisions"}],"predecessor-version":[{"id":28902,"href":"https:\/\/www.neva.eu\/de\/wp-json\/wp\/v2\/pages\/11529\/revisions\/28902"}],"up":[{"embeddable":true,"href":"https:\/\/www.neva.eu\/de\/wp-json\/wp\/v2\/pages\/11523"}],"wp:attachment":[{"href":"https:\/\/www.neva.eu\/de\/wp-json\/wp\/v2\/media?parent=11529"}],"curies":[{"name":"wp","href":"https:\/\/api.w.org\/{rel}","templated":true}]}}