{"id":11523,"date":"2020-12-08T17:53:29","date_gmt":"2020-12-08T16:53:29","guid":{"rendered":"https:\/\/www.neva.eu\/textilscreens\/"},"modified":"2026-02-27T11:25:55","modified_gmt":"2026-02-27T10:25:55","slug":"textilscreens","status":"publish","type":"page","link":"https:\/\/www.neva.eu\/de\/textilscreens\/","title":{"rendered":"Textilscreens"},"content":{"rendered":"        <section id=\"component-d8cab2a897b2aae8fbc743ecc3ee1188\" class=\"component component-page-header page-header\">\n                    <section class=\"component component-breadcrumb\">\n              <div class=\"container-xl\">\n          <nav aria-label=\"breadcrumb\">\n    <ol class=\"breadcrumb\" itemscope itemtype=\"http:\/\/schema.org\/BreadcrumbList\">\n                      <li class=\"breadcrumb-item active\"itemprop=\"itemListElement\" itemscope itemtype=\"http:\/\/schema.org\/ListItem\" aria-current=\"page\">\n                      <span class=\"current\" itemscope itemtype=\"http:\/\/schema.org\/Thing\" itemprop=\"item\" id=\"breadcrumb-item-1\">\n              <span itemprop=\"name\">\n                Startseite\n              <\/span>\n            <\/span>\n            <meta itemprop=\"position\" content=\"1\" \/>\n                  <\/li>\n          <\/ol>\n  <\/nav>\n          <\/div>\n      <\/section>\n\n<div class=\"page-header__inner\">\n  <div class=\"container-xl\">\n          <h1 class=\"page-header__title\">Textilscreens<\/h1>\n              <\/div>\n<\/div>\n      <\/section>\n\n\n        <section id=\"component-7036f0ed8f657ff5ee35c96257d8b785\" class=\"component component-tiles-masonry section tiles-wrapper pt-0\">\n                        <div class=\"container-xl\">\n        <div class=\"tiles tiles--alt-layout\">\n      <div class=\"tile\">\n      <a class=\"tile__wrapper\" href=\"https:\/\/www.neva.eu\/de\/textilscreens\/zipscreen\/\">\n        <div class=\"tile__img cover\">\n                  <picture class=\"d-inline-block w-100 h-100\">\n                      <source srcset=\"https:\/\/www.neva.eu\/wp-content\/cache\/image\/NEVA-zipscreen-banner-1-1920x1280-2.webp\" type=\"image\/webp\">\n                <img decoding=\"async\" src=\"https:\/\/www.neva.eu\/wp-content\/uploads\/NEVA-zipscreen-banner-1-1920x1280-2.jpg\" type=\"image\/jpeg\" width=\"1920\" height=\"1280\" alt=\"\" loading=\"lazy\" class=\"img-fluid\">\n        <\/picture>\n\n        <\/div>\n        <div class=\"tile__inner\">\n          <h3 class=\"tile__title\">\n            ZIPSCREEN\n          <\/h3>\n          <p class=\"tile__text\">\n            \n          <\/p>\n        <\/div>\n      <\/a>\n    <\/div>\n      <div class=\"tile\">\n      <a class=\"tile__wrapper\" href=\"https:\/\/www.neva.eu\/de\/textilscreens\/screen-mit-seilfuehrung\/\">\n        <div class=\"tile__img cover\">\n                  <picture class=\"d-inline-block w-100 h-100\">\n                      <source srcset=\"https:\/\/www.neva.eu\/wp-content\/cache\/image\/NEVA-wirescreen-banner-14-1920x1280-3.webp\" type=\"image\/webp\">\n                <img decoding=\"async\" src=\"https:\/\/www.neva.eu\/wp-content\/uploads\/NEVA-wirescreen-banner-14-1920x1280-3.jpg\" type=\"image\/jpeg\" width=\"1920\" height=\"1280\" alt=\"\" loading=\"lazy\" class=\"img-fluid\">\n        <\/picture>\n\n        <\/div>\n        <div class=\"tile__inner\">\n          <h3 class=\"tile__title\">\n            Screen mit Seilf\u00fchrung\n          <\/h3>\n          <p class=\"tile__text\">\n            \n          <\/p>\n        <\/div>\n      <\/a>\n    <\/div>\n      <div class=\"tile\">\n      <a class=\"tile__wrapper\" href=\"https:\/\/www.neva.eu\/de\/textilscreens\/zipscreen\/solarbeschattung\/\">\n        <div class=\"tile__img cover\">\n                  <picture class=\"d-inline-block w-100 h-100\">\n                      <source srcset=\"https:\/\/www.neva.eu\/wp-content\/cache\/image\/NEVA-HP-Solar-03.webp\" type=\"image\/webp\">\n                <img decoding=\"async\" src=\"https:\/\/www.neva.eu\/wp-content\/uploads\/NEVA-HP-Solar-03.jpg\" type=\"image\/jpeg\" width=\"1920\" height=\"1280\" alt=\"\" loading=\"lazy\" class=\"img-fluid\">\n        <\/picture>\n\n        <\/div>\n        <div class=\"tile__inner\">\n          <h3 class=\"tile__title\">\n            Solarbeschattung\n          <\/h3>\n          <p class=\"tile__text\">\n            \n          <\/p>\n        <\/div>\n      <\/a>\n    <\/div>\n  <\/div>\n          <\/div>\n      <\/section>\n\n\n        <section id=\"component-c18c09ae6fe80e06b417bcf1e7d9dcaa\" class=\"component component-advantages section c-top has-border  icon-boxes-wrapper\">\n                  <section class=\"component component-section-header section-header\">\n              <div class=\"container-xl\">\n          <p class=\"section-header__subtitle\">GUTE GR\u00dcNDE F\u00dcR TEXTILSCREENS VON&nbsp;NEVA<\/p>\n  <div class=\"row\">\n          <div class=\"col-12 col-lg-6\">\n                <h2 class=\"section-header__title\">Vorteile der Textilscreens NEVA<\/h2>\n      <\/div>\n              <div class=\"col-12 col-md-6\">\n        <div class=\"section-header__perex\">\n          <p>Textilscreens NEVA vereinen in sich ein hohes Niveau der W\u00e4rmeschutzes mit ausreichend Tageslicht in den Innenr\u00e4umen zur Schaffung eines nat\u00fcrlichen Ambientes in Ihrem&nbsp;Heim.<\/p>\n\n        <\/div>\n      <\/div>\n      <\/div>\n          <\/div>\n      <\/section>\n              <div class=\"container-xl\">\n          <div class=\"row icon-boxes \">\n          <div class=\"col-md-6 col-xl-4\">\n                <section class=\"component component-icon-box icon-box\">\n              <div class=\"icon-box__icon\">\n            <picture class=\"d-inline-block w-100 h-100\">\n                      <source srcset=\"https:\/\/www.neva.eu\/wp-content\/cache\/image\/icon-design-latkove-rolety-100x100-c-center.webp\" type=\"image\/webp\" width=\"100\" height=\"100\">\n            <source srcset=\"https:\/\/www.neva.eu\/wp-content\/cache\/image\/icon-design-latkove-rolety-100x100-c-center.png\" type=\"image\/png\" width=\"100\" height=\"100\">\n                <img decoding=\"async\" src=\"https:\/\/www.neva.eu\/wp-content\/uploads\/icon-design-latkove-rolety.png\" type=\"image\/png\" width=\"97\" height=\"97\" alt=\"\" loading=\"lazy\" class=\"img-fluid\">\n        <\/picture>\n\n  <\/div>\n  <div class=\"icon-box__inner\">\n    <h3 class=\"icon-box__title\">\n      Designer-Element\n    <\/h3>\n    <div class=\"icon-box__text apply-formatting\">\n      <p>Renommierte Architekten beziehen Textilscreens bereits beim Entwurf eines Geb\u00e4udes mit ein. Diese bieten n\u00e4mlich vielf\u00e4ltige Nutzungsm\u00f6glichkeiten, sehen elegant aus und vermitteln einen Hauch von&nbsp;Luxus.<\/p>\n\n    <\/div>\n          <a href=\"https:\/\/www.neva.eu\/de\/tipps-und-anleitungen\/vollstaendige-anleitung-so-waehlen-sie-aussenliegende-textilscreens-aus\/\" class=\"button button--transparent m-0 px-0 pb-0 pt-2\" target=\"\">Mehr<\/a>\n      <\/div>\n      <\/section>\n      <\/div>\n          <div class=\"col-md-6 col-xl-4\">\n                <section class=\"component component-icon-box icon-box\">\n              <div class=\"icon-box__icon\">\n            <picture class=\"d-inline-block w-100 h-100\">\n                      <source srcset=\"https:\/\/www.neva.eu\/wp-content\/cache\/image\/icon-teplota-latkove-rolety-100x100-c-center.webp\" type=\"image\/webp\" width=\"100\" height=\"100\">\n            <source srcset=\"https:\/\/www.neva.eu\/wp-content\/cache\/image\/icon-teplota-latkove-rolety-100x100-c-center.png\" type=\"image\/png\" width=\"100\" height=\"100\">\n                <img decoding=\"async\" src=\"https:\/\/www.neva.eu\/wp-content\/uploads\/icon-teplota-latkove-rolety.png\" type=\"image\/png\" width=\"97\" height=\"97\" alt=\"\" loading=\"lazy\" class=\"img-fluid\">\n        <\/picture>\n\n  <\/div>\n  <div class=\"icon-box__inner\">\n    <h3 class=\"icon-box__title\">\n      W\u00e4rmeregulierung\n    <\/h3>\n    <div class=\"icon-box__text apply-formatting\">\n      <p>Im Gegensatz zu Innenrollos aus Stoff reflektieren Textilscreens NEVA die Sonnenstrahlen noch bevor sie in den Raum eindringen. Hierdurch wird eine unangenehme \u00dcberhitzung verhindert.<\/p>\n\n    <\/div>\n      <\/div>\n      <\/section>\n      <\/div>\n          <div class=\"col-md-6 col-xl-4\">\n                <section class=\"component component-icon-box icon-box\">\n              <div class=\"icon-box__icon\">\n            <picture class=\"d-inline-block w-100 h-100\">\n                      <source srcset=\"https:\/\/www.neva.eu\/wp-content\/cache\/image\/icon-zaluzie-mnozstvi-svetla-100x100-c-center.webp\" type=\"image\/webp\" width=\"100\" height=\"100\">\n            <source srcset=\"https:\/\/www.neva.eu\/wp-content\/cache\/image\/icon-zaluzie-mnozstvi-svetla-100x100-c-center.png\" type=\"image\/png\" width=\"100\" height=\"100\">\n                <img decoding=\"async\" src=\"https:\/\/www.neva.eu\/wp-content\/uploads\/icon-zaluzie-mnozstvi-svetla.png\" type=\"image\/png\" width=\"96\" height=\"96\" alt=\"\" loading=\"lazy\" class=\"img-fluid\">\n        <\/picture>\n\n  <\/div>\n  <div class=\"icon-box__inner\">\n    <h3 class=\"icon-box__title\">\n      Solarantrieb\n    <\/h3>\n    <div class=\"icon-box__text apply-formatting\">\n      <p>Textil-Au\u00dfenscreens mit Solarantrieb sind eine moderne Sonnenschutzl\u00f6sung, die Komfort, Nachhaltigkeit und technische Raffinesse vereint.&nbsp;<\/p>\n\n    <\/div>\n          <a href=\"https:\/\/www.neva.eu\/de\/tipps-und-anleitungen\/gaposa-motoren-das-herz-der-neva-zipscreens\/\" class=\"button button--transparent m-0 px-0 pb-0 pt-2\" target=\"\">Mehr<\/a>\n      <\/div>\n      <\/section>\n      <\/div>\n          <div class=\"col-md-6 col-xl-4\">\n                <section class=\"component component-icon-box icon-box\">\n              <div class=\"icon-box__icon\">\n            <picture class=\"d-inline-block w-100 h-100\">\n                      <source srcset=\"https:\/\/www.neva.eu\/wp-content\/cache\/image\/icon-detail-atmosfera-latkove-rolety-100x100-c-center.webp\" type=\"image\/webp\" width=\"100\" height=\"100\">\n            <source srcset=\"https:\/\/www.neva.eu\/wp-content\/cache\/image\/icon-detail-atmosfera-latkove-rolety-100x100-c-center.png\" type=\"image\/png\" width=\"100\" height=\"100\">\n                <img decoding=\"async\" src=\"https:\/\/www.neva.eu\/wp-content\/uploads\/icon-detail-atmosfera-latkove-rolety.png\" type=\"image\/png\" width=\"97\" height=\"97\" alt=\"\" loading=\"lazy\" class=\"img-fluid\">\n        <\/picture>\n\n  <\/div>\n  <div class=\"icon-box__inner\">\n    <h3 class=\"icon-box__title\">\n      Sie schaffen eine angenehme Atmosph\u00e4re\n    <\/h3>\n    <div class=\"icon-box__text apply-formatting\">\n      <p>Welchen Stoff Sie f\u00fcr den Textilscreen auch w\u00e4hlen, das Ergebnis wird stets ein wohnliches Ambiente mit flie\u00dfendem \u00dcbergang zur Au\u00dfenumgebung sein.<\/p>\n\n    <\/div>\n          <a href=\"https:\/\/www.neva.eu\/de\/textilscreens\/beschattung-terrasse\/\" class=\"button button--transparent m-0 px-0 pb-0 pt-2\" target=\"\">Terrasse Beschattung<\/a>\n      <\/div>\n      <\/section>\n      <\/div>\n          <div class=\"col-md-6 col-xl-4\">\n                <section class=\"component component-icon-box icon-box\">\n              <div class=\"icon-box__icon\">\n            <picture class=\"d-inline-block w-100 h-100\">\n                      <source srcset=\"https:\/\/www.neva.eu\/wp-content\/cache\/image\/icon-pergola-latkove-rolety-100x100-c-center.webp\" type=\"image\/webp\" width=\"100\" height=\"100\">\n            <source srcset=\"https:\/\/www.neva.eu\/wp-content\/cache\/image\/icon-pergola-latkove-rolety-100x100-c-center.png\" type=\"image\/png\" width=\"100\" height=\"100\">\n                <img decoding=\"async\" src=\"https:\/\/www.neva.eu\/wp-content\/uploads\/icon-pergola-latkove-rolety.png\" type=\"image\/png\" width=\"97\" height=\"97\" alt=\"\" loading=\"lazy\" class=\"img-fluid\">\n        <\/picture>\n\n  <\/div>\n  <div class=\"icon-box__inner\">\n    <h3 class=\"icon-box__title\">\n      Empfehlenswert f\u00fcr Pergolen\n    <\/h3>\n    <div class=\"icon-box__text apply-formatting\">\n      <p>Textilscreens und insbesondere ZIPSCREENs sind eine bevorzugte Variante der Beschattung von Pergolen. Den Screen montieren Sie ganz einfach an einer klassischen Pergola aus Holz oder an modernen Alu-Pergola.<\/p>\n\n    <\/div>\n          <a href=\"https:\/\/www.neva.eu\/de\/textilscreens\/beschattung-pergola\/\" class=\"button button--transparent m-0 px-0 pb-0 pt-2\" target=\"\">Pergola Beschattung<\/a>\n      <\/div>\n      <\/section>\n      <\/div>\n          <div class=\"col-md-6 col-xl-4\">\n                <section class=\"component component-icon-box icon-box\">\n              <div class=\"icon-box__icon\">\n            <picture class=\"d-inline-block w-100 h-100\">\n                      <source srcset=\"https:\/\/www.neva.eu\/wp-content\/cache\/image\/icon-odolnost-latkove-rolety-100x100-c-center.webp\" type=\"image\/webp\" width=\"100\" height=\"100\">\n            <source srcset=\"https:\/\/www.neva.eu\/wp-content\/cache\/image\/icon-odolnost-latkove-rolety-100x100-c-center.png\" type=\"image\/png\" width=\"100\" height=\"100\">\n                <img decoding=\"async\" src=\"https:\/\/www.neva.eu\/wp-content\/uploads\/icon-odolnost-latkove-rolety.png\" type=\"image\/png\" width=\"97\" height=\"97\" alt=\"\" loading=\"lazy\" class=\"img-fluid\">\n        <\/picture>\n\n  <\/div>\n  <div class=\"icon-box__inner\">\n    <h3 class=\"icon-box__title\">\n      Sehr strapazierf\u00e4hig\n    <\/h3>\n    <div class=\"icon-box__text apply-formatting\">\n      <p>Dank der festen Verankerung und qualit\u00e4tsvollen Konstruktion h\u00e4lt der Textilscreen NEVA selbst Windb\u00f6en von \u00fcber 80&nbsp;km\/\u200bh stand. Dar\u00fcber hinaus ist er auch bei starkem Wind sehr&nbsp;leise.<\/p>\n\n    <\/div>\n          <a href=\"https:\/\/www.neva.eu\/de\/tipps-und-anleitungen\/bestaendigkeit-von-scree-rollladen-wie-gut-halten-sie-starkem-wind-oder-uv-strahlung-stand\/\" class=\"button button--transparent m-0 px-0 pb-0 pt-2\" target=\"\">Mehr \u00fcber Best\u00e4ndigkeit<\/a>\n      <\/div>\n      <\/section>\n      <\/div>\n      <\/div>\n            <\/div>\n      <\/section>\n\n\n        <section id=\"component-831d1b61b33e02c60756478b24ed1161\" class=\"component component-store-locator section c-top store-locator-wrapper\">\n                  <section class=\"component component-section-header section-header\">\n              <div class=\"container-xl\">\n          <div class=\"row\">\n          <div class=\"col-12 col-lg-6\">\n                <h2 class=\"section-header__title mb-0\">H\u00e4ndler in der N\u00e4he suchen<\/h2>\n      <\/div>\n          <\/div>\n          <\/div>\n      <\/section>\n              <div class=\"container-xl\">\n          <div class=\"store-locator\">\n    <form class=\"store-locator__inner\" action=\"https:\/\/www.neva.eu\/de\/handlersuche\/\">\n      <div class=\"store-locator__field\">\n        <label for=\"country\" class=\"store-locator__label\">Land<\/label>\n        <div class=\"dropdown\">\n          <select id=\"country\" name=\"country\">\n                          <option value=\"AU\">Australien<\/option>\n                          <option value=\"BE\">Belgien<\/option>\n                          <option value=\"BG\">Bulgarien<\/option>\n                          <option value=\"DK\">D\u00e4nemark<\/option>\n                          <option value=\"DE\">Deutschland<\/option>\n                          <option value=\"FR\">Frankreich<\/option>\n                          <option value=\"GR\">Griechenland<\/option>\n                          <option value=\"GB\">Gro\u00dfbritannien<\/option>\n                          <option value=\"IL\">Israel<\/option>\n                          <option value=\"IT\">Italien<\/option>\n                          <option value=\"JP\">Japan<\/option>\n                          <option value=\"HR\">Kroatien<\/option>\n                          <option value=\"LI\">Liechtenstein<\/option>\n                          <option value=\"LU\">Luxemburg<\/option>\n                          <option value=\"NL\">Niederlande<\/option>\n                          <option value=\"NO\">Norway<\/option>\n                          <option value=\"AT\">\u00d6sterreich<\/option>\n                          <option value=\"PL\">Polen<\/option>\n                          <option value=\"PT\">Portugal<\/option>\n                          <option value=\"RO\">Rum\u00e4nien<\/option>\n                          <option value=\"SE\">Schweden<\/option>\n                          <option value=\"CH\">Schweiz<\/option>\n                          <option value=\"SK\">Slowakei<\/option>\n                          <option value=\"SI\">Slowenien<\/option>\n                          <option value=\"ES\">Spanien<\/option>\n                          <option value=\"CZ\">Tschechien<\/option>\n                          <option value=\"HU\">Ungarn<\/option>\n                          <option value=\"VN\">Vietnam<\/option>\n                          <option value=\"CY\">Zypern<\/option>\n                      <\/select>\n        <\/div>\n      <\/div>\n      <button class=\"button store-locator__button\">\n        H\u00e4ndler suchen\n          <span class=\"svg-icon svg-icon--search\">\n    <svg><use xlink:href=\"https:\/\/www.neva.eu\/wp-content\/themes\/neva\/static\/images\/sprite.svg#search\"><\/use><\/svg>\n  <\/span>\n\n      <\/button>\n    <\/form>\n  <\/div>\n          <\/div>\n      <\/section>\n","protected":false},"excerpt":{"rendered":"","protected":false},"author":4,"featured_media":0,"parent":0,"menu_order":36,"comment_status":"closed","ping_status":"closed","template":"","meta":{"_acf_changed":false,"advgb_blocks_editor_width":"","advgb_blocks_columns_visual_guide":"","_daim_seo_power":"1000","_daim_enable_ail":"1","footnotes":""},"class_list":["post-11523","page","type-page","status-publish","hentry"],"acf":[],"aioseo_notices":[],"coauthors":[],"author_meta":{"author_link":"https:\/\/www.neva.eu\/de\/author\/matousek\/","display_name":"Miloslav Matou\u0161ek"},"relative_dates":{"created":"Ver\u00f6ffentlicht 5 years vor","modified":"Aktualisiert 2 months vor"},"absolute_dates":{"created":"Ver\u00f6ffentlicht am 8. 12. 2020","modified":"Aktualisiert am 27. 2. 2026"},"absolute_dates_time":{"created":"Ver\u00f6ffentlicht am 8. 12. 2020 17:53","modified":"Aktualisiert am 27. 2. 2026 11:25"},"featured_img_caption":"","featured_img":false,"series_order":"","_links":{"self":[{"href":"https:\/\/www.neva.eu\/de\/wp-json\/wp\/v2\/pages\/11523","targetHints":{"allow":["GET"]}}],"collection":[{"href":"https:\/\/www.neva.eu\/de\/wp-json\/wp\/v2\/pages"}],"about":[{"href":"https:\/\/www.neva.eu\/de\/wp-json\/wp\/v2\/types\/page"}],"author":[{"embeddable":true,"href":"https:\/\/www.neva.eu\/de\/wp-json\/wp\/v2\/users\/4"}],"replies":[{"embeddable":true,"href":"https:\/\/www.neva.eu\/de\/wp-json\/wp\/v2\/comments?post=11523"}],"version-history":[{"count":5,"href":"https:\/\/www.neva.eu\/de\/wp-json\/wp\/v2\/pages\/11523\/revisions"}],"predecessor-version":[{"id":31368,"href":"https:\/\/www.neva.eu\/de\/wp-json\/wp\/v2\/pages\/11523\/revisions\/31368"}],"wp:attachment":[{"href":"https:\/\/www.neva.eu\/de\/wp-json\/wp\/v2\/media?parent=11523"}],"curies":[{"name":"wp","href":"https:\/\/api.w.org\/{rel}","templated":true}]}}